{"id":3907,"date":"2025-07-19T11:48:18","date_gmt":"2025-07-19T11:48:18","guid":{"rendered":"https:\/\/micterleather.com\/?post_type=product&#038;p=3907"},"modified":"2025-08-24T08:13:20","modified_gmt":"2025-08-24T08:13:20","slug":"kit-doutils-pour-le-travail-du-cuir","status":"publish","type":"product","link":"https:\/\/micterleather.com\/fr\/produit\/uncategorized\/kit-doutils-pour-le-travail-du-cuir\/","title":{"rendered":"Kit d\u2019outils pour le travail du cuir"},"content":{"rendered":"<p data-start=\"209\" data-end=\"649\"><strong data-start=\"209\" data-end=\"235\">Description du produit<\/strong> :<br data-start=\"237\" data-end=\"240\" \/>Le <strong data-start=\"243\" data-end=\"300\">Kit Professionnel Tout-en-Un pour l\u2019Artisanat du Cuir<\/strong> comprend 52 matrices de tamponnage de haute qualit\u00e9, une gamme de poin\u00e7ons creux allant de 2,5 mm \u00e0 10 mm, un tapis de gravure, un tapis de d\u00e9coupe et des outils de perforation, offrant tout ce dont vous avez besoin pour graver, perforer et coudre. Cet ensemble complet est id\u00e9al pour les projets de r\u00e9paration du cuir et de tamponnage d\u00e9coratif.<\/p>\n<p data-start=\"651\" data-end=\"982\">Fabriqu\u00e9 en acier au carbone de qualit\u00e9 sup\u00e9rieure et rigoureusement contr\u00f4l\u00e9, chaque outil dispose de bords tranchants comme des rasoirs pour des d\u00e9coupes pr\u00e9cises et une durabilit\u00e9 \u00e0 long terme. Cela rend le kit adapt\u00e9 aux t\u00e2ches lourdes, telles que la d\u00e9coupe de courroies en cuir ou la r\u00e9paration de mat\u00e9riaux en simili-cuir.<\/p>\n<p data-start=\"984\" data-end=\"1273\">Pour plus de commodit\u00e9, le kit est livr\u00e9 avec un \u00e9tui ergonomique con\u00e7u sur mesure, dot\u00e9 de compartiments \u00e9tiquet\u00e9s pour garder vos outils bien organis\u00e9s et faciles \u00e0 transporter. Il s\u2019int\u00e8gre parfaitement avec la plupart des kits de couture en cuir et configurations de banc de travail.<\/p>\n<p data-start=\"1275\" data-end=\"1487\" data-is-last-node=\"\" data-is-only-node=\"\">De plus, le kit inclut des accessoires bonus pour l\u2019installation de rivets, vous permettant d\u2019ajouter des finitions professionnelles et d\u00e9coratives sur des ceintures, sacs ou r\u00e9parations de meubles avec facilit\u00e9.<\/p>","protected":false},"excerpt":{"rendered":"<div class=\"summary entry-summary\">\n<div class=\"woocommerce-product-details__short-description\">\n<p data-start=\"0\" data-end=\"78\"><strong data-start=\"43\" data-end=\"74\">Informations sur le produit<\/strong> :<\/p>\n<table class=\"a-normal a-spacing-micro\" role=\"list\">\n<tbody>\n<tr class=\"a-spacing-small po-color\" role=\"listitem\">\n<td class=\"a-span3\" role=\"presentation\">Couleur<\/td>\n<td class=\"a-span9\" role=\"presentation\">Marron<\/td>\n<\/tr>\n<tr class=\"a-spacing-small po-theme\" role=\"listitem\">\n<td class=\"a-span3\" role=\"presentation\">Th\u00e8me<\/td>\n<td class=\"a-span9\" role=\"presentation\"><span class=\"a-size-base po-break-word\">Cuir<\/span><\/td>\n<\/tr>\n<tr class=\"a-spacing-small po-item_dimensions\" role=\"listitem\">\n<td class=\"a-span3\" role=\"presentation\">Dimensions<\/td>\n<td class=\"a-span9\" role=\"presentation\">11,8 x 3,1 x 15,7 pouces<\/td>\n<\/tr>\n<tr class=\"a-spacing-small po-material\" role=\"listitem\">\n<td class=\"a-span3\" role=\"presentation\">Mat\u00e9riaux<\/td>\n<td class=\"a-span9\" role=\"presentation\">M\u00e9tal, plastique<\/td>\n<\/tr>\n<\/tbody>\n<\/table>\n<\/div>\n<\/div>\n<div class=\"woocommerce-tabs wc-tabs-wrapper\">\n<ul class=\"tabs wc-tabs\" role=\"tablist\">\n<li id=\"tab-title-description\" class=\"description_tab active\" role=\"presentation\"><a tabindex=\"0\" role=\"tab\" href=\"https:\/\/micterleather.com\/fr\/produit\/leather-working-tools-kit\/#tab-description\" aria-controls=\"tab-description\" aria-selected=\"true\">Description<\/a><\/li>\n<\/ul>\n<\/div>","protected":false},"featured_media":3518,"template":"","meta":{"_uag_custom_page_level_css":"","site-sidebar-layout":"default","site-content-layout":"","ast-site-content-layout":"default","site-content-style":"default","site-sidebar-style":"default","ast-global-header-display":"","ast-banner-title-visibility":"","ast-main-header-display":"","ast-hfb-above-header-display":"","ast-hfb-below-header-display":"","ast-hfb-mobile-header-display":"","site-post-title":"","ast-breadcrumbs-content":"","ast-featured-img":"","footer-sml-layout":"","ast-disable-related-posts":"","theme-transparent-header-meta":"default","adv-header-id-meta":"","stick-header-meta":"","header-above-stick-meta":"","header-main-stick-meta":"","header-below-stick-meta":"","astra-migrate-meta-layouts":"set","ast-page-background-enabled":"default","ast-page-background-meta":{"desktop":{"background-color":"","background-image":"","background-repeat":"repeat","background-position":"center center","background-size":"auto","background-attachment":"scroll","background-type":"","background-media":"","overlay-type":"","overlay-color":"","overlay-opacity":"","overlay-gradient":""},"tablet":{"background-color":"","background-image":"","background-repeat":"repeat","background-position":"center center","background-size":"auto","background-attachment":"scroll","background-type":"","background-media":"","overlay-type":"","overlay-color":"","overlay-opacity":"","overlay-gradient":""},"mobile":{"background-color":"","background-image":"","background-repeat":"repeat","background-position":"center center","background-size":"auto","background-attachment":"scroll","background-type":"","background-media":"","overlay-type":"","overlay-color":"","overlay-opacity":"","overlay-gradient":""}},"ast-content-background-meta":{"desktop":{"background-color":"var(--ast-global-color-5)","background-image":"","background-repeat":"repeat","background-position":"center center","background-size":"auto","background-attachment":"scroll","background-type":"","background-media":"","overlay-type":"","overlay-color":"","overlay-opacity":"","overlay-gradient":""},"tablet":{"background-color":"var(--ast-global-color-5)","background-image":"","background-repeat":"repeat","background-position":"center center","background-size":"auto","background-attachment":"scroll","background-type":"","background-media":"","overlay-type":"","overlay-color":"","overlay-opacity":"","overlay-gradient":""},"mobile":{"background-color":"var(--ast-global-color-5)","background-image":"","background-repeat":"repeat","background-position":"center center","background-size":"auto","background-attachment":"scroll","background-type":"","background-media":"","overlay-type":"","overlay-color":"","overlay-opacity":"","overlay-gradient":""}}},"product_brand":[],"product_cat":[15],"product_tag":[],"class_list":{"0":"post-3907","1":"product","2":"type-product","3":"status-publish","4":"has-post-thumbnail","6":"product_cat-uncategorized","7":"desktop-align-left","8":"tablet-align-left","9":"mobile-align-left","11":"first","12":"instock","13":"sale","14":"shipping-taxable","15":"purchasable","16":"product-type-simple"},"uagb_featured_image_src":{"full":["https:\/\/micterleather.com\/wp-content\/uploads\/2025\/07\/Leather-Working-Tools-Kit.jpg",679,688,false],"thumbnail":["https:\/\/micterleather.com\/wp-content\/uploads\/2025\/07\/Leather-Working-Tools-Kit-150x150.jpg",150,150,true],"medium":["https:\/\/micterleather.com\/wp-content\/uploads\/2025\/07\/Leather-Working-Tools-Kit-296x300.jpg",296,300,true],"medium_large":["https:\/\/micterleather.com\/wp-content\/uploads\/2025\/07\/Leather-Working-Tools-Kit.jpg",679,688,false],"large":["https:\/\/micterleather.com\/wp-content\/uploads\/2025\/07\/Leather-Working-Tools-Kit.jpg",679,688,false],"1536x1536":["https:\/\/micterleather.com\/wp-content\/uploads\/2025\/07\/Leather-Working-Tools-Kit.jpg",679,688,false],"2048x2048":["https:\/\/micterleather.com\/wp-content\/uploads\/2025\/07\/Leather-Working-Tools-Kit.jpg",679,688,false],"trp-custom-language-flag":["https:\/\/micterleather.com\/wp-content\/uploads\/2025\/07\/Leather-Working-Tools-Kit.jpg",12,12,false],"woocommerce_thumbnail":["https:\/\/micterleather.com\/wp-content\/uploads\/2025\/07\/Leather-Working-Tools-Kit-300x300.jpg",300,300,true],"woocommerce_single":["https:\/\/micterleather.com\/wp-content\/uploads\/2025\/07\/Leather-Working-Tools-Kit-600x608.jpg",600,608,true],"woocommerce_gallery_thumbnail":["https:\/\/micterleather.com\/wp-content\/uploads\/2025\/07\/Leather-Working-Tools-Kit-100x100.jpg",100,100,true]},"uagb_author_info":{"display_name":"micter","author_link":"https:\/\/micterleather.com\/fr\/author\/"},"uagb_comment_info":0,"uagb_excerpt":"Informations sur le produit : Couleur Marron Th\u00e8me Cuir Dimensions 11,8 x 3,1 x 15,7 pouces Mat\u00e9riaux M\u00e9tal, plastique Description","_links":{"self":[{"href":"https:\/\/micterleather.com\/fr\/wp-json\/wp\/v2\/product\/3907","targetHints":{"allow":["GET"]}}],"collection":[{"href":"https:\/\/micterleather.com\/fr\/wp-json\/wp\/v2\/product"}],"about":[{"href":"https:\/\/micterleather.com\/fr\/wp-json\/wp\/v2\/types\/product"}],"wp:featuredmedia":[{"embeddable":true,"href":"https:\/\/micterleather.com\/fr\/wp-json\/wp\/v2\/media\/3518"}],"wp:attachment":[{"href":"https:\/\/micterleather.com\/fr\/wp-json\/wp\/v2\/media?parent=3907"}],"wp:term":[{"taxonomy":"product_brand","embeddable":true,"href":"https:\/\/micterleather.com\/fr\/wp-json\/wp\/v2\/product_brand?post=3907"},{"taxonomy":"product_cat","embeddable":true,"href":"https:\/\/micterleather.com\/fr\/wp-json\/wp\/v2\/product_cat?post=3907"},{"taxonomy":"product_tag","embeddable":true,"href":"https:\/\/micterleather.com\/fr\/wp-json\/wp\/v2\/product_tag?post=3907"}],"curies":[{"name":"wp","href":"https:\/\/api.w.org\/{rel}","templated":true}]}}