{"id":3897,"date":"2025-07-19T11:24:46","date_gmt":"2025-07-19T11:24:46","guid":{"rendered":"https:\/\/micterleather.com\/?post_type=product&#038;p=3897"},"modified":"2025-08-24T08:00:48","modified_gmt":"2025-08-24T08:00:48","slug":"leather-working-equipment","status":"publish","type":"product","link":"https:\/\/micterleather.com\/fr\/produit\/sew-repair-kit\/leather-working-equipment\/","title":{"rendered":"\u00c9quipement de travail du cuir"},"content":{"rendered":"<article class=\"text-token-text-primary w-full focus:outline-none scroll-mt-[calc(var(--header-height)+min(200px,max(70px,20svh)))]\" dir=\"auto\" tabindex=\"-1\" data-turn-id=\"request-WEB:3c645d90-e455-45b3-af97-e7a28c9cf789-2\" data-testid=\"conversation-turn-6\" data-scroll-anchor=\"true\" data-turn=\"assistant\">\n<div class=\"text-base my-auto mx-auto pb-10 [--thread-content-margin:--spacing(4)] @[37rem]:[--thread-content-margin:--spacing(6)] @[72rem]:[--thread-content-margin:--spacing(16)] px-(--thread-content-margin)\">\n<div class=\"[--thread-content-max-width:32rem] @[34rem]:[--thread-content-max-width:40rem] @[64rem]:[--thread-content-max-width:48rem] mx-auto max-w-(--thread-content-max-width) flex-1 group\/turn-messages focus-visible:outline-hidden relative flex w-full min-w-0 flex-col agent-turn\" tabindex=\"-1\">\n<div class=\"flex max-w-full flex-col grow\">\n<div class=\"min-h-8 text-message relative flex w-full flex-col items-end gap-2 text-start break-words whitespace-normal [.text-message+&amp;]:mt-5\" dir=\"auto\" data-message-author-role=\"assistant\" data-message-id=\"b2f0246c-5102-4068-bbd8-3925a6ed1d70\" data-message-model-slug=\"gpt-5\">\n<div class=\"flex w-full flex-col gap-1 empty:hidden first:pt-[3px]\">\n<div class=\"markdown prose dark:prose-invert w-full break-words light markdown-new-styling\">\n<ul data-start=\"536\" data-end=\"1404\" data-is-last-node=\"\" data-is-only-node=\"\">\n<li data-start=\"536\" data-end=\"664\">\n<p data-start=\"538\" data-end=\"664\"><strong data-start=\"538\" data-end=\"572\">Kit complet de travail du cuir<\/strong>: Comprend tous les outils essentiels pour la r\u00e9paration, la fabrication et les projets de personnalisation en cuir.<\/p>\n<\/li>\n<li data-start=\"665\" data-end=\"799\">\n<p data-start=\"667\" data-end=\"799\"><strong data-start=\"667\" data-end=\"695\">Vari\u00e9t\u00e9 de couleurs de fil<\/strong>: 30 bobines de fil de haute qualit\u00e9 dans une large gamme de couleurs pour assortir toute r\u00e9paration ou projet DIY en cuir.<\/p>\n<\/li>\n<li data-start=\"800\" data-end=\"941\">\n<p data-start=\"802\" data-end=\"941\"><strong data-start=\"802\" data-end=\"824\">Outils professionnels<\/strong>: Livr\u00e9 avec des outils premium tels que des gouges \u00e0 piquer, des poin\u00e7ons \u00e0 ergots et des rainures pour bords pour un travail pr\u00e9cis et d\u00e9taill\u00e9.<\/p>\n<\/li>\n<li data-start=\"942\" data-end=\"1073\">\n<p data-start=\"944\" data-end=\"1073\"><strong data-start=\"944\" data-end=\"979\">Parfait pour les passionn\u00e9s de cuir<\/strong>: Id\u00e9al pour les maroquiniers, les bricoleurs et les d\u00e9butants souhaitant r\u00e9parer ou cr\u00e9er des articles en cuir.<\/p>\n<\/li>\n<li data-start=\"1074\" data-end=\"1171\">\n<p data-start=\"1076\" data-end=\"1171\"><strong data-start=\"1076\" data-end=\"1089\">Multi-usages<\/strong>: Id\u00e9al pour r\u00e9parer les meubles, les si\u00e8ges automobiles, les portefeuilles, les ceintures, les chaussures, les sacs et plus encore.<\/p>\n<\/li>\n<li data-start=\"1172\" data-end=\"1286\">\n<p data-start=\"1174\" data-end=\"1286\"><strong data-start=\"1174\" data-end=\"1200\">Durable et de longue dur\u00e9e<\/strong>: Con\u00e7u pour une utilisation intensive, offrant des r\u00e9sultats professionnels qui r\u00e9sistent \u00e0 l'\u00e9preuve du temps.<\/p>\n<\/li>\n<li data-start=\"1287\" data-end=\"1404\" data-is-last-node=\"\">\n<p data-start=\"1289\" data-end=\"1404\" data-is-last-node=\"\"><strong data-start=\"1289\" data-end=\"1317\">Manuel d'instructions clair<\/strong>: Guide \u00e9tape par \u00e9tape fourni pour vous aider \u00e0 d\u00e9marrer la r\u00e9paration et la fabrication de cuir.<\/p>\n<\/li>\n<\/ul>\n<\/div>\n<\/div>\n<\/div>\n<\/div>\n<div class=\"flex min-h-[46px] justify-start\"><\/div>\n<div class=\"mt-3 w-full empty:hidden\">\n<div class=\"text-center\"><\/div>\n<\/div>\n<\/div>\n<\/div>\n<\/article>\n<div class=\"pointer-events-none h-px w-px\" aria-hidden=\"true\" data-edge=\"true\"><\/div>","protected":false},"excerpt":{"rendered":"<table class=\"a-normal a-spacing-micro\" role=\"list\">\n<tbody>\n<tr class=\"a-spacing-small po-container.type\" role=\"listitem\">\n<td class=\"a-span3\" role=\"presentation\"><span class=\"a-size-base a-text-bold\">Informations sur l'emballage<\/span><\/td>\n<td class=\"a-span9\" role=\"presentation\"><span class=\"a-size-base po-break-word\">Sac<\/span><\/td>\n<\/tr>\n<tr class=\"a-spacing-small po-included_components\" role=\"listitem\">\n<td class=\"a-span3\" role=\"presentation\"><span class=\"a-size-base a-text-bold\">Composants inclus<br \/>\n(tel que montr\u00e9 sur l'image)<\/span><\/td>\n<td class=\"a-span9\" role=\"presentation\">1 x Kit de r\u00e9paration cuir, 30 bobines de fil (multiples couleurs), 20 aiguilles cuir, 1 x teinture cuir, 1 x colle cuir, 1 x cire, 1 x ciseaux, 1 x m\u00e8tre ruban, 1 x protecteur cuir, 1 x r\u00e8gle, 1 x poin\u00e7on, 1 x ensemble d'outils de piq\u00fbre, 1 x outil de pince, 1 x poin\u00e7on \u00e0 ergots, 1 x fer \u00e0 piquer, 1 x meuleuse de bords, 1 x stilettos en bois, 1 x ensemble de perforateurs cuir, 1 x tamponneur cuir, 1 x outil de rainage, 1 x maillet, 1 x tube d'enfilage, 1 x patch cuir, 1 x manuel d'instructions.<\/td>\n<\/tr>\n<\/tbody>\n<\/table>","protected":false},"featured_media":3868,"template":"","meta":{"_uag_custom_page_level_css":"","site-sidebar-layout":"default","site-content-layout":"","ast-site-content-layout":"default","site-content-style":"default","site-sidebar-style":"default","ast-global-header-display":"","ast-banner-title-visibility":"","ast-main-header-display":"","ast-hfb-above-header-display":"","ast-hfb-below-header-display":"","ast-hfb-mobile-header-display":"","site-post-title":"","ast-breadcrumbs-content":"","ast-featured-img":"","footer-sml-layout":"","ast-disable-related-posts":"","theme-transparent-header-meta":"default","adv-header-id-meta":"","stick-header-meta":"","header-above-stick-meta":"","header-main-stick-meta":"","header-below-stick-meta":"","astra-migrate-meta-layouts":"set","ast-page-background-enabled":"default","ast-page-background-meta":{"desktop":{"background-color":"","background-image":"","background-repeat":"repeat","background-position":"center center","background-size":"auto","background-attachment":"scroll","background-type":"","background-media":"","overlay-type":"","overlay-color":"","overlay-opacity":"","overlay-gradient":""},"tablet":{"background-color":"","background-image":"","background-repeat":"repeat","background-position":"center center","background-size":"auto","background-attachment":"scroll","background-type":"","background-media":"","overlay-type":"","overlay-color":"","overlay-opacity":"","overlay-gradient":""},"mobile":{"background-color":"","background-image":"","background-repeat":"repeat","background-position":"center center","background-size":"auto","background-attachment":"scroll","background-type":"","background-media":"","overlay-type":"","overlay-color":"","overlay-opacity":"","overlay-gradient":""}},"ast-content-background-meta":{"desktop":{"background-color":"var(--ast-global-color-5)","background-image":"","background-repeat":"repeat","background-position":"center center","background-size":"auto","background-attachment":"scroll","background-type":"","background-media":"","overlay-type":"","overlay-color":"","overlay-opacity":"","overlay-gradient":""},"tablet":{"background-color":"var(--ast-global-color-5)","background-image":"","background-repeat":"repeat","background-position":"center center","background-size":"auto","background-attachment":"scroll","background-type":"","background-media":"","overlay-type":"","overlay-color":"","overlay-opacity":"","overlay-gradient":""},"mobile":{"background-color":"var(--ast-global-color-5)","background-image":"","background-repeat":"repeat","background-position":"center center","background-size":"auto","background-attachment":"scroll","background-type":"","background-media":"","overlay-type":"","overlay-color":"","overlay-opacity":"","overlay-gradient":""}}},"product_brand":[],"product_cat":[254],"product_tag":[],"class_list":{"0":"post-3897","1":"product","2":"type-product","3":"status-publish","4":"has-post-thumbnail","6":"product_cat-sew-repair-kit","7":"desktop-align-left","8":"tablet-align-left","9":"mobile-align-left","11":"first","12":"instock","13":"sale","14":"shipping-taxable","15":"purchasable","16":"product-type-simple"},"uagb_featured_image_src":{"full":["https:\/\/micterleather.com\/wp-content\/uploads\/2025\/08\/leather-working-equipment.webp",1600,1600,false],"thumbnail":["https:\/\/micterleather.com\/wp-content\/uploads\/2025\/08\/leather-working-equipment-150x150.webp",150,150,true],"medium":["https:\/\/micterleather.com\/wp-content\/uploads\/2025\/08\/leather-working-equipment-300x300.webp",300,300,true],"medium_large":["https:\/\/micterleather.com\/wp-content\/uploads\/2025\/08\/leather-working-equipment-768x768.webp",768,768,true],"large":["https:\/\/micterleather.com\/wp-content\/uploads\/2025\/08\/leather-working-equipment-1024x1024.webp",1024,1024,true],"1536x1536":["https:\/\/micterleather.com\/wp-content\/uploads\/2025\/08\/leather-working-equipment-1536x1536.webp",1536,1536,true],"2048x2048":["https:\/\/micterleather.com\/wp-content\/uploads\/2025\/08\/leather-working-equipment.webp",1600,1600,false],"trp-custom-language-flag":["https:\/\/micterleather.com\/wp-content\/uploads\/2025\/08\/leather-working-equipment.webp",12,12,false],"woocommerce_thumbnail":["https:\/\/micterleather.com\/wp-content\/uploads\/2025\/08\/leather-working-equipment-300x300.webp",300,300,true],"woocommerce_single":["https:\/\/micterleather.com\/wp-content\/uploads\/2025\/08\/leather-working-equipment-600x600.webp",600,600,true],"woocommerce_gallery_thumbnail":["https:\/\/micterleather.com\/wp-content\/uploads\/2025\/08\/leather-working-equipment-100x100.webp",100,100,true]},"uagb_author_info":{"display_name":"micter","author_link":"https:\/\/micterleather.com\/fr\/author\/"},"uagb_comment_info":0,"uagb_excerpt":"Package Information Bag Included Components (as shown in image) 1 x Leather Repair Kit, 30 x Spools of Thread (Multiple Colors), 20 x Leather Needles, 1 x Leather Dye, 1 x Leather Glue, 1 x Wax, 1 x Scissors, 1 x Measuring Tape, 1 x Leather Protector, 1 x Ruler, 1 x Awl, 1 x\u2026","_links":{"self":[{"href":"https:\/\/micterleather.com\/fr\/wp-json\/wp\/v2\/product\/3897","targetHints":{"allow":["GET"]}}],"collection":[{"href":"https:\/\/micterleather.com\/fr\/wp-json\/wp\/v2\/product"}],"about":[{"href":"https:\/\/micterleather.com\/fr\/wp-json\/wp\/v2\/types\/product"}],"wp:featuredmedia":[{"embeddable":true,"href":"https:\/\/micterleather.com\/fr\/wp-json\/wp\/v2\/media\/3868"}],"wp:attachment":[{"href":"https:\/\/micterleather.com\/fr\/wp-json\/wp\/v2\/media?parent=3897"}],"wp:term":[{"taxonomy":"product_brand","embeddable":true,"href":"https:\/\/micterleather.com\/fr\/wp-json\/wp\/v2\/product_brand?post=3897"},{"taxonomy":"product_cat","embeddable":true,"href":"https:\/\/micterleather.com\/fr\/wp-json\/wp\/v2\/product_cat?post=3897"},{"taxonomy":"product_tag","embeddable":true,"href":"https:\/\/micterleather.com\/fr\/wp-json\/wp\/v2\/product_tag?post=3897"}],"curies":[{"name":"wp","href":"https:\/\/api.w.org\/{rel}","templated":true}]}}