{"id":3888,"date":"2025-07-19T10:12:15","date_gmt":"2025-07-19T10:12:15","guid":{"rendered":"https:\/\/micterleather.com\/?post_type=product&#038;p=3888"},"modified":"2025-08-19T10:18:06","modified_gmt":"2025-08-19T10:18:06","slug":"26-set-leather-working-equipment","status":"publish","type":"product","link":"https:\/\/micterleather.com\/fr\/produit\/uncategorized\/26-set-leather-working-equipment\/","title":{"rendered":"26 outils d'\u00e9quipement de travail du cuir"},"content":{"rendered":"<ul>\n<li data-start=\"500\" data-end=\"626\">\n<p data-start=\"502\" data-end=\"626\"><strong data-start=\"502\" data-end=\"532\">kit de cuirage en 26 pi\u00e8ces<\/strong> \u2013 Le set complet comprend des poin\u00e7ons \u00e0 ailettes, des poin\u00e7ons, des aiguilles, des fils, un ruban \u00e0 mesurer et un d\u00e9 \u00e0 coudre.<\/p>\n<\/li>\n<li data-start=\"627\" data-end=\"735\">\n<p data-start=\"629\" data-end=\"735\"><strong data-start=\"629\" data-end=\"654\">Poin\u00e7ons \u00e0 ailettes durables<\/strong> \u2013 Emporte-pi\u00e8ces espac\u00e9s de 4 mm (4, 1, 2, 4, 6 pointes) pour des trous de couture pr\u00e9cis et propres.<\/p>\n<\/li>\n<li data-start=\"736\" data-end=\"863\">\n<p data-start=\"738\" data-end=\"863\"><strong data-start=\"738\" data-end=\"762\">Fils cir\u00e9s r\u00e9sistants<\/strong> \u2013 12 couleurs de fils cir\u00e9s de haute qualit\u00e9, r\u00e9sistants \u00e0 l'usure, adapt\u00e9s \u00e0 la couture lourde du cuir.<\/p>\n<\/li>\n<li data-start=\"864\" data-end=\"988\">\n<p data-start=\"866\" data-end=\"988\"><strong data-start=\"866\" data-end=\"890\">Ensemble d'aiguilles polyvalent<\/strong> \u2013 Comprend des aiguilles droites et courbes rang\u00e9es dans un tube de protection pour la s\u00e9curit\u00e9 et l'organisation.<\/p>\n<\/li>\n<li data-start=\"989\" data-end=\"1096\">\n<p data-start=\"991\" data-end=\"1096\"><strong data-start=\"991\" data-end=\"1018\">Aiguilles essentielles incluses<\/strong> \u2013 Poin\u00e7on \u00e0 manche en bois et poin\u00e7on \u00e0 manche creux facilitent le per\u00e7age et le montage des fils.<\/p>\n<\/li>\n<li data-start=\"1097\" data-end=\"1219\">\n<p data-start=\"1099\" data-end=\"1219\"><strong data-start=\"1099\" data-end=\"1119\">Large \u00e9ventail d'applications<\/strong> \u2013 Parfait pour la maroquinerie, la r\u00e9paration de portefeuilles, sacs, ceintures, chaussures, si\u00e8ges de voiture et capitonnage.<\/p>\n<\/li>\n<\/ul>","protected":false},"excerpt":{"rendered":"<table class=\"a-normal a-spacing-micro\" style=\"font-size: 16px; font-style: normal;\" role=\"list\">\n<tbody>\n<tr class=\"a-spacing-small po-container.type\" role=\"listitem\">\n<td class=\"a-span3\" role=\"presentation\"><span class=\"a-size-base a-text-bold\">Informations sur l'emballage<\/span><\/td>\n<td class=\"a-span9\" role=\"presentation\"><span class=\"a-size-base po-break-word\">Sac<\/span><\/td>\n<\/tr>\n<tr class=\"a-spacing-small po-included_components\" role=\"listitem\">\n<td class=\"a-span3\" role=\"presentation\"><span class=\"a-size-base a-text-bold\">Composants inclus<br \/>\n(tel que montr\u00e9 sur l'image)<\/span><\/td>\n<td class=\"a-span9\" role=\"presentation\">4 \u00d7 poin\u00e7ons \u00e0 ailettes (4 mm, 1\/2\/4\/6 pointe), 1 \u00d7 tube de rangement pour aiguilles (avec capuchon orange), 7 \u00d7 aiguilles \u00e0 usage intensif (droites et courbes), 1 \u00d7 poin\u00e7on \u00e0 manche en bois, 1 \u00d7 poin\u00e7on \u00e0 manche en bois creux, 1 \u00d7 ruban \u00e0 mesurer (ruban souple), 1 \u00d7 d\u00e9 \u00e0 coudre m\u00e9tallique, 12 \u00d7 fils cir\u00e9s (couleurs assorties : noir, blanc, gris, rouge, marron, beige, bleu, orange, jaune, etc.)<\/td>\n<\/tr>\n<\/tbody>\n<\/table>","protected":false},"featured_media":3857,"template":"","meta":{"_uag_custom_page_level_css":"","site-sidebar-layout":"default","site-content-layout":"","ast-site-content-layout":"default","site-content-style":"default","site-sidebar-style":"default","ast-global-header-display":"","ast-banner-title-visibility":"","ast-main-header-display":"","ast-hfb-above-header-display":"","ast-hfb-below-header-display":"","ast-hfb-mobile-header-display":"","site-post-title":"","ast-breadcrumbs-content":"","ast-featured-img":"","footer-sml-layout":"","ast-disable-related-posts":"","theme-transparent-header-meta":"default","adv-header-id-meta":"","stick-header-meta":"","header-above-stick-meta":"","header-main-stick-meta":"","header-below-stick-meta":"","astra-migrate-meta-layouts":"set","ast-page-background-enabled":"default","ast-page-background-meta":{"desktop":{"background-color":"","background-image":"","background-repeat":"repeat","background-position":"center center","background-size":"auto","background-attachment":"scroll","background-type":"","background-media":"","overlay-type":"","overlay-color":"","overlay-opacity":"","overlay-gradient":""},"tablet":{"background-color":"","background-image":"","background-repeat":"repeat","background-position":"center center","background-size":"auto","background-attachment":"scroll","background-type":"","background-media":"","overlay-type":"","overlay-color":"","overlay-opacity":"","overlay-gradient":""},"mobile":{"background-color":"","background-image":"","background-repeat":"repeat","background-position":"center center","background-size":"auto","background-attachment":"scroll","background-type":"","background-media":"","overlay-type":"","overlay-color":"","overlay-opacity":"","overlay-gradient":""}},"ast-content-background-meta":{"desktop":{"background-color":"var(--ast-global-color-5)","background-image":"","background-repeat":"repeat","background-position":"center center","background-size":"auto","background-attachment":"scroll","background-type":"","background-media":"","overlay-type":"","overlay-color":"","overlay-opacity":"","overlay-gradient":""},"tablet":{"background-color":"var(--ast-global-color-5)","background-image":"","background-repeat":"repeat","background-position":"center center","background-size":"auto","background-attachment":"scroll","background-type":"","background-media":"","overlay-type":"","overlay-color":"","overlay-opacity":"","overlay-gradient":""},"mobile":{"background-color":"var(--ast-global-color-5)","background-image":"","background-repeat":"repeat","background-position":"center center","background-size":"auto","background-attachment":"scroll","background-type":"","background-media":"","overlay-type":"","overlay-color":"","overlay-opacity":"","overlay-gradient":""}}},"product_brand":[],"product_cat":[15],"product_tag":[],"class_list":{"0":"post-3888","1":"product","2":"type-product","3":"status-publish","4":"has-post-thumbnail","6":"product_cat-uncategorized","7":"desktop-align-left","8":"tablet-align-left","9":"mobile-align-left","11":"first","12":"instock","13":"sale","14":"shipping-taxable","15":"purchasable","16":"product-type-simple"},"uagb_featured_image_src":{"full":["https:\/\/micterleather.com\/wp-content\/uploads\/2025\/08\/26-set-leather-working-equipment.webp",1500,1500,false],"thumbnail":["https:\/\/micterleather.com\/wp-content\/uploads\/2025\/08\/26-set-leather-working-equipment-150x150.webp",150,150,true],"medium":["https:\/\/micterleather.com\/wp-content\/uploads\/2025\/08\/26-set-leather-working-equipment-300x300.webp",300,300,true],"medium_large":["https:\/\/micterleather.com\/wp-content\/uploads\/2025\/08\/26-set-leather-working-equipment-768x768.webp",768,768,true],"large":["https:\/\/micterleather.com\/wp-content\/uploads\/2025\/08\/26-set-leather-working-equipment-1024x1024.webp",1024,1024,true],"1536x1536":["https:\/\/micterleather.com\/wp-content\/uploads\/2025\/08\/26-set-leather-working-equipment.webp",1500,1500,false],"2048x2048":["https:\/\/micterleather.com\/wp-content\/uploads\/2025\/08\/26-set-leather-working-equipment.webp",1500,1500,false],"trp-custom-language-flag":["https:\/\/micterleather.com\/wp-content\/uploads\/2025\/08\/26-set-leather-working-equipment.webp",12,12,false],"woocommerce_thumbnail":["https:\/\/micterleather.com\/wp-content\/uploads\/2025\/08\/26-set-leather-working-equipment-300x300.webp",300,300,true],"woocommerce_single":["https:\/\/micterleather.com\/wp-content\/uploads\/2025\/08\/26-set-leather-working-equipment-600x600.webp",600,600,true],"woocommerce_gallery_thumbnail":["https:\/\/micterleather.com\/wp-content\/uploads\/2025\/08\/26-set-leather-working-equipment-100x100.webp",100,100,true]},"uagb_author_info":{"display_name":"micter","author_link":"https:\/\/micterleather.com\/fr\/author\/"},"uagb_comment_info":0,"uagb_excerpt":"Package Information Bag Included Components (as shown in image) 4 \u00d7 Prong Punches (4mm, 1\/2\/4\/6 prong), 1 \u00d7 Needle Storage Tube (with orange cap), 7 \u00d7 Heavy Duty Needles (straight &amp; curved), 1 \u00d7 Wooden Handle Awl, 1 \u00d7 Wooden Handle Hollow Awl, 1 \u00d7 Measuring Tape (soft tape), 1 \u00d7 Metal Thimble, 12 \u00d7\u2026","_links":{"self":[{"href":"https:\/\/micterleather.com\/fr\/wp-json\/wp\/v2\/product\/3888","targetHints":{"allow":["GET"]}}],"collection":[{"href":"https:\/\/micterleather.com\/fr\/wp-json\/wp\/v2\/product"}],"about":[{"href":"https:\/\/micterleather.com\/fr\/wp-json\/wp\/v2\/types\/product"}],"wp:featuredmedia":[{"embeddable":true,"href":"https:\/\/micterleather.com\/fr\/wp-json\/wp\/v2\/media\/3857"}],"wp:attachment":[{"href":"https:\/\/micterleather.com\/fr\/wp-json\/wp\/v2\/media?parent=3888"}],"wp:term":[{"taxonomy":"product_brand","embeddable":true,"href":"https:\/\/micterleather.com\/fr\/wp-json\/wp\/v2\/product_brand?post=3888"},{"taxonomy":"product_cat","embeddable":true,"href":"https:\/\/micterleather.com\/fr\/wp-json\/wp\/v2\/product_cat?post=3888"},{"taxonomy":"product_tag","embeddable":true,"href":"https:\/\/micterleather.com\/fr\/wp-json\/wp\/v2\/product_tag?post=3888"}],"curies":[{"name":"wp","href":"https:\/\/api.w.org\/{rel}","templated":true}]}}