{"id":3887,"date":"2025-07-19T10:12:01","date_gmt":"2025-07-19T10:12:01","guid":{"rendered":"https:\/\/micterleather.com\/?post_type=product&#038;p=3887"},"modified":"2025-08-24T08:27:45","modified_gmt":"2025-08-24T08:27:45","slug":"23-set-micter-leather-tools","status":"publish","type":"product","link":"https:\/\/micterleather.com\/fr\/produit\/sew-repair-kit\/23-set-micter-leather-tools\/","title":{"rendered":"23 outils en cuir Micter"},"content":{"rendered":"<ul>\n<li data-start=\"532\" data-end=\"669\">\n<p data-start=\"534\" data-end=\"669\"><strong data-start=\"534\" data-end=\"565\">Jeu de couture en cuir de 23 pi\u00e8ces<\/strong> \u2013 L'ensemble complet comprend un pousse-aiguille, des aiguilles, des ciseaux, un d\u00e9 \u00e0 coudre, un d\u00e9couseur, un passe-fil et 12 fils graisseurs.<\/p>\n<\/li>\n<li data-start=\"670\" data-end=\"814\">\n<p data-start=\"672\" data-end=\"814\"><strong data-start=\"672\" data-end=\"697\">Fils cir\u00e9s durables<\/strong> \u2013 Livr\u00e9 avec 12 bobines de couleurs vari\u00e9es, solides et r\u00e9sistantes \u00e0 l'usure, parfait pour le cuir, la toile et l'ameublement.<\/p>\n<\/li>\n<li data-start=\"815\" data-end=\"935\">\n<p data-start=\"817\" data-end=\"935\"><strong data-start=\"817\" data-end=\"839\">Vari\u00e9t\u00e9 d'aiguilles<\/strong> \u2013 Comprend des aiguilles droites lourdes, des aiguilles courbes et un tube de rangement pour aiguilles pour plus de s\u00e9curit\u00e9.<\/p>\n<\/li>\n<li data-start=\"936\" data-end=\"1068\">\n<p data-start=\"938\" data-end=\"1068\"><strong data-start=\"938\" data-end=\"966\">Outils essentiels inclus<\/strong> \u2013 Porte-m\u00e8che \u00e0 bois pour perforer, paire de ciseaux \u00e0 couper le fil, d\u00e9 \u00e0 coudre et d\u00e9couseur pour une utilisation pratique.<\/p>\n<\/li>\n<li data-start=\"1069\" data-end=\"1179\">\n<p data-start=\"1071\" data-end=\"1179\"><strong data-start=\"1071\" data-end=\"1095\">Portable et organis\u00e9<\/strong> \u2013 Tous les outils et fils sont fournis dans un bo\u00eetier compact avec fermeture \u00e9clair, facile \u00e0 transporter et \u00e0 ranger.<\/p>\n<\/li>\n<li data-start=\"1180\" data-end=\"1313\">\n<p data-start=\"1182\" data-end=\"1313\"><strong data-start=\"1182\" data-end=\"1203\">Large \u00e9ventail d'applications<\/strong> \u2013 Adapt\u00e9 pour r\u00e9parer les portefeuilles, ceintures, sacs \u00e0 main, chaussures, si\u00e8ges de voiture, tentes, canap\u00e9s et autres textiles lourds.<\/p>\n<\/li>\n<\/ul>","protected":false},"excerpt":{"rendered":"<table class=\"a-normal a-spacing-micro\" role=\"list\">\n<tbody>\n<tr class=\"a-spacing-small po-container.type\" role=\"listitem\">\n<td class=\"a-span3\" role=\"presentation\"><span class=\"a-size-base a-text-bold\">Informations sur l'emballage<\/span><\/td>\n<td class=\"a-span9\" role=\"presentation\"><span class=\"a-size-base po-break-word\">Sac<\/span><\/td>\n<\/tr>\n<tr class=\"a-spacing-small po-included_components\" role=\"listitem\">\n<td class=\"a-span3\" role=\"presentation\"><span class=\"a-size-base a-text-bold\">Composants inclus<br \/>\n(tel que montr\u00e9 sur l'image)<\/span><\/td>\n<td class=\"a-span9\" role=\"presentation\">1 \u00d7 Pointe \u00e0 bois \u00e0 manche, 1 \u00d7 Doigt de m\u00e9tal, 1 \u00d7 D\u00e9m\u00e9leur de couture, 1 \u00d7 Ciseaux \u00e0 coupe-fil, 1 \u00d7 Passe-fil, 1 \u00d7 Tube de rangement \u00e0 aiguilles (capuchon vert), 6 \u00d7 Aiguilles \u00e0 main r\u00e9sistantes, 2 \u00d7 Aiguilles courbes, 12 \u00d7 Fils cir\u00e9s (couleurs vari\u00e9es : brun, blanc, gris, noir, brun fonc\u00e9, brun clair, bleu, blanc, vert, rose, etc.), 1 \u00d7 \u00c9tui de transport zipp\u00e9<\/td>\n<\/tr>\n<\/tbody>\n<\/table>","protected":false},"featured_media":3856,"template":"","meta":{"_uag_custom_page_level_css":"","site-sidebar-layout":"default","site-content-layout":"","ast-site-content-layout":"default","site-content-style":"default","site-sidebar-style":"default","ast-global-header-display":"","ast-banner-title-visibility":"","ast-main-header-display":"","ast-hfb-above-header-display":"","ast-hfb-below-header-display":"","ast-hfb-mobile-header-display":"","site-post-title":"","ast-breadcrumbs-content":"","ast-featured-img":"","footer-sml-layout":"","ast-disable-related-posts":"","theme-transparent-header-meta":"default","adv-header-id-meta":"","stick-header-meta":"","header-above-stick-meta":"","header-main-stick-meta":"","header-below-stick-meta":"","astra-migrate-meta-layouts":"set","ast-page-background-enabled":"default","ast-page-background-meta":{"desktop":{"background-color":"","background-image":"","background-repeat":"repeat","background-position":"center center","background-size":"auto","background-attachment":"scroll","background-type":"","background-media":"","overlay-type":"","overlay-color":"","overlay-opacity":"","overlay-gradient":""},"tablet":{"background-color":"","background-image":"","background-repeat":"repeat","background-position":"center center","background-size":"auto","background-attachment":"scroll","background-type":"","background-media":"","overlay-type":"","overlay-color":"","overlay-opacity":"","overlay-gradient":""},"mobile":{"background-color":"","background-image":"","background-repeat":"repeat","background-position":"center center","background-size":"auto","background-attachment":"scroll","background-type":"","background-media":"","overlay-type":"","overlay-color":"","overlay-opacity":"","overlay-gradient":""}},"ast-content-background-meta":{"desktop":{"background-color":"var(--ast-global-color-5)","background-image":"","background-repeat":"repeat","background-position":"center center","background-size":"auto","background-attachment":"scroll","background-type":"","background-media":"","overlay-type":"","overlay-color":"","overlay-opacity":"","overlay-gradient":""},"tablet":{"background-color":"var(--ast-global-color-5)","background-image":"","background-repeat":"repeat","background-position":"center center","background-size":"auto","background-attachment":"scroll","background-type":"","background-media":"","overlay-type":"","overlay-color":"","overlay-opacity":"","overlay-gradient":""},"mobile":{"background-color":"var(--ast-global-color-5)","background-image":"","background-repeat":"repeat","background-position":"center center","background-size":"auto","background-attachment":"scroll","background-type":"","background-media":"","overlay-type":"","overlay-color":"","overlay-opacity":"","overlay-gradient":""}}},"product_brand":[],"product_cat":[254],"product_tag":[],"class_list":{"0":"post-3887","1":"product","2":"type-product","3":"status-publish","4":"has-post-thumbnail","6":"product_cat-sew-repair-kit","7":"desktop-align-left","8":"tablet-align-left","9":"mobile-align-left","11":"first","12":"instock","13":"sale","14":"shipping-taxable","15":"purchasable","16":"product-type-simple"},"uagb_featured_image_src":{"full":["https:\/\/micterleather.com\/wp-content\/uploads\/2025\/08\/23-Set-Micter-leather-tools.webp",800,800,false],"thumbnail":["https:\/\/micterleather.com\/wp-content\/uploads\/2025\/08\/23-Set-Micter-leather-tools-150x150.webp",150,150,true],"medium":["https:\/\/micterleather.com\/wp-content\/uploads\/2025\/08\/23-Set-Micter-leather-tools-300x300.webp",300,300,true],"medium_large":["https:\/\/micterleather.com\/wp-content\/uploads\/2025\/08\/23-Set-Micter-leather-tools-768x768.webp",768,768,true],"large":["https:\/\/micterleather.com\/wp-content\/uploads\/2025\/08\/23-Set-Micter-leather-tools.webp",800,800,false],"1536x1536":["https:\/\/micterleather.com\/wp-content\/uploads\/2025\/08\/23-Set-Micter-leather-tools.webp",800,800,false],"2048x2048":["https:\/\/micterleather.com\/wp-content\/uploads\/2025\/08\/23-Set-Micter-leather-tools.webp",800,800,false],"trp-custom-language-flag":["https:\/\/micterleather.com\/wp-content\/uploads\/2025\/08\/23-Set-Micter-leather-tools.webp",12,12,false],"woocommerce_thumbnail":["https:\/\/micterleather.com\/wp-content\/uploads\/2025\/08\/23-Set-Micter-leather-tools-300x300.webp",300,300,true],"woocommerce_single":["https:\/\/micterleather.com\/wp-content\/uploads\/2025\/08\/23-Set-Micter-leather-tools-600x600.webp",600,600,true],"woocommerce_gallery_thumbnail":["https:\/\/micterleather.com\/wp-content\/uploads\/2025\/08\/23-Set-Micter-leather-tools-100x100.webp",100,100,true]},"uagb_author_info":{"display_name":"micter","author_link":"https:\/\/micterleather.com\/fr\/author\/"},"uagb_comment_info":0,"uagb_excerpt":"Package Information Bag Included Components (as shown in image) 1 \u00d7 Wooden Handle Awl, 1 \u00d7 Metal Thimble, 1 \u00d7 Seam Ripper, 1 \u00d7 Thread Snip Scissor, 1 \u00d7 Needle Threader, 1 \u00d7 Needle Storage Tube (with green cap), 6 \u00d7 Heavy Duty Hand Sewing Needles, 2 \u00d7 Curved Needles, 12 \u00d7 Waxed Threads (assorted\u2026","_links":{"self":[{"href":"https:\/\/micterleather.com\/fr\/wp-json\/wp\/v2\/product\/3887","targetHints":{"allow":["GET"]}}],"collection":[{"href":"https:\/\/micterleather.com\/fr\/wp-json\/wp\/v2\/product"}],"about":[{"href":"https:\/\/micterleather.com\/fr\/wp-json\/wp\/v2\/types\/product"}],"wp:featuredmedia":[{"embeddable":true,"href":"https:\/\/micterleather.com\/fr\/wp-json\/wp\/v2\/media\/3856"}],"wp:attachment":[{"href":"https:\/\/micterleather.com\/fr\/wp-json\/wp\/v2\/media?parent=3887"}],"wp:term":[{"taxonomy":"product_brand","embeddable":true,"href":"https:\/\/micterleather.com\/fr\/wp-json\/wp\/v2\/product_brand?post=3887"},{"taxonomy":"product_cat","embeddable":true,"href":"https:\/\/micterleather.com\/fr\/wp-json\/wp\/v2\/product_cat?post=3887"},{"taxonomy":"product_tag","embeddable":true,"href":"https:\/\/micterleather.com\/fr\/wp-json\/wp\/v2\/product_tag?post=3887"}],"curies":[{"name":"wp","href":"https:\/\/api.w.org\/{rel}","templated":true}]}}