{"id":3881,"date":"2025-07-19T08:00:08","date_gmt":"2025-07-19T08:00:08","guid":{"rendered":"https:\/\/micterleather.com\/?post_type=product&#038;p=3881"},"modified":"2025-08-24T08:27:49","modified_gmt":"2025-08-24T08:27:49","slug":"16-set-professional-leather-craft-tools","status":"publish","type":"product","link":"https:\/\/micterleather.com\/fr\/produit\/sew-repair-kit\/16-set-professional-leather-craft-tools\/","title":{"rendered":"16 outils professionnels d'artisanat en cuir"},"content":{"rendered":"<ul>\n<li style=\"list-style-type: none;\" data-start=\"410\" data-end=\"540\">\n<ul data-start=\"408\" data-end=\"1138\">\n<li data-start=\"408\" data-end=\"540\">\n<p data-start=\"410\" data-end=\"540\"><strong data-start=\"410\" data-end=\"441\">Kit complet de couture en cuir<\/strong> \u2013 Comprend des al\u00eanes, des aiguilles, des fils cercl\u00e9s de cire, un d\u00e9 \u00e0 coudre et un m\u00e8tre ruban pour la maroquinerie et la r\u00e9paration.<\/p>\n<\/li>\n<li data-start=\"541\" data-end=\"670\">\n<p data-start=\"543\" data-end=\"670\"><strong data-start=\"543\" data-end=\"567\">Fils cir\u00e9s r\u00e9sistants<\/strong> \u2013 5 bobines durables de couleurs vari\u00e9es, parfaites pour la couture du cuir, de la toile, du denim et de l\u2019ameublement.<\/p>\n<\/li>\n<li data-start=\"671\" data-end=\"777\">\n<p data-start=\"673\" data-end=\"777\"><strong data-start=\"673\" data-end=\"695\">Vari\u00e9t\u00e9 d'aiguilles<\/strong> \u2013 Des aiguilles droites et courbes permettent diff\u00e9rentes techniques et angles de couture.<\/p>\n<\/li>\n<li data-start=\"778\" data-end=\"887\">\n<p data-start=\"780\" data-end=\"887\"><strong data-start=\"780\" data-end=\"796\">Al\u00eanes durables<\/strong> \u2013 Deux al\u00eanes \u00e0 manche en bois (droites et rainur\u00e9es) pour percer des trous et guider les points.<\/p>\n<\/li>\n<li data-start=\"888\" data-end=\"996\">\n<p data-start=\"890\" data-end=\"996\"><strong data-start=\"890\" data-end=\"915\">Accessoires pratiques<\/strong> \u2013 Livr\u00e9s avec un d\u00e9 \u00e0 coudre m\u00e9tallique et un m\u00e8tre pour la pr\u00e9cision et une couture en s\u00e9curit\u00e9.<\/p>\n<\/li>\n<li data-start=\"997\" data-end=\"1138\">\n<p data-start=\"999\" data-end=\"1138\"><strong data-start=\"999\" data-end=\"1020\">Utilisation polyvalente<\/strong> \u2013 Id\u00e9al pour r\u00e9parer portefeuilles, ceintures, sacs \u00e0 main, chaussures, si\u00e8ges de voiture, canap\u00e9s, tentes et autres cuirs ou tissus \u00e9pais.<\/p>\n<\/li>\n<\/ul>\n<\/li>\n<\/ul>","protected":false},"excerpt":{"rendered":"<table class=\"a-normal a-spacing-micro\" role=\"list\">\n<tbody>\n<tr class=\"a-spacing-small po-container.type\" role=\"listitem\">\n<td class=\"a-span3\" role=\"presentation\"><span class=\"a-size-base a-text-bold\">Informations sur l'emballage<\/span><\/td>\n<td class=\"a-span9\" role=\"presentation\"><span class=\"a-size-base po-break-word\">Sac<\/span><\/td>\n<\/tr>\n<tr class=\"a-spacing-small po-included_components\" role=\"listitem\">\n<td class=\"a-span3\" role=\"presentation\"><span class=\"a-size-base a-text-bold\">Composants inclus<br \/>\n(tel que montr\u00e9 sur l'image)<\/span><\/td>\n<td class=\"a-span9\" role=\"presentation\">1 \u00d7 M\u00e8che \u00e0 bois \u00e0 manche (droit), 1 \u00d7 M\u00e8che \u00e0 bois \u00e0 manche (rainur\u00e9e avec \u0153il), 4 \u00d7 Aiguilles \u00e0 coudre droites (tailles diff\u00e9rentes), 2 \u00d7 Aiguilles courbes, 1 \u00d7 D\u00e9trempe (m\u00e9tal), 1 \u00d7 M\u00e8tre pliant (60 pouces), 5 \u00d7 Fils cir\u00e9s (noir, marron fonc\u00e9, marron, gris, beige)<\/td>\n<\/tr>\n<\/tbody>\n<\/table>","protected":false},"featured_media":3854,"template":"","meta":{"_uag_custom_page_level_css":"","site-sidebar-layout":"default","site-content-layout":"","ast-site-content-layout":"default","site-content-style":"default","site-sidebar-style":"default","ast-global-header-display":"","ast-banner-title-visibility":"","ast-main-header-display":"","ast-hfb-above-header-display":"","ast-hfb-below-header-display":"","ast-hfb-mobile-header-display":"","site-post-title":"","ast-breadcrumbs-content":"","ast-featured-img":"","footer-sml-layout":"","ast-disable-related-posts":"","theme-transparent-header-meta":"default","adv-header-id-meta":"","stick-header-meta":"","header-above-stick-meta":"","header-main-stick-meta":"","header-below-stick-meta":"","astra-migrate-meta-layouts":"set","ast-page-background-enabled":"default","ast-page-background-meta":{"desktop":{"background-color":"","background-image":"","background-repeat":"repeat","background-position":"center center","background-size":"auto","background-attachment":"scroll","background-type":"","background-media":"","overlay-type":"","overlay-color":"","overlay-opacity":"","overlay-gradient":""},"tablet":{"background-color":"","background-image":"","background-repeat":"repeat","background-position":"center center","background-size":"auto","background-attachment":"scroll","background-type":"","background-media":"","overlay-type":"","overlay-color":"","overlay-opacity":"","overlay-gradient":""},"mobile":{"background-color":"","background-image":"","background-repeat":"repeat","background-position":"center center","background-size":"auto","background-attachment":"scroll","background-type":"","background-media":"","overlay-type":"","overlay-color":"","overlay-opacity":"","overlay-gradient":""}},"ast-content-background-meta":{"desktop":{"background-color":"var(--ast-global-color-5)","background-image":"","background-repeat":"repeat","background-position":"center center","background-size":"auto","background-attachment":"scroll","background-type":"","background-media":"","overlay-type":"","overlay-color":"","overlay-opacity":"","overlay-gradient":""},"tablet":{"background-color":"var(--ast-global-color-5)","background-image":"","background-repeat":"repeat","background-position":"center center","background-size":"auto","background-attachment":"scroll","background-type":"","background-media":"","overlay-type":"","overlay-color":"","overlay-opacity":"","overlay-gradient":""},"mobile":{"background-color":"var(--ast-global-color-5)","background-image":"","background-repeat":"repeat","background-position":"center center","background-size":"auto","background-attachment":"scroll","background-type":"","background-media":"","overlay-type":"","overlay-color":"","overlay-opacity":"","overlay-gradient":""}}},"product_brand":[],"product_cat":[254],"product_tag":[],"class_list":{"0":"post-3881","1":"product","2":"type-product","3":"status-publish","4":"has-post-thumbnail","6":"product_cat-sew-repair-kit","7":"desktop-align-left","8":"tablet-align-left","9":"mobile-align-left","11":"first","12":"instock","13":"sale","14":"shipping-taxable","15":"purchasable","16":"product-type-simple"},"uagb_featured_image_src":{"full":["https:\/\/micterleather.com\/wp-content\/uploads\/2025\/08\/16-set-professional-leather-craft-tools.webp",800,800,false],"thumbnail":["https:\/\/micterleather.com\/wp-content\/uploads\/2025\/08\/16-set-professional-leather-craft-tools-150x150.webp",150,150,true],"medium":["https:\/\/micterleather.com\/wp-content\/uploads\/2025\/08\/16-set-professional-leather-craft-tools-300x300.webp",300,300,true],"medium_large":["https:\/\/micterleather.com\/wp-content\/uploads\/2025\/08\/16-set-professional-leather-craft-tools-768x768.webp",768,768,true],"large":["https:\/\/micterleather.com\/wp-content\/uploads\/2025\/08\/16-set-professional-leather-craft-tools.webp",800,800,false],"1536x1536":["https:\/\/micterleather.com\/wp-content\/uploads\/2025\/08\/16-set-professional-leather-craft-tools.webp",800,800,false],"2048x2048":["https:\/\/micterleather.com\/wp-content\/uploads\/2025\/08\/16-set-professional-leather-craft-tools.webp",800,800,false],"trp-custom-language-flag":["https:\/\/micterleather.com\/wp-content\/uploads\/2025\/08\/16-set-professional-leather-craft-tools.webp",12,12,false],"woocommerce_thumbnail":["https:\/\/micterleather.com\/wp-content\/uploads\/2025\/08\/16-set-professional-leather-craft-tools-300x300.webp",300,300,true],"woocommerce_single":["https:\/\/micterleather.com\/wp-content\/uploads\/2025\/08\/16-set-professional-leather-craft-tools-600x600.webp",600,600,true],"woocommerce_gallery_thumbnail":["https:\/\/micterleather.com\/wp-content\/uploads\/2025\/08\/16-set-professional-leather-craft-tools-100x100.webp",100,100,true]},"uagb_author_info":{"display_name":"micter","author_link":"https:\/\/micterleather.com\/fr\/author\/"},"uagb_comment_info":0,"uagb_excerpt":"Package Information Bag Included Components (as shown in image) 1 \u00d7 Wooden Handle Awl (straight), 1 \u00d7 Wooden Handle Awl (grooved with eye), 4 \u00d7 Straight Hand Sewing Needles (different sizes), 2 \u00d7 Curved Needles, 1 \u00d7 Thimble (metal), 1 \u00d7 Measuring Tape (60 inch), 5 \u00d7 Waxed Threads (black, dark brown, brown, gray, beige)","_links":{"self":[{"href":"https:\/\/micterleather.com\/fr\/wp-json\/wp\/v2\/product\/3881","targetHints":{"allow":["GET"]}}],"collection":[{"href":"https:\/\/micterleather.com\/fr\/wp-json\/wp\/v2\/product"}],"about":[{"href":"https:\/\/micterleather.com\/fr\/wp-json\/wp\/v2\/types\/product"}],"wp:featuredmedia":[{"embeddable":true,"href":"https:\/\/micterleather.com\/fr\/wp-json\/wp\/v2\/media\/3854"}],"wp:attachment":[{"href":"https:\/\/micterleather.com\/fr\/wp-json\/wp\/v2\/media?parent=3881"}],"wp:term":[{"taxonomy":"product_brand","embeddable":true,"href":"https:\/\/micterleather.com\/fr\/wp-json\/wp\/v2\/product_brand?post=3881"},{"taxonomy":"product_cat","embeddable":true,"href":"https:\/\/micterleather.com\/fr\/wp-json\/wp\/v2\/product_cat?post=3881"},{"taxonomy":"product_tag","embeddable":true,"href":"https:\/\/micterleather.com\/fr\/wp-json\/wp\/v2\/product_tag?post=3881"}],"curies":[{"name":"wp","href":"https:\/\/api.w.org\/{rel}","templated":true}]}}