{"id":3880,"date":"2025-07-19T07:55:59","date_gmt":"2025-07-19T07:55:59","guid":{"rendered":"https:\/\/micterleather.com\/?post_type=product&#038;p=3880"},"modified":"2025-08-24T08:21:12","modified_gmt":"2025-08-24T08:21:12","slug":"11-set-micter-leather-craft-tools-kit","status":"publish","type":"product","link":"https:\/\/micterleather.com\/fr\/produit\/sew-repair-kit\/11-set-micter-leather-craft-tools-kit\/","title":{"rendered":"kit d\u2019outils de bricolage cuir Micter 11 pi\u00e8ces"},"content":{"rendered":"<ul>\n<li data-start=\"356\" data-end=\"478\">\n<p data-start=\"358\" data-end=\"478\"><strong data-start=\"358\" data-end=\"387\">Kit de d\u00e9marrage pour travail du cuir<\/strong> \u2013 Comprend un al\u00eane, des dossiers d'os, du fil cire, et des aiguilles pour la couture et le travail du cuir.<\/p>\n<\/li>\n<li data-start=\"479\" data-end=\"598\">\n<p data-start=\"481\" data-end=\"598\"><strong data-start=\"481\" data-end=\"505\">Fil cir\u00e9 durable<\/strong> \u2013 Bobine de fil beige solide, id\u00e9ale pour la couture du cuir, de la toile et d'autres tissus \u00e9pais.<\/p>\n<\/li>\n<li data-start=\"599\" data-end=\"716\">\n<p data-start=\"601\" data-end=\"716\"><strong data-start=\"601\" data-end=\"623\">Vari\u00e9t\u00e9 d'aiguilles<\/strong> \u2013 6 aiguilles \u00e0 grand \u0153il de tailles diff\u00e9rentes, faciles \u00e0 enfiler et adapt\u00e9es aux mat\u00e9riaux \u00e9pais.<\/p>\n<\/li>\n<li data-start=\"717\" data-end=\"827\">\n<p data-start=\"719\" data-end=\"827\"><strong data-start=\"719\" data-end=\"740\">Al\u00eane \u00e0 manche en bois<\/strong> \u2013 Prise en main confortable, parfaite pour percer des trous et guider les points \u00e0 travers le cuir.<\/p>\n<\/li>\n<li data-start=\"828\" data-end=\"954\">\n<p data-start=\"830\" data-end=\"954\"><strong data-start=\"830\" data-end=\"855\">Dossiers d'os inclus<\/strong> \u2013 Un grand et un petit, con\u00e7us pour plier, marquer et lisser les bords du cuir ou du papier.<\/p>\n<\/li>\n<li data-start=\"955\" data-end=\"1076\">\n<p data-start=\"957\" data-end=\"1076\"><strong data-start=\"957\" data-end=\"980\">Compact et pratique<\/strong> \u2013 Parfait pour les d\u00e9butants et les hobbyistes travaillant sur des porte-cartes, ceintures, sacs et petits articles en cuir.<\/p>\n<\/li>\n<\/ul>","protected":false},"excerpt":{"rendered":"<table class=\"a-normal a-spacing-micro\" role=\"list\">\n<tbody>\n<tr class=\"a-spacing-small po-container.type\" role=\"listitem\">\n<td class=\"a-span3\" role=\"presentation\"><span class=\"a-size-base a-text-bold\">Informations sur l'emballage<\/span><\/td>\n<td class=\"a-span9\" role=\"presentation\"><span class=\"a-size-base po-break-word\">Sac<\/span><\/td>\n<\/tr>\n<tr class=\"a-spacing-small po-included_components\" role=\"listitem\">\n<td class=\"a-span3\" role=\"presentation\"><span class=\"a-size-base a-text-bold\">Composants inclus<br \/>\n(tel que montr\u00e9 sur l'image)<\/span><\/td>\n<td class=\"a-span9\" role=\"presentation\">1 \u00d7 Aiguille \u00e0 manche en bois, 1 \u00d7 Grand plioir en os (pour cr\u00e9er des plis et lisser), 1 \u00d7 Petit plioir en os (pour les travaux de d\u00e9tail), 6 \u00d7 Aiguilles \u00e0 main \u00e0 grand \u0153il, 1 \u00d7 Tube de rangement pour aiguilles (capuchon orange), 1 \u00d7 Bobine de fil cir\u00e9 (couleur beige)<\/td>\n<\/tr>\n<\/tbody>\n<\/table>","protected":false},"featured_media":3853,"template":"","meta":{"_uag_custom_page_level_css":"","site-sidebar-layout":"default","site-content-layout":"","ast-site-content-layout":"default","site-content-style":"default","site-sidebar-style":"default","ast-global-header-display":"","ast-banner-title-visibility":"","ast-main-header-display":"","ast-hfb-above-header-display":"","ast-hfb-below-header-display":"","ast-hfb-mobile-header-display":"","site-post-title":"","ast-breadcrumbs-content":"","ast-featured-img":"","footer-sml-layout":"","ast-disable-related-posts":"","theme-transparent-header-meta":"default","adv-header-id-meta":"","stick-header-meta":"","header-above-stick-meta":"","header-main-stick-meta":"","header-below-stick-meta":"","astra-migrate-meta-layouts":"set","ast-page-background-enabled":"default","ast-page-background-meta":{"desktop":{"background-color":"","background-image":"","background-repeat":"repeat","background-position":"center center","background-size":"auto","background-attachment":"scroll","background-type":"","background-media":"","overlay-type":"","overlay-color":"","overlay-opacity":"","overlay-gradient":""},"tablet":{"background-color":"","background-image":"","background-repeat":"repeat","background-position":"center center","background-size":"auto","background-attachment":"scroll","background-type":"","background-media":"","overlay-type":"","overlay-color":"","overlay-opacity":"","overlay-gradient":""},"mobile":{"background-color":"","background-image":"","background-repeat":"repeat","background-position":"center center","background-size":"auto","background-attachment":"scroll","background-type":"","background-media":"","overlay-type":"","overlay-color":"","overlay-opacity":"","overlay-gradient":""}},"ast-content-background-meta":{"desktop":{"background-color":"var(--ast-global-color-5)","background-image":"","background-repeat":"repeat","background-position":"center center","background-size":"auto","background-attachment":"scroll","background-type":"","background-media":"","overlay-type":"","overlay-color":"","overlay-opacity":"","overlay-gradient":""},"tablet":{"background-color":"var(--ast-global-color-5)","background-image":"","background-repeat":"repeat","background-position":"center center","background-size":"auto","background-attachment":"scroll","background-type":"","background-media":"","overlay-type":"","overlay-color":"","overlay-opacity":"","overlay-gradient":""},"mobile":{"background-color":"var(--ast-global-color-5)","background-image":"","background-repeat":"repeat","background-position":"center center","background-size":"auto","background-attachment":"scroll","background-type":"","background-media":"","overlay-type":"","overlay-color":"","overlay-opacity":"","overlay-gradient":""}}},"product_brand":[],"product_cat":[254],"product_tag":[],"class_list":{"0":"post-3880","1":"product","2":"type-product","3":"status-publish","4":"has-post-thumbnail","6":"product_cat-sew-repair-kit","7":"desktop-align-left","8":"tablet-align-left","9":"mobile-align-left","11":"first","12":"instock","13":"sale","14":"shipping-taxable","15":"purchasable","16":"product-type-simple"},"uagb_featured_image_src":{"full":["https:\/\/micterleather.com\/wp-content\/uploads\/2025\/08\/11-set-Micter-leather-craft-tools-kit.webp.webp",1000,1000,false],"thumbnail":["https:\/\/micterleather.com\/wp-content\/uploads\/2025\/08\/11-set-Micter-leather-craft-tools-kit.webp-150x150.webp",150,150,true],"medium":["https:\/\/micterleather.com\/wp-content\/uploads\/2025\/08\/11-set-Micter-leather-craft-tools-kit.webp-300x300.webp",300,300,true],"medium_large":["https:\/\/micterleather.com\/wp-content\/uploads\/2025\/08\/11-set-Micter-leather-craft-tools-kit.webp-768x768.webp",768,768,true],"large":["https:\/\/micterleather.com\/wp-content\/uploads\/2025\/08\/11-set-Micter-leather-craft-tools-kit.webp.webp",1000,1000,false],"1536x1536":["https:\/\/micterleather.com\/wp-content\/uploads\/2025\/08\/11-set-Micter-leather-craft-tools-kit.webp.webp",1000,1000,false],"2048x2048":["https:\/\/micterleather.com\/wp-content\/uploads\/2025\/08\/11-set-Micter-leather-craft-tools-kit.webp.webp",1000,1000,false],"trp-custom-language-flag":["https:\/\/micterleather.com\/wp-content\/uploads\/2025\/08\/11-set-Micter-leather-craft-tools-kit.webp.webp",12,12,false],"woocommerce_thumbnail":["https:\/\/micterleather.com\/wp-content\/uploads\/2025\/08\/11-set-Micter-leather-craft-tools-kit.webp-300x300.webp",300,300,true],"woocommerce_single":["https:\/\/micterleather.com\/wp-content\/uploads\/2025\/08\/11-set-Micter-leather-craft-tools-kit.webp-600x600.webp",600,600,true],"woocommerce_gallery_thumbnail":["https:\/\/micterleather.com\/wp-content\/uploads\/2025\/08\/11-set-Micter-leather-craft-tools-kit.webp-100x100.webp",100,100,true]},"uagb_author_info":{"display_name":"micter","author_link":"https:\/\/micterleather.com\/fr\/author\/"},"uagb_comment_info":0,"uagb_excerpt":"Package Information Bag Included Components (as shown in image) 1 \u00d7 Wooden Handle Awl, 1 \u00d7 Large Bone Folder (for creasing &amp; smoothing), 1 \u00d7 Small Bone Folder (for detail work), 6 \u00d7 Large Eye Hand Sewing Needles, 1 \u00d7 Needle Storage Tube (with orange cap), 1 \u00d7 Waxed Thread Spool (beige color)","_links":{"self":[{"href":"https:\/\/micterleather.com\/fr\/wp-json\/wp\/v2\/product\/3880","targetHints":{"allow":["GET"]}}],"collection":[{"href":"https:\/\/micterleather.com\/fr\/wp-json\/wp\/v2\/product"}],"about":[{"href":"https:\/\/micterleather.com\/fr\/wp-json\/wp\/v2\/types\/product"}],"wp:featuredmedia":[{"embeddable":true,"href":"https:\/\/micterleather.com\/fr\/wp-json\/wp\/v2\/media\/3853"}],"wp:attachment":[{"href":"https:\/\/micterleather.com\/fr\/wp-json\/wp\/v2\/media?parent=3880"}],"wp:term":[{"taxonomy":"product_brand","embeddable":true,"href":"https:\/\/micterleather.com\/fr\/wp-json\/wp\/v2\/product_brand?post=3880"},{"taxonomy":"product_cat","embeddable":true,"href":"https:\/\/micterleather.com\/fr\/wp-json\/wp\/v2\/product_cat?post=3880"},{"taxonomy":"product_tag","embeddable":true,"href":"https:\/\/micterleather.com\/fr\/wp-json\/wp\/v2\/product_tag?post=3880"}],"curies":[{"name":"wp","href":"https:\/\/api.w.org\/{rel}","templated":true}]}}