{"id":3669,"date":"2025-07-28T08:14:47","date_gmt":"2025-07-28T08:14:47","guid":{"rendered":"https:\/\/micterleather.com\/?post_type=product&#038;p=3669"},"modified":"2025-08-03T08:21:27","modified_gmt":"2025-08-03T08:21:27","slug":"belt-hole-puncher","status":"publish","type":"product","link":"https:\/\/micterleather.com\/fr\/produit\/repair-accessories\/belt-hole-puncher\/","title":{"rendered":"Ponceur d'orifice de ceinture"},"content":{"rendered":"<h4>Description du produit :<\/h4>\n<ul>\n<li class=\"my-0\"><strong>Conception multifonctionnelle :<\/strong>\u00a0Le poin\u00e7on pour ceinture offre six tailles de trous diff\u00e9rentes \u2014 2 mm, 2,5 mm, 3 mm, 3,5 mm, 4 mm et 4,5 mm \u2014 couvrant tous les besoins les plus populaires. Il est parfait pour percer des trous ronds dans le cuir, le plastique, la toile, le tissu, les \u00e9triers et plus encore, ce qui en fait une solution id\u00e9ale pour les projets en cuir.<\/li>\n<li class=\"my-0\"><strong>Haute qualit\u00e9 et s\u00e9curit\u00e9 :<\/strong>\u00a0Fabriqu\u00e9 en acier plaqu\u00e9, ce poin\u00e7on \u00e0 cuir durable offre une duret\u00e9 \u00e9lev\u00e9e et une long\u00e9vit\u00e9 exceptionnelle. La surface m\u00e9tallique est trait\u00e9e avec une lasure en spray pour r\u00e9sister \u00e0 l\u2019oxydation, tandis que le design de pad en laiton \u00e9pais ajoute une couche de s\u00e9curit\u00e9 suppl\u00e9mentaire lors de l\u2019utilisation.<\/li>\n<li class=\"my-0\"><strong>Ergonomique et confortable :<\/strong>\u00a0Con\u00e7u avec un m\u00e9canisme \u00e0 double levier, le poin\u00e7on r\u00e9duit consid\u00e9rablement l\u2019effort de la main pour un travail facile et r\u00e9p\u00e9titif. Des poign\u00e9es rembourr\u00e9es, antid\u00e9rapantes et ergonomiques assurent une prise en main confortable, aidant \u00e0 pr\u00e9venir les douleurs et les ampoules m\u00eame lors d\u2019un usage prolong\u00e9.<\/li>\n<li class=\"my-0\"><strong>Kit complet de rivets :<\/strong>\u00a0Le kit est livr\u00e9 avec 2 mandrines assorties et 240 rivets en trois tailles et quatre couleurs. Les tailles d'\u0153illet comprennent 6x6 mm (15\/64\u2033 \u00d7 15\/64\u2033), 8x8 mm (5\/16\u2033 \u00d7 5\/16\u2033) et 8x12 mm (5\/16\u2033 \u00d7 31\/64\u2033). Id\u00e9al pour ajouter des rivets d\u00e9coratifs et fonctionnels aux chaussures, v\u00eatements, travaux manuels, lacets et plus encore.<\/li>\n<li class=\"my-0\"><strong>Ensemble complet d\u2019outils de per\u00e7age de trous :<\/strong>\u00a0Le colis comprend 1 poin\u00e7on pour ceinture, 3 plaquettes de laiton de rechange, 1 tournevis, 1 barre de carbure de silicium pour aff\u00fbter, 1 r\u00e8gle de mesure et un manuel d\u2019utilisation. La r\u00e8gle permet des mesures pr\u00e9cises, tandis que le tournevis est pratique pour remplacer les plaques et serrer les vis.<\/li>\n<\/ul>","protected":false},"excerpt":{"rendered":"<h4>Informations sur le produit :<\/h4>\n<table class=\"a-normal a-spacing-micro\" role=\"list\">\n<tbody>\n<tr class=\"a-spacing-small po-material\" role=\"listitem\">\n<td class=\"a-span3\" role=\"presentation\"><span class=\"a-size-base a-text-bold\">Mat\u00e9riau<\/span><\/td>\n<td class=\"a-span9\" role=\"presentation\"><span class=\"a-size-base po-break-word\">Acier au carbone<\/span><\/td>\n<\/tr>\n<tr class=\"a-spacing-small po-color\" role=\"listitem\">\n<td class=\"a-span3\" role=\"presentation\"><span class=\"a-size-base a-text-bold\">Couleur<\/span><\/td>\n<td class=\"a-span9\" role=\"presentation\"><span class=\"a-size-base po-break-word\">Perforatrice de trous pour ceinture + clous en cuir<\/span><\/td>\n<\/tr>\n<tr class=\"a-spacing-small po-item_length_width_height\" role=\"listitem\">\n<td class=\"a-span3\" role=\"presentation\"><span class=\"a-size-base a-text-bold\">Dimensions du produit<\/span><\/td>\n<td class=\"a-span9\" role=\"presentation\"><span class=\"a-size-base po-break-word\">2,2\u2033L x 0,8\u2033H<\/span><\/td>\n<\/tr>\n<\/tbody>\n<\/table>","protected":false},"featured_media":3673,"template":"","meta":{"_uag_custom_page_level_css":"","site-sidebar-layout":"default","site-content-layout":"","ast-site-content-layout":"default","site-content-style":"default","site-sidebar-style":"default","ast-global-header-display":"","ast-banner-title-visibility":"","ast-main-header-display":"","ast-hfb-above-header-display":"","ast-hfb-below-header-display":"","ast-hfb-mobile-header-display":"","site-post-title":"","ast-breadcrumbs-content":"","ast-featured-img":"","footer-sml-layout":"","ast-disable-related-posts":"","theme-transparent-header-meta":"default","adv-header-id-meta":"","stick-header-meta":"","header-above-stick-meta":"","header-main-stick-meta":"","header-below-stick-meta":"","astra-migrate-meta-layouts":"set","ast-page-background-enabled":"default","ast-page-background-meta":{"desktop":{"background-color":"","background-image":"","background-repeat":"repeat","background-position":"center center","background-size":"auto","background-attachment":"scroll","background-type":"","background-media":"","overlay-type":"","overlay-color":"","overlay-opacity":"","overlay-gradient":""},"tablet":{"background-color":"","background-image":"","background-repeat":"repeat","background-position":"center center","background-size":"auto","background-attachment":"scroll","background-type":"","background-media":"","overlay-type":"","overlay-color":"","overlay-opacity":"","overlay-gradient":""},"mobile":{"background-color":"","background-image":"","background-repeat":"repeat","background-position":"center center","background-size":"auto","background-attachment":"scroll","background-type":"","background-media":"","overlay-type":"","overlay-color":"","overlay-opacity":"","overlay-gradient":""}},"ast-content-background-meta":{"desktop":{"background-color":"var(--ast-global-color-5)","background-image":"","background-repeat":"repeat","background-position":"center center","background-size":"auto","background-attachment":"scroll","background-type":"","background-media":"","overlay-type":"","overlay-color":"","overlay-opacity":"","overlay-gradient":""},"tablet":{"background-color":"var(--ast-global-color-5)","background-image":"","background-repeat":"repeat","background-position":"center center","background-size":"auto","background-attachment":"scroll","background-type":"","background-media":"","overlay-type":"","overlay-color":"","overlay-opacity":"","overlay-gradient":""},"mobile":{"background-color":"var(--ast-global-color-5)","background-image":"","background-repeat":"repeat","background-position":"center center","background-size":"auto","background-attachment":"scroll","background-type":"","background-media":"","overlay-type":"","overlay-color":"","overlay-opacity":"","overlay-gradient":""}}},"product_brand":[],"product_cat":[256],"product_tag":[],"class_list":{"0":"post-3669","1":"product","2":"type-product","3":"status-publish","4":"has-post-thumbnail","6":"product_cat-repair-accessories","7":"desktop-align-left","8":"tablet-align-left","9":"mobile-align-left","11":"first","12":"instock","13":"sale","14":"shipping-taxable","15":"purchasable","16":"product-type-simple"},"uagb_featured_image_src":{"full":["https:\/\/micterleather.com\/wp-content\/uploads\/2025\/08\/Belt-Hole-Puncher-3.jpg",522,522,false],"thumbnail":["https:\/\/micterleather.com\/wp-content\/uploads\/2025\/08\/Belt-Hole-Puncher-3-150x150.jpg",150,150,true],"medium":["https:\/\/micterleather.com\/wp-content\/uploads\/2025\/08\/Belt-Hole-Puncher-3-300x300.jpg",300,300,true],"medium_large":["https:\/\/micterleather.com\/wp-content\/uploads\/2025\/08\/Belt-Hole-Puncher-3.jpg",522,522,false],"large":["https:\/\/micterleather.com\/wp-content\/uploads\/2025\/08\/Belt-Hole-Puncher-3.jpg",522,522,false],"1536x1536":["https:\/\/micterleather.com\/wp-content\/uploads\/2025\/08\/Belt-Hole-Puncher-3.jpg",522,522,false],"2048x2048":["https:\/\/micterleather.com\/wp-content\/uploads\/2025\/08\/Belt-Hole-Puncher-3.jpg",522,522,false],"trp-custom-language-flag":["https:\/\/micterleather.com\/wp-content\/uploads\/2025\/08\/Belt-Hole-Puncher-3.jpg",12,12,false],"woocommerce_thumbnail":["https:\/\/micterleather.com\/wp-content\/uploads\/2025\/08\/Belt-Hole-Puncher-3-300x300.jpg",300,300,true],"woocommerce_single":["https:\/\/micterleather.com\/wp-content\/uploads\/2025\/08\/Belt-Hole-Puncher-3.jpg",522,522,false],"woocommerce_gallery_thumbnail":["https:\/\/micterleather.com\/wp-content\/uploads\/2025\/08\/Belt-Hole-Puncher-3-100x100.jpg",100,100,true]},"uagb_author_info":{"display_name":"micter","author_link":"https:\/\/micterleather.com\/fr\/author\/"},"uagb_comment_info":0,"uagb_excerpt":"Product Information: Material Carbon Steel Color Belt Hole Puncher + Leather Rivets Product Dimensions 2.2\"W x 0.8\"H","_links":{"self":[{"href":"https:\/\/micterleather.com\/fr\/wp-json\/wp\/v2\/product\/3669","targetHints":{"allow":["GET"]}}],"collection":[{"href":"https:\/\/micterleather.com\/fr\/wp-json\/wp\/v2\/product"}],"about":[{"href":"https:\/\/micterleather.com\/fr\/wp-json\/wp\/v2\/types\/product"}],"wp:featuredmedia":[{"embeddable":true,"href":"https:\/\/micterleather.com\/fr\/wp-json\/wp\/v2\/media\/3673"}],"wp:attachment":[{"href":"https:\/\/micterleather.com\/fr\/wp-json\/wp\/v2\/media?parent=3669"}],"wp:term":[{"taxonomy":"product_brand","embeddable":true,"href":"https:\/\/micterleather.com\/fr\/wp-json\/wp\/v2\/product_brand?post=3669"},{"taxonomy":"product_cat","embeddable":true,"href":"https:\/\/micterleather.com\/fr\/wp-json\/wp\/v2\/product_cat?post=3669"},{"taxonomy":"product_tag","embeddable":true,"href":"https:\/\/micterleather.com\/fr\/wp-json\/wp\/v2\/product_tag?post=3669"}],"curies":[{"name":"wp","href":"https:\/\/api.w.org\/{rel}","templated":true}]}}