{"id":3645,"date":"2025-07-11T10:11:42","date_gmt":"2025-07-11T10:11:42","guid":{"rendered":"https:\/\/micterleather.com\/?post_type=product&#038;p=3645"},"modified":"2025-08-19T12:01:54","modified_gmt":"2025-08-19T12:01:54","slug":"vinyl-and-leather-repair-kit","status":"publish","type":"product","link":"https:\/\/micterleather.com\/fr\/produit\/repair-accessories\/vinyl-and-leather-repair-kit\/","title":{"rendered":"Kit de r\u00e9paration pour vinyle et cuir"},"content":{"rendered":"<h4>Description du produit :<\/h4>\n<ul>\n<li class=\"my-0\"><strong>Kit de r\u00e9paration en cuir pour mobilier :<\/strong>\u00a0Ce kit polyvalent est parfait pour tous vos besoins de r\u00e9paration du cuir et du vinyle. Que ce soit votre canap\u00e9 pr\u00e9f\u00e9r\u00e9, l\u2019int\u00e9rieur de la voiture, une veste ou des chaussures, il \u00e9limine efficacement les rayures, d\u00e9chirures et devices, et restaure vos objets en toute simplicit\u00e9.<\/li>\n<li class=\"my-0\"><strong>Kit de r\u00e9paration rapide du vinyle :<\/strong>\u00a0Aucune chaleur n\u00e9cessaire \u00e0 l\u2019application. Ce remplissage de r\u00e9paration durable r\u00e9siste \u00e0 fading et convient aux surfaces en cuir et vinyle noires, y compris canap\u00e9s, sofas, fauteuils, si\u00e8ges de voiture, sacs, porte-monnaie, chaussures, vestes, ceintures, bagages, bottes, si\u00e8ges de bateau, si\u00e8ges de camping-car, gants, si\u00e8ges de moto, fauteuils inclinables, sacs \u00e0 main, love-seats, si\u00e8ges de camion, ottomans et plus encore.<\/li>\n<li class=\"my-0\"><strong>Facile \u00e0 utiliser :<\/strong>\u00a0Apr\u00e8s avoir nettoy\u00e9 la zone endommag\u00e9e, il vous suffit de choisir le compos\u00e9 de r\u00e9paration qui correspond le mieux \u00e0 la couleur de votre cuir, de l\u2019appliquer uniform\u00e9ment sur la tache endommag\u00e9e, de lissez-le et laissez s\u00e9cher la p\u00e2te de r\u00e9paration pour une finition parfaite.<\/li>\n<li class=\"my-0\"><strong>Kit de r\u00e9paration noir pour vinyle s\u00fbr :<\/strong>\u00a0Dot\u00e9 d'une formule douce pour la peau et non collante, ce produit est sans danger pour tous, y compris les animaux domestiques et les personnes sensibles. Il est con\u00e7u pour r\u00e9parer professionnellement les d\u00e9chirures, fissures, rayures, peeling et dommages li\u00e9s aux animaux sur les surfaces en cuir, offrant une r\u00e9paration durable et homog\u00e8ne.<\/li>\n<\/ul>","protected":false},"excerpt":{"rendered":"<h4>Informations sur le produit :<\/h4>\n<table id=\"productDetails_techSpec_section_1\" class=\"a-keyvalue prodDetTable\">\n<tbody>\n<tr>\n<th class=\"a-color-secondary a-size-base prodDetSectionEntry\">Mod\u00e8le<\/th>\n<td class=\"a-size-base prodDetAttrValue\">\u200eKit de r\u00e9paration pour vinyle noir<\/td>\n<\/tr>\n<tr>\n<th class=\"a-color-secondary a-size-base prodDetSectionEntry\">Poids de l'article<\/th>\n<td class=\"a-size-base prodDetAttrValue\">\u200e1,94 onces<\/td>\n<\/tr>\n<tr>\n<th class=\"a-color-secondary a-size-base prodDetSectionEntry\">Dimensions du produit<\/th>\n<td class=\"a-size-base prodDetAttrValue\">\u200e6,7 x 4,7 x 0,75 pouces<\/td>\n<\/tr>\n<\/tbody>\n<\/table>","protected":false},"featured_media":3648,"template":"","meta":{"_uag_custom_page_level_css":"","site-sidebar-layout":"default","site-content-layout":"","ast-site-content-layout":"default","site-content-style":"default","site-sidebar-style":"default","ast-global-header-display":"","ast-banner-title-visibility":"","ast-main-header-display":"","ast-hfb-above-header-display":"","ast-hfb-below-header-display":"","ast-hfb-mobile-header-display":"","site-post-title":"","ast-breadcrumbs-content":"","ast-featured-img":"","footer-sml-layout":"","ast-disable-related-posts":"","theme-transparent-header-meta":"default","adv-header-id-meta":"","stick-header-meta":"","header-above-stick-meta":"","header-main-stick-meta":"","header-below-stick-meta":"","astra-migrate-meta-layouts":"set","ast-page-background-enabled":"default","ast-page-background-meta":{"desktop":{"background-color":"","background-image":"","background-repeat":"repeat","background-position":"center center","background-size":"auto","background-attachment":"scroll","background-type":"","background-media":"","overlay-type":"","overlay-color":"","overlay-opacity":"","overlay-gradient":""},"tablet":{"background-color":"","background-image":"","background-repeat":"repeat","background-position":"center center","background-size":"auto","background-attachment":"scroll","background-type":"","background-media":"","overlay-type":"","overlay-color":"","overlay-opacity":"","overlay-gradient":""},"mobile":{"background-color":"","background-image":"","background-repeat":"repeat","background-position":"center center","background-size":"auto","background-attachment":"scroll","background-type":"","background-media":"","overlay-type":"","overlay-color":"","overlay-opacity":"","overlay-gradient":""}},"ast-content-background-meta":{"desktop":{"background-color":"var(--ast-global-color-5)","background-image":"","background-repeat":"repeat","background-position":"center center","background-size":"auto","background-attachment":"scroll","background-type":"","background-media":"","overlay-type":"","overlay-color":"","overlay-opacity":"","overlay-gradient":""},"tablet":{"background-color":"var(--ast-global-color-5)","background-image":"","background-repeat":"repeat","background-position":"center center","background-size":"auto","background-attachment":"scroll","background-type":"","background-media":"","overlay-type":"","overlay-color":"","overlay-opacity":"","overlay-gradient":""},"mobile":{"background-color":"var(--ast-global-color-5)","background-image":"","background-repeat":"repeat","background-position":"center center","background-size":"auto","background-attachment":"scroll","background-type":"","background-media":"","overlay-type":"","overlay-color":"","overlay-opacity":"","overlay-gradient":""}}},"product_brand":[],"product_cat":[256],"product_tag":[],"class_list":{"0":"post-3645","1":"product","2":"type-product","3":"status-publish","4":"has-post-thumbnail","6":"product_cat-repair-accessories","7":"desktop-align-left","8":"tablet-align-left","9":"mobile-align-left","11":"first","12":"instock","13":"sale","14":"shipping-taxable","15":"purchasable","16":"product-type-simple"},"uagb_featured_image_src":{"full":["https:\/\/micterleather.com\/wp-content\/uploads\/2025\/08\/Vinyl-and-Leather-Repair-Kit-3.jpg",679,666,false],"thumbnail":["https:\/\/micterleather.com\/wp-content\/uploads\/2025\/08\/Vinyl-and-Leather-Repair-Kit-3-150x150.jpg",150,150,true],"medium":["https:\/\/micterleather.com\/wp-content\/uploads\/2025\/08\/Vinyl-and-Leather-Repair-Kit-3-300x294.jpg",300,294,true],"medium_large":["https:\/\/micterleather.com\/wp-content\/uploads\/2025\/08\/Vinyl-and-Leather-Repair-Kit-3.jpg",679,666,false],"large":["https:\/\/micterleather.com\/wp-content\/uploads\/2025\/08\/Vinyl-and-Leather-Repair-Kit-3.jpg",679,666,false],"1536x1536":["https:\/\/micterleather.com\/wp-content\/uploads\/2025\/08\/Vinyl-and-Leather-Repair-Kit-3.jpg",679,666,false],"2048x2048":["https:\/\/micterleather.com\/wp-content\/uploads\/2025\/08\/Vinyl-and-Leather-Repair-Kit-3.jpg",679,666,false],"trp-custom-language-flag":["https:\/\/micterleather.com\/wp-content\/uploads\/2025\/08\/Vinyl-and-Leather-Repair-Kit-3.jpg",12,12,false],"woocommerce_thumbnail":["https:\/\/micterleather.com\/wp-content\/uploads\/2025\/08\/Vinyl-and-Leather-Repair-Kit-3-300x300.jpg",300,300,true],"woocommerce_single":["https:\/\/micterleather.com\/wp-content\/uploads\/2025\/08\/Vinyl-and-Leather-Repair-Kit-3-600x589.jpg",600,589,true],"woocommerce_gallery_thumbnail":["https:\/\/micterleather.com\/wp-content\/uploads\/2025\/08\/Vinyl-and-Leather-Repair-Kit-3-100x100.jpg",100,100,true]},"uagb_author_info":{"display_name":"micter","author_link":"https:\/\/micterleather.com\/fr\/author\/"},"uagb_comment_info":0,"uagb_excerpt":"Product Information: Model \u200eBlack Vinyl Repair kit Item Weight \u200e1.94 ounces Product Dimensions \u200e6.7 x 4.7 x 0.75 inches","_links":{"self":[{"href":"https:\/\/micterleather.com\/fr\/wp-json\/wp\/v2\/product\/3645","targetHints":{"allow":["GET"]}}],"collection":[{"href":"https:\/\/micterleather.com\/fr\/wp-json\/wp\/v2\/product"}],"about":[{"href":"https:\/\/micterleather.com\/fr\/wp-json\/wp\/v2\/types\/product"}],"wp:featuredmedia":[{"embeddable":true,"href":"https:\/\/micterleather.com\/fr\/wp-json\/wp\/v2\/media\/3648"}],"wp:attachment":[{"href":"https:\/\/micterleather.com\/fr\/wp-json\/wp\/v2\/media?parent=3645"}],"wp:term":[{"taxonomy":"product_brand","embeddable":true,"href":"https:\/\/micterleather.com\/fr\/wp-json\/wp\/v2\/product_brand?post=3645"},{"taxonomy":"product_cat","embeddable":true,"href":"https:\/\/micterleather.com\/fr\/wp-json\/wp\/v2\/product_cat?post=3645"},{"taxonomy":"product_tag","embeddable":true,"href":"https:\/\/micterleather.com\/fr\/wp-json\/wp\/v2\/product_tag?post=3645"}],"curies":[{"name":"wp","href":"https:\/\/api.w.org\/{rel}","templated":true}]}}