{"id":3638,"date":"2025-07-27T09:55:28","date_gmt":"2025-07-27T09:55:28","guid":{"rendered":"https:\/\/micterleather.com\/?post_type=product&#038;p=3638"},"modified":"2026-01-05T08:56:25","modified_gmt":"2026-01-05T08:56:25","slug":"leather-repair-gel","status":"publish","type":"product","link":"https:\/\/micterleather.com\/fr\/produit\/repair-accessories\/leather-repair-gel\/","title":{"rendered":"Gel de r\u00e9paration pour cuir"},"content":{"rendered":"<h2>Pourquoi choisir le kit de r\u00e9paration du cuir Micter<\/h2>\n<p>J'ai con\u00e7u le Micter\u00a0<strong>kit de r\u00e9paration cuir<\/strong>\u00a0pour offrir une solution de niveau professionnel\u00a0<strong>R\u00e9paration de cuir DIY<\/strong>\u00a0qui \u00e9limine le besoin de services de sellerie co\u00fbteux. Ma formule traite les rayures, les d\u00e9chirures et la d\u00e9coloration avec une finition qui reste flexible et durable pendant des ann\u00e9es.<\/p>\n<h3>Avantages cl\u00e9s de mon syst\u00e8me de restauration<\/h3>\n<table>\n<thead>\n<tr>\n<th>Fonction<\/th>\n<th>Avantage pour vous<\/th>\n<\/tr>\n<\/thead>\n<tbody>\n<tr>\n<td><strong>R\u00e9sistance industrielle<\/strong><\/td>\n<td>Liaison durable qui r\u00e9siste au pelage ou \u00e0 la fissuration.<\/td>\n<\/tr>\n<tr>\n<td><strong>Utilisation multi-supports<\/strong><\/td>\n<td>Parfait\u00a0<strong>kit de r\u00e9paration de cuir<\/strong>\u00a0pour canap\u00e9s et si\u00e8ges de voiture.<\/td>\n<\/tr>\n<tr>\n<td><strong>R\u00e9sistance aux UV<\/strong><\/td>\n<td>Prot\u00e8ge contre une future d\u00e9coloration due \u00e0 l'exposition au soleil.<\/td>\n<\/tr>\n<\/tbody>\n<\/table>\n<ul>\n<li><strong>R\u00e9sultats professionnels<\/strong>: Je fournis les compos\u00e9s de haute qualit\u00e9 habituellement r\u00e9serv\u00e9s aux experts en r\u00e9paration.<\/li>\n<li><strong>Rentable<\/strong>: En utilisant ce\u00a0<strong>meilleur kit de r\u00e9paration du cuir<\/strong>\u00a0vous \u00e9conomise des centaines d'euros sur la main-d'\u0153uvre professionnelle ou le remplacement de mobilier.<\/li>\n<li><strong>Finition sans couture<\/strong>: Mon\u00a0<strong>kit de restauration du cuir<\/strong>\u00a0se fond dans la texture d\u2019origine pour une r\u00e9paration invisible et haut de gamme.<\/li>\n<\/ul>\n<p>Je me concentre sur une solution fiable et permanente pour vos articles en cuir, en veillant \u00e0 ce que votre investissement retrouve son aspect neuf sans le prix professionnel.<\/p>\n<h2>Ce qui est inclus dans mon kit tout-en-un de r\u00e9paration du cuir<\/h2>\n<p>J\u2019ai con\u00e7u ceci\u00a0<strong>kit de r\u00e9paration de cuir<\/strong>\u00a0pour \u00eatre une solution compl\u00e8te, fournissant tout ce dont vous avez besoin pour obtenir une restauration \u00e0 l\u2019aspect usine chez vous. Il ne s\u2019agit pas d\u2019une simple r\u00e9paration rapide ; c\u2019est un\u00a0<strong>kit professionnel de r\u00e9paration du cuir<\/strong>\u00a0rempli de composants de haute qualit\u00e9 pour prendre en charge tout, des \u00e9raflures mineures aux dommages structurels importants.<\/p>\n<p>Le kit comprend :<\/p>\n<ul>\n<li><strong>R\u00e9sine de remplissage lourde pour cuir :<\/strong>\u00a0Un compos\u00e9 durable utilis\u00e9 pour aplanir des gouges profondes, des fissures et des trous.<\/li>\n<li><strong>Teintes de couleur intercalaire :<\/strong>\u00a0Un ensemble polyvalent de pigments qui vous permet d\u2019obtenir une correspondance parfaite avec n\u2019importe quel cuir ou\u00a0<strong>kit de r\u00e9paration de vinyle<\/strong>\u00a0couleur.<\/li>\n<li><strong>Tissu de sous-rembourrage :<\/strong>\u00a0Support de base solide qui fournit un soutien essentiel pour les d\u00e9chirures importantes.<\/li>\n<li><strong>Outils d\u2019application :<\/strong>\u00a0Spatules et pinceaux de pr\u00e9cision pour assurer une finition lisse et homog\u00e8ne.<\/li>\n<li><strong>Papiers de texture grain:<\/strong>\u00a0Utilis\u00e9 pour reproduire l\u2019apparence naturelle de votre surface en cuir.<\/li>\n<\/ul>\n<p>Ceci\u00a0<strong>kit de restauration du cuir<\/strong>\u00a0vous assure d\u2019avoir les bons mat\u00e9riaux pour r\u00e9parer vos articles correctement d\u00e8s la premi\u00e8re fois. Pour vous aider \u00e0 g\u00e9rer des t\u00e2ches de capitonnage plus complexes, je propose \u00e9galement des\u00a0<a href=\"https:\/\/micterleather.com\/fr\/produit\/sew-repair-kit\/micter-leather-making-tools\/\">outils sp\u00e9cialis\u00e9s pour la fabrication du cuir micter<\/a>\u00a0qui compl\u00e8tent parfaitement votre processus de r\u00e9paration. Avoir un ensemble complet\u00a0<strong>kit de r\u00e9paration cuir<\/strong>\u00a0\u00e0 port\u00e9e de main vous permet d\u2019arr\u00eater les d\u00e9collements et les fissures avant que cela ne s\u2019\u00e9tende, prot\u00e9geant vos meubles et vos si\u00e8ges de voiture des remplacements co\u00fbteux.<\/p>\n<h2>Types de dommages courants que mon kit de r\u00e9paration du cuir corrige<\/h2>\n<p>J\u2019ai con\u00e7u ceci\u00a0<strong>kit de r\u00e9paration de cuir<\/strong>\u00a0pour g\u00e9rer les accidents du quotidien qui ruinent votre investissement. Mon\u00a0<strong>kit de restauration du cuir<\/strong>\u00a0offre une r\u00e9paration de niveau professionnel pour ces probl\u00e8mes courants :<\/p>\n<ul>\n<li><strong>Dommages caus\u00e9s par les animaux :<\/strong>\u00a0Rapidement\u00a0<strong><a href=\"https:\/\/micterleather.com\/fr\/repair-cat-scratch-on-leather\/\">r\u00e9parer une griffure de chat sur du cuir<\/a><\/strong>\u00a0et des griffures profondes qui accrochent vos v\u00eatements.<\/li>\n<li><strong>Cicatrices de br\u00fblures :<\/strong>\u00a0Mon remplissage sp\u00e9cialis\u00e9 est parfait pour\u00a0<strong>la r\u00e9paration des br\u00fblures sur cuir<\/strong>, masquant les br\u00fblures de cigarettes et les dommages caus\u00e9s par la chaleur.<\/li>\n<li><strong>Fissures et pelage :<\/strong>\u00a0Arr\u00eatez la propagation des dommages en\u00a0<strong><a href=\"https:\/\/micterleather.com\/fr\/repair-peeling-leather-couch\/\">r\u00e9parant le canap\u00e9 en cuir qui s\u2019\u00e9caille<\/a><\/strong>\u00a0et les coussins vieillissants et fissur\u00e9s.<\/li>\n<li><strong>Usure et rayures :<\/strong>\u00a0R\u00e9alisez une invisibilit\u00e9\u00a0<strong>r\u00e9paration de rayures sur le cuir<\/strong>\u00a0sur les zones tr\u00e8s utilis\u00e9es comme les accoudoirs et les renforts de si\u00e8ge automobile.<\/li>\n<\/ul>\n<p>Que vous ayez besoin d'un\u00a0<strong>kit de r\u00e9paration cuir<\/strong>\u00a0pour un petit trou ou une grande d\u00e9chirure, je fournis les composants exacts n\u00e9cessaires pour restaurer l'apparence et la sensation d'origine de vos articles en cuir.<\/p>\n<h2>Guide \u00e9tape par \u00e9tape de r\u00e9paration de cuir DIY<\/h2>\n<p>Obtenir une finition de niveau professionnel avec mon\u00a0<strong>kit de r\u00e9paration cuir<\/strong>\u00a0est simple, m\u00eame si vous n'avez jamais r\u00e9par\u00e9 de mobilier auparavant. J'ai con\u00e7u ce processus en 6 \u00e9tapes\u00a0<strong>R\u00e9paration de cuir DIY<\/strong>\u00a0pour garantir que vos r\u00e9sultats soient durables et pratiquement invisibles.<\/p>\n<h3>6 \u00e9tapes pour une finition impeccable<\/h3>\n<ul>\n<li><strong>Nettoyer la surface :<\/strong>\u00a0Utilisez un nettoyant doux pour enlever les huiles et la salet\u00e9. Cela garantit que le\u00a0<strong>remplisseur de trou en cuir<\/strong>\u00a0adh\u00e8re correctement \u00e0 la zone endommag\u00e9e.<\/li>\n<li><strong>Pr\u00e9parer les bords :<\/strong>\u00a0Coupez les fils effiloch\u00e9s ou les morceaux qui se d\u00e9collent autour du griffure ou du trou.<\/li>\n<li><strong>Ins\u00e9rer le sous-rembourrage :<\/strong>\u00a0Pour les d\u00e9chirures profondes ou les trous, glissez le support en tissu inclus derri\u00e8re le cuir pour un soutien structurel. Vous pouvez suivre mes conseils pr\u00e9cis sur\u00a0<a href=\"https:\/\/micterleather.com\/fr\/how-to-repair-leather-couch-2\/\">comment r\u00e9parer un canap\u00e9 en cuir<\/a>\u00a0pour des conseils de placement plus d\u00e9taill\u00e9s.<\/li>\n<li><strong>Appliquer le Remplissage :<\/strong>\u00a0Utilisez l'outil applicateur pour remplir l'\u00e9cart avec le compos\u00e9 de remplissage lourd. Niveau le tout pour qu'il soit affleuri \u00e0 la surface.<\/li>\n<li><strong>Mix and Match Color :<\/strong>\u00a0Utilisez les teintes m\u00e9langeables pour cr\u00e9er une couleur personnalis\u00e9e\u00a0<strong>r\u00e9novateur de cuir<\/strong>. Testez la teinte sur une zone cach\u00e9e d'abord pour assurer une correspondance parfaite pour votre\u00a0<strong>kit de r\u00e9paration de cuir noir<\/strong>\u00a0ou surface color\u00e9e.<\/li>\n<li><strong>Sceller et s\u00e9cher :<\/strong>\u00a0Appliquez la couleur sur la r\u00e9paration en fines couches. Pour un r\u00e9sultat plus rapide, vous pouvez utiliser un s\u00e8che-cheveux r\u00e9gl\u00e9 sur faible intensit\u00e9 pour fixer le compos\u00e9.<\/li>\n<\/ul>\n<p>En suivant ces \u00e9tapes, vous pouvez r\u00e9ussir \u00e0\u00a0<a href=\"https:\/\/micterleather.com\/fr\/how-to-repair-leather-furniture-micter\/\">\u00e0 r\u00e9parer les meubles en cuir<\/a>\u00a0sans le co\u00fbt \u00e9lev\u00e9 des services d\u2019ameublement professionnels. Ce proc\u00e9d\u00e9 fonctionne efficacement sur tout, des fissures de canap\u00e9 aux d\u00e9chirures des si\u00e8ges de voiture, restaurant l\u2019aspect d\u2019origine de vos articles en cuir.<\/p>\n<h2>Limites de taille de r\u00e9paration pour votre kit de r\u00e9paration de cuir<\/h2>\n<p>Je veux que vous obteniez une finition parfaite, il est donc important de comprendre les capacit\u00e9s de mon\u00a0<strong>kit de r\u00e9paration de cuir<\/strong>. Bien que cette solution soit extr\u00eamement durable, elle est sp\u00e9cifiquement con\u00e7ue pour les dommages de surface et de taille moyenne afin de garantir l\u2019int\u00e9grit\u00e9 structurelle de la r\u00e9paration au fil du temps.<\/p>\n<p>Pour obtenir les meilleurs r\u00e9sultats, je recommande de respecter ces directives de taille :<\/p>\n<ul>\n<li><strong>R\u00e9paration des d\u00e9chirures et des d\u00e9chirures li\u00e9es :<\/strong>\u00a0Id\u00e9al pour les dommages jusqu\u2019\u00e0\u00a0<strong>4 pouces<\/strong>\u00a0de longueur.<\/li>\n<li><strong>R\u00e9paration des trous et des br\u00fblures :<\/strong>\u00a0Id\u00e9al pour les dommages circulaires ou perforations jusqu\u2019\u00e0\u00a0<strong>2 pouces<\/strong>\u00a0en diam\u00e8tre.<\/li>\n<\/ul>\n<p>Si vous travaillez sur un projet qui implique une couture structurelle ou des renforcements plus importants avant d\u2019appliquer le\u00a0<strong>remplisseur de trou en cuir<\/strong>, en utilisant une\u00a0<a href=\"https:\/\/micterleather.com\/fr\/produit\/sew-repair-kit\/16-set-professional-leather-craft-tools\/\">ensemble d'outils professionnels de maroquinerie<\/a>\u00a0peut vous aider \u00e0 pr\u00e9parer la surface du cuir pour une liaison plus s\u00fbre. Rester dans ces dimensions recommand\u00e9es garantit que votre\u00a0<strong>r\u00e9paration de cuir de canap\u00e9<\/strong>\u00a0reste souple et ne peluche pas ou ne se fissure pas sous le poids de l\u2019utilisation quotidienne. Pour tout ce qui est plus grand, la r\u00e9paration peut manquer du soutien interne n\u00e9cessaire pour une solution vraiment invisible et durable.<\/p>\n<h2>Types de cuir compatibles et articles m\u00e9nagers<\/h2>\n<p>J\u2019ai con\u00e7u ceci\u00a0<strong>kit de r\u00e9paration cuir<\/strong>\u00a0pour \u00eatre assez polyvalent pour almost any surface dans votre maison ou v\u00e9hicule. Que vous travailliez avec un canap\u00e9 haut de gamme ou un int\u00e9rieur de voiture us\u00e9, ma formule adh\u00e8re sans effort \u00e0 diverses mat\u00e9riaux pour fournir une r\u00e9paration durable.<\/p>\n<h3>O\u00f9 utiliser mon kit de r\u00e9paration de meubles en cuir<\/h3>\n<p>Vous pouvez appliquer cette solution de calibre professionnel \u00e0 une large gamme d\u2019articles quotidiens :<\/p>\n<ul>\n<li><strong>Mobilier :<\/strong>\u00a0G\u00e9rer facilement\u00a0<strong>r\u00e9paration de cuir de canap\u00e9<\/strong>\u00a0des travaux sur canap\u00e9s, ottomans et fauteuils inclinables.<\/li>\n<li><strong>Automobile :<\/strong>\u00a0Utilisez-le comme un\u00a0<strong>kit de r\u00e9paration de cuir de si\u00e8ge automobile<\/strong>\u00a0pour r\u00e9parer les renforts fissur\u00e9s, les accoudoirs et les appuie-t\u00eates.<\/li>\n<li><strong>V\u00eatements et accessoires:<\/strong>\u00a0Restaurez rapidement les vestes en cuir, les bottes, les sacs et les ceintures.<\/li>\n<\/ul>\n<h3>Mat\u00e9riaux pris en charge<\/h3>\n<p>Mon polyvalent\u00a0<a href=\"https:\/\/micterleather.com\/fr\/produit\/repair-accessories\/vinyl-and-leather-repair-kit\/\">pour vinyle et cuir<\/a>\u00a0est con\u00e7u pour \u00eatre efficace sur :<\/p>\n<ul>\n<li><strong>Cuir v\u00e9ritable :<\/strong>\u00a0Comprend le cuir pleine fleur, le cuir grain\u00e9 et le cuir reconstitu\u00e9.<\/li>\n<li><strong>Alternatives synth\u00e9tiques :<\/strong>\u00a0Fait des merveilles sur le cuir faux, PU et cuir v\u00e9g\u00e9tal.<\/li>\n<li><strong>Surfaces vinyle :<\/strong>\u00a0Parfait pour les si\u00e8ges de bateau, les tableaux de bord et les si\u00e8ges commerciaux.<\/li>\n<\/ul>\n<p>Ceci\u00a0<strong>kit de restauration du cuir<\/strong>\u00a0assure que vos r\u00e9parations restent flexibles une fois s\u00e8ches. Il est con\u00e7u pour bouger avec le mat\u00e9riau, emp\u00eachant la zone \u201c r\u00e9par\u00e9e \u201d de se fissurer ou de s\u2019\u00e9cailler m\u00eame avec une utilisation quotidienne intensive.<\/p>\n<h2>Questions fr\u00e9quemment pos\u00e9es sur le kit de r\u00e9paration cuir Micter<\/h2>\n<p>Je sais que entreprendre un projet de restauration DIY peut sembler technique, alors j\u2019ai r\u00e9pondu aux questions les plus fr\u00e9quentes que je re\u00e7ois des clients utilisant mon\u00a0<strong>kit de r\u00e9paration cuir<\/strong>\u00a0afin de vous assurer d\u2019obtenir des r\u00e9sultats professionnels.<\/p>\n<h3>Comment obtenir une correspondance parfaite de la couleur ?<\/h3>\n<p>Je fournis un guide complet de m\u00e9lange des couleurs avec chaque\u00a0<strong>kit de restauration du cuir<\/strong>. En commen\u00e7ant par la couleur de base qui correspond le mieux \u00e0 votre article et en ajoutant de petites quantit\u00e9s des teintes inter-mixables, vous pouvez recr\u00e9er n\u2019importe quelle teinte. Je recommande toujours de tester votre m\u00e9lange personnalis\u00e9 sur une zone cach\u00e9e ou sur le d\u00e9chet d\u2019entra\u00eenement fourni avant de l\u2019appliquer sur la surface principale.<\/p>\n<h3>Ce kit n\u00e9cessite-t-il des compos\u00e9s activ\u00e9s par la chaleur ?<\/h3>\n<p>Non. Je l\u2019ai formul\u00e9 sp\u00e9cialement comme une\u00a0<strong>kit de r\u00e9paration de cuir<\/strong>\u00a0pour \u00eatre une solution qui s\u00e8che \u00e0 l\u2019air. Contrairement aux m\u00e9thodes plus anciennes qui n\u00e9cessitent un outil de chauffage dangereux ou un fer \u00e0 repasser, mon\u00a0<strong>remplisseur de trou en cuir<\/strong>\u00a0et les colorants durcissent naturellement \u00e0 temp\u00e9rature ambiante. Cela rend le processus plus s\u00fbr pour vos meubles et beaucoup plus facile \u00e0 ma\u00eetriser pour les d\u00e9butants.<\/p>\n<h3>Combien de temps la r\u00e9paration va-t-elle durer r\u00e9ellement ?<\/h3>\n<p>J\u2019ai con\u00e7u ces mat\u00e9riaux pour le long terme\u00a0<strong>durabilit\u00e9 de r\u00e9paration<\/strong>. Une fois le compos\u00e9 compl\u00e8tement durci, il demeure flexible et se d\u00e9place avec le cuir. Il ne se fissurera pas ou ne s\u2019\u00e9caillera pas sous une utilisation normale. Pour ceux qui font face \u00e0 des dommages structurels massifs n\u00e9cessitant plus qu\u2019une simple r\u00e9paration liquide, vous pourriez envisager d\u2019utiliser un\u00a0<a href=\"https:\/\/micterleather.com\/fr\/produit\/leather-repair-patch\/self-adhesive-faux-leather\/\">pansement en cuir faux autocollant<\/a>\u00a0pour un renforcement rapide et haute r\u00e9sistance.<\/p>\n<h3>Pr\u00e9occupations courantes et conseils rapides<\/h3>\n<ul>\n<li><strong>Temps de s\u00e9chage :<\/strong>\u00a0Bien qu\u2019il soit sec au toucher en environ 30 minutes, je sugg\u00e8re de laisser les\u00a0<strong>kit de r\u00e9paration cuir<\/strong>\u00a0composants durcir pendant 24 heures avant une utilisation intensive.<\/li>\n<li><strong>Type de finition :<\/strong>\u00a0Mes teintes s\u00e8chent avec une finition satin\u00e9e standard. Si votre cuir est exceptionnellement mat ou brillant, vous pouvez ajuster la brillance en appliquant un vernis pour cuir apr\u00e8s que la couleur ait s\u00e9ch\u00e9.<\/li>\n<li><strong>Grands trous :<\/strong>\u00a0Si vous avez un trou plus grand que 2 pouces, utilisez toujours le tissu sub-patch inclus. Il offre le \u201c fond \u201d pour le remplisseur afin que la r\u00e9paration ne s\u2019enfonce pas avec le temps.<\/li>\n<li><strong>Surfaces propres :<\/strong>\u00a0Le secret d\u2019une liaison permanente est une surface propre. Utilisez toujours un nettoyant sans huile pour \u00e9liminer les salet\u00e9s et les huiles corporelles avant de commencer le processus.<\/li>\n<\/ul>","protected":false},"excerpt":{"rendered":"<h4>Description du produit :<\/h4>\n<p class=\"description\"><span class=\"a-text-italic\">Comment l'utiliser :<\/span><\/p>\n<p class=\"description\">1. Nettoyez et d\u00e9graissez la zone cibl\u00e9e<\/p>\n<p class=\"description\">2. Appliquez le gel cuir avec un crayon, une \u00e9ponge ou une serviette et \u00e9talez-le uniform\u00e9ment<\/p>\n<p class=\"description\">3. Laissez s\u00e9cher naturellement ou utilisez un s\u00e8che-cheveux<\/p>\n<p class=\"description\">4. Normalement Vous avez besoin de 5 pour satisfaire vos besoins familiaux<\/p>\n<p class=\"description\"><span class=\"a-text-italic\">Sp\u00e9cification :<\/span><\/p>\n<p class=\"description\">Poids : 20 g<\/p>","protected":false},"featured_media":3640,"template":"","meta":{"_uag_custom_page_level_css":"","site-sidebar-layout":"default","site-content-layout":"","ast-site-content-layout":"default","site-content-style":"default","site-sidebar-style":"default","ast-global-header-display":"","ast-banner-title-visibility":"","ast-main-header-display":"","ast-hfb-above-header-display":"","ast-hfb-below-header-display":"","ast-hfb-mobile-header-display":"","site-post-title":"","ast-breadcrumbs-content":"","ast-featured-img":"","footer-sml-layout":"","ast-disable-related-posts":"","theme-transparent-header-meta":"default","adv-header-id-meta":"","stick-header-meta":"","header-above-stick-meta":"","header-main-stick-meta":"","header-below-stick-meta":"","astra-migrate-meta-layouts":"set","ast-page-background-enabled":"default","ast-page-background-meta":{"desktop":{"background-color":"","background-image":"","background-repeat":"repeat","background-position":"center center","background-size":"auto","background-attachment":"scroll","background-type":"","background-media":"","overlay-type":"","overlay-color":"","overlay-opacity":"","overlay-gradient":""},"tablet":{"background-color":"","background-image":"","background-repeat":"repeat","background-position":"center center","background-size":"auto","background-attachment":"scroll","background-type":"","background-media":"","overlay-type":"","overlay-color":"","overlay-opacity":"","overlay-gradient":""},"mobile":{"background-color":"","background-image":"","background-repeat":"repeat","background-position":"center center","background-size":"auto","background-attachment":"scroll","background-type":"","background-media":"","overlay-type":"","overlay-color":"","overlay-opacity":"","overlay-gradient":""}},"ast-content-background-meta":{"desktop":{"background-color":"var(--ast-global-color-5)","background-image":"","background-repeat":"repeat","background-position":"center center","background-size":"auto","background-attachment":"scroll","background-type":"","background-media":"","overlay-type":"","overlay-color":"","overlay-opacity":"","overlay-gradient":""},"tablet":{"background-color":"var(--ast-global-color-5)","background-image":"","background-repeat":"repeat","background-position":"center center","background-size":"auto","background-attachment":"scroll","background-type":"","background-media":"","overlay-type":"","overlay-color":"","overlay-opacity":"","overlay-gradient":""},"mobile":{"background-color":"var(--ast-global-color-5)","background-image":"","background-repeat":"repeat","background-position":"center center","background-size":"auto","background-attachment":"scroll","background-type":"","background-media":"","overlay-type":"","overlay-color":"","overlay-opacity":"","overlay-gradient":""}}},"product_brand":[],"product_cat":[256],"product_tag":[],"class_list":{"0":"post-3638","1":"product","2":"type-product","3":"status-publish","4":"has-post-thumbnail","6":"product_cat-repair-accessories","7":"desktop-align-left","8":"tablet-align-left","9":"mobile-align-left","11":"first","12":"instock","13":"sale","14":"shipping-taxable","15":"purchasable","16":"product-type-simple"},"uagb_featured_image_src":{"full":["https:\/\/micterleather.com\/wp-content\/uploads\/2025\/08\/Leather-Repair-Gel-1.webp",900,900,false],"thumbnail":["https:\/\/micterleather.com\/wp-content\/uploads\/2025\/08\/Leather-Repair-Gel-1-150x150.webp",150,150,true],"medium":["https:\/\/micterleather.com\/wp-content\/uploads\/2025\/08\/Leather-Repair-Gel-1-300x300.webp",300,300,true],"medium_large":["https:\/\/micterleather.com\/wp-content\/uploads\/2025\/08\/Leather-Repair-Gel-1-768x768.webp",768,768,true],"large":["https:\/\/micterleather.com\/wp-content\/uploads\/2025\/08\/Leather-Repair-Gel-1.webp",900,900,false],"1536x1536":["https:\/\/micterleather.com\/wp-content\/uploads\/2025\/08\/Leather-Repair-Gel-1.webp",900,900,false],"2048x2048":["https:\/\/micterleather.com\/wp-content\/uploads\/2025\/08\/Leather-Repair-Gel-1.webp",900,900,false],"trp-custom-language-flag":["https:\/\/micterleather.com\/wp-content\/uploads\/2025\/08\/Leather-Repair-Gel-1.webp",12,12,false],"woocommerce_thumbnail":["https:\/\/micterleather.com\/wp-content\/uploads\/2025\/08\/Leather-Repair-Gel-1-300x300.webp",300,300,true],"woocommerce_single":["https:\/\/micterleather.com\/wp-content\/uploads\/2025\/08\/Leather-Repair-Gel-1-600x600.webp",600,600,true],"woocommerce_gallery_thumbnail":["https:\/\/micterleather.com\/wp-content\/uploads\/2025\/08\/Leather-Repair-Gel-1-100x100.webp",100,100,true]},"uagb_author_info":{"display_name":"micter","author_link":"https:\/\/micterleather.com\/fr\/author\/"},"uagb_comment_info":0,"uagb_excerpt":"Product Description: How To Use: 1. Clean and degrease the target area 2. Apply the leather gel with a pencil, sponge or towel and spread it evenly 3. Let it dry naturally or use a hair dryer 4. Normally You Need 5 To Meet Your Family Needs Specification: Weight: 20g","_links":{"self":[{"href":"https:\/\/micterleather.com\/fr\/wp-json\/wp\/v2\/product\/3638","targetHints":{"allow":["GET"]}}],"collection":[{"href":"https:\/\/micterleather.com\/fr\/wp-json\/wp\/v2\/product"}],"about":[{"href":"https:\/\/micterleather.com\/fr\/wp-json\/wp\/v2\/types\/product"}],"wp:featuredmedia":[{"embeddable":true,"href":"https:\/\/micterleather.com\/fr\/wp-json\/wp\/v2\/media\/3640"}],"wp:attachment":[{"href":"https:\/\/micterleather.com\/fr\/wp-json\/wp\/v2\/media?parent=3638"}],"wp:term":[{"taxonomy":"product_brand","embeddable":true,"href":"https:\/\/micterleather.com\/fr\/wp-json\/wp\/v2\/product_brand?post=3638"},{"taxonomy":"product_cat","embeddable":true,"href":"https:\/\/micterleather.com\/fr\/wp-json\/wp\/v2\/product_cat?post=3638"},{"taxonomy":"product_tag","embeddable":true,"href":"https:\/\/micterleather.com\/fr\/wp-json\/wp\/v2\/product_tag?post=3638"}],"curies":[{"name":"wp","href":"https:\/\/api.w.org\/{rel}","templated":true}]}}