{"id":3525,"date":"2025-07-28T07:07:12","date_gmt":"2025-07-28T07:07:12","guid":{"rendered":"https:\/\/micterleather.com\/?post_type=product&#038;p=3525"},"modified":"2025-08-01T08:32:18","modified_gmt":"2025-08-01T08:32:18","slug":"leather-dye-marker-pens","status":"publish","type":"product","link":"https:\/\/micterleather.com\/fr\/produit\/repair-accessories\/leather-dye-marker-pens\/","title":{"rendered":"Marqueurs \u00e0 colorier pour cuir"},"content":{"rendered":"<h3>Description du produit :<\/h3>\n<ul class=\"a-unordered-list a-vertical a-spacing-mini\">\n<li class=\"a-spacing-mini\"><span class=\"a-list-item\">Suffisant pour r\u00e9pondre \u00e0 des besoins vari\u00e9s : il y a 6 pi\u00e8ces de marqueurs pour cuir pour rayures en 6 couleurs diff\u00e9rentes dans l'emballage; la quantit\u00e9 abondante et les couleurs vari\u00e9es peuvent r\u00e9pondre \u00e0 vos divers besoins au quotidien<\/span><\/li>\n<li class=\"a-spacing-mini\"><span class=\"a-list-item\">Teindre les cuirs : ces feutres de teinture pour cuir pr\u00e9sentent des couleurs similaires avec divers projets de maroquinerie, vous pouvez donc les utiliser pour remplir les couleurs s'il y a some abrasion de votre cuir, sans \u00eatre brusque<\/span><\/li>\n<li class=\"a-spacing-mini\"><span class=\"a-list-item\">Amusement \u00e0 personnaliser : le marqueur de retouche pour chaussures est id\u00e9al pour vous de personnaliser des motifs sur le cuir, ou cr\u00e9er des objets en cuir personnalis\u00e9s ; les couleurs r\u00e9sistent \u00e0 la d\u00e9coloration, se fondent facilement et s\u00e8chent rapidement<\/span><\/li>\n<li class=\"a-spacing-mini\"><span class=\"a-list-item\">Double pointe : le stylo de retouche pour mobilier en cuir est \u00e9quip\u00e9 de 2 embouts diff\u00e9rents, \u00e0 savoir pointe biseaut\u00e9e et pointe fine ; vous pouvez choisir les embouts diff\u00e9rents pour teindre votre cuir sur une grande surface ou tracer des lignes<\/span><\/li>\n<li class=\"a-spacing-mini\"><span class=\"a-list-item\">Conceptions attentives : le stylo en cuir est con\u00e7u avec une poign\u00e9e l\u00e9g\u00e8rement incurv\u00e9e, ce qui est pratique et confortable \u00e0 tenir ; le capuchon du stylo peut prot\u00e9ger votre stylo de l'air, afin que votre pointe soit humide et pr\u00eate pour votre prochaine r\u00e9paration<\/span><\/li>\n<\/ul>","protected":false},"excerpt":{"rendered":"<h3>Informations sur le produit :<\/h3>\n<table class=\"a-normal a-spacing-micro\" role=\"list\">\n<tbody>\n<tr class=\"a-spacing-small po-number_of_items\" role=\"listitem\">\n<td class=\"a-span3\" role=\"presentation\"><span class=\"a-size-base a-text-bold\">Nombre d'articles<\/span><\/td>\n<td class=\"a-span9\" role=\"presentation\"><span class=\"a-size-base po-break-word\">6<\/span><\/td>\n<\/tr>\n<tr class=\"a-spacing-small po-point.type\" role=\"listitem\">\n<td class=\"a-span3\" role=\"presentation\"><span class=\"a-size-base a-text-bold\">Type de point<\/span><\/td>\n<td class=\"a-span9\" role=\"presentation\"><span class=\"a-size-base po-break-word\">Point badeau<\/span><\/td>\n<\/tr>\n<tr class=\"a-spacing-small po-recommended_uses_for_product\" role=\"listitem\">\n<td class=\"a-span3\" role=\"presentation\"><span class=\"a-size-base a-text-bold\">Utilisations recommand\u00e9es pour le produit<\/span><\/td>\n<td class=\"a-span9\" role=\"presentation\"><span class=\"a-size-base po-break-word\">Peinture<\/span><\/td>\n<\/tr>\n<\/tbody>\n<\/table>","protected":false},"featured_media":3526,"template":"","meta":{"_uag_custom_page_level_css":"","site-sidebar-layout":"default","site-content-layout":"","ast-site-content-layout":"default","site-content-style":"default","site-sidebar-style":"default","ast-global-header-display":"","ast-banner-title-visibility":"","ast-main-header-display":"","ast-hfb-above-header-display":"","ast-hfb-below-header-display":"","ast-hfb-mobile-header-display":"","site-post-title":"","ast-breadcrumbs-content":"","ast-featured-img":"","footer-sml-layout":"","ast-disable-related-posts":"","theme-transparent-header-meta":"default","adv-header-id-meta":"","stick-header-meta":"","header-above-stick-meta":"","header-main-stick-meta":"","header-below-stick-meta":"","astra-migrate-meta-layouts":"set","ast-page-background-enabled":"default","ast-page-background-meta":{"desktop":{"background-color":"","background-image":"","background-repeat":"repeat","background-position":"center center","background-size":"auto","background-attachment":"scroll","background-type":"","background-media":"","overlay-type":"","overlay-color":"","overlay-opacity":"","overlay-gradient":""},"tablet":{"background-color":"","background-image":"","background-repeat":"repeat","background-position":"center center","background-size":"auto","background-attachment":"scroll","background-type":"","background-media":"","overlay-type":"","overlay-color":"","overlay-opacity":"","overlay-gradient":""},"mobile":{"background-color":"","background-image":"","background-repeat":"repeat","background-position":"center center","background-size":"auto","background-attachment":"scroll","background-type":"","background-media":"","overlay-type":"","overlay-color":"","overlay-opacity":"","overlay-gradient":""}},"ast-content-background-meta":{"desktop":{"background-color":"var(--ast-global-color-5)","background-image":"","background-repeat":"repeat","background-position":"center center","background-size":"auto","background-attachment":"scroll","background-type":"","background-media":"","overlay-type":"","overlay-color":"","overlay-opacity":"","overlay-gradient":""},"tablet":{"background-color":"var(--ast-global-color-5)","background-image":"","background-repeat":"repeat","background-position":"center center","background-size":"auto","background-attachment":"scroll","background-type":"","background-media":"","overlay-type":"","overlay-color":"","overlay-opacity":"","overlay-gradient":""},"mobile":{"background-color":"var(--ast-global-color-5)","background-image":"","background-repeat":"repeat","background-position":"center center","background-size":"auto","background-attachment":"scroll","background-type":"","background-media":"","overlay-type":"","overlay-color":"","overlay-opacity":"","overlay-gradient":""}}},"product_brand":[],"product_cat":[256],"product_tag":[],"class_list":{"0":"post-3525","1":"product","2":"type-product","3":"status-publish","4":"has-post-thumbnail","6":"product_cat-repair-accessories","7":"desktop-align-left","8":"tablet-align-left","9":"mobile-align-left","11":"first","12":"instock","13":"sale","14":"shipping-taxable","15":"purchasable","16":"product-type-simple"},"uagb_featured_image_src":{"full":["https:\/\/micterleather.com\/wp-content\/uploads\/2025\/07\/Leather-Dye-Marker-Pens-.jpg",679,669,false],"thumbnail":["https:\/\/micterleather.com\/wp-content\/uploads\/2025\/07\/Leather-Dye-Marker-Pens--150x150.jpg",150,150,true],"medium":["https:\/\/micterleather.com\/wp-content\/uploads\/2025\/07\/Leather-Dye-Marker-Pens--300x296.jpg",300,296,true],"medium_large":["https:\/\/micterleather.com\/wp-content\/uploads\/2025\/07\/Leather-Dye-Marker-Pens-.jpg",679,669,false],"large":["https:\/\/micterleather.com\/wp-content\/uploads\/2025\/07\/Leather-Dye-Marker-Pens-.jpg",679,669,false],"1536x1536":["https:\/\/micterleather.com\/wp-content\/uploads\/2025\/07\/Leather-Dye-Marker-Pens-.jpg",679,669,false],"2048x2048":["https:\/\/micterleather.com\/wp-content\/uploads\/2025\/07\/Leather-Dye-Marker-Pens-.jpg",679,669,false],"trp-custom-language-flag":["https:\/\/micterleather.com\/wp-content\/uploads\/2025\/07\/Leather-Dye-Marker-Pens-.jpg",12,12,false],"woocommerce_thumbnail":["https:\/\/micterleather.com\/wp-content\/uploads\/2025\/07\/Leather-Dye-Marker-Pens--300x300.jpg",300,300,true],"woocommerce_single":["https:\/\/micterleather.com\/wp-content\/uploads\/2025\/07\/Leather-Dye-Marker-Pens--600x591.jpg",600,591,true],"woocommerce_gallery_thumbnail":["https:\/\/micterleather.com\/wp-content\/uploads\/2025\/07\/Leather-Dye-Marker-Pens--100x100.jpg",100,100,true]},"uagb_author_info":{"display_name":"micter","author_link":"https:\/\/micterleather.com\/fr\/author\/"},"uagb_comment_info":0,"uagb_excerpt":"Product Information: Number of Items 6 Point Type Chisel Recommended Uses For Product Painting","_links":{"self":[{"href":"https:\/\/micterleather.com\/fr\/wp-json\/wp\/v2\/product\/3525","targetHints":{"allow":["GET"]}}],"collection":[{"href":"https:\/\/micterleather.com\/fr\/wp-json\/wp\/v2\/product"}],"about":[{"href":"https:\/\/micterleather.com\/fr\/wp-json\/wp\/v2\/types\/product"}],"wp:featuredmedia":[{"embeddable":true,"href":"https:\/\/micterleather.com\/fr\/wp-json\/wp\/v2\/media\/3526"}],"wp:attachment":[{"href":"https:\/\/micterleather.com\/fr\/wp-json\/wp\/v2\/media?parent=3525"}],"wp:term":[{"taxonomy":"product_brand","embeddable":true,"href":"https:\/\/micterleather.com\/fr\/wp-json\/wp\/v2\/product_brand?post=3525"},{"taxonomy":"product_cat","embeddable":true,"href":"https:\/\/micterleather.com\/fr\/wp-json\/wp\/v2\/product_cat?post=3525"},{"taxonomy":"product_tag","embeddable":true,"href":"https:\/\/micterleather.com\/fr\/wp-json\/wp\/v2\/product_tag?post=3525"}],"curies":[{"name":"wp","href":"https:\/\/api.w.org\/{rel}","templated":true}]}}