{"id":3523,"date":"2025-07-28T06:43:56","date_gmt":"2025-07-28T06:43:56","guid":{"rendered":"https:\/\/micterleather.com\/?post_type=product&#038;p=3523"},"modified":"2025-08-01T08:49:53","modified_gmt":"2025-08-01T08:49:53","slug":"snaps-button-kit","status":"publish","type":"product","link":"https:\/\/micterleather.com\/fr\/produit\/repair-accessories\/snaps-button-kit\/","title":{"rendered":"Kit boutons pression"},"content":{"rendered":"<div class=\"erp-sidecar:h-fit erp-sidecar:pb-0 mx-auto h-full\">\n<div class=\"relative border-borderMain\/50 ring-borderMain\/50 divide-borderMain\/50 dark:divide-borderMainDark\/50 dark:ring-borderMainDark\/50 dark:border-borderMainDark\/50 bg-background\">\n<div class=\"\">\n<div>\n<div>\n<div>\n<div class=\"pt-headerHeight md:pt-sm erp-sidecar:pt-0 erp-mobile-sidecar:pt-0 erp-sidecar:min-h-[var(--sidecar-content-height)] erp-tab:min-h-screen min-h-[var(--page-content-height-without-header)] pb-threadInputHeightWithPadding border-borderMain\/50 ring-borderMain\/50 divide-borderMain\/50 dark:divide-borderMainDark\/50 dark:ring-borderMainDark\/50 dark:border-borderMainDark\/50 bg-transparent\">\n<div class=\"isolate mx-auto md:pt-6 px-md\">\n<div class=\"pb-md mx-auto pt-5 md:pb-12 max-w-threadContentWidth\">\n<div class=\"relative\">\n<div class=\"gap-y-sm flex flex-col\">\n<div class=\"gap-y-lg mt-3 flex flex-col first:mt-0\">\n<div class=\"border-borderMain\/50 ring-borderMain\/50 divide-borderMain\/50 dark:divide-borderMainDark\/50 dark:ring-borderMainDark\/50 dark:border-borderMainDark\/50 bg-transparent\">\n<div class=\"gap-y-sm md:gap-y-md flex flex-col\">\n<div class=\"relative font-sans text-base text-textMain selection:bg-super\/50 selection:text-textMain dark:selection:bg-super\/10 dark:selection:text-super\">\n<div class=\"min-w-0 break-words [word-break:break-word]\">\n<div id=\"markdown-content-0\" class=\"gap-y-md after:clear-both after:block after:content-['']\" dir=\"auto\">\n<div class=\"my-2 first:mt-0 [&amp;:has([data-inline-type=image])+&amp;:has([data-inline-type=image])_[data-inline-type=image]]:hidden [&amp;:has(table)_[data-inline-type=image]]:hidden\">\n<div class=\"relative\">\n<div class=\"prose text-pretty dark:prose-invert inline leading-normal break-words min-w-0 [word-break:break-word]\">\n<h3>Description du produit :<\/h3>\n<ul>\n<li class=\"my-0\">Le kit de boutons-pression contient 100 paires (au total 400 pi\u00e8ces) de boutons-pression. Chaque paire est compos\u00e9e de quatre petits \u00e9l\u00e9ments : une coiffe, une rondelle, une douille et une vis. De plus, le kit comprend quatre outils d'installation. Tous les articles sont soigneusement rang\u00e9s dans une bo\u00eete en plastique clair pour un rangement facile et un acc\u00e8s pratique.<\/li>\n<li class=\"my-0\">Fabriqu\u00e9s en fer avec un proc\u00e9d\u00e9 de placage sans nickel, ces boutons-pression sont durables et conservent leur apparence fra\u00eeche m\u00eame apr\u00e8s une utilisation prolong\u00e9e sur des mat\u00e9riaux en cuir ou en tissu.<\/li>\n<li class=\"my-0\">Chaque bouton-pression a un diam\u00e8tre de capuchon de 5\/8 pouce (15 mm). Cet ensemble de couleurs assorties comprend 25 paires noires, 25 paires argent\u00e9es, 25 paires dor\u00e9es et 25 paires bronze. \u00c0 noter que ces attaches pour cuir conviennent le mieux \u00e0 des tissus l\u00e9gers \u00e0 moyens et ne sont pas recommand\u00e9es pour des mat\u00e9riaux plus \u00e9pais.<\/li>\n<li class=\"my-0\">L'installation est simple et rapide avec ce kit. Les outils de forage permettent de cr\u00e9er des trous dans le mat\u00e9riau, puis vous pouvez facilement presser et enfoncer les pi\u00e8ces du bouton en place. Un c\u00f4t\u00e9 de la base pr\u00e9sente une rainure qui maintient le capuchon et l\u2019emp\u00eache de glisser, tandis que le c\u00f4t\u00e9 oppos\u00e9 comporte une section sur\u00e9lev\u00e9e pour tenir fermement le bouton et \u00e9viter qu'il ne se plie. Cette conception conviviale le rend parfait pour une vari\u00e9t\u00e9 de projets DIY, de r\u00e9parations et d'artisanat d\u00e9coratif.<\/li>\n<li class=\"my-0\">Ces boutons en cuir sont des accessoires polyvalents id\u00e9aux pour les articles fabriqu\u00e9s \u00e0 la main en cuir, pour r\u00e9parer ou d\u00e9corer des bracelets, des chapeaux, des gants, des coupe-vents, des ceintures, des chaussures, des sandales, des sacs, des parapluies et plus encore.<\/li>\n<\/ul>\n<\/div>\n<\/div>\n<\/div>\n<\/div>\n<\/div>\n<\/div>\n<div class=\"flex items-center justify-between\">\n<div class=\"gap-x-xs flex items-center\">\n<div class=\"gap-xs flex items-center border-borderMain\/50 ring-borderMain\/50 divide-borderMain\/50 dark:divide-borderMainDark\/50 dark:ring-borderMainDark\/50 dark:border-borderMainDark\/50 bg-transparent\">\n<div class=\"flex items-center min-w-0 font-medium gap-1.5 justify-center\">\n<div class=\"flex shrink-0 items-center justify-center size-4\"><\/div>\n<\/div>\n<div class=\"flex items-center min-w-0 font-medium gap-1.5 justify-center\">\n<div class=\"flex shrink-0 items-center justify-center size-4\"><\/div>\n<\/div>\n<\/div>\n<div class=\"flex items-center min-w-0 font-medium gap-1.5 justify-center\">\n<div class=\"flex shrink-0 items-center justify-center size-4\"><\/div>\n<\/div>\n<div class=\"\">\n<div class=\"flex items-center min-w-0 font-medium gap-1.5 justify-center\">\n<div class=\"flex shrink-0 items-center justify-center size-4\"><\/div>\n<\/div>\n<\/div>\n<\/div>\n<\/div>\n<\/div>\n<\/div>\n<\/div>\n<\/div>\n<\/div>\n<\/div>\n<\/div>\n<\/div>\n<\/div>\n<\/div>\n<\/div>\n<\/div>\n<\/div>\n<\/div>\n<div class=\"erp-sidecar:fixed bottom-safeAreaInsetBottom p-md pointer-events-none absolute z-10 w-full border-borderMain\/50 ring-borderMain\/50 divide-borderMain\/50 dark:divide-borderMainDark\/50 dark:ring-borderMainDark\/50 dark:border-borderMainDark\/50 bg-transparent\">\n<div class=\"max-w-threadContentWidth mx-auto\">\n<div class=\"pointer-events-auto\">\n<div>\n<div class=\"w-full\">\n<div class=\"relative\">\n<div class=\"bg-background shadow-[0_1px_8px_2px_oklch(var(--text-color-100)\/0.1),0_36px_16px_36px_oklch(var(--background-color-100))] dark:shadow-[0_4px_12px_rgba(0,0,0,0.12),0_32px_16px_36px_oklch(var(--dark-background-color-100))] relative z-[1] rounded-2xl border-borderMain\/50 ring-borderMain\/50 divide-borderMain\/50 dark:divide-borderMainDark\/50 dark:ring-borderMainDark\/50 dark:border-borderMainDark\/50 bg-offset\">\n<div class=\"relative rounded-2xl\">\n<div class=\"bg-raised w-full outline-none focus:outline-none focus:ring-borderMain flex items-center placeholder-textOff border focus:ring-1 rounded-2xl dark:bg-offsetDark dark:text-textMain dark:placeholder-textOff duration-75 transition-all border-borderMain dark:border-textMain\/10 shadow-sm dark:shadow-md shadow-textMain\/5 dark:shadow-black\/10 px-0 pt-3 pb-3 gap-y-md grid items-center\">\n<div class=\"px-3.5 grid-rows-1fr-auto grid grid-cols-3\">\n<div class=\"overflow-hidden relative flex h-full w-full col-start-1 col-end-4 pb-3\">\n<div class=\"w-full\">\n<div id=\"ask-input\" class=\"overflow-auto max-h-[45vh] lg:max-h-[40vh] sm:max-h-[25vh] outline-none font-sans resize-none caret-super selection:bg-super\/30 selection:text-textMain dark:selection:bg-super\/10 dark:selection:text-super dark:bg-offsetDark dark:text-textMain bg-raised text-textMain dark:placeholder-textOff placeholder-textOff placeholder:select-none scrollbar-thumb-idle dark:scrollbar-thumb-idleDark scrollbar-thin scrollbar-track-transparent size-full\" role=\"textbox\" contenteditable=\"true\" spellcheck=\"true\" aria-placeholder=\"Ask a follow-up\u2026\" data-lexical-editor=\"true\"><\/div>\n<\/div>\n<\/div>\n<\/div>\n<\/div>\n<\/div>\n<\/div>\n<\/div>\n<\/div>\n<\/div>\n<\/div>\n<\/div>\n<\/div>","protected":false},"excerpt":{"rendered":"<h3>Informations sur le produit :<\/h3>\n<p>&nbsp;<\/p>\n<table class=\"a-normal a-spacing-micro\" style=\"height: 165px;\" role=\"list\" width=\"758\">\n<tbody>\n<tr class=\"a-spacing-small po-color\" role=\"listitem\">\n<td class=\"a-span3\" role=\"presentation\"><span class=\"a-size-base a-text-bold\">Couleur<\/span><\/td>\n<td class=\"a-span9\" role=\"presentation\"><span class=\"a-size-base po-break-word\">Dia. cap. 15 mm inclus + outil<\/span><\/td>\n<\/tr>\n<tr class=\"a-spacing-small po-brand\" role=\"listitem\">\n<td class=\"a-span3\" role=\"presentation\"><span class=\"a-size-base a-text-bold\">Dimensions du produit<\/span><\/td>\n<td class=\"a-span9\" role=\"presentation\"><span class=\"a-size-base po-break-word\">0,4\u2033L x 0,4\u2033W<\/span><\/td>\n<\/tr>\n<\/tbody>\n<\/table>","protected":false},"featured_media":3524,"template":"","meta":{"_uag_custom_page_level_css":"","site-sidebar-layout":"default","site-content-layout":"","ast-site-content-layout":"default","site-content-style":"default","site-sidebar-style":"default","ast-global-header-display":"","ast-banner-title-visibility":"","ast-main-header-display":"","ast-hfb-above-header-display":"","ast-hfb-below-header-display":"","ast-hfb-mobile-header-display":"","site-post-title":"","ast-breadcrumbs-content":"","ast-featured-img":"","footer-sml-layout":"","ast-disable-related-posts":"","theme-transparent-header-meta":"default","adv-header-id-meta":"","stick-header-meta":"","header-above-stick-meta":"","header-main-stick-meta":"","header-below-stick-meta":"","astra-migrate-meta-layouts":"set","ast-page-background-enabled":"default","ast-page-background-meta":{"desktop":{"background-color":"","background-image":"","background-repeat":"repeat","background-position":"center center","background-size":"auto","background-attachment":"scroll","background-type":"","background-media":"","overlay-type":"","overlay-color":"","overlay-opacity":"","overlay-gradient":""},"tablet":{"background-color":"","background-image":"","background-repeat":"repeat","background-position":"center center","background-size":"auto","background-attachment":"scroll","background-type":"","background-media":"","overlay-type":"","overlay-color":"","overlay-opacity":"","overlay-gradient":""},"mobile":{"background-color":"","background-image":"","background-repeat":"repeat","background-position":"center center","background-size":"auto","background-attachment":"scroll","background-type":"","background-media":"","overlay-type":"","overlay-color":"","overlay-opacity":"","overlay-gradient":""}},"ast-content-background-meta":{"desktop":{"background-color":"var(--ast-global-color-5)","background-image":"","background-repeat":"repeat","background-position":"center center","background-size":"auto","background-attachment":"scroll","background-type":"","background-media":"","overlay-type":"","overlay-color":"","overlay-opacity":"","overlay-gradient":""},"tablet":{"background-color":"var(--ast-global-color-5)","background-image":"","background-repeat":"repeat","background-position":"center center","background-size":"auto","background-attachment":"scroll","background-type":"","background-media":"","overlay-type":"","overlay-color":"","overlay-opacity":"","overlay-gradient":""},"mobile":{"background-color":"var(--ast-global-color-5)","background-image":"","background-repeat":"repeat","background-position":"center center","background-size":"auto","background-attachment":"scroll","background-type":"","background-media":"","overlay-type":"","overlay-color":"","overlay-opacity":"","overlay-gradient":""}}},"product_brand":[],"product_cat":[256],"product_tag":[],"class_list":{"0":"post-3523","1":"product","2":"type-product","3":"status-publish","4":"has-post-thumbnail","6":"product_cat-repair-accessories","7":"desktop-align-left","8":"tablet-align-left","9":"mobile-align-left","11":"first","12":"instock","13":"sale","14":"shipping-taxable","15":"purchasable","16":"product-type-simple"},"uagb_featured_image_src":{"full":["https:\/\/micterleather.com\/wp-content\/uploads\/2025\/07\/Snaps-Button-Kit.jpg",679,679,false],"thumbnail":["https:\/\/micterleather.com\/wp-content\/uploads\/2025\/07\/Snaps-Button-Kit-150x150.jpg",150,150,true],"medium":["https:\/\/micterleather.com\/wp-content\/uploads\/2025\/07\/Snaps-Button-Kit-300x300.jpg",300,300,true],"medium_large":["https:\/\/micterleather.com\/wp-content\/uploads\/2025\/07\/Snaps-Button-Kit.jpg",679,679,false],"large":["https:\/\/micterleather.com\/wp-content\/uploads\/2025\/07\/Snaps-Button-Kit.jpg",679,679,false],"1536x1536":["https:\/\/micterleather.com\/wp-content\/uploads\/2025\/07\/Snaps-Button-Kit.jpg",679,679,false],"2048x2048":["https:\/\/micterleather.com\/wp-content\/uploads\/2025\/07\/Snaps-Button-Kit.jpg",679,679,false],"trp-custom-language-flag":["https:\/\/micterleather.com\/wp-content\/uploads\/2025\/07\/Snaps-Button-Kit.jpg",12,12,false],"woocommerce_thumbnail":["https:\/\/micterleather.com\/wp-content\/uploads\/2025\/07\/Snaps-Button-Kit-300x300.jpg",300,300,true],"woocommerce_single":["https:\/\/micterleather.com\/wp-content\/uploads\/2025\/07\/Snaps-Button-Kit-600x600.jpg",600,600,true],"woocommerce_gallery_thumbnail":["https:\/\/micterleather.com\/wp-content\/uploads\/2025\/07\/Snaps-Button-Kit-100x100.jpg",100,100,true]},"uagb_author_info":{"display_name":"micter","author_link":"https:\/\/micterleather.com\/fr\/author\/"},"uagb_comment_info":0,"uagb_excerpt":"Product Information: &nbsp; Color 15mm Cap Dia. Assorted + Tool Product Dimensions 0.4\"L x 0.4\"W","_links":{"self":[{"href":"https:\/\/micterleather.com\/fr\/wp-json\/wp\/v2\/product\/3523","targetHints":{"allow":["GET"]}}],"collection":[{"href":"https:\/\/micterleather.com\/fr\/wp-json\/wp\/v2\/product"}],"about":[{"href":"https:\/\/micterleather.com\/fr\/wp-json\/wp\/v2\/types\/product"}],"wp:featuredmedia":[{"embeddable":true,"href":"https:\/\/micterleather.com\/fr\/wp-json\/wp\/v2\/media\/3524"}],"wp:attachment":[{"href":"https:\/\/micterleather.com\/fr\/wp-json\/wp\/v2\/media?parent=3523"}],"wp:term":[{"taxonomy":"product_brand","embeddable":true,"href":"https:\/\/micterleather.com\/fr\/wp-json\/wp\/v2\/product_brand?post=3523"},{"taxonomy":"product_cat","embeddable":true,"href":"https:\/\/micterleather.com\/fr\/wp-json\/wp\/v2\/product_cat?post=3523"},{"taxonomy":"product_tag","embeddable":true,"href":"https:\/\/micterleather.com\/fr\/wp-json\/wp\/v2\/product_tag?post=3523"}],"curies":[{"name":"wp","href":"https:\/\/api.w.org\/{rel}","templated":true}]}}