{"id":3517,"date":"2025-07-28T05:00:47","date_gmt":"2025-07-28T05:00:47","guid":{"rendered":"https:\/\/micterleather.com\/?post_type=product&#038;p=3517"},"modified":"2025-08-24T08:13:20","modified_gmt":"2025-08-24T08:13:20","slug":"leather-working-tools-kit","status":"publish","type":"product","link":"https:\/\/micterleather.com\/fr\/produit\/sew-repair-kit\/leather-working-tools-kit\/","title":{"rendered":"Kit d'outils de travail du cuir"},"content":{"rendered":"<h3>Description du produit :<\/h3>\n<ul>\n<li class=\"my-0\">Le kit professionnel tout-en-un de travail du cuir comprend 52 moules de stamping de haute qualit\u00e9, une gamme de poin\u00e7ons creux de tailles de 2,5 mm \u00e0 10 mm, une tapis d'embossage, un tapis de d\u00e9coupe et des outils de poin\u00e7onnage, offrant tout ce dont vous avez besoin pour la gravure, le per\u00e7age et la couture. Cet ensemble complet est id\u00e9al pour les r\u00e9parations de cuir et les projets d'estampage d\u00e9coratif.<\/li>\n<li class=\"my-0\">Fabriqu\u00e9 \u00e0 partir d'acier carbone de premier choix et rigoureusement v\u00e9rifi\u00e9 en qualit\u00e9, chaque outil affiche des ar\u00eates ultra tranchantes pour des coupes pr\u00e9cises et une durabilit\u00e9 durable. Cela rend le kit adapt\u00e9 aux t\u00e2ches lourdes, telles que la coupe de sangles en cuir ou la r\u00e9paration de mat\u00e9riaux en cuir synth\u00e9tique.<\/li>\n<li class=\"my-0\">Pour plus de commodit\u00e9, le kit est livr\u00e9 avec un \u00e9tui de transport ergonomique et con\u00e7u sur mesure, comportant des compartiments \u00e9tiquet\u00e9s, pour garder vos outils bien rang\u00e9s et faciles \u00e0 transporter. Il s'int\u00e8gre parfaitement \u00e0 la plupart des kits de couture pour cuir et des \u00e9tablis.<\/li>\n<li class=\"my-0\">De plus, le kit comprend des accessoires suppl\u00e9mentaires pour l'installation de rivets, vous permettant d'ajouter des finitions professionnelles et d\u00e9coratives aux ceintures, sacs ou r\u00e9parations de meubles avec facilit\u00e9.<\/li>\n<\/ul>","protected":false},"excerpt":{"rendered":"<h4>Informations sur le produit :<\/h4>\n<table class=\"a-normal a-spacing-micro\" role=\"list\">\n<tbody>\n<tr class=\"a-spacing-small po-color\" role=\"listitem\">\n<td class=\"a-span3\" role=\"presentation\"><span class=\"a-size-base a-text-bold\">Couleur<\/span><\/td>\n<td class=\"a-span9\" role=\"presentation\"><span class=\"a-size-base po-break-word\">marron<\/span><\/td>\n<\/tr>\n<tr class=\"a-spacing-small po-theme\" role=\"listitem\">\n<td class=\"a-span3\" role=\"presentation\"><span class=\"a-size-base a-text-bold\">Th\u00e8me<\/span><\/td>\n<td class=\"a-span9\" role=\"presentation\"><span class=\"a-size-base po-break-word\">Cuir<\/span><\/td>\n<\/tr>\n<tr class=\"a-spacing-small po-item_dimensions\" role=\"listitem\">\n<td class=\"a-span3\" role=\"presentation\"><span class=\"a-size-base a-text-bold\">Dimensions de l'article L x l x H<\/span><\/td>\n<td class=\"a-span9\" role=\"presentation\"><span class=\"a-size-base po-break-word\">11,8 x 3,1 x 15,7 pouces<\/span><\/td>\n<\/tr>\n<tr class=\"a-spacing-small po-material\" role=\"listitem\">\n<td class=\"a-span3\" role=\"presentation\"><span class=\"a-size-base a-text-bold\">Mat\u00e9riau<\/span><\/td>\n<td class=\"a-span9\" role=\"presentation\"><span class=\"a-size-base po-break-word\">M\u00e9tal, Plastique<\/span><\/td>\n<\/tr>\n<\/tbody>\n<\/table>","protected":false},"featured_media":3518,"template":"","meta":{"_uag_custom_page_level_css":"","site-sidebar-layout":"default","site-content-layout":"","ast-site-content-layout":"default","site-content-style":"default","site-sidebar-style":"default","ast-global-header-display":"","ast-banner-title-visibility":"","ast-main-header-display":"","ast-hfb-above-header-display":"","ast-hfb-below-header-display":"","ast-hfb-mobile-header-display":"","site-post-title":"","ast-breadcrumbs-content":"","ast-featured-img":"","footer-sml-layout":"","ast-disable-related-posts":"","theme-transparent-header-meta":"default","adv-header-id-meta":"","stick-header-meta":"","header-above-stick-meta":"","header-main-stick-meta":"","header-below-stick-meta":"","astra-migrate-meta-layouts":"set","ast-page-background-enabled":"default","ast-page-background-meta":{"desktop":{"background-color":"","background-image":"","background-repeat":"repeat","background-position":"center center","background-size":"auto","background-attachment":"scroll","background-type":"","background-media":"","overlay-type":"","overlay-color":"","overlay-opacity":"","overlay-gradient":""},"tablet":{"background-color":"","background-image":"","background-repeat":"repeat","background-position":"center center","background-size":"auto","background-attachment":"scroll","background-type":"","background-media":"","overlay-type":"","overlay-color":"","overlay-opacity":"","overlay-gradient":""},"mobile":{"background-color":"","background-image":"","background-repeat":"repeat","background-position":"center center","background-size":"auto","background-attachment":"scroll","background-type":"","background-media":"","overlay-type":"","overlay-color":"","overlay-opacity":"","overlay-gradient":""}},"ast-content-background-meta":{"desktop":{"background-color":"var(--ast-global-color-5)","background-image":"","background-repeat":"repeat","background-position":"center center","background-size":"auto","background-attachment":"scroll","background-type":"","background-media":"","overlay-type":"","overlay-color":"","overlay-opacity":"","overlay-gradient":""},"tablet":{"background-color":"var(--ast-global-color-5)","background-image":"","background-repeat":"repeat","background-position":"center center","background-size":"auto","background-attachment":"scroll","background-type":"","background-media":"","overlay-type":"","overlay-color":"","overlay-opacity":"","overlay-gradient":""},"mobile":{"background-color":"var(--ast-global-color-5)","background-image":"","background-repeat":"repeat","background-position":"center center","background-size":"auto","background-attachment":"scroll","background-type":"","background-media":"","overlay-type":"","overlay-color":"","overlay-opacity":"","overlay-gradient":""}}},"product_brand":[],"product_cat":[254],"product_tag":[],"class_list":{"0":"post-3517","1":"product","2":"type-product","3":"status-publish","4":"has-post-thumbnail","6":"product_cat-sew-repair-kit","7":"desktop-align-left","8":"tablet-align-left","9":"mobile-align-left","11":"first","12":"instock","13":"sale","14":"shipping-taxable","15":"purchasable","16":"product-type-simple"},"uagb_featured_image_src":{"full":["https:\/\/micterleather.com\/wp-content\/uploads\/2025\/07\/Leather-Working-Tools-Kit.jpg",679,688,false],"thumbnail":["https:\/\/micterleather.com\/wp-content\/uploads\/2025\/07\/Leather-Working-Tools-Kit-150x150.jpg",150,150,true],"medium":["https:\/\/micterleather.com\/wp-content\/uploads\/2025\/07\/Leather-Working-Tools-Kit-296x300.jpg",296,300,true],"medium_large":["https:\/\/micterleather.com\/wp-content\/uploads\/2025\/07\/Leather-Working-Tools-Kit.jpg",679,688,false],"large":["https:\/\/micterleather.com\/wp-content\/uploads\/2025\/07\/Leather-Working-Tools-Kit.jpg",679,688,false],"1536x1536":["https:\/\/micterleather.com\/wp-content\/uploads\/2025\/07\/Leather-Working-Tools-Kit.jpg",679,688,false],"2048x2048":["https:\/\/micterleather.com\/wp-content\/uploads\/2025\/07\/Leather-Working-Tools-Kit.jpg",679,688,false],"trp-custom-language-flag":["https:\/\/micterleather.com\/wp-content\/uploads\/2025\/07\/Leather-Working-Tools-Kit.jpg",12,12,false],"woocommerce_thumbnail":["https:\/\/micterleather.com\/wp-content\/uploads\/2025\/07\/Leather-Working-Tools-Kit-300x300.jpg",300,300,true],"woocommerce_single":["https:\/\/micterleather.com\/wp-content\/uploads\/2025\/07\/Leather-Working-Tools-Kit-600x608.jpg",600,608,true],"woocommerce_gallery_thumbnail":["https:\/\/micterleather.com\/wp-content\/uploads\/2025\/07\/Leather-Working-Tools-Kit-100x100.jpg",100,100,true]},"uagb_author_info":{"display_name":"micter","author_link":"https:\/\/micterleather.com\/fr\/author\/"},"uagb_comment_info":0,"uagb_excerpt":"Product Information: Color brown Theme Leather Item dimensions L x W x H 11.8 x 3.1 x 15.7 inches Material Metal, Plastic","_links":{"self":[{"href":"https:\/\/micterleather.com\/fr\/wp-json\/wp\/v2\/product\/3517","targetHints":{"allow":["GET"]}}],"collection":[{"href":"https:\/\/micterleather.com\/fr\/wp-json\/wp\/v2\/product"}],"about":[{"href":"https:\/\/micterleather.com\/fr\/wp-json\/wp\/v2\/types\/product"}],"wp:featuredmedia":[{"embeddable":true,"href":"https:\/\/micterleather.com\/fr\/wp-json\/wp\/v2\/media\/3518"}],"wp:attachment":[{"href":"https:\/\/micterleather.com\/fr\/wp-json\/wp\/v2\/media?parent=3517"}],"wp:term":[{"taxonomy":"product_brand","embeddable":true,"href":"https:\/\/micterleather.com\/fr\/wp-json\/wp\/v2\/product_brand?post=3517"},{"taxonomy":"product_cat","embeddable":true,"href":"https:\/\/micterleather.com\/fr\/wp-json\/wp\/v2\/product_cat?post=3517"},{"taxonomy":"product_tag","embeddable":true,"href":"https:\/\/micterleather.com\/fr\/wp-json\/wp\/v2\/product_tag?post=3517"}],"curies":[{"name":"wp","href":"https:\/\/api.w.org\/{rel}","templated":true}]}}