{"id":3505,"date":"2025-07-12T03:55:16","date_gmt":"2025-07-12T03:55:16","guid":{"rendered":"https:\/\/micterleather.com\/?post_type=product&#038;p=3505"},"modified":"2025-08-19T12:02:30","modified_gmt":"2025-08-19T12:02:30","slug":"3pcs-leather-repair-gel","status":"publish","type":"product","link":"https:\/\/micterleather.com\/fr\/produit\/repair-accessories\/3pcs-leather-repair-gel\/","title":{"rendered":"3pcs Gel de r\u00e9paration pour cuir"},"content":{"rendered":"<h4>Description du produit :<\/h4>\n<ul>\n<li class=\"my-0\"><strong>Mat\u00e9riaux de haute qualit\u00e9 :<\/strong>\u00a0Fabriqu\u00e9 avec un adh\u00e9sif liquide premium \u00e0 s\u00e9chage ultra rapide qui nourrit les surfaces en cuir sans les endommager. Ce kit de r\u00e9paration du cuir pour mobilier offre une forte adh\u00e9rence et une protection compl\u00e8te, restaurant efficacement l\u2019apparence originale du cuir.<\/li>\n<li class=\"my-0\"><strong>Gel de r\u00e9paration avanc\u00e9 pour cuir :<\/strong>\u00a0Con\u00e7u pour r\u00e9parer sans effort les rayures, d\u00e9chirures, fissures, trous br\u00fbl\u00e9s et fentes sur le cuir, le cuir faux, les meubles et les canap\u00e9s, les ramenant \u00e0 un \u00e9tat proche du neuf avec facilit\u00e9.<\/li>\n<li class=\"my-0\"><strong>Kit de r\u00e9paration de canap\u00e9 en cuir :<\/strong>\u00a0Une solution pratique de bricolage pour r\u00e9parer les rayures ou fissures sur les canap\u00e9s et si\u00e8ges en cuir. Obtenez rapidement et facilement une finition de qualit\u00e9 professionnelle, rendant le processus de restauration simple et efficace pour des r\u00e9sultats impeccables.<\/li>\n<li class=\"my-0\"><strong>Facile \u00e0 utiliser :<\/strong>\u00a0Il suffit de nettoyer la zone endommag\u00e9e, de choisir la couleur correspondante, d\u2019appliquer le gel de r\u00e9paration, d\u2019essuyer l\u2019exc\u00e8s et de laisser s\u00e9cher. Aucune comp\u00e9tence particuli\u00e8re n\u2019est requise pour obtenir une restauration sans couture.<\/li>\n<li class=\"my-0\"><strong>Utilisations larges :<\/strong>\u00a0Parfait pour r\u00e9parer et am\u00e9liorer tous les objets \u00e0 finition cuir tels que les si\u00e8ges de voiture, canap\u00e9s, chaises, sacs \u00e0 main, chaussures, ceintures, et plus encore. Ce kit de r\u00e9paration de si\u00e8ge en cuir est id\u00e9al pour redonner vie au cuir us\u00e9, rendant vos objets \u00e0 nouveau neufs et \u00e9l\u00e9gants.<\/li>\n<\/ul>","protected":false},"excerpt":{"rendered":"<h4>Informations sur le produit :<\/h4>\n<table id=\"productDetails_techSpec_section_1\" class=\"a-keyvalue prodDetTable\">\n<tbody>\n<tr>\n<th class=\"a-color-secondary a-size-base prodDetSectionEntry\">Poids de l'article<\/th>\n<td class=\"a-size-base prodDetAttrValue\">\u200e3,2 onces<\/td>\n<\/tr>\n<tr>\n<th class=\"a-color-secondary a-size-base prodDetSectionEntry\">Dimensions de l'emballage<\/th>\n<td class=\"a-size-base prodDetAttrValue\">\u200e6,57 x 4,09 x 1,14 pouces<\/td>\n<\/tr>\n<\/tbody>\n<\/table>","protected":false},"featured_media":3506,"template":"","meta":{"_uag_custom_page_level_css":"","site-sidebar-layout":"default","site-content-layout":"","ast-site-content-layout":"default","site-content-style":"default","site-sidebar-style":"default","ast-global-header-display":"","ast-banner-title-visibility":"","ast-main-header-display":"","ast-hfb-above-header-display":"","ast-hfb-below-header-display":"","ast-hfb-mobile-header-display":"","site-post-title":"","ast-breadcrumbs-content":"","ast-featured-img":"","footer-sml-layout":"","ast-disable-related-posts":"","theme-transparent-header-meta":"default","adv-header-id-meta":"","stick-header-meta":"","header-above-stick-meta":"","header-main-stick-meta":"","header-below-stick-meta":"","astra-migrate-meta-layouts":"set","ast-page-background-enabled":"default","ast-page-background-meta":{"desktop":{"background-color":"","background-image":"","background-repeat":"repeat","background-position":"center center","background-size":"auto","background-attachment":"scroll","background-type":"","background-media":"","overlay-type":"","overlay-color":"","overlay-opacity":"","overlay-gradient":""},"tablet":{"background-color":"","background-image":"","background-repeat":"repeat","background-position":"center center","background-size":"auto","background-attachment":"scroll","background-type":"","background-media":"","overlay-type":"","overlay-color":"","overlay-opacity":"","overlay-gradient":""},"mobile":{"background-color":"","background-image":"","background-repeat":"repeat","background-position":"center center","background-size":"auto","background-attachment":"scroll","background-type":"","background-media":"","overlay-type":"","overlay-color":"","overlay-opacity":"","overlay-gradient":""}},"ast-content-background-meta":{"desktop":{"background-color":"var(--ast-global-color-5)","background-image":"","background-repeat":"repeat","background-position":"center center","background-size":"auto","background-attachment":"scroll","background-type":"","background-media":"","overlay-type":"","overlay-color":"","overlay-opacity":"","overlay-gradient":""},"tablet":{"background-color":"var(--ast-global-color-5)","background-image":"","background-repeat":"repeat","background-position":"center center","background-size":"auto","background-attachment":"scroll","background-type":"","background-media":"","overlay-type":"","overlay-color":"","overlay-opacity":"","overlay-gradient":""},"mobile":{"background-color":"var(--ast-global-color-5)","background-image":"","background-repeat":"repeat","background-position":"center center","background-size":"auto","background-attachment":"scroll","background-type":"","background-media":"","overlay-type":"","overlay-color":"","overlay-opacity":"","overlay-gradient":""}}},"product_brand":[],"product_cat":[256],"product_tag":[],"class_list":{"0":"post-3505","1":"product","2":"type-product","3":"status-publish","4":"has-post-thumbnail","6":"product_cat-repair-accessories","7":"desktop-align-left","8":"tablet-align-left","9":"mobile-align-left","11":"first","12":"instock","13":"sale","14":"shipping-taxable","15":"purchasable","16":"product-type-simple"},"uagb_featured_image_src":{"full":["https:\/\/micterleather.com\/wp-content\/uploads\/2025\/07\/3pcs-Leather-Repair-Gel.jpg",466,463,false],"thumbnail":["https:\/\/micterleather.com\/wp-content\/uploads\/2025\/07\/3pcs-Leather-Repair-Gel-150x150.jpg",150,150,true],"medium":["https:\/\/micterleather.com\/wp-content\/uploads\/2025\/07\/3pcs-Leather-Repair-Gel-300x298.jpg",300,298,true],"medium_large":["https:\/\/micterleather.com\/wp-content\/uploads\/2025\/07\/3pcs-Leather-Repair-Gel.jpg",466,463,false],"large":["https:\/\/micterleather.com\/wp-content\/uploads\/2025\/07\/3pcs-Leather-Repair-Gel.jpg",466,463,false],"1536x1536":["https:\/\/micterleather.com\/wp-content\/uploads\/2025\/07\/3pcs-Leather-Repair-Gel.jpg",466,463,false],"2048x2048":["https:\/\/micterleather.com\/wp-content\/uploads\/2025\/07\/3pcs-Leather-Repair-Gel.jpg",466,463,false],"trp-custom-language-flag":["https:\/\/micterleather.com\/wp-content\/uploads\/2025\/07\/3pcs-Leather-Repair-Gel.jpg",12,12,false],"woocommerce_thumbnail":["https:\/\/micterleather.com\/wp-content\/uploads\/2025\/07\/3pcs-Leather-Repair-Gel-300x300.jpg",300,300,true],"woocommerce_single":["https:\/\/micterleather.com\/wp-content\/uploads\/2025\/07\/3pcs-Leather-Repair-Gel.jpg",466,463,false],"woocommerce_gallery_thumbnail":["https:\/\/micterleather.com\/wp-content\/uploads\/2025\/07\/3pcs-Leather-Repair-Gel-100x100.jpg",100,100,true]},"uagb_author_info":{"display_name":"micter","author_link":"https:\/\/micterleather.com\/fr\/author\/"},"uagb_comment_info":0,"uagb_excerpt":"Product Information: Item Weight \u200e3.2 ounces Package Dimensions \u200e6.57 x 4.09 x 1.14 inches","_links":{"self":[{"href":"https:\/\/micterleather.com\/fr\/wp-json\/wp\/v2\/product\/3505","targetHints":{"allow":["GET"]}}],"collection":[{"href":"https:\/\/micterleather.com\/fr\/wp-json\/wp\/v2\/product"}],"about":[{"href":"https:\/\/micterleather.com\/fr\/wp-json\/wp\/v2\/types\/product"}],"wp:featuredmedia":[{"embeddable":true,"href":"https:\/\/micterleather.com\/fr\/wp-json\/wp\/v2\/media\/3506"}],"wp:attachment":[{"href":"https:\/\/micterleather.com\/fr\/wp-json\/wp\/v2\/media?parent=3505"}],"wp:term":[{"taxonomy":"product_brand","embeddable":true,"href":"https:\/\/micterleather.com\/fr\/wp-json\/wp\/v2\/product_brand?post=3505"},{"taxonomy":"product_cat","embeddable":true,"href":"https:\/\/micterleather.com\/fr\/wp-json\/wp\/v2\/product_cat?post=3505"},{"taxonomy":"product_tag","embeddable":true,"href":"https:\/\/micterleather.com\/fr\/wp-json\/wp\/v2\/product_tag?post=3505"}],"curies":[{"name":"wp","href":"https:\/\/api.w.org\/{rel}","templated":true}]}}