{"id":3215,"date":"2025-07-17T07:48:25","date_gmt":"2025-07-17T07:48:25","guid":{"rendered":"https:\/\/micterleather.com\/?post_type=product&#038;p=3215"},"modified":"2025-08-28T16:18:40","modified_gmt":"2025-08-28T16:18:40","slug":"self-adhesive-leather-patch-2","status":"publish","type":"product","link":"https:\/\/micterleather.com\/fr\/produit\/uncategorized\/self-adhesive-leather-patch-2\/","title":{"rendered":"Patch en cuir auto-adh\u00e9sif"},"content":{"rendered":"<ul class=\"a-unordered-list a-vertical a-spacing-mini\">\n<li class=\"a-spacing-mini\">\n<p data-start=\"132\" data-end=\"483\"><strong data-start=\"132\" data-end=\"161\">Patch en cuir de haute qualit\u00e9<\/strong> \u2013 Le patch en cuir auto-adh\u00e9sif est compos\u00e9 de cuir de haute qualit\u00e9 et de colle forte. Il est doux, \u00e9lastique et durable. De plus il est <strong data-start=\"307\" data-end=\"321\">r\u00e9sistant \u00e0 l\u2019usure<\/strong>, <strong data-start=\"323\" data-end=\"336\">r\u00e9sistant aux rayures<\/strong>, <strong data-start=\"338\" data-end=\"358\">r\u00e9sistant \u00e0 la salet\u00e9<\/strong>, <strong data-start=\"360\" data-end=\"379\">r\u00e9sistant \u00e0 l'eau<\/strong>, <strong data-start=\"381\" data-end=\"403\">facile \u00e0 nettoyer<\/strong> et offre une longue durabilit\u00e9 \u2013 id\u00e9al pour la r\u00e9paration et la remise en \u00e9tat du cuir.<\/p>\n<p data-start=\"485\" data-end=\"867\"><strong data-start=\"485\" data-end=\"523\">Solution rapide et auto-adh\u00e9sive<\/strong> \u2013 L'arri\u00e8re du patch est dot\u00e9 d\u2019un adh\u00e9sif puissant et adh\u00e8re en toute fiabilit\u00e9 \u00e0 diverses surfaces. Parfait pour la r\u00e9paration de <strong data-start=\"671\" data-end=\"726\">trous, rayures, fissures, taches de br\u00fblure et taches<\/strong>. \u00c9conomise des co\u00fbts pour les r\u00e9parations de meubles ou la r\u00e9novation murale et prolonge la dur\u00e9e de vie de votre mobilier \u2013 une <strong data-start=\"839\" data-end=\"866\">solution \u00e9conomique<\/strong>.<\/p>\n<p data-start=\"869\" data-end=\"1154\"><strong data-start=\"869\" data-end=\"894\">Taille et choix de couleurs<\/strong> \u2013 Le patch en cuir mesure <strong data-start=\"920\" data-end=\"935\">15 \u00d7 200 cm<\/strong> et peut \u00eatre facilement d\u00e9coup\u00e9 \u00e0 la forme et \u00e0 la taille souhait\u00e9es avec une paire de ciseaux. Le film en cuir pr\u00e9sente une texture naturelle, <strong data-start=\"1065\" data-end=\"1086\">couleurs vives<\/strong> et une <strong data-start=\"1096\" data-end=\"1113\">grande s\u00e9lection<\/strong> pour chaque r\u00e9paration, la couleur correspondante.<\/p>\n<p data-start=\"1156\" data-end=\"1409\"><strong data-start=\"1156\" data-end=\"1178\">Utilisation simple<\/strong> Aucun chauffage, aucun repassage, aucun outil, aucune couture n\u00e9cessaire. Nettoyez simplement la zone endommag\u00e9e, retirez le papier support et collez le patch \u2014 c\u2019est tout. Donne \u00e0 vos meubles et objets pr\u00e9f\u00e9r\u00e9s une nouvelle vie. <strong data-start=\"1393\" data-end=\"1408\">nouvelle vie<\/strong>.<\/p>\n<p data-start=\"1411\" data-end=\"1698\"><strong data-start=\"1411\" data-end=\"1436\">Polyvalent<\/strong> \u2013 Cuir autocollant est <strong data-start=\"1465\" data-end=\"1476\">bon march\u00e9<\/strong>, voit <strong data-start=\"1484\" data-end=\"1496\">luxuriant<\/strong> \u00e0 des fins de r\u00e9paration et de valorisation <strong data-start=\"1550\" data-end=\"1581\">Cuir, cuir synth\u00e9tique et vinyle<\/strong> par exemple pour les meubles, canap\u00e9s, si\u00e8ges automobiles, sacs, portefeuilles, chaussures, sacs \u00e0 main, si\u00e8ges de camion ou des projets DIY cr\u00e9atifs.<\/p>\n<\/li>\n<\/ul>\n<p><img loading=\"lazy\" decoding=\"async\" class=\"alignnone wp-image-2802\" src=\"https:\/\/micterleather.com\/wp-content\/uploads\/2025\/07\/seld-adhesive_repair_patch__A__1-300x186.webp\" alt=\"\" width=\"1079\" height=\"669\" srcset=\"https:\/\/micterleather.com\/wp-content\/uploads\/2025\/07\/seld-adhesive_repair_patch__A__1-300x186.webp 300w, https:\/\/micterleather.com\/wp-content\/uploads\/2025\/07\/seld-adhesive_repair_patch__A__1-768x475.webp 768w, https:\/\/micterleather.com\/wp-content\/uploads\/2025\/07\/seld-adhesive_repair_patch__A__1-600x371.webp 600w, https:\/\/micterleather.com\/wp-content\/uploads\/2025\/07\/seld-adhesive_repair_patch__A__1.webp 970w\" sizes=\"auto, (max-width: 1079px) 100vw, 1079px\" \/> <img loading=\"lazy\" decoding=\"async\" class=\"alignnone wp-image-2803\" src=\"https:\/\/micterleather.com\/wp-content\/uploads\/2025\/07\/seld-adhesive_repair_patch__A__2-300x186.webp\" alt=\"\" width=\"1079\" height=\"669\" srcset=\"https:\/\/micterleather.com\/wp-content\/uploads\/2025\/07\/seld-adhesive_repair_patch__A__2-300x186.webp 300w, https:\/\/micterleather.com\/wp-content\/uploads\/2025\/07\/seld-adhesive_repair_patch__A__2-768x475.webp 768w, https:\/\/micterleather.com\/wp-content\/uploads\/2025\/07\/seld-adhesive_repair_patch__A__2-600x371.webp 600w, https:\/\/micterleather.com\/wp-content\/uploads\/2025\/07\/seld-adhesive_repair_patch__A__2.webp 970w\" sizes=\"auto, (max-width: 1079px) 100vw, 1079px\" \/> <img loading=\"lazy\" decoding=\"async\" class=\"alignnone wp-image-2804\" src=\"https:\/\/micterleather.com\/wp-content\/uploads\/2025\/07\/seld-adhesive_repair_patch__A__3-300x186.webp\" alt=\"\" width=\"1079\" height=\"669\" srcset=\"https:\/\/micterleather.com\/wp-content\/uploads\/2025\/07\/seld-adhesive_repair_patch__A__3-300x186.webp 300w, https:\/\/micterleather.com\/wp-content\/uploads\/2025\/07\/seld-adhesive_repair_patch__A__3-768x475.webp 768w, https:\/\/micterleather.com\/wp-content\/uploads\/2025\/07\/seld-adhesive_repair_patch__A__3-600x371.webp 600w, https:\/\/micterleather.com\/wp-content\/uploads\/2025\/07\/seld-adhesive_repair_patch__A__3.webp 970w\" sizes=\"auto, (max-width: 1079px) 100vw, 1079px\" \/> <img loading=\"lazy\" decoding=\"async\" class=\"alignnone wp-image-2805\" src=\"https:\/\/micterleather.com\/wp-content\/uploads\/2025\/07\/seld-adhesive_repair_patch__A__4-300x186.webp\" alt=\"\" width=\"1079\" height=\"669\" srcset=\"https:\/\/micterleather.com\/wp-content\/uploads\/2025\/07\/seld-adhesive_repair_patch__A__4-300x186.webp 300w, https:\/\/micterleather.com\/wp-content\/uploads\/2025\/07\/seld-adhesive_repair_patch__A__4-768x475.webp 768w, https:\/\/micterleather.com\/wp-content\/uploads\/2025\/07\/seld-adhesive_repair_patch__A__4-600x371.webp 600w, https:\/\/micterleather.com\/wp-content\/uploads\/2025\/07\/seld-adhesive_repair_patch__A__4.webp 970w\" sizes=\"auto, (max-width: 1079px) 100vw, 1079px\" \/> <img loading=\"lazy\" decoding=\"async\" class=\"alignnone wp-image-2806\" src=\"https:\/\/micterleather.com\/wp-content\/uploads\/2025\/07\/seld-adhesive_repair_patch__A__5-300x186.webp\" alt=\"\" width=\"1081\" height=\"670\" srcset=\"https:\/\/micterleather.com\/wp-content\/uploads\/2025\/07\/seld-adhesive_repair_patch__A__5-300x186.webp 300w, https:\/\/micterleather.com\/wp-content\/uploads\/2025\/07\/seld-adhesive_repair_patch__A__5-768x475.webp 768w, https:\/\/micterleather.com\/wp-content\/uploads\/2025\/07\/seld-adhesive_repair_patch__A__5-600x371.webp 600w, https:\/\/micterleather.com\/wp-content\/uploads\/2025\/07\/seld-adhesive_repair_patch__A__5.webp 970w\" sizes=\"auto, (max-width: 1081px) 100vw, 1081px\" \/> <img loading=\"lazy\" decoding=\"async\" class=\"alignnone wp-image-2807\" src=\"https:\/\/micterleather.com\/wp-content\/uploads\/2025\/07\/seld-adhesive_repair_patch__A__6-300x186.webp\" alt=\"\" width=\"1081\" height=\"670\" srcset=\"https:\/\/micterleather.com\/wp-content\/uploads\/2025\/07\/seld-adhesive_repair_patch__A__6-300x186.webp 300w, https:\/\/micterleather.com\/wp-content\/uploads\/2025\/07\/seld-adhesive_repair_patch__A__6-768x475.webp 768w, https:\/\/micterleather.com\/wp-content\/uploads\/2025\/07\/seld-adhesive_repair_patch__A__6-600x371.webp 600w, https:\/\/micterleather.com\/wp-content\/uploads\/2025\/07\/seld-adhesive_repair_patch__A__6.webp 970w\" sizes=\"auto, (max-width: 1081px) 100vw, 1081px\" \/><\/p>","protected":false},"excerpt":{"rendered":"<h6>Vous trouvez \u00e9galement notre cuir sur Amazon.<\/h6>\n<p><a href=\"https:\/\/www.amazon.de\/dp\/B0BY2L1F3L?maas=maas_adg_EDDFE66568B53E05D3767ACDEB762A8E_afap_abs&amp;ref_=aa_maas&amp;tag=maas\"><img loading=\"lazy\" decoding=\"async\" class=\"alignnone wp-image-2355\" src=\"https:\/\/micterleather.com\/wp-content\/uploads\/2025\/06\/Micter-shop-on-amazon--300x99.webp\" alt=\"\" width=\"188\" height=\"62\" srcset=\"https:\/\/micterleather.com\/wp-content\/uploads\/2025\/06\/Micter-shop-on-amazon--300x99.webp 300w, https:\/\/micterleather.com\/wp-content\/uploads\/2025\/06\/Micter-shop-on-amazon--1024x336.webp 1024w, https:\/\/micterleather.com\/wp-content\/uploads\/2025\/06\/Micter-shop-on-amazon--768x252.webp 768w, https:\/\/micterleather.com\/wp-content\/uploads\/2025\/06\/Micter-shop-on-amazon--600x197.webp 600w, https:\/\/micterleather.com\/wp-content\/uploads\/2025\/06\/Micter-shop-on-amazon-.webp 1400w\" sizes=\"auto, (max-width: 188px) 100vw, 188px\" \/><\/a><\/p>\n<h5>Blog : <a href=\"https:\/\/micterleather.com\/de\/wie-man-ledermoebel-repariert-micter\/\">Comment r\u00e9parer des meubles en cuir ? \u2013 Micter<\/a><\/h5>","protected":false},"featured_media":2717,"template":"","meta":{"_uag_custom_page_level_css":"","site-sidebar-layout":"default","site-content-layout":"","ast-site-content-layout":"default","site-content-style":"default","site-sidebar-style":"default","ast-global-header-display":"","ast-banner-title-visibility":"","ast-main-header-display":"","ast-hfb-above-header-display":"","ast-hfb-below-header-display":"","ast-hfb-mobile-header-display":"","site-post-title":"","ast-breadcrumbs-content":"","ast-featured-img":"","footer-sml-layout":"","ast-disable-related-posts":"","theme-transparent-header-meta":"default","adv-header-id-meta":"","stick-header-meta":"","header-above-stick-meta":"","header-main-stick-meta":"","header-below-stick-meta":"","astra-migrate-meta-layouts":"set","ast-page-background-enabled":"default","ast-page-background-meta":{"desktop":{"background-color":"","background-image":"","background-repeat":"repeat","background-position":"center center","background-size":"auto","background-attachment":"scroll","background-type":"","background-media":"","overlay-type":"","overlay-color":"","overlay-opacity":"","overlay-gradient":""},"tablet":{"background-color":"","background-image":"","background-repeat":"repeat","background-position":"center center","background-size":"auto","background-attachment":"scroll","background-type":"","background-media":"","overlay-type":"","overlay-color":"","overlay-opacity":"","overlay-gradient":""},"mobile":{"background-color":"","background-image":"","background-repeat":"repeat","background-position":"center center","background-size":"auto","background-attachment":"scroll","background-type":"","background-media":"","overlay-type":"","overlay-color":"","overlay-opacity":"","overlay-gradient":""}},"ast-content-background-meta":{"desktop":{"background-color":"var(--ast-global-color-5)","background-image":"","background-repeat":"repeat","background-position":"center center","background-size":"auto","background-attachment":"scroll","background-type":"","background-media":"","overlay-type":"","overlay-color":"","overlay-opacity":"","overlay-gradient":""},"tablet":{"background-color":"var(--ast-global-color-5)","background-image":"","background-repeat":"repeat","background-position":"center center","background-size":"auto","background-attachment":"scroll","background-type":"","background-media":"","overlay-type":"","overlay-color":"","overlay-opacity":"","overlay-gradient":""},"mobile":{"background-color":"var(--ast-global-color-5)","background-image":"","background-repeat":"repeat","background-position":"center center","background-size":"auto","background-attachment":"scroll","background-type":"","background-media":"","overlay-type":"","overlay-color":"","overlay-opacity":"","overlay-gradient":""}}},"product_brand":[],"product_cat":[15],"product_tag":[],"class_list":{"0":"post-3215","1":"product","2":"type-product","3":"status-publish","4":"has-post-thumbnail","6":"product_cat-uncategorized","7":"desktop-align-left","8":"tablet-align-left","9":"mobile-align-left","11":"first","12":"instock","13":"sale","14":"featured","15":"shipping-taxable","16":"purchasable","17":"product-type-variable","18":"has-default-attributes"},"uagb_featured_image_src":{"full":["https:\/\/micterleather.com\/wp-content\/uploads\/2025\/07\/black-15.webp",661,687,false],"thumbnail":["https:\/\/micterleather.com\/wp-content\/uploads\/2025\/07\/black-15-150x150.webp",150,150,true],"medium":["https:\/\/micterleather.com\/wp-content\/uploads\/2025\/07\/black-15-289x300.webp",289,300,true],"medium_large":["https:\/\/micterleather.com\/wp-content\/uploads\/2025\/07\/black-15.webp",661,687,false],"large":["https:\/\/micterleather.com\/wp-content\/uploads\/2025\/07\/black-15.webp",661,687,false],"1536x1536":["https:\/\/micterleather.com\/wp-content\/uploads\/2025\/07\/black-15.webp",661,687,false],"2048x2048":["https:\/\/micterleather.com\/wp-content\/uploads\/2025\/07\/black-15.webp",661,687,false],"trp-custom-language-flag":["https:\/\/micterleather.com\/wp-content\/uploads\/2025\/07\/black-15.webp",12,12,false],"woocommerce_thumbnail":["https:\/\/micterleather.com\/wp-content\/uploads\/2025\/07\/black-15-300x300.webp",300,300,true],"woocommerce_single":["https:\/\/micterleather.com\/wp-content\/uploads\/2025\/07\/black-15-600x624.webp",600,624,true],"woocommerce_gallery_thumbnail":["https:\/\/micterleather.com\/wp-content\/uploads\/2025\/07\/black-15-100x100.webp",100,100,true]},"uagb_author_info":{"display_name":"micter","author_link":"https:\/\/micterleather.com\/fr\/author\/"},"uagb_comment_info":0,"uagb_excerpt":"Sie finden unser Leder auch auf Amazon. Blog: Wie man Lederm\u00f6bel repariert ? - Micter","_links":{"self":[{"href":"https:\/\/micterleather.com\/fr\/wp-json\/wp\/v2\/product\/3215","targetHints":{"allow":["GET"]}}],"collection":[{"href":"https:\/\/micterleather.com\/fr\/wp-json\/wp\/v2\/product"}],"about":[{"href":"https:\/\/micterleather.com\/fr\/wp-json\/wp\/v2\/types\/product"}],"wp:featuredmedia":[{"embeddable":true,"href":"https:\/\/micterleather.com\/fr\/wp-json\/wp\/v2\/media\/2717"}],"wp:attachment":[{"href":"https:\/\/micterleather.com\/fr\/wp-json\/wp\/v2\/media?parent=3215"}],"wp:term":[{"taxonomy":"product_brand","embeddable":true,"href":"https:\/\/micterleather.com\/fr\/wp-json\/wp\/v2\/product_brand?post=3215"},{"taxonomy":"product_cat","embeddable":true,"href":"https:\/\/micterleather.com\/fr\/wp-json\/wp\/v2\/product_cat?post=3215"},{"taxonomy":"product_tag","embeddable":true,"href":"https:\/\/micterleather.com\/fr\/wp-json\/wp\/v2\/product_tag?post=3215"}],"curies":[{"name":"wp","href":"https:\/\/api.w.org\/{rel}","templated":true}]}}