{"id":3094,"date":"2025-07-20T07:35:45","date_gmt":"2025-07-20T07:35:45","guid":{"rendered":"https:\/\/micterleather.com\/?post_type=product&#038;p=3094"},"modified":"2025-09-03T01:51:07","modified_gmt":"2025-09-03T01:51:07","slug":"patch-de-reparation-en-cuir","status":"publish","type":"product","link":"https:\/\/micterleather.com\/fr\/produit\/uncategorized\/patch-de-reparation-en-cuir\/","title":{"rendered":"Patch de R\u00e9paration en Cuir"},"content":{"rendered":"<h3 data-start=\"544\" data-end=\"659\"><strong data-start=\"553\" data-end=\"659\">Patch cuir autocollant \u2013 la solution id\u00e9ale pour r\u00e9parer et redonner vie \u00e0 tous vos articles en cuir !<\/strong><\/h3>\n<p data-start=\"661\" data-end=\"876\">Que ce soit pour restaurer un si\u00e8ge \u00e0 la maison, r\u00e9nover un canap\u00e9 en cuir, r\u00e9parer un si\u00e8ge auto ou m\u00eame retoucher un article en similicuir, notre <strong data-start=\"809\" data-end=\"842\">patch de r\u00e9paration universel<\/strong> s\u2019adapte \u00e0 toutes les situations.<\/p>\n<div style=\"display: flex; flex-wrap: wrap;\">\n<div style=\"flex: 1 1 50%; min-width: 300px; padding: 10px;\">\n<div style=\"width: 1080px;\" class=\"wp-video\"><video class=\"wp-video-shortcode\" id=\"video-3094-1\" width=\"1080\" height=\"1080\" loop autoplay preload=\"auto\" controls=\"controls\"><source type=\"video\/mp4\" src=\"https:\/\/micterleather.com\/wp-content\/uploads\/2025\/06\/micter-strong-stickiness.mp4?_=1\" \/><a href=\"https:\/\/micterleather.com\/wp-content\/uploads\/2025\/06\/micter-strong-stickiness.mp4\">https:\/\/micterleather.com\/wp-content\/uploads\/2025\/06\/micter-strong-stickiness.mp4<\/a><\/video><\/div>\n<\/div>\n<div style=\"flex: 1 1 50%; min-width: 300px; padding: 10px;\">\n<h4 data-start=\"878\" data-end=\"1058\">\ud83d\udccc <strong data-start=\"881\" data-end=\"909\">Adh\u00e9rence exceptionnelle<\/strong><\/h4>\n<h4 data-start=\"878\" data-end=\"1058\">\ud83c\udf0a <strong data-start=\"913\" data-end=\"934\">R\u00e9sistant \u00e0 l\u2019eau<\/strong><\/h4>\n<h4 data-start=\"878\" data-end=\"1058\">\ud83d\udee1\ufe0f <strong data-start=\"939\" data-end=\"964\">R\u00e9sistant aux rayures<\/strong><\/h4>\n<h4 data-start=\"878\" data-end=\"1058\">\u2702\ufe0f <strong data-start=\"970\" data-end=\"991\">Facile \u00e0 d\u00e9couper<\/strong><\/h4>\n<h4 data-start=\"878\" data-end=\"1058\">\ud83d\udee0\ufe0f <strong data-start=\"996\" data-end=\"1026\">Pratique pour le bricolage<\/strong><\/h4>\n<h4 data-start=\"878\" data-end=\"1058\">\ud83d\udecb\ufe0f <strong data-start=\"1031\" data-end=\"1058\">Application universelle<\/strong><\/h4>\n<\/div>\n<\/div>\n<div style=\"display: flex; flex-wrap: wrap;\">\n<div style=\"flex: 1 1 50%; min-width: 300px; padding: 10px;\">\n<h3><strong>Transformez vos surfaces en quelques secondes<\/strong><\/h3>\n<h5>Que ce soit pour un canap\u00e9, une selle ou un si\u00e8ge de voiture, nos patchs redonnent vie aux surfaces fatigu\u00e9es.<br \/>\nFaciles \u00e0 appliquer, r\u00e9sistants et esth\u00e9tiques, ils vous offrent une solution durable et accessible.<br \/>\nR\u00e9parez aujourd\u2019hui, profitez longtemps.<\/h5>\n<\/div>\n<h3 style=\"flex: 1 1 50%; min-width: 300px; padding: 10px;\"><div class=\"coca-bais-shortcode shortcode-2147\"><div class=\"shortcode-container\"><div class=\"coca-bais-container\" id=\"shortcode-2147\" data-settings=\"{&quot;orientation&quot;:&quot;horizontal&quot;,&quot;move_slider_on_hover&quot;:false,&quot;move_with_handle_only&quot;:true,&quot;click_to_move&quot;:true,&quot;no_overlay&quot;:false,&quot;show_labels&quot;:&quot;1&quot;,&quot;before_label&quot;:&quot;Before&quot;,&quot;after_label&quot;:&quot;After&quot;}\" style=\"opacity: 0; max-width: 100%;\"><img loading=\"lazy\" decoding=\"async\" width=\"1080\" height=\"1080\" src=\"https:\/\/micterleather.com\/wp-content\/uploads\/2025\/06\/Micter-simili-cuir-autocollant-avant.webp\" class=\"attachment-full size-full coca-bais-image coca-image-compare-before\" alt=\"\" \/><img loading=\"lazy\" decoding=\"async\" width=\"1080\" height=\"1080\" src=\"https:\/\/micterleather.com\/wp-content\/uploads\/2025\/06\/Micter-simili-cuir-autocollant-apres.webp\" class=\"attachment-full size-full coca-bais-image coca-image-compare-after\" alt=\"\" \/><\/div><\/div><\/div><\/h3>\n<\/div>\n<h5 data-start=\"878\" data-end=\"1058\"><img loading=\"lazy\" decoding=\"async\" class=\"alignnone wp-image-2332\" src=\"https:\/\/micterleather.com\/wp-content\/uploads\/2025\/06\/Simili-cuir-autocollant-Micter-1-300x123.webp\" alt=\"\" width=\"1080\" height=\"443\" srcset=\"https:\/\/micterleather.com\/wp-content\/uploads\/2025\/06\/Simili-cuir-autocollant-Micter-1-300x123.webp 300w, https:\/\/micterleather.com\/wp-content\/uploads\/2025\/06\/Simili-cuir-autocollant-Micter-1-1024x420.webp 1024w, https:\/\/micterleather.com\/wp-content\/uploads\/2025\/06\/Simili-cuir-autocollant-Micter-1-768x315.webp 768w, https:\/\/micterleather.com\/wp-content\/uploads\/2025\/06\/Simili-cuir-autocollant-Micter-1-1536x630.webp 1536w, https:\/\/micterleather.com\/wp-content\/uploads\/2025\/06\/Simili-cuir-autocollant-Micter-1-2048x839.webp 2048w, https:\/\/micterleather.com\/wp-content\/uploads\/2025\/06\/Simili-cuir-autocollant-Micter-1-600x246.webp 600w\" sizes=\"auto, (max-width: 1080px) 100vw, 1080px\" \/> <img loading=\"lazy\" decoding=\"async\" class=\"alignnone wp-image-2322\" src=\"https:\/\/micterleather.com\/wp-content\/uploads\/2025\/06\/Patch-Cuir-Autocollant-MICTER-300x123.webp\" alt=\"\" width=\"1080\" height=\"443\" srcset=\"https:\/\/micterleather.com\/wp-content\/uploads\/2025\/06\/Patch-Cuir-Autocollant-MICTER-300x123.webp 300w, https:\/\/micterleather.com\/wp-content\/uploads\/2025\/06\/Patch-Cuir-Autocollant-MICTER-1024x420.webp 1024w, https:\/\/micterleather.com\/wp-content\/uploads\/2025\/06\/Patch-Cuir-Autocollant-MICTER-768x315.webp 768w, https:\/\/micterleather.com\/wp-content\/uploads\/2025\/06\/Patch-Cuir-Autocollant-MICTER-1536x630.webp 1536w, https:\/\/micterleather.com\/wp-content\/uploads\/2025\/06\/Patch-Cuir-Autocollant-MICTER-2048x839.webp 2048w, https:\/\/micterleather.com\/wp-content\/uploads\/2025\/06\/Patch-Cuir-Autocollant-MICTER-600x246.webp 600w\" sizes=\"auto, (max-width: 1080px) 100vw, 1080px\" \/> <img loading=\"lazy\" decoding=\"async\" class=\"alignnone wp-image-2324\" src=\"https:\/\/micterleather.com\/wp-content\/uploads\/2025\/06\/Micter-simili-cuir-autocollant--300x123.webp\" alt=\"\" width=\"1080\" height=\"443\" srcset=\"https:\/\/micterleather.com\/wp-content\/uploads\/2025\/06\/Micter-simili-cuir-autocollant--300x123.webp 300w, https:\/\/micterleather.com\/wp-content\/uploads\/2025\/06\/Micter-simili-cuir-autocollant--1024x420.webp 1024w, https:\/\/micterleather.com\/wp-content\/uploads\/2025\/06\/Micter-simili-cuir-autocollant--768x315.webp 768w, https:\/\/micterleather.com\/wp-content\/uploads\/2025\/06\/Micter-simili-cuir-autocollant--1536x630.webp 1536w, https:\/\/micterleather.com\/wp-content\/uploads\/2025\/06\/Micter-simili-cuir-autocollant--2048x839.webp 2048w, https:\/\/micterleather.com\/wp-content\/uploads\/2025\/06\/Micter-simili-cuir-autocollant--600x246.webp 600w\" sizes=\"auto, (max-width: 1080px) 100vw, 1080px\" \/> <img loading=\"lazy\" decoding=\"async\" class=\"alignnone wp-image-2321\" src=\"https:\/\/micterleather.com\/wp-content\/uploads\/2025\/06\/Micter-Patch-Cuir-Autocollant-300x123.webp\" alt=\"\" width=\"1080\" height=\"443\" srcset=\"https:\/\/micterleather.com\/wp-content\/uploads\/2025\/06\/Micter-Patch-Cuir-Autocollant-300x123.webp 300w, https:\/\/micterleather.com\/wp-content\/uploads\/2025\/06\/Micter-Patch-Cuir-Autocollant-1024x420.webp 1024w, https:\/\/micterleather.com\/wp-content\/uploads\/2025\/06\/Micter-Patch-Cuir-Autocollant-768x315.webp 768w, https:\/\/micterleather.com\/wp-content\/uploads\/2025\/06\/Micter-Patch-Cuir-Autocollant-1536x630.webp 1536w, https:\/\/micterleather.com\/wp-content\/uploads\/2025\/06\/Micter-Patch-Cuir-Autocollant-2048x839.webp 2048w, https:\/\/micterleather.com\/wp-content\/uploads\/2025\/06\/Micter-Patch-Cuir-Autocollant-600x246.webp 600w\" sizes=\"auto, (max-width: 1080px) 100vw, 1080px\" \/> <img loading=\"lazy\" decoding=\"async\" class=\"alignnone wp-image-2320\" src=\"https:\/\/micterleather.com\/wp-content\/uploads\/2025\/06\/Micter-Patch-cuir-auto-adhesif-renovation-300x123.webp\" alt=\"\" width=\"1080\" height=\"443\" srcset=\"https:\/\/micterleather.com\/wp-content\/uploads\/2025\/06\/Micter-Patch-cuir-auto-adhesif-renovation-300x123.webp 300w, https:\/\/micterleather.com\/wp-content\/uploads\/2025\/06\/Micter-Patch-cuir-auto-adhesif-renovation-1024x420.webp 1024w, https:\/\/micterleather.com\/wp-content\/uploads\/2025\/06\/Micter-Patch-cuir-auto-adhesif-renovation-768x315.webp 768w, https:\/\/micterleather.com\/wp-content\/uploads\/2025\/06\/Micter-Patch-cuir-auto-adhesif-renovation-1536x630.webp 1536w, https:\/\/micterleather.com\/wp-content\/uploads\/2025\/06\/Micter-Patch-cuir-auto-adhesif-renovation-2048x839.webp 2048w, https:\/\/micterleather.com\/wp-content\/uploads\/2025\/06\/Micter-Patch-cuir-auto-adhesif-renovation-600x246.webp 600w\" sizes=\"auto, (max-width: 1080px) 100vw, 1080px\" \/> <img loading=\"lazy\" decoding=\"async\" class=\"alignnone wp-image-2340\" src=\"https:\/\/micterleather.com\/wp-content\/uploads\/2025\/06\/patch-reparation-cuir-Micter--300x123.webp\" alt=\"\" width=\"1080\" height=\"443\" srcset=\"https:\/\/micterleather.com\/wp-content\/uploads\/2025\/06\/patch-reparation-cuir-Micter--300x123.webp 300w, https:\/\/micterleather.com\/wp-content\/uploads\/2025\/06\/patch-reparation-cuir-Micter--1024x420.webp 1024w, https:\/\/micterleather.com\/wp-content\/uploads\/2025\/06\/patch-reparation-cuir-Micter--768x315.webp 768w, https:\/\/micterleather.com\/wp-content\/uploads\/2025\/06\/patch-reparation-cuir-Micter--1536x630.webp 1536w, https:\/\/micterleather.com\/wp-content\/uploads\/2025\/06\/patch-reparation-cuir-Micter--2048x839.webp 2048w, https:\/\/micterleather.com\/wp-content\/uploads\/2025\/06\/patch-reparation-cuir-Micter--600x246.webp 600w\" sizes=\"auto, (max-width: 1080px) 100vw, 1080px\" \/><\/h5>","protected":false},"excerpt":{"rendered":"<h6 class=\"uagb-heading-text\">Plus de 2000 clients satisfaits \u2013 D\u00e9couvrez notre boutique officielle Amazon.<\/h6>\n<p><a href=\"https:\/\/www.amazon.fr\/dp\/B0BX5Z6VLK?maas=maas_adg_FB277F10A117FC1AF27FDC7B7EAF82B8_afap_abs&amp;ref_=aa_maas&amp;tag=maas\"><img loading=\"lazy\" decoding=\"async\" class=\"alignnone wp-image-2355\" src=\"https:\/\/micterleather.com\/wp-content\/uploads\/2025\/06\/Micter-shop-on-amazon--300x99.webp\" alt=\"\" width=\"185\" height=\"61\" srcset=\"https:\/\/micterleather.com\/wp-content\/uploads\/2025\/06\/Micter-shop-on-amazon--300x99.webp 300w, https:\/\/micterleather.com\/wp-content\/uploads\/2025\/06\/Micter-shop-on-amazon--1024x336.webp 1024w, https:\/\/micterleather.com\/wp-content\/uploads\/2025\/06\/Micter-shop-on-amazon--768x252.webp 768w, https:\/\/micterleather.com\/wp-content\/uploads\/2025\/06\/Micter-shop-on-amazon--600x197.webp 600w, https:\/\/micterleather.com\/wp-content\/uploads\/2025\/06\/Micter-shop-on-amazon-.webp 1400w\" sizes=\"auto, (max-width: 185px) 100vw, 185px\" \/><\/a><\/p>\n<h5>Blog : <a href=\"https:\/\/micterleather.com\/fr\/comment-reparer-des-meubles-en-cuir-micter\/\">Comment r\u00e9parer des meubles en cuir ? \u2013 Micter<\/a><\/h5>","protected":false},"featured_media":2261,"template":"","meta":{"_uag_custom_page_level_css":"","site-sidebar-layout":"default","site-content-layout":"","ast-site-content-layout":"default","site-content-style":"default","site-sidebar-style":"default","ast-global-header-display":"","ast-banner-title-visibility":"","ast-main-header-display":"","ast-hfb-above-header-display":"","ast-hfb-below-header-display":"","ast-hfb-mobile-header-display":"","site-post-title":"","ast-breadcrumbs-content":"","ast-featured-img":"","footer-sml-layout":"","ast-disable-related-posts":"","theme-transparent-header-meta":"default","adv-header-id-meta":"","stick-header-meta":"","header-above-stick-meta":"","header-main-stick-meta":"","header-below-stick-meta":"","astra-migrate-meta-layouts":"set","ast-page-background-enabled":"default","ast-page-background-meta":{"desktop":{"background-color":"","background-image":"","background-repeat":"repeat","background-position":"center center","background-size":"auto","background-attachment":"scroll","background-type":"","background-media":"","overlay-type":"","overlay-color":"","overlay-opacity":"","overlay-gradient":""},"tablet":{"background-color":"","background-image":"","background-repeat":"repeat","background-position":"center center","background-size":"auto","background-attachment":"scroll","background-type":"","background-media":"","overlay-type":"","overlay-color":"","overlay-opacity":"","overlay-gradient":""},"mobile":{"background-color":"","background-image":"","background-repeat":"repeat","background-position":"center center","background-size":"auto","background-attachment":"scroll","background-type":"","background-media":"","overlay-type":"","overlay-color":"","overlay-opacity":"","overlay-gradient":""}},"ast-content-background-meta":{"desktop":{"background-color":"var(--ast-global-color-5)","background-image":"","background-repeat":"repeat","background-position":"center center","background-size":"auto","background-attachment":"scroll","background-type":"","background-media":"","overlay-type":"","overlay-color":"","overlay-opacity":"","overlay-gradient":""},"tablet":{"background-color":"var(--ast-global-color-5)","background-image":"","background-repeat":"repeat","background-position":"center center","background-size":"auto","background-attachment":"scroll","background-type":"","background-media":"","overlay-type":"","overlay-color":"","overlay-opacity":"","overlay-gradient":""},"mobile":{"background-color":"var(--ast-global-color-5)","background-image":"","background-repeat":"repeat","background-position":"center center","background-size":"auto","background-attachment":"scroll","background-type":"","background-media":"","overlay-type":"","overlay-color":"","overlay-opacity":"","overlay-gradient":""}}},"product_brand":[],"product_cat":[15],"product_tag":[],"class_list":{"0":"post-3094","1":"product","2":"type-product","3":"status-publish","4":"has-post-thumbnail","6":"product_cat-uncategorized","7":"desktop-align-left","8":"tablet-align-left","9":"mobile-align-left","11":"first","12":"instock","13":"sale","14":"shipping-taxable","15":"purchasable","16":"product-type-variable","17":"has-default-attributes"},"uagb_featured_image_src":{"full":["https:\/\/micterleather.com\/wp-content\/uploads\/2025\/06\/Brun-Rouge-1.webp",2000,2000,false],"thumbnail":["https:\/\/micterleather.com\/wp-content\/uploads\/2025\/06\/Brun-Rouge-1-150x150.webp",150,150,true],"medium":["https:\/\/micterleather.com\/wp-content\/uploads\/2025\/06\/Brun-Rouge-1-300x300.webp",300,300,true],"medium_large":["https:\/\/micterleather.com\/wp-content\/uploads\/2025\/06\/Brun-Rouge-1-768x768.webp",768,768,true],"large":["https:\/\/micterleather.com\/wp-content\/uploads\/2025\/06\/Brun-Rouge-1-1024x1024.webp",1024,1024,true],"1536x1536":["https:\/\/micterleather.com\/wp-content\/uploads\/2025\/06\/Brun-Rouge-1-1536x1536.webp",1536,1536,true],"2048x2048":["https:\/\/micterleather.com\/wp-content\/uploads\/2025\/06\/Brun-Rouge-1.webp",2000,2000,false],"trp-custom-language-flag":["https:\/\/micterleather.com\/wp-content\/uploads\/2025\/06\/Brun-Rouge-1.webp",12,12,false],"woocommerce_thumbnail":["https:\/\/micterleather.com\/wp-content\/uploads\/2025\/06\/Brun-Rouge-1-300x300.webp",300,300,true],"woocommerce_single":["https:\/\/micterleather.com\/wp-content\/uploads\/2025\/06\/Brun-Rouge-1-600x600.webp",600,600,true],"woocommerce_gallery_thumbnail":["https:\/\/micterleather.com\/wp-content\/uploads\/2025\/06\/Brun-Rouge-1-100x100.webp",100,100,true]},"uagb_author_info":{"display_name":"micter","author_link":"https:\/\/micterleather.com\/fr\/author\/"},"uagb_comment_info":0,"uagb_excerpt":"Plus de 2000 clients satisfaits \u2013 D\u00e9couvrez notre boutique officielle Amazon. Blog: Comment r\u00e9parer des meubles en cuir ? - Micter","_links":{"self":[{"href":"https:\/\/micterleather.com\/fr\/wp-json\/wp\/v2\/product\/3094","targetHints":{"allow":["GET"]}}],"collection":[{"href":"https:\/\/micterleather.com\/fr\/wp-json\/wp\/v2\/product"}],"about":[{"href":"https:\/\/micterleather.com\/fr\/wp-json\/wp\/v2\/types\/product"}],"wp:featuredmedia":[{"embeddable":true,"href":"https:\/\/micterleather.com\/fr\/wp-json\/wp\/v2\/media\/2261"}],"wp:attachment":[{"href":"https:\/\/micterleather.com\/fr\/wp-json\/wp\/v2\/media?parent=3094"}],"wp:term":[{"taxonomy":"product_brand","embeddable":true,"href":"https:\/\/micterleather.com\/fr\/wp-json\/wp\/v2\/product_brand?post=3094"},{"taxonomy":"product_cat","embeddable":true,"href":"https:\/\/micterleather.com\/fr\/wp-json\/wp\/v2\/product_cat?post=3094"},{"taxonomy":"product_tag","embeddable":true,"href":"https:\/\/micterleather.com\/fr\/wp-json\/wp\/v2\/product_tag?post=3094"}],"curies":[{"name":"wp","href":"https:\/\/api.w.org\/{rel}","templated":true}]}}