{"id":2692,"date":"2025-07-30T07:56:48","date_gmt":"2025-07-30T07:56:48","guid":{"rendered":"https:\/\/micterleather.com\/?post_type=product&#038;p=2692"},"modified":"2025-08-28T16:18:41","modified_gmt":"2025-08-28T16:18:41","slug":"self-adhesive-leather-patch-1","status":"publish","type":"product","link":"https:\/\/micterleather.com\/fr\/produit\/leather-repair-patch\/self-adhesive-leather-patch-1\/","title":{"rendered":"Patch en cuir auto-adh\u00e9sif 1"},"content":{"rendered":"<h4>Description du produit :<\/h4>\n<ul>\n<li class=\"my-0\"><strong>Excellent patch de r\u00e9paration en cuir :<\/strong>\u00a0Fabriqu\u00e9 \u00e0 partir de cuir premium, \u00e9pais et flexible, ce patch de r\u00e9paration est doux au toucher et offre des performances exceptionnelles. L\u2019adh\u00e9sif puissant assure des r\u00e9parations rapides et efficaces, renouvelant instantan\u00e9ment des meubles en cuir co\u00fbteux et des si\u00e8ges de voiture. Le mat\u00e9riau de haute qualit\u00e9 est r\u00e9sistant aux rayures, \u00e9tanche et facile \u00e0 nettoyer, ce qui en fait une solution fiable pour r\u00e9parer les d\u00e9chirures dans le rembourrage en cuir.<\/li>\n<li class=\"my-0\"><strong>Patch de r\u00e9paration en ruban cuir :<\/strong>\u00a0Mesure 15 x 300 cm, ce patch auto-adh\u00e9sif est parfait pour les petites r\u00e9parations et la couverture compl\u00e8te, redonnant aux objets leur apparence presque neuve. Il peut \u00eatre facilement d\u00e9coup\u00e9 \u00e0 n\u2019importe quelle taille ou motif, permettant des projets DIY personnalis\u00e9s et des designs sur mesure. \u00c9conomisez de l\u2019argent en revitalisant de vieux meubles plut\u00f4t que de les remplacer.<\/li>\n<li class=\"my-0\"><strong>Facile \u00e0 utiliser et adh\u00e9rence forte :<\/strong>\u00a0Fabriqu\u00e9 \u00e0 partir de mat\u00e9riaux \u00e9cologiques et sans odeur, notre cuir faux auto-adh\u00e9sif utilise un adh\u00e9sif de haute viscosit\u00e9, offrant une puissance d\u2019adh\u00e9rence sup\u00e9rieure par rapport aux patches de r\u00e9paration en vinyle traditionnels. Il reste fermement en place, vous n\u2019avez donc pas \u00e0 vous inqui\u00e9ter qu\u2019il se d\u00e9colle ou s\u2019enl\u00e8ve facilement \u2014 en faisant un choix id\u00e9al pour r\u00e9parer toutes sortes d\u2019articles en cuir.<\/li>\n<li class=\"my-0\"><strong>Facile \u00e0 utiliser :<\/strong>\u00a0L\u2019application est simple et sans outil \u2014 il suffit de d\u00e9coller et de coller ! Pas de temps d\u2019attente suppl\u00e9mentaire et pas besoin d\u2019outils suppl\u00e9mentaires. Il adh\u00e8re solidement, couvrant efficacement les fissures, trous, br\u00fblures, rayures et autres imperfections. Renouvelez instantan\u00e9ment votre espace ou rafra\u00eechissez de vieux meubles, prolongeant la vie de vos articles de la mani\u00e8re la plus simple qui soit.<\/li>\n<\/ul>\n<p><img loading=\"lazy\" decoding=\"async\" class=\"alignnone wp-image-2802\" src=\"https:\/\/micterleather.com\/wp-content\/uploads\/2025\/07\/seld-adhesive_repair_patch__A__1-300x186.webp\" alt=\"\" width=\"1079\" height=\"669\" srcset=\"https:\/\/micterleather.com\/wp-content\/uploads\/2025\/07\/seld-adhesive_repair_patch__A__1-300x186.webp 300w, https:\/\/micterleather.com\/wp-content\/uploads\/2025\/07\/seld-adhesive_repair_patch__A__1-768x475.webp 768w, https:\/\/micterleather.com\/wp-content\/uploads\/2025\/07\/seld-adhesive_repair_patch__A__1-600x371.webp 600w, https:\/\/micterleather.com\/wp-content\/uploads\/2025\/07\/seld-adhesive_repair_patch__A__1.webp 970w\" sizes=\"auto, (max-width: 1079px) 100vw, 1079px\" \/><\/p>\n<h4><strong>MICTER adh\u00e9sif cuir r\u00e9paration canap\u00e9<\/strong><\/h4>\n<p>Le cuir est largement utilis\u00e9 dans notre vie quotidienne et est g\u00e9n\u00e9ralement assez robuste et durable. Mais avec le temps, il est susceptible de divers d\u00e9g\u00e2ts, tels que rayures d\u2019animaux, br\u00fblures de cigarette, fissures ou d\u00e9coloration due \u00e0 une utilisation prolong\u00e9e. Vous cherchez un moyen instantan\u00e9 et efficace de r\u00e9parer votre cuir endommag\u00e9 ? Le kit de r\u00e9paration en cuir MICTER peut vous aider \u00e0 r\u00e9soudre n\u2019importe quel probl\u00e8me de cuir avec facilit\u00e9.<\/p>\n<p><img loading=\"lazy\" decoding=\"async\" class=\"alignnone wp-image-2803\" src=\"https:\/\/micterleather.com\/wp-content\/uploads\/2025\/07\/seld-adhesive_repair_patch__A__2-300x186.webp\" alt=\"\" width=\"1081\" height=\"670\" srcset=\"https:\/\/micterleather.com\/wp-content\/uploads\/2025\/07\/seld-adhesive_repair_patch__A__2-300x186.webp 300w, https:\/\/micterleather.com\/wp-content\/uploads\/2025\/07\/seld-adhesive_repair_patch__A__2-768x475.webp 768w, https:\/\/micterleather.com\/wp-content\/uploads\/2025\/07\/seld-adhesive_repair_patch__A__2-600x371.webp 600w, https:\/\/micterleather.com\/wp-content\/uploads\/2025\/07\/seld-adhesive_repair_patch__A__2.webp 970w\" sizes=\"auto, (max-width: 1081px) 100vw, 1081px\" \/><\/p>\n<h4><strong>Cuit adh\u00e9sif de haute qualit\u00e9<\/strong><\/h4>\n<p>Ruban de r\u00e9paration en cuir fabriqu\u00e9 \u00e0 partir de cuir de haute qualit\u00e9 et durable. La surface du cuir est d\u00e9cor\u00e9e d\u2019un motif litchi. Classique et esth\u00e9tique. Disponible en une vari\u00e9t\u00e9 de tailles, vous pouvez couvrir compl\u00e8tement les zones endommag\u00e9es pour leur donner l\u2019apparence du neuf. Vous pouvez aussi le d\u00e9couper \u00e0 la forme et \u00e0 la taille dont vous avez besoin. Ce patch de r\u00e9novation en cuir auto-adh\u00e9sif est une solution id\u00e9ale pour la r\u00e9paration de meubles, la r\u00e9paration de si\u00e8ges de voiture, la r\u00e9novation de meubles, le DIY, la r\u00e9paration de sols et plus encore.<\/p>\n<p><img loading=\"lazy\" decoding=\"async\" class=\"alignnone wp-image-2804\" src=\"https:\/\/micterleather.com\/wp-content\/uploads\/2025\/07\/seld-adhesive_repair_patch__A__3-300x186.webp\" alt=\"\" width=\"1081\" height=\"670\" srcset=\"https:\/\/micterleather.com\/wp-content\/uploads\/2025\/07\/seld-adhesive_repair_patch__A__3-300x186.webp 300w, https:\/\/micterleather.com\/wp-content\/uploads\/2025\/07\/seld-adhesive_repair_patch__A__3-768x475.webp 768w, https:\/\/micterleather.com\/wp-content\/uploads\/2025\/07\/seld-adhesive_repair_patch__A__3-600x371.webp 600w, https:\/\/micterleather.com\/wp-content\/uploads\/2025\/07\/seld-adhesive_repair_patch__A__3.webp 970w\" sizes=\"auto, (max-width: 1081px) 100vw, 1081px\" \/><\/p>\n<h4><strong>De nombreuses couleurs au choix<\/strong><\/h4>\n<p>Le patch en cuir auto-adh\u00e9sif est disponible en 12 couleurs classiques. Faites diff\u00e9rents choix selon vos besoins, ces couleurs riches peuvent vous aider \u00e0 r\u00e9parer parfaitement votre pi\u00e8ce de mobilier pr\u00e9f\u00e9r\u00e9e.<\/p>\n<h6><strong>Note : la couleur de la surface en cuir peut varier l\u00e9g\u00e8rement selon la lumi\u00e8re et les \u00e9crans.<\/strong><\/h6>\n<p><img loading=\"lazy\" decoding=\"async\" class=\"alignnone wp-image-2805\" src=\"https:\/\/micterleather.com\/wp-content\/uploads\/2025\/07\/seld-adhesive_repair_patch__A__4-300x186.webp\" alt=\"\" width=\"1079\" height=\"669\" srcset=\"https:\/\/micterleather.com\/wp-content\/uploads\/2025\/07\/seld-adhesive_repair_patch__A__4-300x186.webp 300w, https:\/\/micterleather.com\/wp-content\/uploads\/2025\/07\/seld-adhesive_repair_patch__A__4-768x475.webp 768w, https:\/\/micterleather.com\/wp-content\/uploads\/2025\/07\/seld-adhesive_repair_patch__A__4-600x371.webp 600w, https:\/\/micterleather.com\/wp-content\/uploads\/2025\/07\/seld-adhesive_repair_patch__A__4.webp 970w\" sizes=\"auto, (max-width: 1079px) 100vw, 1079px\" \/><\/p>\n<h4><strong>Facile \u00e0 utiliser<\/strong><\/h4>\n<p>Le patch de r\u00e9paration en cuir auto-adh\u00e9sif r\u00e9pare rapidement d\u00e9chirures, trous, br\u00fblures, rayures et autres d\u00e9fauts du cuir. Non seulement il peut restaurer de vieux meubles en cuir, mais c\u2019est aussi un bon choix \u00e0 utiliser comme film pour mobilier. Le patch en cuir auto-adh\u00e9sif s\u2019adapte bien \u00e0 une vari\u00e9t\u00e9 de surfaces d\u2019objets et est facile \u00e0 utiliser : 1. assurez-vous que la zone d\u00e9chir\u00e9e est propre et s\u00e8che 2. d\u00e9coupez la forme et la taille souhait\u00e9es. 3. collez fermement le patch en place, en appuyant fortement pour adh\u00e9rer solidement. Votre meuble aura un nouvel aspect.<\/p>\n<p><img loading=\"lazy\" decoding=\"async\" class=\"alignnone wp-image-2806\" src=\"https:\/\/micterleather.com\/wp-content\/uploads\/2025\/07\/seld-adhesive_repair_patch__A__5-300x186.webp\" alt=\"\" width=\"1081\" height=\"670\" srcset=\"https:\/\/micterleather.com\/wp-content\/uploads\/2025\/07\/seld-adhesive_repair_patch__A__5-300x186.webp 300w, https:\/\/micterleather.com\/wp-content\/uploads\/2025\/07\/seld-adhesive_repair_patch__A__5-768x475.webp 768w, https:\/\/micterleather.com\/wp-content\/uploads\/2025\/07\/seld-adhesive_repair_patch__A__5-600x371.webp 600w, https:\/\/micterleather.com\/wp-content\/uploads\/2025\/07\/seld-adhesive_repair_patch__A__5.webp 970w\" sizes=\"auto, (max-width: 1081px) 100vw, 1081px\" \/><\/p>\n<h4><strong>R\u00e9paration professionnelle et facile \u00e0 utiliser<\/strong><\/h4>\n<p>Le patch de r\u00e9paration en cuir MICTER convient \u00e0 une vari\u00e9t\u00e9 de r\u00e9parations telles que rayures, d\u00e9chirures, br\u00fblures, trous, peluches, taches, points et autres dommages. Et il est facile \u00e0 utiliser. Ce patch de r\u00e9paration en cuir ne n\u00e9cessite ni chaleur, ni repassage, ni outils, ni couture. Suivez simplement quatre \u00e9tapes : 1. Assurez-vous que la zone \u00e0 r\u00e9parer est propre et s\u00e8che. 2. D\u00e9coupez le patch en cuir \u00e0 la taille appropri\u00e9e. 3 : Retirez le papier de protection. 4 : Collez le patch sur la zone endommag\u00e9e et appuyez fermement pour le sauveur.<\/p>\n<p><img loading=\"lazy\" decoding=\"async\" class=\"alignnone wp-image-2807\" src=\"https:\/\/micterleather.com\/wp-content\/uploads\/2025\/07\/seld-adhesive_repair_patch__A__6-300x186.webp\" alt=\"\" width=\"1079\" height=\"669\" srcset=\"https:\/\/micterleather.com\/wp-content\/uploads\/2025\/07\/seld-adhesive_repair_patch__A__6-300x186.webp 300w, https:\/\/micterleather.com\/wp-content\/uploads\/2025\/07\/seld-adhesive_repair_patch__A__6-768x475.webp 768w, https:\/\/micterleather.com\/wp-content\/uploads\/2025\/07\/seld-adhesive_repair_patch__A__6-600x371.webp 600w, https:\/\/micterleather.com\/wp-content\/uploads\/2025\/07\/seld-adhesive_repair_patch__A__6.webp 970w\" sizes=\"auto, (max-width: 1079px) 100vw, 1079px\" \/><\/p>\n<h4><strong>Super application<\/strong><\/h4>\n<p>Patch en cuir auto-adh\u00e9sif offre une commodit\u00e9 de r\u00e9paration parfaite, adapt\u00e9 pour les meubles, canap\u00e9s, chaises, si\u00e8ges de voiture, sellerie automobile, tabourets d\u2019angle, tabourets de bar, coussins, \u00e9tuis de voyage et si\u00e8ges de moto.<\/p>","protected":false},"excerpt":{"rendered":"<h4>Informations sur le produit :<\/h4>\n<p>Mat\u00e9riau : Cuir<br \/>\nForme de l\u2019article : Bande<br \/>\nCaract\u00e9ristiques sp\u00e9ciales : R\u00e9sistant \u00e0 la chaleur, robuste, r\u00e9sistant \u00e0 l'eau<br \/>\nQuantit\u00e9 d'emballage de l'article\u00a0: 1<br \/>\nType de contenant : Tube<br \/>\nViscosit\u00e9 : Haut<\/p>\n<h5>Blog : <a href=\"https:\/\/micterleather.com\/fr\/how-to-repair-leather-furniture-micter\/\">Comment r\u00e9parer un meuble en cuir ? \u2013 Micter<\/a><\/h5>","protected":false},"featured_media":2717,"template":"","meta":{"_uag_custom_page_level_css":"","site-sidebar-layout":"default","site-content-layout":"","ast-site-content-layout":"default","site-content-style":"default","site-sidebar-style":"default","ast-global-header-display":"","ast-banner-title-visibility":"","ast-main-header-display":"","ast-hfb-above-header-display":"","ast-hfb-below-header-display":"","ast-hfb-mobile-header-display":"","site-post-title":"","ast-breadcrumbs-content":"","ast-featured-img":"","footer-sml-layout":"","ast-disable-related-posts":"","theme-transparent-header-meta":"default","adv-header-id-meta":"","stick-header-meta":"","header-above-stick-meta":"","header-main-stick-meta":"","header-below-stick-meta":"","astra-migrate-meta-layouts":"set","ast-page-background-enabled":"default","ast-page-background-meta":{"desktop":{"background-color":"","background-image":"","background-repeat":"repeat","background-position":"center center","background-size":"auto","background-attachment":"scroll","background-type":"","background-media":"","overlay-type":"","overlay-color":"","overlay-opacity":"","overlay-gradient":""},"tablet":{"background-color":"","background-image":"","background-repeat":"repeat","background-position":"center center","background-size":"auto","background-attachment":"scroll","background-type":"","background-media":"","overlay-type":"","overlay-color":"","overlay-opacity":"","overlay-gradient":""},"mobile":{"background-color":"","background-image":"","background-repeat":"repeat","background-position":"center center","background-size":"auto","background-attachment":"scroll","background-type":"","background-media":"","overlay-type":"","overlay-color":"","overlay-opacity":"","overlay-gradient":""}},"ast-content-background-meta":{"desktop":{"background-color":"var(--ast-global-color-5)","background-image":"","background-repeat":"repeat","background-position":"center center","background-size":"auto","background-attachment":"scroll","background-type":"","background-media":"","overlay-type":"","overlay-color":"","overlay-opacity":"","overlay-gradient":""},"tablet":{"background-color":"var(--ast-global-color-5)","background-image":"","background-repeat":"repeat","background-position":"center center","background-size":"auto","background-attachment":"scroll","background-type":"","background-media":"","overlay-type":"","overlay-color":"","overlay-opacity":"","overlay-gradient":""},"mobile":{"background-color":"var(--ast-global-color-5)","background-image":"","background-repeat":"repeat","background-position":"center center","background-size":"auto","background-attachment":"scroll","background-type":"","background-media":"","overlay-type":"","overlay-color":"","overlay-opacity":"","overlay-gradient":""}}},"product_brand":[],"product_cat":[248],"product_tag":[],"class_list":{"0":"post-2692","1":"product","2":"type-product","3":"status-publish","4":"has-post-thumbnail","6":"product_cat-leather-repair-patch","7":"desktop-align-left","8":"tablet-align-left","9":"mobile-align-left","11":"first","12":"instock","13":"sale","14":"featured","15":"shipping-taxable","16":"purchasable","17":"product-type-variable","18":"has-default-attributes"},"uagb_featured_image_src":{"full":["https:\/\/micterleather.com\/wp-content\/uploads\/2025\/07\/black-15.webp",661,687,false],"thumbnail":["https:\/\/micterleather.com\/wp-content\/uploads\/2025\/07\/black-15-150x150.webp",150,150,true],"medium":["https:\/\/micterleather.com\/wp-content\/uploads\/2025\/07\/black-15-289x300.webp",289,300,true],"medium_large":["https:\/\/micterleather.com\/wp-content\/uploads\/2025\/07\/black-15.webp",661,687,false],"large":["https:\/\/micterleather.com\/wp-content\/uploads\/2025\/07\/black-15.webp",661,687,false],"1536x1536":["https:\/\/micterleather.com\/wp-content\/uploads\/2025\/07\/black-15.webp",661,687,false],"2048x2048":["https:\/\/micterleather.com\/wp-content\/uploads\/2025\/07\/black-15.webp",661,687,false],"trp-custom-language-flag":["https:\/\/micterleather.com\/wp-content\/uploads\/2025\/07\/black-15.webp",12,12,false],"woocommerce_thumbnail":["https:\/\/micterleather.com\/wp-content\/uploads\/2025\/07\/black-15-300x300.webp",300,300,true],"woocommerce_single":["https:\/\/micterleather.com\/wp-content\/uploads\/2025\/07\/black-15-600x624.webp",600,624,true],"woocommerce_gallery_thumbnail":["https:\/\/micterleather.com\/wp-content\/uploads\/2025\/07\/black-15-100x100.webp",100,100,true]},"uagb_author_info":{"display_name":"micter","author_link":"https:\/\/micterleather.com\/fr\/author\/"},"uagb_comment_info":0,"uagb_excerpt":"Product Information: Material: Leather Item Form: Tape Special Features: Heat Resistant, Strong, Waterproof Item Package Quantity: 1 Container Type: Tube Viscosity: Top Blog: How to Repair Leather Furniture? \u2013 Micter","_links":{"self":[{"href":"https:\/\/micterleather.com\/fr\/wp-json\/wp\/v2\/product\/2692","targetHints":{"allow":["GET"]}}],"collection":[{"href":"https:\/\/micterleather.com\/fr\/wp-json\/wp\/v2\/product"}],"about":[{"href":"https:\/\/micterleather.com\/fr\/wp-json\/wp\/v2\/types\/product"}],"wp:featuredmedia":[{"embeddable":true,"href":"https:\/\/micterleather.com\/fr\/wp-json\/wp\/v2\/media\/2717"}],"wp:attachment":[{"href":"https:\/\/micterleather.com\/fr\/wp-json\/wp\/v2\/media?parent=2692"}],"wp:term":[{"taxonomy":"product_brand","embeddable":true,"href":"https:\/\/micterleather.com\/fr\/wp-json\/wp\/v2\/product_brand?post=2692"},{"taxonomy":"product_cat","embeddable":true,"href":"https:\/\/micterleather.com\/fr\/wp-json\/wp\/v2\/product_cat?post=2692"},{"taxonomy":"product_tag","embeddable":true,"href":"https:\/\/micterleather.com\/fr\/wp-json\/wp\/v2\/product_tag?post=2692"}],"curies":[{"name":"wp","href":"https:\/\/api.w.org\/{rel}","templated":true}]}}