{"id":2659,"date":"2025-07-30T04:11:01","date_gmt":"2025-07-30T04:11:01","guid":{"rendered":"https:\/\/micterleather.com\/?post_type=product&#038;p=2659"},"modified":"2025-08-28T12:34:03","modified_gmt":"2025-08-28T12:34:03","slug":"self-adhesive-leather-patches-4pcs","status":"publish","type":"product","link":"https:\/\/micterleather.com\/fr\/produit\/leather-repair-patch\/self-adhesive-leather-patches-4pcs\/","title":{"rendered":"Patchs cuir auto-adh\u00e9sifs 4 pi\u00e8ces 20\u00d728 cm"},"content":{"rendered":"<h4>Description du produit :<\/h4>\n<ul>\n<li class=\"my-0\"><strong>R\u00e9paration en cuir de haute qualit\u00e9 :<\/strong><br \/>\nCon\u00e7us \u00e0 partir de cuir synth\u00e9tique de premier choix, ces patchs de r\u00e9paration pr\u00e9sentent des motifs et couleurs classiques. La surface est lisse, \u00e9tanche, facile \u00e0 nettoyer, et con\u00e7ue pour \u00eatre r\u00e9sistante \u00e0 l'usure, aux rayures et durable\u2014assurant que vos r\u00e9parations tiennent dans le temps.<\/li>\n<li class=\"my-0\"><strong>Adh\u00e9rence exceptionnelle :<\/strong><br \/>\nCon\u00e7u avec un support professionnel, le ruban de r\u00e9paration en cuir auto-adh\u00e9sif offre une adh\u00e9rence forte et fiable. Vous pouvez \u00eatre s\u00fbr qu\u2019une fois appliqu\u00e9, le patch restera solidement en place sur toute surface lisse, sans se d\u00e9coller apr\u00e8s utilisation.<\/li>\n<li class=\"my-0\"><strong>Solution de r\u00e9paration polyvalente :<\/strong><br \/>\nChaque ensemble comprend quatre patchs de r\u00e9paration en cuir de 7,8 x 11 pouces, parfaits pour r\u00e9parer une vari\u00e9t\u00e9 de d\u00e9g\u00e2ts \u2014 d\u00e9chirures, rayures, trous et d\u00e9coloration \u2014 sur des articles en cuir et vinyle. Adapt\u00e9s pour r\u00e9parer si\u00e8ges de voiture, meubles, canap\u00e9s, sacs \u00e0 main, vestes, et plus encore, ces patchs redonnent \u00e0 vos articles un aspect presque neuf.<\/li>\n<li class=\"my-0\"><strong>Application simple :<\/strong><br \/>\nAucun outil ou comp\u00e9tence sp\u00e9ciale requis. Nettoyez simplement la surface cible, coupez le patch \u00e0 la taille et \u00e0 la forme souhait\u00e9es, retirez le film de protection et appliquez sur la zone endommag\u00e9e. C\u2019est une fa\u00e7on rapide et \u00e9conomique de restaurer et de prolonger la dur\u00e9e de vie de vos articles en cuir.<\/li>\n<li class=\"my-0\"><strong>Support professionnel :<\/strong><br \/>\nChaque achat est couvert par une garantie sans souci et une garantie de remboursement. Veuillez noter : en raison des variations d\u2019\u00e9clairage et d\u2019affichage, les couleurs r\u00e9elles peuvent diff\u00e9rer l\u00e9g\u00e8rement de celles montr\u00e9es. Si vous n\u2019\u00eates pas s\u00fbr du choix de couleur, envoyez-nous simplement une photo pour des conseils personnalis\u00e9s. N\u2019h\u00e9sitez pas \u00e0 nous contacter pour toute question ou pr\u00e9occupation \u2014 nous sommes l\u00e0 pour vous aider !<\/li>\n<\/ul>\n<p><img loading=\"lazy\" decoding=\"async\" class=\"alignnone wp-image-2816\" src=\"https:\/\/micterleather.com\/wp-content\/uploads\/2025\/07\/Self-Adhesive_Leather_Patches_A_2-300x186.webp\" alt=\"\" width=\"1079\" height=\"669\" srcset=\"https:\/\/micterleather.com\/wp-content\/uploads\/2025\/07\/Self-Adhesive_Leather_Patches_A_2-300x186.webp 300w, https:\/\/micterleather.com\/wp-content\/uploads\/2025\/07\/Self-Adhesive_Leather_Patches_A_2-768x475.webp 768w, https:\/\/micterleather.com\/wp-content\/uploads\/2025\/07\/Self-Adhesive_Leather_Patches_A_2-600x371.webp 600w, https:\/\/micterleather.com\/wp-content\/uploads\/2025\/07\/Self-Adhesive_Leather_Patches_A_2.webp 970w\" sizes=\"auto, (max-width: 1079px) 100vw, 1079px\" \/> <img loading=\"lazy\" decoding=\"async\" class=\"alignnone wp-image-2817\" src=\"https:\/\/micterleather.com\/wp-content\/uploads\/2025\/07\/Self-Adhesive_Leather_Patches_A_3-300x186.webp\" alt=\"\" width=\"1080\" height=\"670\" srcset=\"https:\/\/micterleather.com\/wp-content\/uploads\/2025\/07\/Self-Adhesive_Leather_Patches_A_3-300x186.webp 300w, https:\/\/micterleather.com\/wp-content\/uploads\/2025\/07\/Self-Adhesive_Leather_Patches_A_3-768x475.webp 768w, https:\/\/micterleather.com\/wp-content\/uploads\/2025\/07\/Self-Adhesive_Leather_Patches_A_3-600x371.webp 600w\" sizes=\"auto, (max-width: 1080px) 100vw, 1080px\" \/> <img loading=\"lazy\" decoding=\"async\" class=\"alignnone wp-image-2818\" src=\"https:\/\/micterleather.com\/wp-content\/uploads\/2025\/07\/Self-Adhesive_Leather_Patches_A_4-300x186.webp\" alt=\"\" width=\"1079\" height=\"669\" srcset=\"https:\/\/micterleather.com\/wp-content\/uploads\/2025\/07\/Self-Adhesive_Leather_Patches_A_4-300x186.webp 300w, https:\/\/micterleather.com\/wp-content\/uploads\/2025\/07\/Self-Adhesive_Leather_Patches_A_4-768x475.webp 768w, https:\/\/micterleather.com\/wp-content\/uploads\/2025\/07\/Self-Adhesive_Leather_Patches_A_4-600x371.webp 600w, https:\/\/micterleather.com\/wp-content\/uploads\/2025\/07\/Self-Adhesive_Leather_Patches_A_4.webp 970w\" sizes=\"auto, (max-width: 1079px) 100vw, 1079px\" \/> <img loading=\"lazy\" decoding=\"async\" class=\"alignnone wp-image-2819\" src=\"https:\/\/micterleather.com\/wp-content\/uploads\/2025\/07\/Self-Adhesive_Leather_Patches_A_5.webp\" alt=\"\" width=\"260\" height=\"260\" srcset=\"https:\/\/micterleather.com\/wp-content\/uploads\/2025\/07\/Self-Adhesive_Leather_Patches_A_5.webp 220w, https:\/\/micterleather.com\/wp-content\/uploads\/2025\/07\/Self-Adhesive_Leather_Patches_A_5-150x150.webp 150w, https:\/\/micterleather.com\/wp-content\/uploads\/2025\/07\/Self-Adhesive_Leather_Patches_A_5-100x100.webp 100w\" sizes=\"auto, (max-width: 260px) 100vw, 260px\" \/> <img loading=\"lazy\" decoding=\"async\" class=\"alignnone wp-image-2820\" src=\"https:\/\/micterleather.com\/wp-content\/uploads\/2025\/07\/Self-Adhesive_Leather_Patches_A_6.webp\" alt=\"\" width=\"261\" height=\"261\" srcset=\"https:\/\/micterleather.com\/wp-content\/uploads\/2025\/07\/Self-Adhesive_Leather_Patches_A_6.webp 220w, https:\/\/micterleather.com\/wp-content\/uploads\/2025\/07\/Self-Adhesive_Leather_Patches_A_6-150x150.webp 150w, https:\/\/micterleather.com\/wp-content\/uploads\/2025\/07\/Self-Adhesive_Leather_Patches_A_6-100x100.webp 100w\" sizes=\"auto, (max-width: 261px) 100vw, 261px\" \/> <img loading=\"lazy\" decoding=\"async\" class=\"alignnone wp-image-2821\" src=\"https:\/\/micterleather.com\/wp-content\/uploads\/2025\/07\/Self-Adhesive_Leather_Patches_A_7.webp\" alt=\"\" width=\"260\" height=\"260\" srcset=\"https:\/\/micterleather.com\/wp-content\/uploads\/2025\/07\/Self-Adhesive_Leather_Patches_A_7.webp 220w, https:\/\/micterleather.com\/wp-content\/uploads\/2025\/07\/Self-Adhesive_Leather_Patches_A_7-150x150.webp 150w, https:\/\/micterleather.com\/wp-content\/uploads\/2025\/07\/Self-Adhesive_Leather_Patches_A_7-100x100.webp 100w\" sizes=\"auto, (max-width: 260px) 100vw, 260px\" \/> <img loading=\"lazy\" decoding=\"async\" class=\"alignnone wp-image-2822\" src=\"https:\/\/micterleather.com\/wp-content\/uploads\/2025\/07\/Self-Adhesive_Leather_Patches_A_8.webp\" alt=\"\" width=\"260\" height=\"260\" srcset=\"https:\/\/micterleather.com\/wp-content\/uploads\/2025\/07\/Self-Adhesive_Leather_Patches_A_8.webp 220w, https:\/\/micterleather.com\/wp-content\/uploads\/2025\/07\/Self-Adhesive_Leather_Patches_A_8-150x150.webp 150w, https:\/\/micterleather.com\/wp-content\/uploads\/2025\/07\/Self-Adhesive_Leather_Patches_A_8-100x100.webp 100w\" sizes=\"auto, (max-width: 260px) 100vw, 260px\" \/> <img loading=\"lazy\" decoding=\"async\" class=\"alignnone wp-image-2823\" src=\"https:\/\/micterleather.com\/wp-content\/uploads\/2025\/07\/Self-Adhesive_Leather_Patches_A_9-300x186.webp\" alt=\"\" width=\"1079\" height=\"669\" srcset=\"https:\/\/micterleather.com\/wp-content\/uploads\/2025\/07\/Self-Adhesive_Leather_Patches_A_9-300x186.webp 300w, https:\/\/micterleather.com\/wp-content\/uploads\/2025\/07\/Self-Adhesive_Leather_Patches_A_9-768x475.webp 768w, https:\/\/micterleather.com\/wp-content\/uploads\/2025\/07\/Self-Adhesive_Leather_Patches_A_9-600x371.webp 600w, https:\/\/micterleather.com\/wp-content\/uploads\/2025\/07\/Self-Adhesive_Leather_Patches_A_9.webp 970w\" sizes=\"auto, (max-width: 1079px) 100vw, 1079px\" \/> <img loading=\"lazy\" decoding=\"async\" class=\"alignnone wp-image-2824\" src=\"https:\/\/micterleather.com\/wp-content\/uploads\/2025\/07\/Self-Adhesive_Leather_Patches_A_10-300x186.webp\" alt=\"\" width=\"1081\" height=\"670\" srcset=\"https:\/\/micterleather.com\/wp-content\/uploads\/2025\/07\/Self-Adhesive_Leather_Patches_A_10-300x186.webp 300w, https:\/\/micterleather.com\/wp-content\/uploads\/2025\/07\/Self-Adhesive_Leather_Patches_A_10-768x475.webp 768w, https:\/\/micterleather.com\/wp-content\/uploads\/2025\/07\/Self-Adhesive_Leather_Patches_A_10-600x371.webp 600w, https:\/\/micterleather.com\/wp-content\/uploads\/2025\/07\/Self-Adhesive_Leather_Patches_A_10.webp 970w\" sizes=\"auto, (max-width: 1081px) 100vw, 1081px\" \/> <img loading=\"lazy\" decoding=\"async\" class=\"alignnone wp-image-2825\" src=\"https:\/\/micterleather.com\/wp-content\/uploads\/2025\/07\/Self-Adhesive_Leather_Patches_A_1-300x186.webp\" alt=\"\" width=\"1081\" height=\"670\" srcset=\"https:\/\/micterleather.com\/wp-content\/uploads\/2025\/07\/Self-Adhesive_Leather_Patches_A_1-300x186.webp 300w, https:\/\/micterleather.com\/wp-content\/uploads\/2025\/07\/Self-Adhesive_Leather_Patches_A_1-768x475.webp 768w, https:\/\/micterleather.com\/wp-content\/uploads\/2025\/07\/Self-Adhesive_Leather_Patches_A_1-600x371.webp 600w, https:\/\/micterleather.com\/wp-content\/uploads\/2025\/07\/Self-Adhesive_Leather_Patches_A_1.webp 970w\" sizes=\"auto, (max-width: 1081px) 100vw, 1081px\" \/><\/p>","protected":false},"excerpt":{"rendered":"<h4>Informations sur le produit :<\/h4>\n<p>Mat\u00e9riau : Cuir<br \/>\nForme de l\u2019article : Bande<br \/>\nCaract\u00e9ristiques sp\u00e9ciales : R\u00e9sistant \u00e0 la chaleur, robuste, r\u00e9sistant \u00e0 l'eau<br \/>\nQuantit\u00e9 d'emballage de l\u2019article : 4pcs<br \/>\nType de contenant : Tube<br \/>\nViscosit\u00e9 : Haut<\/p>\n<h5>Blog : <a href=\"https:\/\/micterleather.com\/fr\/how-to-repair-leather-furniture-micter\/\">Comment r\u00e9parer un meuble en cuir ? \u2013 Micter<\/a><\/h5>","protected":false},"featured_media":2669,"template":"","meta":{"_uag_custom_page_level_css":"","site-sidebar-layout":"default","site-content-layout":"","ast-site-content-layout":"default","site-content-style":"default","site-sidebar-style":"default","ast-global-header-display":"","ast-banner-title-visibility":"","ast-main-header-display":"","ast-hfb-above-header-display":"","ast-hfb-below-header-display":"","ast-hfb-mobile-header-display":"","site-post-title":"","ast-breadcrumbs-content":"","ast-featured-img":"","footer-sml-layout":"","ast-disable-related-posts":"","theme-transparent-header-meta":"default","adv-header-id-meta":"","stick-header-meta":"","header-above-stick-meta":"","header-main-stick-meta":"","header-below-stick-meta":"","astra-migrate-meta-layouts":"set","ast-page-background-enabled":"default","ast-page-background-meta":{"desktop":{"background-color":"","background-image":"","background-repeat":"repeat","background-position":"center center","background-size":"auto","background-attachment":"scroll","background-type":"","background-media":"","overlay-type":"","overlay-color":"","overlay-opacity":"","overlay-gradient":""},"tablet":{"background-color":"","background-image":"","background-repeat":"repeat","background-position":"center center","background-size":"auto","background-attachment":"scroll","background-type":"","background-media":"","overlay-type":"","overlay-color":"","overlay-opacity":"","overlay-gradient":""},"mobile":{"background-color":"","background-image":"","background-repeat":"repeat","background-position":"center center","background-size":"auto","background-attachment":"scroll","background-type":"","background-media":"","overlay-type":"","overlay-color":"","overlay-opacity":"","overlay-gradient":""}},"ast-content-background-meta":{"desktop":{"background-color":"var(--ast-global-color-5)","background-image":"","background-repeat":"repeat","background-position":"center center","background-size":"auto","background-attachment":"scroll","background-type":"","background-media":"","overlay-type":"","overlay-color":"","overlay-opacity":"","overlay-gradient":""},"tablet":{"background-color":"var(--ast-global-color-5)","background-image":"","background-repeat":"repeat","background-position":"center center","background-size":"auto","background-attachment":"scroll","background-type":"","background-media":"","overlay-type":"","overlay-color":"","overlay-opacity":"","overlay-gradient":""},"mobile":{"background-color":"var(--ast-global-color-5)","background-image":"","background-repeat":"repeat","background-position":"center center","background-size":"auto","background-attachment":"scroll","background-type":"","background-media":"","overlay-type":"","overlay-color":"","overlay-opacity":"","overlay-gradient":""}}},"product_brand":[],"product_cat":[248],"product_tag":[],"class_list":{"0":"post-2659","1":"product","2":"type-product","3":"status-publish","4":"has-post-thumbnail","6":"product_cat-leather-repair-patch","7":"desktop-align-left","8":"tablet-align-left","9":"mobile-align-left","11":"first","12":"instock","13":"sale","14":"shipping-taxable","15":"purchasable","16":"product-type-variable","17":"has-default-attributes"},"uagb_featured_image_src":{"full":["https:\/\/micterleather.com\/wp-content\/uploads\/2025\/07\/dark_brown_-4pcs_-first.webp",1600,1600,false],"thumbnail":["https:\/\/micterleather.com\/wp-content\/uploads\/2025\/07\/dark_brown_-4pcs_-first-150x150.webp",150,150,true],"medium":["https:\/\/micterleather.com\/wp-content\/uploads\/2025\/07\/dark_brown_-4pcs_-first-300x300.webp",300,300,true],"medium_large":["https:\/\/micterleather.com\/wp-content\/uploads\/2025\/07\/dark_brown_-4pcs_-first-768x768.webp",768,768,true],"large":["https:\/\/micterleather.com\/wp-content\/uploads\/2025\/07\/dark_brown_-4pcs_-first-1024x1024.webp",1024,1024,true],"1536x1536":["https:\/\/micterleather.com\/wp-content\/uploads\/2025\/07\/dark_brown_-4pcs_-first-1536x1536.webp",1536,1536,true],"2048x2048":["https:\/\/micterleather.com\/wp-content\/uploads\/2025\/07\/dark_brown_-4pcs_-first.webp",1600,1600,false],"trp-custom-language-flag":["https:\/\/micterleather.com\/wp-content\/uploads\/2025\/07\/dark_brown_-4pcs_-first.webp",12,12,false],"woocommerce_thumbnail":["https:\/\/micterleather.com\/wp-content\/uploads\/2025\/07\/dark_brown_-4pcs_-first-300x300.webp",300,300,true],"woocommerce_single":["https:\/\/micterleather.com\/wp-content\/uploads\/2025\/07\/dark_brown_-4pcs_-first-600x600.webp",600,600,true],"woocommerce_gallery_thumbnail":["https:\/\/micterleather.com\/wp-content\/uploads\/2025\/07\/dark_brown_-4pcs_-first-100x100.webp",100,100,true]},"uagb_author_info":{"display_name":"micter","author_link":"https:\/\/micterleather.com\/fr\/author\/"},"uagb_comment_info":0,"uagb_excerpt":"Product Information: Material: Leather Item Form: Tape Special Features: Heat Resistant, Strong, Waterproof Item Package Quantity: 4pcs Container Type: Tube Viscosity: Top Blog: How to Repair Leather Furniture? \u2013 Micter","_links":{"self":[{"href":"https:\/\/micterleather.com\/fr\/wp-json\/wp\/v2\/product\/2659","targetHints":{"allow":["GET"]}}],"collection":[{"href":"https:\/\/micterleather.com\/fr\/wp-json\/wp\/v2\/product"}],"about":[{"href":"https:\/\/micterleather.com\/fr\/wp-json\/wp\/v2\/types\/product"}],"wp:featuredmedia":[{"embeddable":true,"href":"https:\/\/micterleather.com\/fr\/wp-json\/wp\/v2\/media\/2669"}],"wp:attachment":[{"href":"https:\/\/micterleather.com\/fr\/wp-json\/wp\/v2\/media?parent=2659"}],"wp:term":[{"taxonomy":"product_brand","embeddable":true,"href":"https:\/\/micterleather.com\/fr\/wp-json\/wp\/v2\/product_brand?post=2659"},{"taxonomy":"product_cat","embeddable":true,"href":"https:\/\/micterleather.com\/fr\/wp-json\/wp\/v2\/product_cat?post=2659"},{"taxonomy":"product_tag","embeddable":true,"href":"https:\/\/micterleather.com\/fr\/wp-json\/wp\/v2\/product_tag?post=2659"}],"curies":[{"name":"wp","href":"https:\/\/api.w.org\/{rel}","templated":true}]}}