{"id":2155,"date":"2025-07-31T09:13:31","date_gmt":"2025-07-31T09:13:31","guid":{"rendered":"https:\/\/micterleather.com\/?post_type=product&#038;p=2155"},"modified":"2025-09-03T01:51:06","modified_gmt":"2025-09-03T01:51:06","slug":"self-adhesive-faux-leather","status":"publish","type":"product","link":"https:\/\/micterleather.com\/fr\/produit\/leather-repair-patch\/self-adhesive-faux-leather\/","title":{"rendered":"Cuir synth\u00e9tique auto-adh\u00e9sif"},"content":{"rendered":"<h4>Informations sur le produit :<\/h4>\n<p>Mat\u00e9riau : Cuir<br \/>\nForme de l\u2019article : Bande<br \/>\nCaract\u00e9ristiques sp\u00e9ciales : R\u00e9sistant \u00e0 la chaleur, robuste, r\u00e9sistant \u00e0 l'eau<br \/>\nQuantit\u00e9 d'emballage de l'article\u00a0: 1<br \/>\nType de contenant : Tube<br \/>\nViscosit\u00e9 : Haut<\/p>\n<h4>Description du produit :<\/h4>\n<ul>\n<li class=\"my-0\"><strong>Excellent R\u00e9paration du Cuir\u00a0:<\/strong>\u00a0Fabriqu\u00e9 \u00e0 partir de mat\u00e9riaux de haute qualit\u00e9 avec des motifs et des couleurs intemporels, ce ruban de r\u00e9paration du cuir pr\u00e9sente une texture lisse et douce, \u00e9tanche, r\u00e9sistant \u00e0 l\u2019usure et aux rayures. Il est durable et con\u00e7u pour durer, ce qui en fait un choix parfait pour r\u00e9parer le cuir endommag\u00e9 et ajouter des touches d\u00e9coratives.<\/li>\n<li class=\"my-0\"><strong>Adh\u00e9rence forte et r\u00e9parations rapides\u00a0:<\/strong>\u00a0Le patch en cuir auto-adh\u00e9sif utilise un support de grade professionnel extr\u00eamement collant et qui ne se d\u00e9colle pas facilement. Il est id\u00e9al pour couvrir rapidement les d\u00e9chirures, trous, br\u00fblures, rayures, taches et autres imperfections sur le cuir endommag\u00e9, le cuir PU ou les surfaces en vinyle. Rafra\u00eechissez vos meubles et \u00e9conomisez de l\u2019argent en rendant vos articles us\u00e9s aussi beaux que nouveaux.<\/li>\n<li class=\"my-0\"><strong>Taille g\u00e9n\u00e9reuse et vari\u00e9t\u00e9 de couleurs\u00a0:<\/strong>\u00a0Chaque rouleau mesure 40 x 200 cm, ce qui permet de couvrir de grandes surfaces ou de restaurer enti\u00e8rement les sections endommag\u00e9es. Disponible en 19 couleurs riches, ces patches de r\u00e9paration du cuir sont con\u00e7us pour s\u2019adapter \u00e0 la plupart des meubles et int\u00e9rieurs automobile, ce qui facilite la recherche de l\u2019ajustement parfait pour vos besoins de r\u00e9paration ou de d\u00e9coration.<\/li>\n<li class=\"my-0\"><strong>Application simple :<\/strong>\u00a0Aucune chaleur, repassage, couture ou outils sp\u00e9ciaux requis. Il suffit de nettoyer la zone endommag\u00e9e, couper le patch \u00e0 la taille ou la forme d\u00e9sir\u00e9e et le coller sur la surface \u2014 et voil\u00e0\u00a0! Restaurez vos meubles et vos si\u00e8ges de voiture pr\u00e9f\u00e9r\u00e9s avec un minimum d\u2019effort.<\/li>\n<li class=\"my-0\"><strong>Large application et support\u00a0:<\/strong>\u00a0Les kits de r\u00e9paration cuir MICTER conviennent aux canap\u00e9s, fauteuils, meubles, si\u00e8ges de voiture, sacs \u00e0 main, bagages, ceintures, vestes et \u00e0 une large gamme de projets DIY. Note\u00a0: nous nous effor\u00e7ons d\u2019afficher les couleurs des patchs aussi fid\u00e8lement que possible, mais de l\u00e9g\u00e8res diff\u00e9rences de couleur peuvent survenir en fonction de l\u2019\u00e9clairage et des r\u00e9glages de l\u2019\u00e9cran.<\/li>\n<\/ul>\n<h4 class=\"rich-text__heading rte inline-richtext h1\">Patch cuir auto-adh\u00e9sif \u2013 la solution id\u00e9ale pour r\u00e9parer et revitaliser tous vos articles en cuir !<\/h4>\n<p class=\"rich-text__heading rte inline-richtext h1\">Que vous restauriez un si\u00e8ge \u00e0 la maison, r\u00e9noviez un canap\u00e9 en cuir, r\u00e9pariez un si\u00e8ge de voiture ou m\u00eame retouchiez un article en cuir synth\u00e9tique, notre patch de r\u00e9paration universel convient \u00e0 toutes les situations.<\/p>\n<h4>\ud83d\udccc Adh\u00e9rence exceptionnelle \ud83c\udf0a Imperm\u00e9able \ud83d\udee1\ufe0f R\u00e9sistant aux rayures<br \/>\n\u2702\ufe0f Facile \u00e0 couper \ud83d\udee0\ufe0f Pratique DIY \ud83d\udecb\ufe0f Application universelle<\/h4>\n<div class=\"rich-text__text rte\">\n<p><img loading=\"lazy\" decoding=\"async\" class=\"alignnone wp-image-2890\" src=\"https:\/\/micterleather.com\/wp-content\/uploads\/2025\/07\/Self-adhesive_faux_leather_A_1-300x123.webp\" alt=\"\" width=\"1078\" height=\"442\" srcset=\"https:\/\/micterleather.com\/wp-content\/uploads\/2025\/07\/Self-adhesive_faux_leather_A_1-300x123.webp 300w, https:\/\/micterleather.com\/wp-content\/uploads\/2025\/07\/Self-adhesive_faux_leather_A_1-1024x420.webp 1024w, https:\/\/micterleather.com\/wp-content\/uploads\/2025\/07\/Self-adhesive_faux_leather_A_1-768x315.webp 768w, https:\/\/micterleather.com\/wp-content\/uploads\/2025\/07\/Self-adhesive_faux_leather_A_1-600x246.webp 600w, https:\/\/micterleather.com\/wp-content\/uploads\/2025\/07\/Self-adhesive_faux_leather_A_1.webp 1464w\" sizes=\"auto, (max-width: 1078px) 100vw, 1078px\" \/><\/p>\n<p>Les articles en cuir sont largement utilis\u00e9s dans notre vie quotidienne, mais avec le temps les surfaces en cuir se d\u00e9t\u00e9riorent souvent. Notre r\u00e9novation de patch cuir auto-adh\u00e9sif peut r\u00e9parer le cuir endommag\u00e9 et remettre \u00e0 neuf le cuir us\u00e9. Faites en sorte que votre mobilier en cuir retrouve son apparence neuve.<\/p>\n<p><img loading=\"lazy\" decoding=\"async\" class=\"alignnone wp-image-2891\" src=\"https:\/\/micterleather.com\/wp-content\/uploads\/2025\/07\/Self-adhesive_faux_leather_A_2-300x123.webp\" alt=\"\" width=\"1080\" height=\"443\" srcset=\"https:\/\/micterleather.com\/wp-content\/uploads\/2025\/07\/Self-adhesive_faux_leather_A_2-300x123.webp 300w, https:\/\/micterleather.com\/wp-content\/uploads\/2025\/07\/Self-adhesive_faux_leather_A_2-1024x420.webp 1024w, https:\/\/micterleather.com\/wp-content\/uploads\/2025\/07\/Self-adhesive_faux_leather_A_2-768x315.webp 768w, https:\/\/micterleather.com\/wp-content\/uploads\/2025\/07\/Self-adhesive_faux_leather_A_2-600x246.webp 600w, https:\/\/micterleather.com\/wp-content\/uploads\/2025\/07\/Self-adhesive_faux_leather_A_2.webp 1464w\" sizes=\"auto, (max-width: 1080px) 100vw, 1080px\" \/><\/p>\n<p>Nos produits de r\u00e9paration du cuir peuvent r\u00e9parer les trous, rayures, d\u00e9chirures, br\u00fblures et taches sur les canap\u00e9s, si\u00e8ges de voiture ou autres articles en cuir. Cette r\u00e9paration cuir pour canap\u00e9 avec adh\u00e9sif peut facilement r\u00e9soudre tout probl\u00e8me li\u00e9 au cuir.<\/p>\n<p><img loading=\"lazy\" decoding=\"async\" class=\"alignnone wp-image-2894\" style=\"font-style: inherit; font-weight: inherit;\" src=\"https:\/\/micterleather.com\/wp-content\/uploads\/2025\/07\/Self-adhesive_faux_leather_A_5-300x123.webp\" alt=\"\" width=\"1080\" height=\"443\" srcset=\"https:\/\/micterleather.com\/wp-content\/uploads\/2025\/07\/Self-adhesive_faux_leather_A_5-300x123.webp 300w, https:\/\/micterleather.com\/wp-content\/uploads\/2025\/07\/Self-adhesive_faux_leather_A_5-1024x420.webp 1024w, https:\/\/micterleather.com\/wp-content\/uploads\/2025\/07\/Self-adhesive_faux_leather_A_5-768x315.webp 768w, https:\/\/micterleather.com\/wp-content\/uploads\/2025\/07\/Self-adhesive_faux_leather_A_5-600x246.webp 600w, https:\/\/micterleather.com\/wp-content\/uploads\/2025\/07\/Self-adhesive_faux_leather_A_5.webp 1464w\" sizes=\"auto, (max-width: 1080px) 100vw, 1080px\" \/><\/p>\n<p>Nous proposons 19 couleurs en trois tailles (40x300 cm, 40x200 cm, 20x300 cm) pour vous aider \u00e0 r\u00e9parer parfaitement votre pi\u00e8ce de mobilier ou votre si\u00e8ge de voiture pr\u00e9f\u00e9r\u00e9. Particuli\u00e8rement adapt\u00e9 pour les meubles volumineux, tels que canap\u00e9s, tables de chevet, chaises, etc.<\/p>\n<p><img loading=\"lazy\" decoding=\"async\" class=\"alignnone wp-image-2892\" src=\"https:\/\/micterleather.com\/wp-content\/uploads\/2025\/07\/Self-adhesive_faux_leather_A_3-300x123.webp\" alt=\"\" width=\"1080\" height=\"443\" srcset=\"https:\/\/micterleather.com\/wp-content\/uploads\/2025\/07\/Self-adhesive_faux_leather_A_3-300x123.webp 300w, https:\/\/micterleather.com\/wp-content\/uploads\/2025\/07\/Self-adhesive_faux_leather_A_3-1024x420.webp 1024w, https:\/\/micterleather.com\/wp-content\/uploads\/2025\/07\/Self-adhesive_faux_leather_A_3-768x315.webp 768w, https:\/\/micterleather.com\/wp-content\/uploads\/2025\/07\/Self-adhesive_faux_leather_A_3-600x246.webp 600w, https:\/\/micterleather.com\/wp-content\/uploads\/2025\/07\/Self-adhesive_faux_leather_A_3.webp 1464w\" sizes=\"auto, (max-width: 1080px) 100vw, 1080px\" \/><\/p>\n<p>Cette r\u00e9paration de canap\u00e9 en cuir adh\u00e9sif est fabriqu\u00e9e \u00e0 partir de mat\u00e9riaux de haute qualit\u00e9 et pr\u00e9sente un adh\u00e9sif hautement r\u00e9sistant. Plus le temps passe, plus l\u2019adh\u00e9rence est forte. La surface en cuir est r\u00e9sistante aux rayures et \u00e9tanche. Il adh\u00e8re bien \u00e0 vos meubles.<\/p>\n<p><img loading=\"lazy\" decoding=\"async\" class=\"alignnone wp-image-2893\" style=\"font-style: inherit; font-weight: inherit;\" src=\"https:\/\/micterleather.com\/wp-content\/uploads\/2025\/07\/Self-adhesive_faux_leather_A_4-300x123.webp\" alt=\"\" width=\"1080\" height=\"443\" srcset=\"https:\/\/micterleather.com\/wp-content\/uploads\/2025\/07\/Self-adhesive_faux_leather_A_4-300x123.webp 300w, https:\/\/micterleather.com\/wp-content\/uploads\/2025\/07\/Self-adhesive_faux_leather_A_4-1024x420.webp 1024w, https:\/\/micterleather.com\/wp-content\/uploads\/2025\/07\/Self-adhesive_faux_leather_A_4-768x315.webp 768w, https:\/\/micterleather.com\/wp-content\/uploads\/2025\/07\/Self-adhesive_faux_leather_A_4-600x246.webp 600w, https:\/\/micterleather.com\/wp-content\/uploads\/2025\/07\/Self-adhesive_faux_leather_A_4.webp 1464w\" sizes=\"auto, (max-width: 1080px) 100vw, 1080px\" \/> <span style=\"font-size: 16px;\">\u00a0<\/span><\/p>\n<p>Cette bande adh\u00e9sive de r\u00e9paration du cuir est tr\u00e8s facile \u00e0 appliquer. Juste quatre \u00e9tapes simples:<\/p>\n<p>1. nettoyez la zone \u00e0 r\u00e9parer.<\/p>\n<p>2. d\u00e9coupez la forme souhait\u00e9e.<\/p>\n<p>3. retirez le papier de support.<\/p>\n<p>4. collez et pressez. Les encoches en cuir sont parfaitement couvertes.<\/p>\n<p><img loading=\"lazy\" decoding=\"async\" class=\"alignnone wp-image-2895\" style=\"font-style: inherit; font-weight: inherit;\" src=\"https:\/\/micterleather.com\/wp-content\/uploads\/2025\/07\/Self-adhesive_faux_leather_A_6-300x123.webp\" alt=\"\" width=\"1080\" height=\"443\" srcset=\"https:\/\/micterleather.com\/wp-content\/uploads\/2025\/07\/Self-adhesive_faux_leather_A_6-300x123.webp 300w, https:\/\/micterleather.com\/wp-content\/uploads\/2025\/07\/Self-adhesive_faux_leather_A_6-1024x420.webp 1024w, https:\/\/micterleather.com\/wp-content\/uploads\/2025\/07\/Self-adhesive_faux_leather_A_6-768x315.webp 768w, https:\/\/micterleather.com\/wp-content\/uploads\/2025\/07\/Self-adhesive_faux_leather_A_6-600x246.webp 600w, https:\/\/micterleather.com\/wp-content\/uploads\/2025\/07\/Self-adhesive_faux_leather_A_6.webp 1464w\" sizes=\"auto, (max-width: 1080px) 100vw, 1080px\" \/><\/p>\n<p>Les kits de r\u00e9paration de cuir MICTER sont largement applicables pour les canap\u00e9s, les fauteuils, le mobilier, les si\u00e8ges de voiture, les sacs \u00e0 main, les valises, les ceintures, les vestes et une vari\u00e9t\u00e9 de DIY.<\/p>\n<\/div>","protected":false},"excerpt":{"rendered":"<h5>Blog : <a href=\"https:\/\/micterleather.com\/fr\/how-to-repair-leather-furniture-micter\/\">Comment r\u00e9parer un meuble en cuir ? \u2013 Micter<\/a><\/h5>","protected":false},"featured_media":2261,"template":"","meta":{"_uag_custom_page_level_css":"","site-sidebar-layout":"default","site-content-layout":"","ast-site-content-layout":"default","site-content-style":"default","site-sidebar-style":"default","ast-global-header-display":"","ast-banner-title-visibility":"","ast-main-header-display":"","ast-hfb-above-header-display":"","ast-hfb-below-header-display":"","ast-hfb-mobile-header-display":"","site-post-title":"","ast-breadcrumbs-content":"","ast-featured-img":"","footer-sml-layout":"","ast-disable-related-posts":"","theme-transparent-header-meta":"default","adv-header-id-meta":"","stick-header-meta":"","header-above-stick-meta":"","header-main-stick-meta":"","header-below-stick-meta":"","astra-migrate-meta-layouts":"set","ast-page-background-enabled":"default","ast-page-background-meta":{"desktop":{"background-color":"","background-image":"","background-repeat":"repeat","background-position":"center center","background-size":"auto","background-attachment":"scroll","background-type":"","background-media":"","overlay-type":"","overlay-color":"","overlay-opacity":"","overlay-gradient":""},"tablet":{"background-color":"","background-image":"","background-repeat":"repeat","background-position":"center center","background-size":"auto","background-attachment":"scroll","background-type":"","background-media":"","overlay-type":"","overlay-color":"","overlay-opacity":"","overlay-gradient":""},"mobile":{"background-color":"","background-image":"","background-repeat":"repeat","background-position":"center center","background-size":"auto","background-attachment":"scroll","background-type":"","background-media":"","overlay-type":"","overlay-color":"","overlay-opacity":"","overlay-gradient":""}},"ast-content-background-meta":{"desktop":{"background-color":"var(--ast-global-color-5)","background-image":"","background-repeat":"repeat","background-position":"center center","background-size":"auto","background-attachment":"scroll","background-type":"","background-media":"","overlay-type":"","overlay-color":"","overlay-opacity":"","overlay-gradient":""},"tablet":{"background-color":"var(--ast-global-color-5)","background-image":"","background-repeat":"repeat","background-position":"center center","background-size":"auto","background-attachment":"scroll","background-type":"","background-media":"","overlay-type":"","overlay-color":"","overlay-opacity":"","overlay-gradient":""},"mobile":{"background-color":"var(--ast-global-color-5)","background-image":"","background-repeat":"repeat","background-position":"center center","background-size":"auto","background-attachment":"scroll","background-type":"","background-media":"","overlay-type":"","overlay-color":"","overlay-opacity":"","overlay-gradient":""}}},"product_brand":[],"product_cat":[248],"product_tag":[],"class_list":{"0":"post-2155","1":"product","2":"type-product","3":"status-publish","4":"has-post-thumbnail","6":"product_cat-leather-repair-patch","7":"desktop-align-left","8":"tablet-align-left","9":"mobile-align-left","11":"first","12":"instock","13":"sale","14":"shipping-taxable","15":"purchasable","16":"product-type-variable","17":"has-default-attributes"},"uagb_featured_image_src":{"full":["https:\/\/micterleather.com\/wp-content\/uploads\/2025\/06\/Brun-Rouge-1.webp",2000,2000,false],"thumbnail":["https:\/\/micterleather.com\/wp-content\/uploads\/2025\/06\/Brun-Rouge-1-150x150.webp",150,150,true],"medium":["https:\/\/micterleather.com\/wp-content\/uploads\/2025\/06\/Brun-Rouge-1-300x300.webp",300,300,true],"medium_large":["https:\/\/micterleather.com\/wp-content\/uploads\/2025\/06\/Brun-Rouge-1-768x768.webp",768,768,true],"large":["https:\/\/micterleather.com\/wp-content\/uploads\/2025\/06\/Brun-Rouge-1-1024x1024.webp",1024,1024,true],"1536x1536":["https:\/\/micterleather.com\/wp-content\/uploads\/2025\/06\/Brun-Rouge-1-1536x1536.webp",1536,1536,true],"2048x2048":["https:\/\/micterleather.com\/wp-content\/uploads\/2025\/06\/Brun-Rouge-1.webp",2000,2000,false],"trp-custom-language-flag":["https:\/\/micterleather.com\/wp-content\/uploads\/2025\/06\/Brun-Rouge-1.webp",12,12,false],"woocommerce_thumbnail":["https:\/\/micterleather.com\/wp-content\/uploads\/2025\/06\/Brun-Rouge-1-300x300.webp",300,300,true],"woocommerce_single":["https:\/\/micterleather.com\/wp-content\/uploads\/2025\/06\/Brun-Rouge-1-600x600.webp",600,600,true],"woocommerce_gallery_thumbnail":["https:\/\/micterleather.com\/wp-content\/uploads\/2025\/06\/Brun-Rouge-1-100x100.webp",100,100,true]},"uagb_author_info":{"display_name":"micter","author_link":"https:\/\/micterleather.com\/fr\/author\/"},"uagb_comment_info":0,"uagb_excerpt":"Blog: How to Repair Leather Furniture? \u2013 Micter","_links":{"self":[{"href":"https:\/\/micterleather.com\/fr\/wp-json\/wp\/v2\/product\/2155","targetHints":{"allow":["GET"]}}],"collection":[{"href":"https:\/\/micterleather.com\/fr\/wp-json\/wp\/v2\/product"}],"about":[{"href":"https:\/\/micterleather.com\/fr\/wp-json\/wp\/v2\/types\/product"}],"wp:featuredmedia":[{"embeddable":true,"href":"https:\/\/micterleather.com\/fr\/wp-json\/wp\/v2\/media\/2261"}],"wp:attachment":[{"href":"https:\/\/micterleather.com\/fr\/wp-json\/wp\/v2\/media?parent=2155"}],"wp:term":[{"taxonomy":"product_brand","embeddable":true,"href":"https:\/\/micterleather.com\/fr\/wp-json\/wp\/v2\/product_brand?post=2155"},{"taxonomy":"product_cat","embeddable":true,"href":"https:\/\/micterleather.com\/fr\/wp-json\/wp\/v2\/product_cat?post=2155"},{"taxonomy":"product_tag","embeddable":true,"href":"https:\/\/micterleather.com\/fr\/wp-json\/wp\/v2\/product_tag?post=2155"}],"curies":[{"name":"wp","href":"https:\/\/api.w.org\/{rel}","templated":true}]}}