{"id":2900,"date":"2025-07-14T03:06:56","date_gmt":"2025-07-14T03:06:56","guid":{"rendered":"https:\/\/micterleather.com\/?page_id=2900"},"modified":"2025-08-22T06:59:09","modified_gmt":"2025-08-22T06:59:09","slug":"shipping-delivery","status":"publish","type":"page","link":"https:\/\/micterleather.com\/fr\/shipping-delivery\/","title":{"rendered":"Exp\u00e9dition et livraison"},"content":{"rendered":"<p><strong>Quand ma commande sera-t-elle exp\u00e9di\u00e9e ?<\/strong><\/p>\n\n\n\n<p>La plupart des commandes quittent l\u2019entrep\u00f4t entre 2 et 15 jours ouvr\u00e9s. Les commandes pass\u00e9es avec une livraison Exp\u00e9dition ou Express quitteront notre entrep\u00f4t encore plus rapidement. Nous vous enverrons par e-mail le num\u00e9ro de suivi d\u00e8s qu\u2019il sera disponible.<\/p>\n\n\n\n<p>Les articles en rupture de stock partielle seront exp\u00e9di\u00e9s \u00e0 la date indiqu\u00e9e sur la page de l\u2019article. Nous vous le rappellerons \u00e9galement tout au long du passage en caisse et dans l\u2019e-mail de confirmation de votre commande si vous avez choisi l\u2019un de ces articles et quelle est leur date d\u2019exp\u00e9dition estim\u00e9e.<\/p>\n\n\n\n<p>Pendant la COVID-19, nous constatons davantage de retards des transporteurs que d\u2019habitude, nous vous conseillons donc de pr\u00e9voir un peu de marge si vous avez besoin qu\u2019un article ou un cadeau arrive \u00e0 une date pr\u00e9cise.<\/p>\n\n\n\n<p><strong>Options et co\u00fbts de livraison<\/strong><\/p>\n\n\n\n<p>Nos tarifs de livraison se basent sur la valeur des articles de votre commande et sur le niveau de service choisi. Lors du calcul de votre d\u00e9lai total de livraison, veuillez noter que le jour o\u00f9 le colis est exp\u00e9di\u00e9 ou retir\u00e9 de notre entrep\u00f4t n\u2019est pas consid\u00e9r\u00e9 comme le premier jour ouvr\u00e9 ; commencez \u00e0 compter les jours ouvr\u00e9s \u00e0 partir du premier jour complet o\u00f9 le colis est \u201c en transit \u201d jusqu\u2019\u00e0 vous.<\/p>\n\n\n\n<p>Note : les jours ouvr\u00e9s sont du lundi au vendredi, hors week-ends et jours f\u00e9ri\u00e9s f\u00e9d\u00e9raux.<\/p>\n\n\n\n<p>Vous n\u2019\u00eates pas s\u00fbr de l\u2019option d\u2019exp\u00e9dition \u00e0 choisir ? Nous savons que cela peut \u00eatre d\u00e9routant, nous vous donnerons donc toutes les informations n\u00e9cessaires lors du passage en caisse, y compris le co\u00fbt d\u2019exp\u00e9dition et les dates de livraison.<\/p>\n\n\n\n<p>*Les m\u00e9thodes d\u2019exp\u00e9dition et les d\u00e9lais peuvent changer. Veuillez consulter les options de m\u00e9thode d\u2019exp\u00e9dition lors du passage en caisse.<\/p>","protected":false},"excerpt":{"rendered":"<p>When Will My Order Ship? Most orders leave the warehouse within 2 &#8211; 15 business days. Orders placed with Expedited or Express shipping will leave our warehouse even faster. We&#8217;ll email you tracking as soon as it&#8217;s available. Items that are on backorder will ship by the date indicated on the item page. We&#8217;ll also [&hellip;]<\/p>","protected":false},"author":2,"featured_media":0,"parent":0,"menu_order":0,"comment_status":"closed","ping_status":"closed","template":"","meta":{"_uag_custom_page_level_css":"","site-sidebar-layout":"default","site-content-layout":"","ast-site-content-layout":"default","site-content-style":"default","site-sidebar-style":"default","ast-global-header-display":"","ast-banner-title-visibility":"","ast-main-header-display":"","ast-hfb-above-header-display":"","ast-hfb-below-header-display":"","ast-hfb-mobile-header-display":"","site-post-title":"","ast-breadcrumbs-content":"","ast-featured-img":"","footer-sml-layout":"","ast-disable-related-posts":"","theme-transparent-header-meta":"","adv-header-id-meta":"","stick-header-meta":"","header-above-stick-meta":"","header-main-stick-meta":"","header-below-stick-meta":"","astra-migrate-meta-layouts":"set","ast-page-background-enabled":"default","ast-page-background-meta":{"desktop":{"background-color":"","background-image":"","background-repeat":"repeat","background-position":"center center","background-size":"auto","background-attachment":"scroll","background-type":"","background-media":"","overlay-type":"","overlay-color":"","overlay-opacity":"","overlay-gradient":""},"tablet":{"background-color":"","background-image":"","background-repeat":"repeat","background-position":"center center","background-size":"auto","background-attachment":"scroll","background-type":"","background-media":"","overlay-type":"","overlay-color":"","overlay-opacity":"","overlay-gradient":""},"mobile":{"background-color":"","background-image":"","background-repeat":"repeat","background-position":"center center","background-size":"auto","background-attachment":"scroll","background-type":"","background-media":"","overlay-type":"","overlay-color":"","overlay-opacity":"","overlay-gradient":""}},"ast-content-background-meta":{"desktop":{"background-color":"var(--ast-global-color-5)","background-image":"","background-repeat":"repeat","background-position":"center center","background-size":"auto","background-attachment":"scroll","background-type":"","background-media":"","overlay-type":"","overlay-color":"","overlay-opacity":"","overlay-gradient":""},"tablet":{"background-color":"var(--ast-global-color-5)","background-image":"","background-repeat":"repeat","background-position":"center center","background-size":"auto","background-attachment":"scroll","background-type":"","background-media":"","overlay-type":"","overlay-color":"","overlay-opacity":"","overlay-gradient":""},"mobile":{"background-color":"var(--ast-global-color-5)","background-image":"","background-repeat":"repeat","background-position":"center center","background-size":"auto","background-attachment":"scroll","background-type":"","background-media":"","overlay-type":"","overlay-color":"","overlay-opacity":"","overlay-gradient":""}},"footnotes":""},"class_list":["post-2900","page","type-page","status-publish","hentry"],"uagb_featured_image_src":{"full":false,"thumbnail":false,"medium":false,"medium_large":false,"large":false,"1536x1536":false,"2048x2048":false,"trp-custom-language-flag":false,"woocommerce_thumbnail":false,"woocommerce_single":false,"woocommerce_gallery_thumbnail":false},"uagb_author_info":{"display_name":"micter","author_link":"https:\/\/micterleather.com\/fr\/author\/micter\/"},"uagb_comment_info":0,"uagb_excerpt":"When Will My Order Ship? Most orders leave the warehouse within 2 &#8211; 15 business days. Orders placed with Expedited or Express shipping will leave our warehouse even faster. We&#8217;ll email you tracking as soon as it&#8217;s available. Items that are on backorder will ship by the date indicated on the item page. We&#8217;ll also\u2026","_links":{"self":[{"href":"https:\/\/micterleather.com\/fr\/wp-json\/wp\/v2\/pages\/2900","targetHints":{"allow":["GET"]}}],"collection":[{"href":"https:\/\/micterleather.com\/fr\/wp-json\/wp\/v2\/pages"}],"about":[{"href":"https:\/\/micterleather.com\/fr\/wp-json\/wp\/v2\/types\/page"}],"author":[{"embeddable":true,"href":"https:\/\/micterleather.com\/fr\/wp-json\/wp\/v2\/users\/2"}],"replies":[{"embeddable":true,"href":"https:\/\/micterleather.com\/fr\/wp-json\/wp\/v2\/comments?post=2900"}],"version-history":[{"count":3,"href":"https:\/\/micterleather.com\/fr\/wp-json\/wp\/v2\/pages\/2900\/revisions"}],"predecessor-version":[{"id":3932,"href":"https:\/\/micterleather.com\/fr\/wp-json\/wp\/v2\/pages\/2900\/revisions\/3932"}],"wp:attachment":[{"href":"https:\/\/micterleather.com\/fr\/wp-json\/wp\/v2\/media?parent=2900"}],"curies":[{"name":"wp","href":"https:\/\/api.w.org\/{rel}","templated":true}]}}