{"id":2113,"date":"2025-06-11T08:31:46","date_gmt":"2025-06-11T08:31:46","guid":{"rendered":"https:\/\/micterleather.com\/?page_id=2113"},"modified":"2025-07-26T08:39:22","modified_gmt":"2025-07-26T08:39:22","slug":"terms-of-service","status":"publish","type":"page","link":"https:\/\/micterleather.com\/fr\/terms-of-service\/","title":{"rendered":"Conditions d'utilisation"},"content":{"rendered":"<h1 class=\"wp-block-heading has-text-align-center\"><strong>Conditions d'utilisation<\/strong><\/h1>\n\n\n\n<p><strong>APER\u00c7U<\/strong><\/p>\n\n\n\n<p>Ce site est exploit\u00e9 par <strong>Micterleather SARL<\/strong>. Tout au long du site, les termes \u201c nous \u201d, \u201c notre \u201d et \u201c nos \u201d se r\u00e9f\u00e8rent \u00e0 <strong>Micterleather SARL<\/strong>. <strong>Micterleather SARL<\/strong> offre ce site Web, y compris toutes les informations, outils et services disponibles depuis ce site pour vous, l'utilisateur, sous r\u00e9serve de votre acceptation de toutes les conditions, politiques et avis \u00e9nonc\u00e9s ici.<\/p>\n\n\n\n<p>En visitant notre site et\/ou en achetant quelque chose chez nous, vous vous engagez dans notre \u201c Service \u201d et acceptez d'\u00eatre bound par les pr\u00e9sentes conditions g\u00e9n\u00e9rales (\u201c Conditions d'utilisation \u201d, \u201c Conditions \u201d), y compris les Conditions suppl\u00e9mentaires et les politiques r\u00e9f\u00e9renc\u00e9es et\/ou disponibles par hyperlien. Ces Conditions d'utilisation s'appliquent \u00e0 tous les utilisateurs du site, y compris sans limitation les navigateurs, vendeurs, clients, marchands et\/ou contributeurs de contenu.<\/p>\n\n\n\n<p>Veuillez lire attentivement ces Conditions d'utilisation avant d'acc\u00e9der ou d'utiliser notre site Web. En acc\u00e9dant ou en utilisant une quelconque partie du site, vous acceptez d'\u00eatre bound par ces Conditions d'utilisation. Si vous n'acceptez pas toutes les termes et conditions de cet accord, alors vous ne pouvez pas acc\u00e9der au site Web ou utiliser les services. Si ces Conditions d'utilisation sont consid\u00e9r\u00e9es comme une offre, l'acceptation est express\u00e9ment limit\u00e9e \u00e0 ces Conditions d'utilisation.<\/p>\n\n\n\n<p>Toute nouvelle fonctionnalit\u00e9 ou outil ajout\u00e9s \u00e0 le magasin actuel sera \u00e9galement soumis aux Conditions d'utilisation. Vous pouvez consulter la version la plus actuelle des Conditions d'utilisation \u00e0 tout moment sur cette page. Nous nous r\u00e9servons le droit de mettre \u00e0 jour, de modifier ou de remplacer toute partie de ces Conditions d'utilisation en publiant des mises \u00e0 jour et\/ou des changements sur notre site Web. Il vous incombe de v\u00e9rifier p\u00e9riodiquement cette page pour les changements. Votre utilisation continue ou l'acc\u00e8s au site apr\u00e8s la publication de tout changement constitue l'acceptation de ces changements.<\/p>\n\n\n\n<p>Notre magasin est h\u00e9berg\u00e9 sur <strong>Hostinger Inc.<\/strong> Ils nous fournissent la plateforme de commerce en ligne qui nous permet de vendre nos produits et services \u00e0 vous.<\/p>\n\n\n\n<p><strong>SECTION 1 \u2013 CONDITIONS DU MAGASIN EN LIGNE<\/strong><\/p>\n\n\n\n<p>En acceptant ces Conditions d'utilisation, vous d\u00e9clarez que vous avez au moins l'\u00e2ge de la majorit\u00e9 dans votre \u00c9tat ou province de r\u00e9sidence, ou que vous avez atteint l'\u00e2ge de la majorit\u00e9 dans votre \u00c9tat ou province de r\u00e9sidence et que vous nous avez donn\u00e9 votre consentement pour permettre \u00e0 vos mineurs \u00e0 usage d'utiliser ce site.<\/p>\n\n\n\n<p>Vous ne pouvez pas utiliser nos produits \u00e0 des fins ill\u00e9gales ou non autoris\u00e9es et vous ne pouvez pas, lors de l'utilisation du Service, violer les lois de votre juridiction (y compris mais sans s'y limiter les lois sur le droit d'auteur).<\/p>\n\n\n\n<p>Vous ne devez pas transmettre de vers ou de virus ou tout code de nature destructive.<\/p>\n\n\n\n<p>Toute violation ou manquement \u00e0 l'une des Conditions entra\u00eenera une r\u00e9siliation imm\u00e9diate de vos Services.<\/p>\n\n\n\n<p><strong>SECTION 2 \u2013 CONDITIONS G\u00c9N\u00c9RALES<\/strong><\/p>\n\n\n\n<p>Nous nous r\u00e9servons le droit de refuser le service \u00e0 quiconque pour quelque raison que ce soit \u00e0 tout moment.<\/p>\n\n\n\n<p>Vous comprenez que votre contenu (\u00e0 l'exclusion des informations de carte de cr\u00e9dit) peut \u00eatre transf\u00e9r\u00e9 non chiffr\u00e9 et impliquer (a) des transmissions sur divers r\u00e9seaux ; et (b) des modifications pour se conformer et s'adapter aux exigences techniques des r\u00e9seaux ou appareils connect\u00e9s. Les informations de carte de cr\u00e9dit sont toujours chiffr\u00e9es lors du transfert sur les r\u00e9seaux.<\/p>\n\n\n\n<p>Vous acceptez de ne pas reproduire, dupliquer, copier, vendre, revendre ou exploiter une quelconque portion du Service, l'utilisation du Service, ou l'acc\u00e8s au Service ou tout contact sur le site par lequel le service est fourni, sans autorisation \u00e9crite expresse de notre part.<\/p>\n\n\n\n<p>Les titres utilis\u00e9s dans cet accord sont fournis pour r\u00e9f\u00e9rence uniquement et ne limiteront pas ou n'affecteront pas ces Conditions.<\/p>\n\n\n\n<p><strong>SECTION 3 \u2013 EXACTITUDE, COMPL\u00c9TUDE ET ACTUALIT\u00c9 DES INFORMATIONS<\/strong><\/p>\n\n\n\n<p>Nous ne sommes pas responsables si les informations mises \u00e0 disposition sur ce site ne sont pas exactes, compl\u00e8tes ou actuelles. Le contenu de ce site est fourni \u00e0 titre d\u2019information g\u00e9n\u00e9rale uniquement et ne doit pas \u00eatre pris comme base unique pour prendre des d\u00e9cisions sans consulter des sources d\u2019information primaires, plus exactes, plus compl\u00e8tes ou plus \u00e0 jour. Toute fiabilit\u00e9 accord\u00e9e au contenu de ce site se fait \u00e0 vos risques et p\u00e9rils.<\/p>\n\n\n\n<p>Ce site peut contenir certaines informations historiques. L\u2019information historique, par d\u00e9finition, n\u2019est pas actuelle et est fournie \u00e0 titre de r\u00e9f\u00e9rence seulement. Nous nous r\u00e9servons le droit de modifier le contenu de ce site \u00e0 tout moment, mais nous n\u2019avons aucune obligation de mettre \u00e0 jour les informations sur notre site. Vous reconnaissez qu\u2019il vous incombe de surveiller les changements apport\u00e9s \u00e0 notre site.<\/p>\n\n\n\n<p><strong>SECTION 4 \u2013 MODIFICATIONS DU SERVICE ET DES PRIX<\/strong><\/p>\n\n\n\n<p>Les prix de nos produits peuvent changer sans pr\u00e9avis.<\/p>\n\n\n\n<p>Nous nous r\u00e9servons le droit, \u00e0 tout moment, de modifier ou de retirer le Service (ou toute partie ou contenu de celui-ci) sans pr\u00e9avis \u00e0 tout moment.<\/p>\n\n\n\n<p>Nous ne serons pas responsables envers vous ou envers tout tiers de toute modification, changement de prix, suspension ou interruption du Service.<\/p>\n\n\n\n<p><strong>SECTION 5 \u2013 PRODUITS OU SERVICES (le cas \u00e9ch\u00e9ant)<\/strong><\/p>\n\n\n\n<p>Certains produits ou services peuvent \u00eatre disponibles exclusivement en ligne via le site web. Ces produits ou services peuvent avoir des quantit\u00e9s limit\u00e9es et sont soumis \u00e0 des retours ou \u00e9changes seulement selon notre Politique de Remboursement et de Retour.<\/p>\n\n\n\n<p>Nous avons fait tout notre possible pour afficher aussi pr\u00e9cis\u00e9ment que possible les couleurs et les images de nos produits tels qu\u2019ils apparaissent en magasin. Nous ne pouvons garantir que l\u2019affichage d\u2019une couleur sur votre \u00e9cran soit exact.<\/p>\n\n\n\n<p>Nous nous r\u00e9servons le droit, mais ne sommes pas oblig\u00e9s, de limiter la vente de nos produits ou Services \u00e0 toute personne, r\u00e9gion g\u00e9ographique ou juridiction. Nous pouvons exercer ce droit au cas par cas. Nous nous r\u00e9servons le droit de limiter les quantit\u00e9s de tout produit ou service que nous proposons. Toutes les descriptions de produits ou les prix des produits peuvent \u00eatre modifi\u00e9s \u00e0 tout moment sans pr\u00e9avis, \u00e0 notre seul gr\u00e9. Nous nous r\u00e9servons le droit de retirer tout produit \u00e0 tout moment. Toute offre pour tout produit ou service faite sur ce site est nulle l\u00e0 o\u00f9 elle est interdite.<\/p>\n\n\n\n<p>Nous ne garantissons pas que la qualit\u00e9 de tout produit, service, information ou autre mat\u00e9riel achet\u00e9 ou obtenu par vous r\u00e9pondra \u00e0 vos attentes, ni que les \u00e9ventuelles erreurs du Service seront corrig\u00e9es.<\/p>\n\n\n\n<p><strong>SECTION 6 \u2013 EXACTITUDE DE LA FACTURATION ET DES INFORMATIONS DE COMPTE<\/strong><\/p>\n\n\n\n<p>Nous nous r\u00e9servons le droit de refuser toute commande que vous passez chez nous. \u00c0 notre seule discr\u00e9tion, nous pouvons limiter ou annuler les quantit\u00e9s achet\u00e9es par personne, par foyer ou par commande. Ces restrictions peuvent inclure des commandes pass\u00e9es par ou sous le m\u00eame compte client, la m\u00eame carte de cr\u00e9dit et\/ou des commandes utilisant la m\u00eame adresse de facturation et\/ou d\u2019exp\u00e9dition. Dans le cas o\u00f9 nous apporterions une modification ou annulerions une commande, nous pouvons tenter de vous en informer en contactant l\u2019e-mail et\/ou l\u2019adresse de facturation\/num\u00e9ro de t\u00e9l\u00e9phone fournis au moment de la commande. Nous nous r\u00e9servons le droit de limiter ou d\u2019interdire les commandes qui, \u00e0 notre enti\u00e8re appr\u00e9ciation, semblent \u00eatre pass\u00e9es par des revendeurs, distributeurs ou marchands.<\/p>\n\n\n\n<p>Vous vous engagez \u00e0 fournir des informations d\u2019achat et de compte actuelles, compl\u00e8tes et exactes pour tous les achats effectu\u00e9s dans notre boutique. Vous vous engagez \u00e0 mettre rapidement \u00e0 jour votre compte et autres informations, y compris votre adresse e-mail et les num\u00e9ros de carte de cr\u00e9dit et leurs dates d\u2019expiration, afin que nous puissions finaliser vos transactions et vous contacter si n\u00e9cessaire.<\/p>\n\n\n\n<p>Pour plus de d\u00e9tails, veuillez consulter notre Politique de Remboursement et de Retour.<\/p>\n\n\n\n<p><strong>SECTION 7 \u2013 OUTILS OPTIONNELS<\/strong><\/p>\n\n\n\n<p>Nous pouvons vous donner acc\u00e8s \u00e0 des outils tiers que nous ne surveillons ni ne contr\u00f4lons ni n\u2019influence.<\/p>\n\n\n\n<p>Vous reconnaissez et acceptez que nous fournissons l\u2019acc\u00e8s \u00e0 ces outils \u201c tels quels \u201d et \u201c disponibles \u201d sans aucune garantie, repr\u00e9sentation ou condition d\u2019aucun type et sans aucun endossement. Nous n\u2019aurons aucune responsabilit\u00e9 d\u00e9coulant de ou li\u00e9e \u00e0 votre utilisation des outils tiers optionnels.<\/p>\n\n\n\n<p>Toute utilisation par vous des outils optionnels propos\u00e9s via le site se fait enti\u00e8rement \u00e0 vos risques et votre discr\u00e9tion et vous devez vous assurer d\u2019\u00eatre familiaris\u00e9 avec et d\u2019approuver les conditions selon lesquelles les outils sont fournis par les prestataires tiers concern\u00e9s.<\/p>\n\n\n\n<p>Nous pourrions \u00e9galement, \u00e0 l\u2019avenir, proposer de nouveaux services et\/ou fonctionnalit\u00e9s via le site (y compris la sortie de nouveaux outils et ressources). Ces nouvelles fonctionnalit\u00e9s et\/ou services seront \u00e9galement soumis \u00e0 ces Conditions d\u2019Utilisation.<\/p>\n\n\n\n<p><strong>SECTION 8 \u2013 LIENS TERS<\/strong><\/p>\n\n\n\n<p>Certains contenus, produits et services accessibles via notre Service peuvent comprendre des documents provenant de tiers.<\/p>\n\n\n\n<p>Les liens tiers sur ce site peuvent vous diriger vers des sites web tiers qui ne sont pas affili\u00e9s \u00e0 nous. Nous ne sommes pas responsables d'examiner ou d'\u00e9valuer le contenu ou l'exactitude et nous ne garantissons pas et n'aurons aucune responsabilit\u00e9 ou obligation pour tout mat\u00e9riel ou site web tiers, ou pour tout autre mat\u00e9riel, produit ou service de tiers.<\/p>\n\n\n\n<p>Nous ne sommes pas responsables de tout pr\u00e9judice ou dommage li\u00e9 \u00e0 l'achat ou \u00e0 l'utilisation de biens, services, ressources, contenu, ou de toute autre transaction effectu\u00e9e en lien avec des sites web tiers. Veuillez examiner attentivement les politiques et pratiques du tiers et assurez-vous de les comprendre avant d'engager une transaction. Les r\u00e9clamations, plaintes, pr\u00e9occupations ou questions concernant les produits tiers doivent \u00eatre dirig\u00e9es vers le tiers.<\/p>\n\n\n\n<p><strong>SECTION 9 \u2013 COMMENTAIRES DES UTILISATEURS, RETOURS D'EXP\u00c9RIENCE ET AUTRES SOUMISSIONS<\/strong><\/p>\n\n\n\n<p>Si, \u00e0 notre demande, vous envoyez certaines soumissions sp\u00e9cifiques (par exemple des entr\u00e9es de concours) ou sans demande de notre part vous envoyez des id\u00e9es cr\u00e9atives, suggestions, propositions, plans ou autres mat\u00e9riaux, que ce soit en ligne, par e-mail, par courrier postal, ou autrement (collectivement, \u2018 commentaires \u2019), vous acceptez que nous puissions, \u00e0 tout moment, sans restriction, modifier, copier, publier, distribuer, traduire et utiliser de toute mani\u00e8re dans n'importe quel m\u00e9dia les commentaires que vous nous transmettez. Nous sommes et serons sous aucune obligation (1) de maintenir la confidentialit\u00e9 de tout commentaire; (2) de r\u00e9mun\u00e9rer tout commentaire; ou (3) de r\u00e9pondre \u00e0 tout commentaire.<\/p>\n\n\n\n<p>Nous pouvons, mais nous n'avons aucune obligation, surveiller, modifier ou supprimer le contenu que nous estimons \u00e0 notre seule discr\u00e9tion ill\u00e9gal, offensant, mena\u00e7ant, diffamatoire, obsc\u00e8ne ou autrement r\u00e9pr\u00e9hensible ou qui enfreint les droits de propri\u00e9t\u00e9 intellectuelle de l'une des parties ou les pr\u00e9sentes Conditions d'utilisation.<\/p>\n\n\n\n<p>Vous acceptez que vos commentaires ne portent pas atteinte \u00e0 aucun droit d'un tiers, y compris les droits d'auteur, de marque, de vie priv\u00e9e, de personnalit\u00e9 ou d'autres droits personnels ou patrimoniaux. Vous acceptez en outre que vos commentaires ne contiennent pas de mat\u00e9riel diffamatoire ou ill\u00e9gal, abusif ou obsc\u00e8ne, ou ne contiennent pas de virus informatique ou autre malware qui pourrait affecter le fonctionnement du Service ou de tout site web associ\u00e9. Vous ne pouvez pas utiliser une adresse e-mail falsifi\u00e9e, pr\u00e9tendre \u00eatre quelqu'un d'autre ou tromper autrement nous ou des tiers quant \u00e0 l'origine de tout commentaire. Vous \u00eates seul responsable de tout commentaire que vous faites et de leur exactitude. Nous n'assumons aucune responsabilit\u00e9 et d\u00e9clinons toute responsabilit\u00e9 pour tout commentaire publi\u00e9 par vous ou par un tiers.<\/p>\n\n\n\n<p><strong>SECTION 10 \u2013 INFORMATIONS PERSONNELLES<\/strong><\/p>\n\n\n\n<p>Votre soumission d'informations personnelles via la boutique est r\u00e9gie par notre D\u00e9claration de confidentialit\u00e9. Pour consulter notre D\u00e9claration de confidentialit\u00e9, veuillez vous r\u00e9f\u00e9rer \u00e0 la section appropri\u00e9e de notre site.<\/p>\n\n\n\n<p><strong>SECTION 11 \u2013 ERREURS, INEXACTITUDES ET OMMISSIONS<\/strong><\/p>\n\n\n\n<p>Il peut arriver que des informations sur notre site ou dans le Service contiennent des erreurs typographiques, des inexactitudes ou des omissions qui peuvent concerner les descriptions de produits, les prix, les promotions, les offres, les frais d'exp\u00e9dition des produits, les d\u00e9lais de transit et la disponibilit\u00e9. Nous nous r\u00e9servons le droit de corriger toute erreur, inexactitude ou omission, et de modifier ou de mettre \u00e0 jour les informations ou d'annuler les commandes si des informations dans le Service ou sur tout site li\u00e9 sont inexactes \u00e0 tout moment et sans pr\u00e9avis pr\u00e9alable (y compris apr\u00e8s que vous ayez soumis votre commande).<\/p>\n\n\n\n<p>Nous ne nous engageons pas \u00e0 mettre \u00e0 jour, amender ou clarifier les informations dans le Service ou sur tout site li\u00e9, y compris, sans limitation, les informations de tarification, sauf si la loi l'exige.<\/p>\n\n\n\n<p>Aucune date de mise \u00e0 jour ou de rafra\u00eechissement sp\u00e9cifi\u00e9e appliqu\u00e9e dans le Service ou sur tout site li\u00e9 ne doit \u00eatre interpr\u00e9t\u00e9e comme indiquant que toutes les informations du Service ou de tout site li\u00e9 ont \u00e9t\u00e9 modifi\u00e9es ou mises \u00e0 jour.<\/p>\n\n\n\n<p><strong>SECTION 12 \u2013 UTILISATIONS INTERDITES<\/strong><\/p>\n\n\n\n<p>En plus des autres interdictions \u00e9nonc\u00e9es dans les Conditions d'utilisation, il vous est interdit d'utiliser le site ou son contenu : (a) \u00e0 des fins ill\u00e9gales; (b) pour solliciter autrui \u00e0 effectuer ou \u00e0 participer \u00e0 des actes ill\u00e9gaux; (c) pour violer des r\u00e9glementations, r\u00e8gles, lois internationales, f\u00e9d\u00e9rales, provinciales ou \u00e9tatiques; (d) pour porter atteinte \u00e0 nos droits de propri\u00e9t\u00e9 intellectuelle ou \u00e0 ceux des autres; (e) pour harceler, abuser, insulter, nuire, diffamer, d\u00e9nigrer, intimider ou discriminer en raison du sexe, de l'orientation sexuelle, de la religion, de l'appartenance ethnique, de la race, de l'\u00e2ge, de l'origine nationale ou du handicap; (f) pour soumettre des informations fausses ou trompeuses; (g) pour t\u00e9l\u00e9verser ou transmettre des virus ou tout autre code malveillant; (h) pour collecter ou suivre des informations personnelles d'autrui; (i) pour envoyer des spams, hame\u00e7onnage, pharming, pr\u00e9text, spider, crawler ou scraper; (j) \u00e0 des fins obsc\u00e8nes ou immorales; ou (k) pour interf\u00e9rer avec ou contourner les fonctionnalit\u00e9s de s\u00e9curit\u00e9 du Service. Nous nous r\u00e9servons le droit de mettre fin \u00e0 votre utilisation du Service pour violation de l'une des utilisations interdites.<\/p>\n\n\n\n<p><strong>SECTION 13 \u2013 AVIS DE NON-GARANTIE; LIMITATION DE RESPONSABILIT\u00c9<\/strong><\/p>\n\n\n\n<p>Nous ne garantissons pas que l'utilisation de notre service sera ininterrompue, opportune, s\u00fbre ou sans erreur.<\/p>\n\n\n\n<p>Vous acceptez que votre utilisation ou votre impossibilit\u00e9 d'utiliser le service soit \u00e0 vos propres risques. Le service et tous les produits et services qui vous sont fournis sont fournis \u2018 tels quels \u2019 et \u2018 disponibles \u2019 sans garanties d'aucune sorte.<\/p>\n\n\n\n<p>En aucun cas <strong>Micterleather SARL<\/strong>, nos administrateurs, dirigeants, employ\u00e9s, affili\u00e9s, agents, contractants, fournisseurs ou concierges doivent \u00eatre responsables de tout dommage de toute nature r\u00e9sultant de votre utilisation de tout service ou produit obtenu par notre interm\u00e9diaire.<\/p>\n\n\n\n<p><strong>SECTION 14 \u2013 INDEMNISATION<\/strong><\/p>\n\n\n\n<p>Vous acceptez d\u2019indemniser, de d\u00e9fendre et d\u2019exon\u00e9rer de toute responsabilit\u00e9 <strong>Micterleather SARL<\/strong> et ses affili\u00e9s, administrateurs, dirigeants, employ\u00e9s et partenaires de toute r\u00e9clamation ou demande due \u00e0 votre violation des pr\u00e9sentes Conditions.<\/p>\n\n\n\n<p><strong>SECTION 15 \u2013 CLAUSE DE NON-RESPONSABILIT\u00c9<\/strong><\/p>\n\n\n\n<p>Si une disposition est jug\u00e9e ill\u00e9gale, le reste restera applicable.<\/p>\n\n\n\n<p><strong>SECTION 16 \u2013 R\u00c9SILIATION<\/strong><\/p>\n\n\n\n<p>Les pr\u00e9sentes Conditions restent en vigueur sauf r\u00e9siliation par l\u2019une ou l\u2019autre des parties. Vous pouvez r\u00e9silier \u00e0 tout moment en cessant d\u2019utiliser le site. Nous pouvons \u00e9galement r\u00e9silier ou suspendre votre acc\u00e8s en cas de manquement.<\/p>\n\n\n\n<p><strong>SECTION 17 \u2013 ACCORD INT\u00c9GRAL<\/strong><\/p>\n\n\n\n<p>Les pr\u00e9sentes Conditions constituent l\u2019int\u00e9gralit\u00e9 de l\u2019accord entre vous et <strong>Micterleather SARL<\/strong>, et remplacent les accords ant\u00e9rieurs.<\/p>\n\n\n\n<p><strong>SECTION 18 \u2013 LOI APPLICABLE<\/strong><\/p>\n\n\n\n<p>Les pr\u00e9sentes Conditions seront r\u00e9gies et interpr\u00e9t\u00e9es conform\u00e9ment aux lois de <strong>la France<\/strong>.<\/p>\n\n\n\n<p><strong>SECTION 19 \u2013 MODIFICATIONS DES CONDITIONS D\u2019UTILISATION<\/strong><\/p>\n\n\n\n<p>Nous pouvons r\u00e9viser ces Conditions \u00e0 tout moment en mettant \u00e0 jour cette page. L\u2019utilisation continue de notre site constitue l\u2019acceptation de ces modifications.<\/p>\n\n\n\n<p><strong>SECTION 20 \u2013 COORDONN\u00c9ES<\/strong><\/p>\n\n\n\n<p>Les questions concernant les Conditions d\u2019utilisation doivent nous \u00eatre envoy\u00e9es \u00e0 <strong><a>support@micterleather.com<\/a><\/strong>.<\/p>\n\n\n\n<p>Les clients ne seront factur\u00e9s qu\u2019une seule fois pour les frais d\u2019exp\u00e9dition (cela inclut les retours). Aucune re-garantie de stockage ne sera pr\u00e9lev\u00e9e pour le retour d\u2019un produit.<\/p>","protected":false},"excerpt":{"rendered":"<p>Terms of Service OVERVIEW This website is operated by Micterleather LLC. Throughout the site, the terms \u201cwe\u201d, \u201cus\u201d and \u201cour\u201d refer to Micterleather LLC. Micterleather LLC offers this website, including all information, tools and services available from this site to you, the user, conditioned upon your acceptance of all terms, conditions, policies and notices stated<\/p>","protected":false},"author":2,"featured_media":0,"parent":0,"menu_order":0,"comment_status":"closed","ping_status":"closed","template":"","meta":{"_uag_custom_page_level_css":"","site-sidebar-layout":"default","site-content-layout":"","ast-site-content-layout":"default","site-content-style":"default","site-sidebar-style":"default","ast-global-header-display":"","ast-banner-title-visibility":"","ast-main-header-display":"","ast-hfb-above-header-display":"","ast-hfb-below-header-display":"","ast-hfb-mobile-header-display":"","site-post-title":"disabled","ast-breadcrumbs-content":"","ast-featured-img":"","footer-sml-layout":"","ast-disable-related-posts":"","theme-transparent-header-meta":"","adv-header-id-meta":"","stick-header-meta":"","header-above-stick-meta":"","header-main-stick-meta":"","header-below-stick-meta":"","astra-migrate-meta-layouts":"set","ast-page-background-enabled":"default","ast-page-background-meta":{"desktop":{"background-color":"","background-image":"","background-repeat":"repeat","background-position":"center center","background-size":"auto","background-attachment":"scroll","background-type":"","background-media":"","overlay-type":"","overlay-color":"","overlay-opacity":"","overlay-gradient":""},"tablet":{"background-color":"","background-image":"","background-repeat":"repeat","background-position":"center center","background-size":"auto","background-attachment":"scroll","background-type":"","background-media":"","overlay-type":"","overlay-color":"","overlay-opacity":"","overlay-gradient":""},"mobile":{"background-color":"","background-image":"","background-repeat":"repeat","background-position":"center center","background-size":"auto","background-attachment":"scroll","background-type":"","background-media":"","overlay-type":"","overlay-color":"","overlay-opacity":"","overlay-gradient":""}},"ast-content-background-meta":{"desktop":{"background-color":"var(--ast-global-color-5)","background-image":"","background-repeat":"repeat","background-position":"center center","background-size":"auto","background-attachment":"scroll","background-type":"","background-media":"","overlay-type":"","overlay-color":"","overlay-opacity":"","overlay-gradient":""},"tablet":{"background-color":"var(--ast-global-color-5)","background-image":"","background-repeat":"repeat","background-position":"center center","background-size":"auto","background-attachment":"scroll","background-type":"","background-media":"","overlay-type":"","overlay-color":"","overlay-opacity":"","overlay-gradient":""},"mobile":{"background-color":"var(--ast-global-color-5)","background-image":"","background-repeat":"repeat","background-position":"center center","background-size":"auto","background-attachment":"scroll","background-type":"","background-media":"","overlay-type":"","overlay-color":"","overlay-opacity":"","overlay-gradient":""}},"footnotes":""},"class_list":["post-2113","page","type-page","status-publish","hentry"],"uagb_featured_image_src":{"full":false,"thumbnail":false,"medium":false,"medium_large":false,"large":false,"1536x1536":false,"2048x2048":false,"trp-custom-language-flag":false,"woocommerce_thumbnail":false,"woocommerce_single":false,"woocommerce_gallery_thumbnail":false},"uagb_author_info":{"display_name":"micter","author_link":"https:\/\/micterleather.com\/fr\/author\/micter\/"},"uagb_comment_info":0,"uagb_excerpt":"Terms of Service OVERVIEW This website is operated by Micterleather LLC. Throughout the site, the terms \u201cwe\u201d, \u201cus\u201d and \u201cour\u201d refer to Micterleather LLC. Micterleather LLC offers this website, including all information, tools and services available from this site to you, the user, conditioned upon your acceptance of all terms, conditions, policies and notices stated\u2026","_links":{"self":[{"href":"https:\/\/micterleather.com\/fr\/wp-json\/wp\/v2\/pages\/2113","targetHints":{"allow":["GET"]}}],"collection":[{"href":"https:\/\/micterleather.com\/fr\/wp-json\/wp\/v2\/pages"}],"about":[{"href":"https:\/\/micterleather.com\/fr\/wp-json\/wp\/v2\/types\/page"}],"author":[{"embeddable":true,"href":"https:\/\/micterleather.com\/fr\/wp-json\/wp\/v2\/users\/2"}],"replies":[{"embeddable":true,"href":"https:\/\/micterleather.com\/fr\/wp-json\/wp\/v2\/comments?post=2113"}],"version-history":[{"count":11,"href":"https:\/\/micterleather.com\/fr\/wp-json\/wp\/v2\/pages\/2113\/revisions"}],"predecessor-version":[{"id":3476,"href":"https:\/\/micterleather.com\/fr\/wp-json\/wp\/v2\/pages\/2113\/revisions\/3476"}],"wp:attachment":[{"href":"https:\/\/micterleather.com\/fr\/wp-json\/wp\/v2\/media?parent=2113"}],"curies":[{"name":"wp","href":"https:\/\/api.w.org\/{rel}","templated":true}]}}