{"id":3988,"date":"2025-08-26T02:55:52","date_gmt":"2025-08-26T02:55:52","guid":{"rendered":"https:\/\/micterleather.com\/?post_type=product&#038;p=3988"},"modified":"2025-08-28T12:34:03","modified_gmt":"2025-08-28T12:34:03","slug":"selbstklebende-lederflicken-4-stueck-20x28-cm","status":"publish","type":"product","link":"https:\/\/micterleather.com\/es\/product\/uncategorized\/selbstklebende-lederflicken-4-stueck-20x28-cm\/","title":{"rendered":"Reparaciones de cuero autoadhesivas \u2013 4 piezas 20\u00d728 cm"},"content":{"rendered":"<p data-start=\"2434\" data-end=\"2703\"><strong data-start=\"2434\" data-end=\"2465\">Reparaci\u00f3n de cuero de alta calidad:<\/strong><br data-start=\"2465\" data-end=\"2468\" \/>Fabricados con cuero sint\u00e9tico de alta calidad, estos parches de reparaci\u00f3n destacan por sus patrones y colores cl\u00e1sicos. La superficie es lisa, resistente al agua, f\u00e1cil de limpiar y resistente al desgaste y a los ara\u00f1azos, para una reparaci\u00f3n que dura mucho tiempo.<\/p>\n<p data-start=\"2705\" data-end=\"2980\"><strong data-start=\"2705\" data-end=\"2724\">Adherencia fuerte:<\/strong><br data-start=\"2724\" data-end=\"2727\" \/>Con un recubrimiento profesional en la parte trasera, la cinta de reparaci\u00f3n de cuero autoadhesiva ofrece una adherencia fiable y fuerte. Despu\u00e9s de aplicarla, el parche se mantiene firmemente en cualquier superficie lisa, sin despegarse ni enrollarse.<\/p>\n<p data-start=\"2982\" data-end=\"3327\"><strong data-start=\"2982\" data-end=\"3014\">Soluci\u00f3n de reparaci\u00f3n vers\u00e1til:<\/strong><br data-start=\"3014\" data-end=\"3017\" \/>El set incluye cuatro parches de cuero de tama\u00f1o <strong data-start=\"3064\" data-end=\"3094\">20 \u00d7 28 cm (7,8 \u00d7 11 pulgadas)<\/strong>, ideal para reparar grietas, ara\u00f1azos, agujeros y decoloraciones en productos de cuero y vinilo. Adecuado para asientos de coche, muebles, sof\u00e1s, bolsos, chaquetas y mucho m\u00e1s\u2014sus objetos volver\u00e1n a lucir como nuevos en un abrir y cerrar de ojos.<\/p>\n<p data-start=\"3329\" data-end=\"3685\"><strong data-start=\"3329\" data-end=\"3352\">F\u00e1cil de usar:<\/strong><br data-start=\"3352\" data-end=\"3355\" \/>No se requieren herramientas o conocimientos especiales. Simplemente limpie la superficie, corte el parche al tama\u00f1o y forma deseados, retire la l\u00e1mina protectora y col\u00f3quelo en el lugar da\u00f1ado. Una forma r\u00e1pida y econ\u00f3mica de prolongar la vida \u00fatil de sus art\u00edculos de cuero.<\/p>\n<p data-start=\"3687\" data-end=\"4113\"><strong data-start=\"3687\" data-end=\"3715\">Soporte profesional:<\/strong><br data-start=\"3715\" data-end=\"3718\" \/>Cada compra est\u00e1 respaldada por una garant\u00eda sin preocupaciones y una garant\u00eda de devoluci\u00f3n de dinero. <strong data-start=\"3808\" data-end=\"3820\">Aviso:<\/strong> Debido a la configuraci\u00f3n de luz y pantalla, los colores reales pueden variar ligeramente de las im\u00e1genes. Si tiene dudas sobre la elecci\u00f3n del color, env\u00edenos una foto para una asesor\u00eda personalizada. \u00a1Estamos a su disposici\u00f3n para cualquier pregunta o consulta!<\/p>","protected":false},"excerpt":{"rendered":"<h6 data-start=\"2195\" data-end=\"2222\"><strong data-start=\"2195\" data-end=\"2220\">Informaci\u00f3n del producto:<\/strong><\/h6>\n<ul data-start=\"2223\" data-end=\"2432\">\n<li data-start=\"2223\" data-end=\"2246\">\n<h6 data-start=\"2225\" data-end=\"2246\"><strong data-start=\"2225\" data-end=\"2238\">Material:<\/strong> Cuero<\/h6>\n<\/li>\n<li data-start=\"2247\" data-end=\"2270\">\n<h6 data-start=\"2249\" data-end=\"2270\"><strong data-start=\"2249\" data-end=\"2258\">Forma:<\/strong> Cinta adhesiva<\/h6>\n<\/li>\n<li data-start=\"2271\" data-end=\"2338\">\n<h6 data-start=\"2273\" data-end=\"2338\"><strong data-start=\"2273\" data-end=\"2301\">Propiedades especiales:<\/strong> Resistente al calor, fuerte, impermeable<\/h6>\n<\/li>\n<li data-start=\"2339\" data-end=\"2373\">\n<h6 data-start=\"2341\" data-end=\"2373\"><strong data-start=\"2341\" data-end=\"2363\">Cantidad por paquete:<\/strong> 4 unidades<\/h6>\n<\/li>\n<li data-start=\"2374\" data-end=\"2399\">\n<h6 data-start=\"2376\" data-end=\"2399\"><strong data-start=\"2376\" data-end=\"2392\">Tipo de recipiente:<\/strong> Tubo<\/h6>\n<\/li>\n<li data-start=\"2400\" data-end=\"2432\">\n<h6 data-start=\"2402\" data-end=\"2432\"><strong data-start=\"2402\" data-end=\"2417\">Viscosidad:<\/strong> Excelente<\/h6>\n<\/li>\n<\/ul>\n<h5>Blog: <a href=\"https:\/\/micterleather.com\/de\/wie-man-ledermoebel-repariert-micter\/\">Wie man Lederm\u00f6bel repariert ? \u2013 Micter<\/a><\/h5>","protected":false},"featured_media":2669,"template":"","meta":{"_uag_custom_page_level_css":"","site-sidebar-layout":"default","site-content-layout":"","ast-site-content-layout":"default","site-content-style":"default","site-sidebar-style":"default","ast-global-header-display":"","ast-banner-title-visibility":"","ast-main-header-display":"","ast-hfb-above-header-display":"","ast-hfb-below-header-display":"","ast-hfb-mobile-header-display":"","site-post-title":"","ast-breadcrumbs-content":"","ast-featured-img":"","footer-sml-layout":"","ast-disable-related-posts":"","theme-transparent-header-meta":"default","adv-header-id-meta":"","stick-header-meta":"","header-above-stick-meta":"","header-main-stick-meta":"","header-below-stick-meta":"","astra-migrate-meta-layouts":"set","ast-page-background-enabled":"default","ast-page-background-meta":{"desktop":{"background-color":"","background-image":"","background-repeat":"repeat","background-position":"center center","background-size":"auto","background-attachment":"scroll","background-type":"","background-media":"","overlay-type":"","overlay-color":"","overlay-opacity":"","overlay-gradient":""},"tablet":{"background-color":"","background-image":"","background-repeat":"repeat","background-position":"center center","background-size":"auto","background-attachment":"scroll","background-type":"","background-media":"","overlay-type":"","overlay-color":"","overlay-opacity":"","overlay-gradient":""},"mobile":{"background-color":"","background-image":"","background-repeat":"repeat","background-position":"center center","background-size":"auto","background-attachment":"scroll","background-type":"","background-media":"","overlay-type":"","overlay-color":"","overlay-opacity":"","overlay-gradient":""}},"ast-content-background-meta":{"desktop":{"background-color":"var(--ast-global-color-5)","background-image":"","background-repeat":"repeat","background-position":"center center","background-size":"auto","background-attachment":"scroll","background-type":"","background-media":"","overlay-type":"","overlay-color":"","overlay-opacity":"","overlay-gradient":""},"tablet":{"background-color":"var(--ast-global-color-5)","background-image":"","background-repeat":"repeat","background-position":"center center","background-size":"auto","background-attachment":"scroll","background-type":"","background-media":"","overlay-type":"","overlay-color":"","overlay-opacity":"","overlay-gradient":""},"mobile":{"background-color":"var(--ast-global-color-5)","background-image":"","background-repeat":"repeat","background-position":"center center","background-size":"auto","background-attachment":"scroll","background-type":"","background-media":"","overlay-type":"","overlay-color":"","overlay-opacity":"","overlay-gradient":""}}},"product_brand":[],"product_cat":[15],"product_tag":[],"class_list":{"0":"post-3988","1":"product","2":"type-product","3":"status-publish","4":"has-post-thumbnail","6":"product_cat-uncategorized","7":"desktop-align-left","8":"tablet-align-left","9":"mobile-align-left","11":"first","12":"instock","13":"sale","14":"shipping-taxable","15":"purchasable","16":"product-type-variable","17":"has-default-attributes"},"uagb_featured_image_src":{"full":["https:\/\/micterleather.com\/wp-content\/uploads\/2025\/07\/dark_brown_-4pcs_-first.webp",1600,1600,false],"thumbnail":["https:\/\/micterleather.com\/wp-content\/uploads\/2025\/07\/dark_brown_-4pcs_-first-150x150.webp",150,150,true],"medium":["https:\/\/micterleather.com\/wp-content\/uploads\/2025\/07\/dark_brown_-4pcs_-first-300x300.webp",300,300,true],"medium_large":["https:\/\/micterleather.com\/wp-content\/uploads\/2025\/07\/dark_brown_-4pcs_-first-768x768.webp",768,768,true],"large":["https:\/\/micterleather.com\/wp-content\/uploads\/2025\/07\/dark_brown_-4pcs_-first-1024x1024.webp",1024,1024,true],"1536x1536":["https:\/\/micterleather.com\/wp-content\/uploads\/2025\/07\/dark_brown_-4pcs_-first-1536x1536.webp",1536,1536,true],"2048x2048":["https:\/\/micterleather.com\/wp-content\/uploads\/2025\/07\/dark_brown_-4pcs_-first.webp",1600,1600,false],"trp-custom-language-flag":["https:\/\/micterleather.com\/wp-content\/uploads\/2025\/07\/dark_brown_-4pcs_-first.webp",12,12,false],"woocommerce_thumbnail":["https:\/\/micterleather.com\/wp-content\/uploads\/2025\/07\/dark_brown_-4pcs_-first-300x300.webp",300,300,true],"woocommerce_single":["https:\/\/micterleather.com\/wp-content\/uploads\/2025\/07\/dark_brown_-4pcs_-first-600x600.webp",600,600,true],"woocommerce_gallery_thumbnail":["https:\/\/micterleather.com\/wp-content\/uploads\/2025\/07\/dark_brown_-4pcs_-first-100x100.webp",100,100,true]},"uagb_author_info":{"display_name":"micter","author_link":"https:\/\/micterleather.com\/es\/author\/"},"uagb_comment_info":0,"uagb_excerpt":"Produktinformationen: Material: Leder Form: Klebeband Besondere Eigenschaften: Hitzebest\u00e4ndig, stark, wasserdicht Menge pro Packung: 4 St\u00fcck Beh\u00e4ltertyp: Tube Viskosit\u00e4t: Hervorragend Blog: Wie man Lederm\u00f6bel repariert ? - Micter","_links":{"self":[{"href":"https:\/\/micterleather.com\/es\/wp-json\/wp\/v2\/product\/3988","targetHints":{"allow":["GET"]}}],"collection":[{"href":"https:\/\/micterleather.com\/es\/wp-json\/wp\/v2\/product"}],"about":[{"href":"https:\/\/micterleather.com\/es\/wp-json\/wp\/v2\/types\/product"}],"wp:featuredmedia":[{"embeddable":true,"href":"https:\/\/micterleather.com\/es\/wp-json\/wp\/v2\/media\/2669"}],"wp:attachment":[{"href":"https:\/\/micterleather.com\/es\/wp-json\/wp\/v2\/media?parent=3988"}],"wp:term":[{"taxonomy":"product_brand","embeddable":true,"href":"https:\/\/micterleather.com\/es\/wp-json\/wp\/v2\/product_brand?post=3988"},{"taxonomy":"product_cat","embeddable":true,"href":"https:\/\/micterleather.com\/es\/wp-json\/wp\/v2\/product_cat?post=3988"},{"taxonomy":"product_tag","embeddable":true,"href":"https:\/\/micterleather.com\/es\/wp-json\/wp\/v2\/product_tag?post=3988"}],"curies":[{"name":"wp","href":"https:\/\/api.w.org\/{rel}","templated":true}]}}