{"id":3942,"date":"2025-07-11T08:13:43","date_gmt":"2025-07-11T08:13:43","guid":{"rendered":"https:\/\/micterleather.com\/?post_type=product&#038;p=3942"},"modified":"2025-08-24T08:28:01","modified_gmt":"2025-08-24T08:28:01","slug":"leder-sofa-reparaturset-2","status":"publish","type":"product","link":"https:\/\/micterleather.com\/es\/product\/uncategorized\/leder-sofa-reparaturset-2\/","title":{"rendered":"Kit de reparaci\u00f3n de sof\u00e1 de cuero"},"content":{"rendered":"<ul>\n<li data-start=\"359\" data-end=\"466\">\n<p data-start=\"361\" data-end=\"466\"><strong data-start=\"361\" data-end=\"389\">Kit de reparaci\u00f3n completo:<\/strong> Soluci\u00f3n todo en uno para reparar cuero, cuero sint\u00e9tico y materiales de vinilo<\/p>\n<\/li>\n<li data-start=\"467\" data-end=\"561\">\n<p data-start=\"469\" data-end=\"561\"><strong data-start=\"469\" data-end=\"495\">Herramientas de alta calidad:<\/strong> Incluye agujas, tijeras y pintura para cuero para aplicaciones precisas<\/p>\n<\/li>\n<li data-start=\"562\" data-end=\"673\">\n<p data-start=\"564\" data-end=\"673\"><strong data-start=\"564\" data-end=\"587\">F\u00e1cil de usar:<\/strong> Adecuado para profesionales y principiantes, con instrucciones claras para reparaciones r\u00e1pidas<\/p>\n<\/li>\n<li data-start=\"674\" data-end=\"768\">\n<p data-start=\"676\" data-end=\"768\"><strong data-start=\"676\" data-end=\"702\">Vers\u00e1til y multifuncional:<\/strong> Ideal para muebles, asientos de coche, bolsos, chaquetas y mucho m\u00e1s<\/p>\n<\/li>\n<li data-start=\"769\" data-end=\"861\">\n<p data-start=\"771\" data-end=\"861\"><strong data-start=\"771\" data-end=\"797\">R\u00e1pido y eficiente:<\/strong> Repara f\u00e1cilmente peque\u00f1as grietas, agujeros, ara\u00f1azos y marcas<\/p>\n<\/li>\n<li data-start=\"862\" data-end=\"999\">\n<p data-start=\"864\" data-end=\"999\"><strong data-start=\"864\" data-end=\"890\">Resultados duraderos:<\/strong> Restauran la apariencia y sensaci\u00f3n originales del cuero, con una superficie lisa y resistente<\/p>\n<\/li>\n<\/ul>","protected":false},"excerpt":{"rendered":"<table class=\"a-normal a-spacing-micro\" role=\"list\">\n<tbody>\n<tr class=\"a-spacing-small po-container.type\" role=\"listitem\">\n<td class=\"a-span3\" role=\"presentation\">Informaci\u00f3n sobre el embalaje<\/td>\n<td class=\"a-span9\" role=\"presentation\">Bolsa<\/td>\n<\/tr>\n<tr class=\"a-spacing-small po-included_components\" role=\"listitem\">\n<td class=\"a-span3\" role=\"presentation\">Componentes incluidos (como se muestra en la imagen)<\/td>\n<td class=\"a-span9\" role=\"presentation\">Kit de reparaci\u00f3n de cuero, 4 agujas para cuero, pa\u00f1o de limpieza, pintura para cuero, pegamento para cuero, cera, tijeras, cinta m\u00e9trica, producto protector para cuero, manual de instrucciones<\/td>\n<\/tr>\n<\/tbody>\n<\/table>","protected":false},"featured_media":3864,"template":"","meta":{"_uag_custom_page_level_css":"","site-sidebar-layout":"default","site-content-layout":"","ast-site-content-layout":"default","site-content-style":"default","site-sidebar-style":"default","ast-global-header-display":"","ast-banner-title-visibility":"","ast-main-header-display":"","ast-hfb-above-header-display":"","ast-hfb-below-header-display":"","ast-hfb-mobile-header-display":"","site-post-title":"","ast-breadcrumbs-content":"","ast-featured-img":"","footer-sml-layout":"","ast-disable-related-posts":"","theme-transparent-header-meta":"default","adv-header-id-meta":"","stick-header-meta":"","header-above-stick-meta":"","header-main-stick-meta":"","header-below-stick-meta":"","astra-migrate-meta-layouts":"set","ast-page-background-enabled":"default","ast-page-background-meta":{"desktop":{"background-color":"","background-image":"","background-repeat":"repeat","background-position":"center center","background-size":"auto","background-attachment":"scroll","background-type":"","background-media":"","overlay-type":"","overlay-color":"","overlay-opacity":"","overlay-gradient":""},"tablet":{"background-color":"","background-image":"","background-repeat":"repeat","background-position":"center center","background-size":"auto","background-attachment":"scroll","background-type":"","background-media":"","overlay-type":"","overlay-color":"","overlay-opacity":"","overlay-gradient":""},"mobile":{"background-color":"","background-image":"","background-repeat":"repeat","background-position":"center center","background-size":"auto","background-attachment":"scroll","background-type":"","background-media":"","overlay-type":"","overlay-color":"","overlay-opacity":"","overlay-gradient":""}},"ast-content-background-meta":{"desktop":{"background-color":"var(--ast-global-color-5)","background-image":"","background-repeat":"repeat","background-position":"center center","background-size":"auto","background-attachment":"scroll","background-type":"","background-media":"","overlay-type":"","overlay-color":"","overlay-opacity":"","overlay-gradient":""},"tablet":{"background-color":"var(--ast-global-color-5)","background-image":"","background-repeat":"repeat","background-position":"center center","background-size":"auto","background-attachment":"scroll","background-type":"","background-media":"","overlay-type":"","overlay-color":"","overlay-opacity":"","overlay-gradient":""},"mobile":{"background-color":"var(--ast-global-color-5)","background-image":"","background-repeat":"repeat","background-position":"center center","background-size":"auto","background-attachment":"scroll","background-type":"","background-media":"","overlay-type":"","overlay-color":"","overlay-opacity":"","overlay-gradient":""}}},"product_brand":[],"product_cat":[15],"product_tag":[],"class_list":{"0":"post-3942","1":"product","2":"type-product","3":"status-publish","4":"has-post-thumbnail","6":"product_cat-uncategorized","7":"desktop-align-left","8":"tablet-align-left","9":"mobile-align-left","11":"first","12":"instock","13":"sale","14":"shipping-taxable","15":"purchasable","16":"product-type-simple"},"uagb_featured_image_src":{"full":["https:\/\/micterleather.com\/wp-content\/uploads\/2025\/08\/leather-couch-patch-kit.webp",1600,1600,false],"thumbnail":["https:\/\/micterleather.com\/wp-content\/uploads\/2025\/08\/leather-couch-patch-kit-150x150.webp",150,150,true],"medium":["https:\/\/micterleather.com\/wp-content\/uploads\/2025\/08\/leather-couch-patch-kit-300x300.webp",300,300,true],"medium_large":["https:\/\/micterleather.com\/wp-content\/uploads\/2025\/08\/leather-couch-patch-kit-768x768.webp",768,768,true],"large":["https:\/\/micterleather.com\/wp-content\/uploads\/2025\/08\/leather-couch-patch-kit-1024x1024.webp",1024,1024,true],"1536x1536":["https:\/\/micterleather.com\/wp-content\/uploads\/2025\/08\/leather-couch-patch-kit-1536x1536.webp",1536,1536,true],"2048x2048":["https:\/\/micterleather.com\/wp-content\/uploads\/2025\/08\/leather-couch-patch-kit.webp",1600,1600,false],"trp-custom-language-flag":["https:\/\/micterleather.com\/wp-content\/uploads\/2025\/08\/leather-couch-patch-kit.webp",12,12,false],"woocommerce_thumbnail":["https:\/\/micterleather.com\/wp-content\/uploads\/2025\/08\/leather-couch-patch-kit-300x300.webp",300,300,true],"woocommerce_single":["https:\/\/micterleather.com\/wp-content\/uploads\/2025\/08\/leather-couch-patch-kit-600x600.webp",600,600,true],"woocommerce_gallery_thumbnail":["https:\/\/micterleather.com\/wp-content\/uploads\/2025\/08\/leather-couch-patch-kit-100x100.webp",100,100,true]},"uagb_author_info":{"display_name":"micter","author_link":"https:\/\/micterleather.com\/es\/author\/"},"uagb_comment_info":0,"uagb_excerpt":"Informationen zur Verpackung Tasche Enthaltene Komponenten (wie auf dem Bild gezeigt) Lederreparatur-Set, 4 Leder-Nadeln, Reinigungstuch, Lederfarbe, Lederkleber, Wachs, Schere, Ma\u00dfband, Leder-Schutzmittel, Bedienungsanleitung","_links":{"self":[{"href":"https:\/\/micterleather.com\/es\/wp-json\/wp\/v2\/product\/3942","targetHints":{"allow":["GET"]}}],"collection":[{"href":"https:\/\/micterleather.com\/es\/wp-json\/wp\/v2\/product"}],"about":[{"href":"https:\/\/micterleather.com\/es\/wp-json\/wp\/v2\/types\/product"}],"wp:featuredmedia":[{"embeddable":true,"href":"https:\/\/micterleather.com\/es\/wp-json\/wp\/v2\/media\/3864"}],"wp:attachment":[{"href":"https:\/\/micterleather.com\/es\/wp-json\/wp\/v2\/media?parent=3942"}],"wp:term":[{"taxonomy":"product_brand","embeddable":true,"href":"https:\/\/micterleather.com\/es\/wp-json\/wp\/v2\/product_brand?post=3942"},{"taxonomy":"product_cat","embeddable":true,"href":"https:\/\/micterleather.com\/es\/wp-json\/wp\/v2\/product_cat?post=3942"},{"taxonomy":"product_tag","embeddable":true,"href":"https:\/\/micterleather.com\/es\/wp-json\/wp\/v2\/product_tag?post=3942"}],"curies":[{"name":"wp","href":"https:\/\/api.w.org\/{rel}","templated":true}]}}