{"id":3940,"date":"2025-07-13T08:06:27","date_gmt":"2025-07-13T08:06:27","guid":{"rendered":"https:\/\/micterleather.com\/?post_type=product&#038;p=3940"},"modified":"2025-08-24T08:27:45","modified_gmt":"2025-08-24T08:27:45","slug":"micter-23-teiliges-lederwerkzeug-set","status":"publish","type":"product","link":"https:\/\/micterleather.com\/es\/product\/uncategorized\/micter-23-teiliges-lederwerkzeug-set\/","title":{"rendered":"Set de herramientas de cuero de 23 piezas Micter"},"content":{"rendered":"<ul>\n<li data-start=\"598\" data-end=\"693\">\n<p data-start=\"600\" data-end=\"693\">Juego completo de costura de cuero de 23 piezas con todas las herramientas esenciales y 12 hilos encerados<\/p>\n<\/li>\n<li data-start=\"694\" data-end=\"813\">\n<p data-start=\"696\" data-end=\"813\">Hilos encerados resistentes en 12 colores, duraderos y resistentes a desgarros, adecuados para cuero, lona y tejidos de tapicer\u00eda<\/p>\n<\/li>\n<li data-start=\"814\" data-end=\"925\">\n<p data-start=\"816\" data-end=\"925\">Diversas agujas: agujas rectas reforzadas, agujas curvas, con tubo de aguja seguro para almacenamiento<\/p>\n<\/li>\n<li data-start=\"926\" data-end=\"1034\">\n<p data-start=\"928\" data-end=\"1034\">Herramientas pr\u00e1cticas: aguja con mango de madera, tijeras de costura, dedal y cortahilos para aplicaciones vers\u00e1tiles<\/p>\n<\/li>\n<li data-start=\"1035\" data-end=\"1130\">\n<p data-start=\"1037\" data-end=\"1130\">Compacto y port\u00e1til: todas las piezas almacenadas ordenadamente en la funda con cremallera, f\u00e1cil de llevar<\/p>\n<\/li>\n<li data-start=\"1131\" data-end=\"1279\">\n<p data-start=\"1133\" data-end=\"1279\">Vers\u00e1til: ideal para reparar carteras, cinturones, bolsos, zapatos, asientos de coche, tiendas de campa\u00f1a, sof\u00e1s y otros tejidos pesados<\/p>\n<\/li>\n<\/ul>","protected":false},"excerpt":{"rendered":"<table class=\"a-normal a-spacing-micro\" role=\"list\">\n<tbody>\n<tr class=\"a-spacing-small po-container.type\" role=\"listitem\">\n<td class=\"a-span3\" role=\"presentation\">Informaci\u00f3n sobre el embalaje<\/td>\n<td class=\"a-span9\" role=\"presentation\">Bolsa<\/td>\n<\/tr>\n<tr class=\"a-spacing-small po-included_components\" role=\"listitem\">\n<td class=\"a-span3\" role=\"presentation\">Componentes incluidos (como se muestra en la imagen)<\/td>\n<td class=\"a-span9\" role=\"presentation\">1 \u00d7 Aguja con mango de madera, 1 \u00d7 Dedal de metal, 1 \u00d7 Cortahilos, 1 \u00d7 Tijeras de costura, 1 \u00d7 Ayuda para enhebrar, 1 \u00d7 Tubo de almacenamiento de agujas (con tapa verde), 6 \u00d7 Agujas de coser reforzadas, 2 \u00d7 Agujas curvas, 12 \u00d7 Hilos encerados (colores: marr\u00f3n, blanco, gris, negro, marr\u00f3n oscuro, marr\u00f3n claro, azul, verde, rosa, etc.), 1 \u00d7 Bolsa con cierre de cremallera<\/td>\n<\/tr>\n<\/tbody>\n<\/table>","protected":false},"featured_media":3856,"template":"","meta":{"_uag_custom_page_level_css":"","site-sidebar-layout":"default","site-content-layout":"","ast-site-content-layout":"default","site-content-style":"default","site-sidebar-style":"default","ast-global-header-display":"","ast-banner-title-visibility":"","ast-main-header-display":"","ast-hfb-above-header-display":"","ast-hfb-below-header-display":"","ast-hfb-mobile-header-display":"","site-post-title":"","ast-breadcrumbs-content":"","ast-featured-img":"","footer-sml-layout":"","ast-disable-related-posts":"","theme-transparent-header-meta":"default","adv-header-id-meta":"","stick-header-meta":"","header-above-stick-meta":"","header-main-stick-meta":"","header-below-stick-meta":"","astra-migrate-meta-layouts":"set","ast-page-background-enabled":"default","ast-page-background-meta":{"desktop":{"background-color":"","background-image":"","background-repeat":"repeat","background-position":"center center","background-size":"auto","background-attachment":"scroll","background-type":"","background-media":"","overlay-type":"","overlay-color":"","overlay-opacity":"","overlay-gradient":""},"tablet":{"background-color":"","background-image":"","background-repeat":"repeat","background-position":"center center","background-size":"auto","background-attachment":"scroll","background-type":"","background-media":"","overlay-type":"","overlay-color":"","overlay-opacity":"","overlay-gradient":""},"mobile":{"background-color":"","background-image":"","background-repeat":"repeat","background-position":"center center","background-size":"auto","background-attachment":"scroll","background-type":"","background-media":"","overlay-type":"","overlay-color":"","overlay-opacity":"","overlay-gradient":""}},"ast-content-background-meta":{"desktop":{"background-color":"var(--ast-global-color-5)","background-image":"","background-repeat":"repeat","background-position":"center center","background-size":"auto","background-attachment":"scroll","background-type":"","background-media":"","overlay-type":"","overlay-color":"","overlay-opacity":"","overlay-gradient":""},"tablet":{"background-color":"var(--ast-global-color-5)","background-image":"","background-repeat":"repeat","background-position":"center center","background-size":"auto","background-attachment":"scroll","background-type":"","background-media":"","overlay-type":"","overlay-color":"","overlay-opacity":"","overlay-gradient":""},"mobile":{"background-color":"var(--ast-global-color-5)","background-image":"","background-repeat":"repeat","background-position":"center center","background-size":"auto","background-attachment":"scroll","background-type":"","background-media":"","overlay-type":"","overlay-color":"","overlay-opacity":"","overlay-gradient":""}}},"product_brand":[],"product_cat":[15],"product_tag":[],"class_list":{"0":"post-3940","1":"product","2":"type-product","3":"status-publish","4":"has-post-thumbnail","6":"product_cat-uncategorized","7":"desktop-align-left","8":"tablet-align-left","9":"mobile-align-left","11":"first","12":"instock","13":"sale","14":"shipping-taxable","15":"purchasable","16":"product-type-simple"},"uagb_featured_image_src":{"full":["https:\/\/micterleather.com\/wp-content\/uploads\/2025\/08\/23-Set-Micter-leather-tools.webp",800,800,false],"thumbnail":["https:\/\/micterleather.com\/wp-content\/uploads\/2025\/08\/23-Set-Micter-leather-tools-150x150.webp",150,150,true],"medium":["https:\/\/micterleather.com\/wp-content\/uploads\/2025\/08\/23-Set-Micter-leather-tools-300x300.webp",300,300,true],"medium_large":["https:\/\/micterleather.com\/wp-content\/uploads\/2025\/08\/23-Set-Micter-leather-tools-768x768.webp",768,768,true],"large":["https:\/\/micterleather.com\/wp-content\/uploads\/2025\/08\/23-Set-Micter-leather-tools.webp",800,800,false],"1536x1536":["https:\/\/micterleather.com\/wp-content\/uploads\/2025\/08\/23-Set-Micter-leather-tools.webp",800,800,false],"2048x2048":["https:\/\/micterleather.com\/wp-content\/uploads\/2025\/08\/23-Set-Micter-leather-tools.webp",800,800,false],"trp-custom-language-flag":["https:\/\/micterleather.com\/wp-content\/uploads\/2025\/08\/23-Set-Micter-leather-tools.webp",12,12,false],"woocommerce_thumbnail":["https:\/\/micterleather.com\/wp-content\/uploads\/2025\/08\/23-Set-Micter-leather-tools-300x300.webp",300,300,true],"woocommerce_single":["https:\/\/micterleather.com\/wp-content\/uploads\/2025\/08\/23-Set-Micter-leather-tools-600x600.webp",600,600,true],"woocommerce_gallery_thumbnail":["https:\/\/micterleather.com\/wp-content\/uploads\/2025\/08\/23-Set-Micter-leather-tools-100x100.webp",100,100,true]},"uagb_author_info":{"display_name":"micter","author_link":"https:\/\/micterleather.com\/es\/author\/"},"uagb_comment_info":0,"uagb_excerpt":"Informationen zur Verpackung Tasche Enthaltene Komponenten (wie auf dem Bild gezeigt) 1 \u00d7 Ahle mit Holzgriff, 1 \u00d7 Metallfingerhut, 1 \u00d7 Nahttrenner, 1 \u00d7 Fadenschere, 1 \u00d7 Einf\u00e4delhilfe, 1 \u00d7 Nadelaufbewahrungsr\u00f6hre (mit gr\u00fcnem Deckel), 6 \u00d7 Verst\u00e4rkte Handn\u00e4hnadeln, 2 \u00d7 Gebogene Nadeln, 12 \u00d7 Gewachste Garne (Farben: Braun, Wei\u00df, Grau, Schwarz, Dunkelbraun, Hellbraun, Blau, Gr\u00fcn,&hellip;","_links":{"self":[{"href":"https:\/\/micterleather.com\/es\/wp-json\/wp\/v2\/product\/3940","targetHints":{"allow":["GET"]}}],"collection":[{"href":"https:\/\/micterleather.com\/es\/wp-json\/wp\/v2\/product"}],"about":[{"href":"https:\/\/micterleather.com\/es\/wp-json\/wp\/v2\/types\/product"}],"wp:featuredmedia":[{"embeddable":true,"href":"https:\/\/micterleather.com\/es\/wp-json\/wp\/v2\/media\/3856"}],"wp:attachment":[{"href":"https:\/\/micterleather.com\/es\/wp-json\/wp\/v2\/media?parent=3940"}],"wp:term":[{"taxonomy":"product_brand","embeddable":true,"href":"https:\/\/micterleather.com\/es\/wp-json\/wp\/v2\/product_brand?post=3940"},{"taxonomy":"product_cat","embeddable":true,"href":"https:\/\/micterleather.com\/es\/wp-json\/wp\/v2\/product_cat?post=3940"},{"taxonomy":"product_tag","embeddable":true,"href":"https:\/\/micterleather.com\/es\/wp-json\/wp\/v2\/product_tag?post=3940"}],"curies":[{"name":"wp","href":"https:\/\/api.w.org\/{rel}","templated":true}]}}