{"id":3902,"date":"2025-07-19T11:40:59","date_gmt":"2025-07-19T11:40:59","guid":{"rendered":"https:\/\/micterleather.com\/?post_type=product&#038;p=3902"},"modified":"2025-08-24T08:21:12","modified_gmt":"2025-08-24T08:21:12","slug":"kit-doutils-de-travail-du-cuir-micter-11-pieces","status":"publish","type":"product","link":"https:\/\/micterleather.com\/es\/product\/uncategorized\/kit-doutils-de-travail-du-cuir-micter-11-pieces\/","title":{"rendered":"Kit d\u2019outils de travail du cuir Micter 11 pi\u00e8ces"},"content":{"rendered":"<div class=\"relative flex basis-auto flex-col -mb-(--composer-overlap-px) [--composer-overlap-px:28px] grow overflow-hidden\">\n<div class=\"relative h-full\">\n<div class=\"flex h-full flex-col overflow-y-auto [scrollbar-gutter:stable_both-edges] @[84rem]\/thread:pt-(--header-height)\">\n<div class=\"@thread-xl\/thread:pt-header-height flex flex-col text-sm pb-25\">\n<article class=\"text-token-text-primary w-full focus:outline-none scroll-mt-[calc(var(--header-height)+min(200px,max(70px,20svh)))]\" dir=\"auto\" tabindex=\"-1\" data-turn-id=\"request-WEB:e338366c-6ca7-4ffd-b39b-25675898e1a3-8\" data-testid=\"conversation-turn-12\" data-scroll-anchor=\"true\" data-turn=\"assistant\">\n<div class=\"text-base my-auto mx-auto pb-10 [--thread-content-margin:--spacing(4)] @[37rem]:[--thread-content-margin:--spacing(6)] @[72rem]:[--thread-content-margin:--spacing(16)] px-(--thread-content-margin)\">\n<div class=\"[--thread-content-max-width:32rem] @[34rem]:[--thread-content-max-width:40rem] @[64rem]:[--thread-content-max-width:48rem] mx-auto max-w-(--thread-content-max-width) flex-1 group\/turn-messages focus-visible:outline-hidden relative flex w-full min-w-0 flex-col agent-turn\" tabindex=\"-1\">\n<div class=\"flex max-w-full flex-col grow\">\n<div class=\"min-h-8 text-message relative flex w-full flex-col items-end gap-2 text-start break-words whitespace-normal [.text-message+&amp;]:mt-5\" dir=\"auto\" data-message-author-role=\"assistant\" data-message-id=\"42d4427d-467e-411a-a5e0-85ef7f453792\" data-message-model-slug=\"gpt-5\">\n<div class=\"flex w-full flex-col gap-1 empty:hidden first:pt-[3px]\">\n<div class=\"markdown prose dark:prose-invert w-full break-words light markdown-new-styling\">\n<p data-start=\"351\" data-end=\"506\"><strong data-start=\"351\" data-end=\"395\">Kit de inicio para trabajo en cuero<\/strong> \u2013 Comprend un poin\u00e7on, des plieurs en os, du fil cir\u00e9 et des aiguilles pour la couture et l\u2019artisanat du cuir.<\/p>\n<p data-start=\"508\" data-end=\"627\"><strong data-start=\"508\" data-end=\"528\">Hilo encerado duradero<\/strong> \u2013 Bobine de fil beige r\u00e9sistant, id\u00e9ale pour coudre du cuir, de la toile et d\u2019autres tissus \u00e9pais.<\/p>\n<p data-start=\"629\" data-end=\"752\"><strong data-start=\"629\" data-end=\"652\">Vari\u00e9t\u00e9 d\u2019aiguilles<\/strong> \u2013 6 agujas con ojo grande de diferentes tama\u00f1os, f\u00e1ciles de enhebrar y adecuadas para materiales gruesos.<\/p>\n<p data-start=\"754\" data-end=\"881\"><strong data-start=\"754\" data-end=\"782\">Punz\u00f3n con mango de madera<\/strong> \u2013 Agarre c\u00f3modo, perfecto para perforar agujeros y guiar los puntos a trav\u00e9s del cuero.<\/p>\n<p data-start=\"883\" data-end=\"1000\"><strong data-start=\"883\" data-end=\"907\">Incluye pliegues en hueso<\/strong> \u2013 Uno grande y uno peque\u00f1o, dise\u00f1ados para doblar, marcar y alisar los bordes del cuero o papel.<\/p>\n<p data-start=\"1002\" data-end=\"1160\" data-is-last-node=\"\" data-is-only-node=\"\"><strong data-start=\"1002\" data-end=\"1025\">Compacto y pr\u00e1ctico<\/strong> \u2013 Ideal para principiantes y aficionados que trabajan en carteras, cinturones, bolsos y peque\u00f1as piezas de cuero.<\/p>\n<\/div>\n<\/div>\n<\/div>\n<\/div>\n<\/div>\n<\/div>\n<\/article>\n<\/div>\n<\/div>\n<\/div>\n<\/div>","protected":false},"excerpt":{"rendered":"<table class=\"a-normal a-spacing-micro\" role=\"list\">\n<tbody>\n<tr class=\"a-spacing-small po-container.type\" role=\"listitem\">\n<td class=\"a-span3\" role=\"presentation\"><span class=\"a-size-base a-text-bold\">Informaci\u00f3n sobre el paquete<\/span><\/td>\n<td class=\"a-span9\" role=\"presentation\">Bolsa<\/td>\n<\/tr>\n<tr class=\"a-spacing-small po-included_components\" role=\"listitem\">\n<td class=\"a-span3\" role=\"presentation\">Componentes incluidos (como se muestra en la imagen)<\/td>\n<td class=\"a-span9\" role=\"presentation\">10 agujas rectas para costura a mano, 7 agujas curvas (diferentes tama\u00f1os), 6 agujas mixtas (en un kit de 1 \u00d7 Punz\u00f3n con mango de madera, 1 \u00d7 Pliegue en hueso de gran tama\u00f1o (para marcar y alisar), 1 \u00d7 Pliegue en hueso de tama\u00f1o peque\u00f1o (para trabajos de detalle), 6 \u00d7 Agujas para costura a mano con ojo grande, 1 \u00d7 Tubo de almacenamiento para agujas (con tapa naranja), 1 \u00d7 Carrete de hilo encerado (color beige)<\/td>\n<\/tr>\n<\/tbody>\n<\/table>","protected":false},"featured_media":3853,"template":"","meta":{"_uag_custom_page_level_css":"","site-sidebar-layout":"default","site-content-layout":"","ast-site-content-layout":"default","site-content-style":"default","site-sidebar-style":"default","ast-global-header-display":"","ast-banner-title-visibility":"","ast-main-header-display":"","ast-hfb-above-header-display":"","ast-hfb-below-header-display":"","ast-hfb-mobile-header-display":"","site-post-title":"","ast-breadcrumbs-content":"","ast-featured-img":"","footer-sml-layout":"","ast-disable-related-posts":"","theme-transparent-header-meta":"default","adv-header-id-meta":"","stick-header-meta":"","header-above-stick-meta":"","header-main-stick-meta":"","header-below-stick-meta":"","astra-migrate-meta-layouts":"set","ast-page-background-enabled":"default","ast-page-background-meta":{"desktop":{"background-color":"","background-image":"","background-repeat":"repeat","background-position":"center center","background-size":"auto","background-attachment":"scroll","background-type":"","background-media":"","overlay-type":"","overlay-color":"","overlay-opacity":"","overlay-gradient":""},"tablet":{"background-color":"","background-image":"","background-repeat":"repeat","background-position":"center center","background-size":"auto","background-attachment":"scroll","background-type":"","background-media":"","overlay-type":"","overlay-color":"","overlay-opacity":"","overlay-gradient":""},"mobile":{"background-color":"","background-image":"","background-repeat":"repeat","background-position":"center center","background-size":"auto","background-attachment":"scroll","background-type":"","background-media":"","overlay-type":"","overlay-color":"","overlay-opacity":"","overlay-gradient":""}},"ast-content-background-meta":{"desktop":{"background-color":"var(--ast-global-color-5)","background-image":"","background-repeat":"repeat","background-position":"center center","background-size":"auto","background-attachment":"scroll","background-type":"","background-media":"","overlay-type":"","overlay-color":"","overlay-opacity":"","overlay-gradient":""},"tablet":{"background-color":"var(--ast-global-color-5)","background-image":"","background-repeat":"repeat","background-position":"center center","background-size":"auto","background-attachment":"scroll","background-type":"","background-media":"","overlay-type":"","overlay-color":"","overlay-opacity":"","overlay-gradient":""},"mobile":{"background-color":"var(--ast-global-color-5)","background-image":"","background-repeat":"repeat","background-position":"center center","background-size":"auto","background-attachment":"scroll","background-type":"","background-media":"","overlay-type":"","overlay-color":"","overlay-opacity":"","overlay-gradient":""}}},"product_brand":[],"product_cat":[15],"product_tag":[],"class_list":{"0":"post-3902","1":"product","2":"type-product","3":"status-publish","4":"has-post-thumbnail","6":"product_cat-uncategorized","7":"desktop-align-left","8":"tablet-align-left","9":"mobile-align-left","11":"first","12":"instock","13":"sale","14":"shipping-taxable","15":"purchasable","16":"product-type-simple"},"uagb_featured_image_src":{"full":["https:\/\/micterleather.com\/wp-content\/uploads\/2025\/08\/11-set-Micter-leather-craft-tools-kit.webp.webp",1000,1000,false],"thumbnail":["https:\/\/micterleather.com\/wp-content\/uploads\/2025\/08\/11-set-Micter-leather-craft-tools-kit.webp-150x150.webp",150,150,true],"medium":["https:\/\/micterleather.com\/wp-content\/uploads\/2025\/08\/11-set-Micter-leather-craft-tools-kit.webp-300x300.webp",300,300,true],"medium_large":["https:\/\/micterleather.com\/wp-content\/uploads\/2025\/08\/11-set-Micter-leather-craft-tools-kit.webp-768x768.webp",768,768,true],"large":["https:\/\/micterleather.com\/wp-content\/uploads\/2025\/08\/11-set-Micter-leather-craft-tools-kit.webp.webp",1000,1000,false],"1536x1536":["https:\/\/micterleather.com\/wp-content\/uploads\/2025\/08\/11-set-Micter-leather-craft-tools-kit.webp.webp",1000,1000,false],"2048x2048":["https:\/\/micterleather.com\/wp-content\/uploads\/2025\/08\/11-set-Micter-leather-craft-tools-kit.webp.webp",1000,1000,false],"trp-custom-language-flag":["https:\/\/micterleather.com\/wp-content\/uploads\/2025\/08\/11-set-Micter-leather-craft-tools-kit.webp.webp",12,12,false],"woocommerce_thumbnail":["https:\/\/micterleather.com\/wp-content\/uploads\/2025\/08\/11-set-Micter-leather-craft-tools-kit.webp-300x300.webp",300,300,true],"woocommerce_single":["https:\/\/micterleather.com\/wp-content\/uploads\/2025\/08\/11-set-Micter-leather-craft-tools-kit.webp-600x600.webp",600,600,true],"woocommerce_gallery_thumbnail":["https:\/\/micterleather.com\/wp-content\/uploads\/2025\/08\/11-set-Micter-leather-craft-tools-kit.webp-100x100.webp",100,100,true]},"uagb_author_info":{"display_name":"micter","author_link":"https:\/\/micterleather.com\/es\/author\/"},"uagb_comment_info":0,"uagb_excerpt":"Informations sur le paquet Sac Composants inclus (comme montr\u00e9 sur l\u2019image) 10 aiguilles droites pour couture \u00e0 la main, 7 aiguilles courbes (diff\u00e9rentes tailles), 6 aiguilles mixtes (dans un kit de1 \u00d7 Poin\u00e7on \u00e0 manche en bois, 1 \u00d7 Plieur en os grand format (pour marquer et lisser), 1 \u00d7 Plieur en os petit format&hellip;","_links":{"self":[{"href":"https:\/\/micterleather.com\/es\/wp-json\/wp\/v2\/product\/3902","targetHints":{"allow":["GET"]}}],"collection":[{"href":"https:\/\/micterleather.com\/es\/wp-json\/wp\/v2\/product"}],"about":[{"href":"https:\/\/micterleather.com\/es\/wp-json\/wp\/v2\/types\/product"}],"wp:featuredmedia":[{"embeddable":true,"href":"https:\/\/micterleather.com\/es\/wp-json\/wp\/v2\/media\/3853"}],"wp:attachment":[{"href":"https:\/\/micterleather.com\/es\/wp-json\/wp\/v2\/media?parent=3902"}],"wp:term":[{"taxonomy":"product_brand","embeddable":true,"href":"https:\/\/micterleather.com\/es\/wp-json\/wp\/v2\/product_brand?post=3902"},{"taxonomy":"product_cat","embeddable":true,"href":"https:\/\/micterleather.com\/es\/wp-json\/wp\/v2\/product_cat?post=3902"},{"taxonomy":"product_tag","embeddable":true,"href":"https:\/\/micterleather.com\/es\/wp-json\/wp\/v2\/product_tag?post=3902"}],"curies":[{"name":"wp","href":"https:\/\/api.w.org\/{rel}","templated":true}]}}