{"id":3879,"date":"2025-07-19T07:44:44","date_gmt":"2025-07-19T07:44:44","guid":{"rendered":"https:\/\/micterleather.com\/?post_type=product&#038;p=3879"},"modified":"2025-08-24T08:22:25","modified_gmt":"2025-08-24T08:22:25","slug":"11-set-leather-craft-tools-kit","status":"publish","type":"product","link":"https:\/\/micterleather.com\/es\/product\/sew-repair-kit\/11-set-leather-craft-tools-kit\/","title":{"rendered":"11 juegos de herramientas de cuero"},"content":{"rendered":"<ul data-start=\"313\" data-end=\"850\">\n<li data-start=\"313\" data-end=\"432\">\n<p data-start=\"315\" data-end=\"432\"><strong data-start=\"315\" data-end=\"347\">Kit esencial de reparaci\u00f3n de cuero<\/strong> \u2013 Incluye agujas, punz\u00f3n, hilos y dedal para coser cuero y proyectos de bricolaje.<\/p>\n<\/li>\n<li data-start=\"433\" data-end=\"556\">\n<p data-start=\"435\" data-end=\"556\"><strong data-start=\"435\" data-end=\"460\">Hilos encerados duraderos<\/strong> \u2013 Viene con bobinas negras y marrones, resistentes y duraderas para cuero y telas pesadas.<\/p>\n<\/li>\n<li data-start=\"557\" data-end=\"652\">\n<p data-start=\"559\" data-end=\"652\"><strong data-start=\"559\" data-end=\"581\">Variedad de agujas<\/strong> \u2013 Agujas rectas y curvas para diferentes necesidades y \u00e1ngulos de costura.<\/p>\n<\/li>\n<li data-start=\"653\" data-end=\"750\">\n<p data-start=\"655\" data-end=\"750\"><strong data-start=\"655\" data-end=\"681\">Punz\u00f3n de madera c\u00f3modo<\/strong> \u2013 F\u00e1cil de agarrar, perfecto para perforar cuero y guiar puntadas.<\/p>\n<\/li>\n<li data-start=\"751\" data-end=\"850\">\n<p data-start=\"753\" data-end=\"850\"><strong data-start=\"753\" data-end=\"777\">Port\u00e1til y pr\u00e1ctico<\/strong> \u2013 Kit compacto para reparaciones de carteras, cinturones, bolsos, zapatos y tapicer\u00eda.<\/p>\n<\/li>\n<\/ul>","protected":false},"excerpt":{"rendered":"<table class=\"a-normal a-spacing-micro\" role=\"list\">\n<tbody>\n<tr class=\"a-spacing-small po-container.type\" role=\"listitem\">\n<td class=\"a-span3\" role=\"presentation\"><span class=\"a-size-base a-text-bold\">Informaci\u00f3n del paquete<\/span><\/td>\n<td class=\"a-span9\" role=\"presentation\"><span class=\"a-size-base po-break-word\">Bolsa<\/span><\/td>\n<\/tr>\n<tr class=\"a-spacing-small po-included_components\" role=\"listitem\">\n<td class=\"a-span3\" role=\"presentation\"><span class=\"a-size-base a-text-bold\">Componentes incluidos<br \/>\n(como se muestra en la imagen)<\/span><\/td>\n<td class=\"a-span9\" role=\"presentation\">1 \u00d7 Punz\u00f3n de mango de madera, 4 \u00d7 Agujas de coser rectas (diferentes tama\u00f1os), 2 \u00d7 Agujas curvas, 1 \u00d7 Dedal (metal), 2 \u00d7 Hilos encerados (negro y marr\u00f3n)<\/td>\n<\/tr>\n<\/tbody>\n<\/table>","protected":false},"featured_media":3852,"template":"","meta":{"_uag_custom_page_level_css":"","site-sidebar-layout":"default","site-content-layout":"","ast-site-content-layout":"default","site-content-style":"default","site-sidebar-style":"default","ast-global-header-display":"","ast-banner-title-visibility":"","ast-main-header-display":"","ast-hfb-above-header-display":"","ast-hfb-below-header-display":"","ast-hfb-mobile-header-display":"","site-post-title":"","ast-breadcrumbs-content":"","ast-featured-img":"","footer-sml-layout":"","ast-disable-related-posts":"","theme-transparent-header-meta":"default","adv-header-id-meta":"","stick-header-meta":"","header-above-stick-meta":"","header-main-stick-meta":"","header-below-stick-meta":"","astra-migrate-meta-layouts":"set","ast-page-background-enabled":"default","ast-page-background-meta":{"desktop":{"background-color":"","background-image":"","background-repeat":"repeat","background-position":"center center","background-size":"auto","background-attachment":"scroll","background-type":"","background-media":"","overlay-type":"","overlay-color":"","overlay-opacity":"","overlay-gradient":""},"tablet":{"background-color":"","background-image":"","background-repeat":"repeat","background-position":"center center","background-size":"auto","background-attachment":"scroll","background-type":"","background-media":"","overlay-type":"","overlay-color":"","overlay-opacity":"","overlay-gradient":""},"mobile":{"background-color":"","background-image":"","background-repeat":"repeat","background-position":"center center","background-size":"auto","background-attachment":"scroll","background-type":"","background-media":"","overlay-type":"","overlay-color":"","overlay-opacity":"","overlay-gradient":""}},"ast-content-background-meta":{"desktop":{"background-color":"var(--ast-global-color-5)","background-image":"","background-repeat":"repeat","background-position":"center center","background-size":"auto","background-attachment":"scroll","background-type":"","background-media":"","overlay-type":"","overlay-color":"","overlay-opacity":"","overlay-gradient":""},"tablet":{"background-color":"var(--ast-global-color-5)","background-image":"","background-repeat":"repeat","background-position":"center center","background-size":"auto","background-attachment":"scroll","background-type":"","background-media":"","overlay-type":"","overlay-color":"","overlay-opacity":"","overlay-gradient":""},"mobile":{"background-color":"var(--ast-global-color-5)","background-image":"","background-repeat":"repeat","background-position":"center center","background-size":"auto","background-attachment":"scroll","background-type":"","background-media":"","overlay-type":"","overlay-color":"","overlay-opacity":"","overlay-gradient":""}}},"product_brand":[],"product_cat":[254],"product_tag":[],"class_list":{"0":"post-3879","1":"product","2":"type-product","3":"status-publish","4":"has-post-thumbnail","6":"product_cat-sew-repair-kit","7":"desktop-align-left","8":"tablet-align-left","9":"mobile-align-left","11":"first","12":"instock","13":"sale","14":"shipping-taxable","15":"purchasable","16":"product-type-simple"},"uagb_featured_image_src":{"full":["https:\/\/micterleather.com\/wp-content\/uploads\/2025\/08\/11-set-leather-craft-tools-kit.webp",1600,1600,false],"thumbnail":["https:\/\/micterleather.com\/wp-content\/uploads\/2025\/08\/11-set-leather-craft-tools-kit-150x150.webp",150,150,true],"medium":["https:\/\/micterleather.com\/wp-content\/uploads\/2025\/08\/11-set-leather-craft-tools-kit-300x300.webp",300,300,true],"medium_large":["https:\/\/micterleather.com\/wp-content\/uploads\/2025\/08\/11-set-leather-craft-tools-kit-768x768.webp",768,768,true],"large":["https:\/\/micterleather.com\/wp-content\/uploads\/2025\/08\/11-set-leather-craft-tools-kit-1024x1024.webp",1024,1024,true],"1536x1536":["https:\/\/micterleather.com\/wp-content\/uploads\/2025\/08\/11-set-leather-craft-tools-kit-1536x1536.webp",1536,1536,true],"2048x2048":["https:\/\/micterleather.com\/wp-content\/uploads\/2025\/08\/11-set-leather-craft-tools-kit.webp",1600,1600,false],"trp-custom-language-flag":["https:\/\/micterleather.com\/wp-content\/uploads\/2025\/08\/11-set-leather-craft-tools-kit.webp",12,12,false],"woocommerce_thumbnail":["https:\/\/micterleather.com\/wp-content\/uploads\/2025\/08\/11-set-leather-craft-tools-kit-300x300.webp",300,300,true],"woocommerce_single":["https:\/\/micterleather.com\/wp-content\/uploads\/2025\/08\/11-set-leather-craft-tools-kit-600x600.webp",600,600,true],"woocommerce_gallery_thumbnail":["https:\/\/micterleather.com\/wp-content\/uploads\/2025\/08\/11-set-leather-craft-tools-kit-100x100.webp",100,100,true]},"uagb_author_info":{"display_name":"micter","author_link":"https:\/\/micterleather.com\/es\/author\/"},"uagb_comment_info":0,"uagb_excerpt":"Package Information Bag Included Components (as shown in image) 1 \u00d7 Wooden Handle Awl, 4 \u00d7 Straight Hand Sewing Needles (different sizes), 2 \u00d7 Curved Needles, 1 \u00d7 Thimble (metal), 2 \u00d7 Waxed Threads (black &amp; brown)","_links":{"self":[{"href":"https:\/\/micterleather.com\/es\/wp-json\/wp\/v2\/product\/3879","targetHints":{"allow":["GET"]}}],"collection":[{"href":"https:\/\/micterleather.com\/es\/wp-json\/wp\/v2\/product"}],"about":[{"href":"https:\/\/micterleather.com\/es\/wp-json\/wp\/v2\/types\/product"}],"wp:featuredmedia":[{"embeddable":true,"href":"https:\/\/micterleather.com\/es\/wp-json\/wp\/v2\/media\/3852"}],"wp:attachment":[{"href":"https:\/\/micterleather.com\/es\/wp-json\/wp\/v2\/media?parent=3879"}],"wp:term":[{"taxonomy":"product_brand","embeddable":true,"href":"https:\/\/micterleather.com\/es\/wp-json\/wp\/v2\/product_brand?post=3879"},{"taxonomy":"product_cat","embeddable":true,"href":"https:\/\/micterleather.com\/es\/wp-json\/wp\/v2\/product_cat?post=3879"},{"taxonomy":"product_tag","embeddable":true,"href":"https:\/\/micterleather.com\/es\/wp-json\/wp\/v2\/product_tag?post=3879"}],"curies":[{"name":"wp","href":"https:\/\/api.w.org\/{rel}","templated":true}]}}