{"id":3525,"date":"2025-07-28T07:07:12","date_gmt":"2025-07-28T07:07:12","guid":{"rendered":"https:\/\/micterleather.com\/?post_type=product&#038;p=3525"},"modified":"2025-08-01T08:32:18","modified_gmt":"2025-08-01T08:32:18","slug":"leather-dye-marker-pens","status":"publish","type":"product","link":"https:\/\/micterleather.com\/es\/product\/repair-accessories\/leather-dye-marker-pens\/","title":{"rendered":"Rotuladores de tinte para cuero"},"content":{"rendered":"<h3>Descripci\u00f3n del producto:<\/h3>\n<ul class=\"a-unordered-list a-vertical a-spacing-mini\">\n<li class=\"a-spacing-mini\"><span class=\"a-list-item\">Suficiente para Cantidad para Diversas Necesidades: hay 6 piezas de rotuladores de cuero para ara\u00f1azos en 6 colores diferentes en el paquete; la cantidad abundante y los colores variados pueden satisfacer tus diversas necesidades en la vida diaria<\/span><\/li>\n<li class=\"a-spacing-mini\"><span class=\"a-list-item\">Te\u00f1ir cueros: estos rotuladores de tinte para cuero presentan colores similares con varios proyectos de artesan\u00eda de cuero, por lo que puedes usarlos para rellenar colores si hay algo de desgaste en tu cuero, sin ser brusco<\/span><\/li>\n<li class=\"a-spacing-mini\"><span class=\"a-list-item\">Divertido para hacer DIY: el rotulador de retoque de calzado es ideal para que hagas tus propios patrones en el cuero, o crees artesan\u00edas de cuero personalizadas; los colores son dif\u00edciles de desvanecer, f\u00e1ciles de mezclar y pueden secar r\u00e1pidamente<\/span><\/li>\n<li class=\"a-spacing-mini\"><span class=\"a-list-item\">Puntas dobles: el bol\u00edgrafo de retoque para muebles de cuero est\u00e1 equipado con 2 brochas de puntas diferentes, a saber, punta cepillo y punta fina; puedes elegir diferentes puntas para te\u00f1ir tu cuero en una gran \u00e1rea o dibujar l\u00edneas<\/span><\/li>\n<li class=\"a-spacing-mini\"><span class=\"a-list-item\">Dise\u00f1os considerados: el bol\u00edgrafo de cuero est\u00e1 dise\u00f1ado con un mango ligeramente curvado, que es c\u00f3modo y f\u00e1cil de sostener; la tapa del bol\u00edgrafo puede proteger tu bol\u00edgrafo del aire, de modo que la punta del cepillo se mantendr\u00e1 mojada y lista para tu pr\u00f3ximo arreglo<\/span><\/li>\n<\/ul>","protected":false},"excerpt":{"rendered":"<h3>Informaci\u00f3n del producto:<\/h3>\n<table class=\"a-normal a-spacing-micro\" role=\"list\">\n<tbody>\n<tr class=\"a-spacing-small po-number_of_items\" role=\"listitem\">\n<td class=\"a-span3\" role=\"presentation\"><span class=\"a-size-base a-text-bold\">N\u00famero de Art\u00edculos<\/span><\/td>\n<td class=\"a-span9\" role=\"presentation\"><span class=\"a-size-base po-break-word\">6<\/span><\/td>\n<\/tr>\n<tr class=\"a-spacing-small po-point.type\" role=\"listitem\">\n<td class=\"a-span3\" role=\"presentation\"><span class=\"a-size-base a-text-bold\">Tipo de Punta<\/span><\/td>\n<td class=\"a-span9\" role=\"presentation\"><span class=\"a-size-base po-break-word\">Cincel<\/span><\/td>\n<\/tr>\n<tr class=\"a-spacing-small po-recommended_uses_for_product\" role=\"listitem\">\n<td class=\"a-span3\" role=\"presentation\"><span class=\"a-size-base a-text-bold\">Usos Recomendados para el Producto<\/span><\/td>\n<td class=\"a-span9\" role=\"presentation\"><span class=\"a-size-base po-break-word\">Pintura<\/span><\/td>\n<\/tr>\n<\/tbody>\n<\/table>","protected":false},"featured_media":3526,"template":"","meta":{"_uag_custom_page_level_css":"","site-sidebar-layout":"default","site-content-layout":"","ast-site-content-layout":"default","site-content-style":"default","site-sidebar-style":"default","ast-global-header-display":"","ast-banner-title-visibility":"","ast-main-header-display":"","ast-hfb-above-header-display":"","ast-hfb-below-header-display":"","ast-hfb-mobile-header-display":"","site-post-title":"","ast-breadcrumbs-content":"","ast-featured-img":"","footer-sml-layout":"","ast-disable-related-posts":"","theme-transparent-header-meta":"default","adv-header-id-meta":"","stick-header-meta":"","header-above-stick-meta":"","header-main-stick-meta":"","header-below-stick-meta":"","astra-migrate-meta-layouts":"set","ast-page-background-enabled":"default","ast-page-background-meta":{"desktop":{"background-color":"","background-image":"","background-repeat":"repeat","background-position":"center center","background-size":"auto","background-attachment":"scroll","background-type":"","background-media":"","overlay-type":"","overlay-color":"","overlay-opacity":"","overlay-gradient":""},"tablet":{"background-color":"","background-image":"","background-repeat":"repeat","background-position":"center center","background-size":"auto","background-attachment":"scroll","background-type":"","background-media":"","overlay-type":"","overlay-color":"","overlay-opacity":"","overlay-gradient":""},"mobile":{"background-color":"","background-image":"","background-repeat":"repeat","background-position":"center center","background-size":"auto","background-attachment":"scroll","background-type":"","background-media":"","overlay-type":"","overlay-color":"","overlay-opacity":"","overlay-gradient":""}},"ast-content-background-meta":{"desktop":{"background-color":"var(--ast-global-color-5)","background-image":"","background-repeat":"repeat","background-position":"center center","background-size":"auto","background-attachment":"scroll","background-type":"","background-media":"","overlay-type":"","overlay-color":"","overlay-opacity":"","overlay-gradient":""},"tablet":{"background-color":"var(--ast-global-color-5)","background-image":"","background-repeat":"repeat","background-position":"center center","background-size":"auto","background-attachment":"scroll","background-type":"","background-media":"","overlay-type":"","overlay-color":"","overlay-opacity":"","overlay-gradient":""},"mobile":{"background-color":"var(--ast-global-color-5)","background-image":"","background-repeat":"repeat","background-position":"center center","background-size":"auto","background-attachment":"scroll","background-type":"","background-media":"","overlay-type":"","overlay-color":"","overlay-opacity":"","overlay-gradient":""}}},"product_brand":[],"product_cat":[256],"product_tag":[],"class_list":{"0":"post-3525","1":"product","2":"type-product","3":"status-publish","4":"has-post-thumbnail","6":"product_cat-repair-accessories","7":"desktop-align-left","8":"tablet-align-left","9":"mobile-align-left","11":"first","12":"instock","13":"sale","14":"shipping-taxable","15":"purchasable","16":"product-type-simple"},"uagb_featured_image_src":{"full":["https:\/\/micterleather.com\/wp-content\/uploads\/2025\/07\/Leather-Dye-Marker-Pens-.jpg",679,669,false],"thumbnail":["https:\/\/micterleather.com\/wp-content\/uploads\/2025\/07\/Leather-Dye-Marker-Pens--150x150.jpg",150,150,true],"medium":["https:\/\/micterleather.com\/wp-content\/uploads\/2025\/07\/Leather-Dye-Marker-Pens--300x296.jpg",300,296,true],"medium_large":["https:\/\/micterleather.com\/wp-content\/uploads\/2025\/07\/Leather-Dye-Marker-Pens-.jpg",679,669,false],"large":["https:\/\/micterleather.com\/wp-content\/uploads\/2025\/07\/Leather-Dye-Marker-Pens-.jpg",679,669,false],"1536x1536":["https:\/\/micterleather.com\/wp-content\/uploads\/2025\/07\/Leather-Dye-Marker-Pens-.jpg",679,669,false],"2048x2048":["https:\/\/micterleather.com\/wp-content\/uploads\/2025\/07\/Leather-Dye-Marker-Pens-.jpg",679,669,false],"trp-custom-language-flag":["https:\/\/micterleather.com\/wp-content\/uploads\/2025\/07\/Leather-Dye-Marker-Pens-.jpg",12,12,false],"woocommerce_thumbnail":["https:\/\/micterleather.com\/wp-content\/uploads\/2025\/07\/Leather-Dye-Marker-Pens--300x300.jpg",300,300,true],"woocommerce_single":["https:\/\/micterleather.com\/wp-content\/uploads\/2025\/07\/Leather-Dye-Marker-Pens--600x591.jpg",600,591,true],"woocommerce_gallery_thumbnail":["https:\/\/micterleather.com\/wp-content\/uploads\/2025\/07\/Leather-Dye-Marker-Pens--100x100.jpg",100,100,true]},"uagb_author_info":{"display_name":"micter","author_link":"https:\/\/micterleather.com\/es\/author\/"},"uagb_comment_info":0,"uagb_excerpt":"Product Information: Number of Items 6 Point Type Chisel Recommended Uses For Product Painting","_links":{"self":[{"href":"https:\/\/micterleather.com\/es\/wp-json\/wp\/v2\/product\/3525","targetHints":{"allow":["GET"]}}],"collection":[{"href":"https:\/\/micterleather.com\/es\/wp-json\/wp\/v2\/product"}],"about":[{"href":"https:\/\/micterleather.com\/es\/wp-json\/wp\/v2\/types\/product"}],"wp:featuredmedia":[{"embeddable":true,"href":"https:\/\/micterleather.com\/es\/wp-json\/wp\/v2\/media\/3526"}],"wp:attachment":[{"href":"https:\/\/micterleather.com\/es\/wp-json\/wp\/v2\/media?parent=3525"}],"wp:term":[{"taxonomy":"product_brand","embeddable":true,"href":"https:\/\/micterleather.com\/es\/wp-json\/wp\/v2\/product_brand?post=3525"},{"taxonomy":"product_cat","embeddable":true,"href":"https:\/\/micterleather.com\/es\/wp-json\/wp\/v2\/product_cat?post=3525"},{"taxonomy":"product_tag","embeddable":true,"href":"https:\/\/micterleather.com\/es\/wp-json\/wp\/v2\/product_tag?post=3525"}],"curies":[{"name":"wp","href":"https:\/\/api.w.org\/{rel}","templated":true}]}}