{"id":3036,"date":"2025-07-17T01:52:29","date_gmt":"2025-07-17T01:52:29","guid":{"rendered":"https:\/\/micterleather.com\/?post_type=product&#038;p=3036"},"modified":"2025-09-03T01:51:07","modified_gmt":"2025-09-03T01:51:07","slug":"self-adhesive-leather-patch","status":"publish","type":"product","link":"https:\/\/micterleather.com\/es\/product\/uncategorized\/self-adhesive-leather-patch\/","title":{"rendered":"Parche de cuero autoadhesivo"},"content":{"rendered":"<h3 data-start=\"63\" data-end=\"175\"><strong data-start=\"72\" data-end=\"175\">Pega autoadhesiva para cuero \u2013 \u00a1la soluci\u00f3n ideal para reparar y renovar todas tus prendas de cuero!<\/strong><\/h3>\n<p data-start=\"177\" data-end=\"382\">Ya sea que est\u00e9s restaurando un asiento en casa, renovando un sof\u00e1 de cuero, reparando un asiento de coche o incluso arreglando cuero sint\u00e9tico \u2013 nuestro <strong data-start=\"309\" data-end=\"342\">parche de reparaci\u00f3n universal<\/strong> es perfecto para cualquier situaci\u00f3n.<\/p>\n<p data-start=\"384\" data-end=\"537\">\ud83d\udccc <strong data-start=\"387\" data-end=\"412\">Adherencia excelente<\/strong>\ud83c\udf0a <strong data-start=\"416\" data-end=\"430\">Resistente al agua<\/strong>\ud83d\udee1\ufe0f <strong data-start=\"435\" data-end=\"455\">Resistente a ara\u00f1azos<\/strong><br data-start=\"455\" data-end=\"458\" \/>\u2702\ufe0f <strong data-start=\"461\" data-end=\"485\">F\u00e1cil de cortar<\/strong>\ud83d\udee0\ufe0f <strong data-start=\"490\" data-end=\"507\">Ideal para bricolaje<\/strong>\ud83d\udecb\ufe0f <strong data-start=\"512\" data-end=\"537\">De uso universal<\/strong><img loading=\"lazy\" decoding=\"async\" class=\"alignnone wp-image-2890\" src=\"https:\/\/micterleather.com\/wp-content\/uploads\/2025\/07\/Self-adhesive_faux_leather_A_1-300x123.webp\" alt=\"\" width=\"1080\" height=\"443\" srcset=\"https:\/\/micterleather.com\/wp-content\/uploads\/2025\/07\/Self-adhesive_faux_leather_A_1-300x123.webp 300w, https:\/\/micterleather.com\/wp-content\/uploads\/2025\/07\/Self-adhesive_faux_leather_A_1-1024x420.webp 1024w, https:\/\/micterleather.com\/wp-content\/uploads\/2025\/07\/Self-adhesive_faux_leather_A_1-768x315.webp 768w, https:\/\/micterleather.com\/wp-content\/uploads\/2025\/07\/Self-adhesive_faux_leather_A_1-600x246.webp 600w, https:\/\/micterleather.com\/wp-content\/uploads\/2025\/07\/Self-adhesive_faux_leather_A_1.webp 1464w\" sizes=\"auto, (max-width: 1080px) 100vw, 1080px\" \/><img loading=\"lazy\" decoding=\"async\" class=\"alignnone wp-image-2891\" src=\"https:\/\/micterleather.com\/wp-content\/uploads\/2025\/07\/Self-adhesive_faux_leather_A_2-300x123.webp\" alt=\"\" width=\"1080\" height=\"443\" srcset=\"https:\/\/micterleather.com\/wp-content\/uploads\/2025\/07\/Self-adhesive_faux_leather_A_2-300x123.webp 300w, https:\/\/micterleather.com\/wp-content\/uploads\/2025\/07\/Self-adhesive_faux_leather_A_2-1024x420.webp 1024w, https:\/\/micterleather.com\/wp-content\/uploads\/2025\/07\/Self-adhesive_faux_leather_A_2-768x315.webp 768w, https:\/\/micterleather.com\/wp-content\/uploads\/2025\/07\/Self-adhesive_faux_leather_A_2-600x246.webp 600w, https:\/\/micterleather.com\/wp-content\/uploads\/2025\/07\/Self-adhesive_faux_leather_A_2.webp 1464w\" sizes=\"auto, (max-width: 1080px) 100vw, 1080px\" \/> <img loading=\"lazy\" decoding=\"async\" class=\"alignnone wp-image-2894\" src=\"https:\/\/micterleather.com\/wp-content\/uploads\/2025\/07\/Self-adhesive_faux_leather_A_5-300x123.webp\" alt=\"\" width=\"1081\" height=\"443\" srcset=\"https:\/\/micterleather.com\/wp-content\/uploads\/2025\/07\/Self-adhesive_faux_leather_A_5-300x123.webp 300w, https:\/\/micterleather.com\/wp-content\/uploads\/2025\/07\/Self-adhesive_faux_leather_A_5-1024x420.webp 1024w, https:\/\/micterleather.com\/wp-content\/uploads\/2025\/07\/Self-adhesive_faux_leather_A_5-768x315.webp 768w, https:\/\/micterleather.com\/wp-content\/uploads\/2025\/07\/Self-adhesive_faux_leather_A_5-600x246.webp 600w, https:\/\/micterleather.com\/wp-content\/uploads\/2025\/07\/Self-adhesive_faux_leather_A_5.webp 1464w\" sizes=\"auto, (max-width: 1081px) 100vw, 1081px\" \/> <img loading=\"lazy\" decoding=\"async\" class=\"alignnone wp-image-2893\" src=\"https:\/\/micterleather.com\/wp-content\/uploads\/2025\/07\/Self-adhesive_faux_leather_A_4-300x123.webp\" alt=\"\" width=\"1080\" height=\"443\" srcset=\"https:\/\/micterleather.com\/wp-content\/uploads\/2025\/07\/Self-adhesive_faux_leather_A_4-300x123.webp 300w, https:\/\/micterleather.com\/wp-content\/uploads\/2025\/07\/Self-adhesive_faux_leather_A_4-1024x420.webp 1024w, https:\/\/micterleather.com\/wp-content\/uploads\/2025\/07\/Self-adhesive_faux_leather_A_4-768x315.webp 768w, https:\/\/micterleather.com\/wp-content\/uploads\/2025\/07\/Self-adhesive_faux_leather_A_4-600x246.webp 600w, https:\/\/micterleather.com\/wp-content\/uploads\/2025\/07\/Self-adhesive_faux_leather_A_4.webp 1464w\" sizes=\"auto, (max-width: 1080px) 100vw, 1080px\" \/> <img loading=\"lazy\" decoding=\"async\" class=\"alignnone wp-image-2892\" src=\"https:\/\/micterleather.com\/wp-content\/uploads\/2025\/07\/Self-adhesive_faux_leather_A_3-300x123.webp\" alt=\"\" width=\"1080\" height=\"443\" srcset=\"https:\/\/micterleather.com\/wp-content\/uploads\/2025\/07\/Self-adhesive_faux_leather_A_3-300x123.webp 300w, https:\/\/micterleather.com\/wp-content\/uploads\/2025\/07\/Self-adhesive_faux_leather_A_3-1024x420.webp 1024w, https:\/\/micterleather.com\/wp-content\/uploads\/2025\/07\/Self-adhesive_faux_leather_A_3-768x315.webp 768w, https:\/\/micterleather.com\/wp-content\/uploads\/2025\/07\/Self-adhesive_faux_leather_A_3-600x246.webp 600w, https:\/\/micterleather.com\/wp-content\/uploads\/2025\/07\/Self-adhesive_faux_leather_A_3.webp 1464w\" sizes=\"auto, (max-width: 1080px) 100vw, 1080px\" \/> <img loading=\"lazy\" decoding=\"async\" class=\"alignnone wp-image-2895\" src=\"https:\/\/micterleather.com\/wp-content\/uploads\/2025\/07\/Self-adhesive_faux_leather_A_6-300x123.webp\" alt=\"\" width=\"1080\" height=\"443\" srcset=\"https:\/\/micterleather.com\/wp-content\/uploads\/2025\/07\/Self-adhesive_faux_leather_A_6-300x123.webp 300w, https:\/\/micterleather.com\/wp-content\/uploads\/2025\/07\/Self-adhesive_faux_leather_A_6-1024x420.webp 1024w, https:\/\/micterleather.com\/wp-content\/uploads\/2025\/07\/Self-adhesive_faux_leather_A_6-768x315.webp 768w, https:\/\/micterleather.com\/wp-content\/uploads\/2025\/07\/Self-adhesive_faux_leather_A_6-600x246.webp 600w, https:\/\/micterleather.com\/wp-content\/uploads\/2025\/07\/Self-adhesive_faux_leather_A_6.webp 1464w\" sizes=\"auto, (max-width: 1080px) 100vw, 1080px\" \/><\/p>","protected":false},"excerpt":{"rendered":"<h6>Tambi\u00e9n puede encontrar nuestro cuero en Amazon.<\/h6>\n<p><a href=\"https:\/\/www.amazon.de\/dp\/B0BY2L1F3L?maas=maas_adg_EDDFE66568B53E05D3767ACDEB762A8E_afap_abs&amp;ref_=aa_maas&amp;tag=maas\"><img loading=\"lazy\" decoding=\"async\" class=\"alignnone wp-image-2355\" src=\"https:\/\/micterleather.com\/wp-content\/uploads\/2025\/06\/Micter-shop-on-amazon--300x99.webp\" alt=\"\" width=\"167\" height=\"55\" srcset=\"https:\/\/micterleather.com\/wp-content\/uploads\/2025\/06\/Micter-shop-on-amazon--300x99.webp 300w, https:\/\/micterleather.com\/wp-content\/uploads\/2025\/06\/Micter-shop-on-amazon--1024x336.webp 1024w, https:\/\/micterleather.com\/wp-content\/uploads\/2025\/06\/Micter-shop-on-amazon--768x252.webp 768w, https:\/\/micterleather.com\/wp-content\/uploads\/2025\/06\/Micter-shop-on-amazon--600x197.webp 600w, https:\/\/micterleather.com\/wp-content\/uploads\/2025\/06\/Micter-shop-on-amazon-.webp 1400w\" sizes=\"auto, (max-width: 167px) 100vw, 167px\" \/><\/a><\/p>\n<h5>Blog: <a href=\"https:\/\/micterleather.com\/de\/wie-man-ledermoebel-repariert-micter\/\">Wie man Lederm\u00f6bel repariert ? \u2013 Micter<\/a><\/h5>","protected":false},"featured_media":2261,"template":"","meta":{"_uag_custom_page_level_css":"","site-sidebar-layout":"default","site-content-layout":"","ast-site-content-layout":"default","site-content-style":"default","site-sidebar-style":"default","ast-global-header-display":"","ast-banner-title-visibility":"","ast-main-header-display":"","ast-hfb-above-header-display":"","ast-hfb-below-header-display":"","ast-hfb-mobile-header-display":"","site-post-title":"","ast-breadcrumbs-content":"","ast-featured-img":"","footer-sml-layout":"","ast-disable-related-posts":"","theme-transparent-header-meta":"default","adv-header-id-meta":"","stick-header-meta":"","header-above-stick-meta":"","header-main-stick-meta":"","header-below-stick-meta":"","astra-migrate-meta-layouts":"set","ast-page-background-enabled":"default","ast-page-background-meta":{"desktop":{"background-color":"","background-image":"","background-repeat":"repeat","background-position":"center center","background-size":"auto","background-attachment":"scroll","background-type":"","background-media":"","overlay-type":"","overlay-color":"","overlay-opacity":"","overlay-gradient":""},"tablet":{"background-color":"","background-image":"","background-repeat":"repeat","background-position":"center center","background-size":"auto","background-attachment":"scroll","background-type":"","background-media":"","overlay-type":"","overlay-color":"","overlay-opacity":"","overlay-gradient":""},"mobile":{"background-color":"","background-image":"","background-repeat":"repeat","background-position":"center center","background-size":"auto","background-attachment":"scroll","background-type":"","background-media":"","overlay-type":"","overlay-color":"","overlay-opacity":"","overlay-gradient":""}},"ast-content-background-meta":{"desktop":{"background-color":"var(--ast-global-color-5)","background-image":"","background-repeat":"repeat","background-position":"center center","background-size":"auto","background-attachment":"scroll","background-type":"","background-media":"","overlay-type":"","overlay-color":"","overlay-opacity":"","overlay-gradient":""},"tablet":{"background-color":"var(--ast-global-color-5)","background-image":"","background-repeat":"repeat","background-position":"center center","background-size":"auto","background-attachment":"scroll","background-type":"","background-media":"","overlay-type":"","overlay-color":"","overlay-opacity":"","overlay-gradient":""},"mobile":{"background-color":"var(--ast-global-color-5)","background-image":"","background-repeat":"repeat","background-position":"center center","background-size":"auto","background-attachment":"scroll","background-type":"","background-media":"","overlay-type":"","overlay-color":"","overlay-opacity":"","overlay-gradient":""}}},"product_brand":[],"product_cat":[15],"product_tag":[],"class_list":{"0":"post-3036","1":"product","2":"type-product","3":"status-publish","4":"has-post-thumbnail","6":"product_cat-uncategorized","7":"desktop-align-left","8":"tablet-align-left","9":"mobile-align-left","11":"first","12":"instock","13":"sale","14":"shipping-taxable","15":"purchasable","16":"product-type-variable","17":"has-default-attributes"},"uagb_featured_image_src":{"full":["https:\/\/micterleather.com\/wp-content\/uploads\/2025\/06\/Brun-Rouge-1.webp",2000,2000,false],"thumbnail":["https:\/\/micterleather.com\/wp-content\/uploads\/2025\/06\/Brun-Rouge-1-150x150.webp",150,150,true],"medium":["https:\/\/micterleather.com\/wp-content\/uploads\/2025\/06\/Brun-Rouge-1-300x300.webp",300,300,true],"medium_large":["https:\/\/micterleather.com\/wp-content\/uploads\/2025\/06\/Brun-Rouge-1-768x768.webp",768,768,true],"large":["https:\/\/micterleather.com\/wp-content\/uploads\/2025\/06\/Brun-Rouge-1-1024x1024.webp",1024,1024,true],"1536x1536":["https:\/\/micterleather.com\/wp-content\/uploads\/2025\/06\/Brun-Rouge-1-1536x1536.webp",1536,1536,true],"2048x2048":["https:\/\/micterleather.com\/wp-content\/uploads\/2025\/06\/Brun-Rouge-1.webp",2000,2000,false],"trp-custom-language-flag":["https:\/\/micterleather.com\/wp-content\/uploads\/2025\/06\/Brun-Rouge-1.webp",12,12,false],"woocommerce_thumbnail":["https:\/\/micterleather.com\/wp-content\/uploads\/2025\/06\/Brun-Rouge-1-300x300.webp",300,300,true],"woocommerce_single":["https:\/\/micterleather.com\/wp-content\/uploads\/2025\/06\/Brun-Rouge-1-600x600.webp",600,600,true],"woocommerce_gallery_thumbnail":["https:\/\/micterleather.com\/wp-content\/uploads\/2025\/06\/Brun-Rouge-1-100x100.webp",100,100,true]},"uagb_author_info":{"display_name":"micter","author_link":"https:\/\/micterleather.com\/es\/author\/"},"uagb_comment_info":0,"uagb_excerpt":"Sie finden unser Leder auch auf Amazon. Blog: Wie man Lederm\u00f6bel repariert ? - Micter","_links":{"self":[{"href":"https:\/\/micterleather.com\/es\/wp-json\/wp\/v2\/product\/3036","targetHints":{"allow":["GET"]}}],"collection":[{"href":"https:\/\/micterleather.com\/es\/wp-json\/wp\/v2\/product"}],"about":[{"href":"https:\/\/micterleather.com\/es\/wp-json\/wp\/v2\/types\/product"}],"wp:featuredmedia":[{"embeddable":true,"href":"https:\/\/micterleather.com\/es\/wp-json\/wp\/v2\/media\/2261"}],"wp:attachment":[{"href":"https:\/\/micterleather.com\/es\/wp-json\/wp\/v2\/media?parent=3036"}],"wp:term":[{"taxonomy":"product_brand","embeddable":true,"href":"https:\/\/micterleather.com\/es\/wp-json\/wp\/v2\/product_brand?post=3036"},{"taxonomy":"product_cat","embeddable":true,"href":"https:\/\/micterleather.com\/es\/wp-json\/wp\/v2\/product_cat?post=3036"},{"taxonomy":"product_tag","embeddable":true,"href":"https:\/\/micterleather.com\/es\/wp-json\/wp\/v2\/product_tag?post=3036"}],"curies":[{"name":"wp","href":"https:\/\/api.w.org\/{rel}","templated":true}]}}