{"id":2692,"date":"2025-07-30T07:56:48","date_gmt":"2025-07-30T07:56:48","guid":{"rendered":"https:\/\/micterleather.com\/?post_type=product&#038;p=2692"},"modified":"2025-08-28T16:18:41","modified_gmt":"2025-08-28T16:18:41","slug":"self-adhesive-leather-patch-1","status":"publish","type":"product","link":"https:\/\/micterleather.com\/es\/product\/leather-repair-patch\/self-adhesive-leather-patch-1\/","title":{"rendered":"Parche de cuero autoadhesivo 1"},"content":{"rendered":"<h4>Descripci\u00f3n del producto:<\/h4>\n<ul>\n<li class=\"my-0\"><strong>Excepcional parche de reparaci\u00f3n de cuero:<\/strong>\u00a0Confeccionado con cuero premium, grueso y flexible, este parche de reparaci\u00f3n se siente suave al tacto y ofrece un rendimiento excelente. El adhesivo fuerte garantiza reparaciones r\u00e1pidas y efectivas, refrescando instant\u00e1neamente muebles de cuero caros y asientos de coche. El material de alta calidad es resistente a los ara\u00f1azos, impermeable y f\u00e1cil de limpiar, lo que lo convierte en una soluci\u00f3n fiable para reparar desgarros en tapicer\u00eda de cuero.<\/li>\n<li class=\"my-0\"><strong>Parche de reparaci\u00f3n con cinta de cuero:<\/strong>\u00a0Con medidas de 15 x 300 cm, este parche autoadhesivo es perfecto tanto para r\u00e9paraciones peque\u00f1as como para cobertura completa, devolviendo los objetos a una apariencia casi nueva. Se puede cortar f\u00e1cilmente a cualquier tama\u00f1o o patr\u00f3n, permitiendo proyectos de bricolaje personalizados y dise\u00f1os a medida. Ahorra dinero revitalizando muebles antiguos en lugar de reemplazarlos.<\/li>\n<li class=\"my-0\"><strong>F\u00e1cil de usar y adhesi\u00f3n fuerte:<\/strong>\u00a0Fabricado con materiales ecol\u00f3gicos e inodoros, nuestro cuero sint\u00e9tico autoadhesivo utiliza un adhesivo de alta viscosidad, proporcionando una potencia de adherencia superior en comparaci\u00f3n con parches de reparaci\u00f3n de vinilo tradicionales. Permanece firmemente en su lugar, por lo que no tendr\u00e1s que preocuparte de que se despegue o se desprenda f\u00e1cilmente\u2014lo que lo convierte en una opci\u00f3n ideal para reparar todo tipo de art\u00edculos de cuero.<\/li>\n<li class=\"my-0\"><strong>F\u00e1cil de usar:<\/strong>\u00a0La aplicaci\u00f3n es simple y sin herramientas\u2014solo despega y pega. No hay tiempo de espera adicional y no se requieren herramientas adicionales. Se adhiere de forma segura, cubriendo eficazmente grietas, agujeros, quemaduras, rayones y otras imperfecciones. Renueva instant\u00e1neamente tu espacio o actualiza muebles antiguos, prolongando la vida de tus objetos de la forma m\u00e1s sencilla posible.<\/li>\n<\/ul>\n<p><img loading=\"lazy\" decoding=\"async\" class=\"alignnone wp-image-2802\" src=\"https:\/\/micterleather.com\/wp-content\/uploads\/2025\/07\/seld-adhesive_repair_patch__A__1-300x186.webp\" alt=\"\" width=\"1079\" height=\"669\" srcset=\"https:\/\/micterleather.com\/wp-content\/uploads\/2025\/07\/seld-adhesive_repair_patch__A__1-300x186.webp 300w, https:\/\/micterleather.com\/wp-content\/uploads\/2025\/07\/seld-adhesive_repair_patch__A__1-768x475.webp 768w, https:\/\/micterleather.com\/wp-content\/uploads\/2025\/07\/seld-adhesive_repair_patch__A__1-600x371.webp 600w, https:\/\/micterleather.com\/wp-content\/uploads\/2025\/07\/seld-adhesive_repair_patch__A__1.webp 970w\" sizes=\"auto, (max-width: 1079px) 100vw, 1079px\" \/><\/p>\n<h4><strong>MI Helen<\/strong><\/h4>\n<p>Reparaci\u00f3n de sof\u00e1 con adhesivo de cuero.<\/p>\n<p><img loading=\"lazy\" decoding=\"async\" class=\"alignnone wp-image-2803\" src=\"https:\/\/micterleather.com\/wp-content\/uploads\/2025\/07\/seld-adhesive_repair_patch__A__2-300x186.webp\" alt=\"\" width=\"1081\" height=\"670\" srcset=\"https:\/\/micterleather.com\/wp-content\/uploads\/2025\/07\/seld-adhesive_repair_patch__A__2-300x186.webp 300w, https:\/\/micterleather.com\/wp-content\/uploads\/2025\/07\/seld-adhesive_repair_patch__A__2-768x475.webp 768w, https:\/\/micterleather.com\/wp-content\/uploads\/2025\/07\/seld-adhesive_repair_patch__A__2-600x371.webp 600w, https:\/\/micterleather.com\/wp-content\/uploads\/2025\/07\/seld-adhesive_repair_patch__A__2.webp 970w\" sizes=\"auto, (max-width: 1081px) 100vw, 1081px\" \/><\/p>\n<h4><strong>El cuero se utiliza ampliamente en nuestra vida diaria y, por lo general, es bastante resistente y duradero. Pero con el tiempo, es susceptible a todo tipo de da\u00f1os, como ara\u00f1azos de mascotas, quemaduras de cigarro, agrietamiento o decoloraci\u00f3n por uso prolongado. \u00bfBuscas una forma instant\u00e1nea y eficaz de reparar tu cuero da\u00f1ado? El kit de reparaci\u00f3n de cuero MICTER puede ayudarte a resolver cualquier problema de cuero con facilidad.<\/strong><\/h4>\n<p>Adhesivo de alta calidad horneado.<\/p>\n<p><img loading=\"lazy\" decoding=\"async\" class=\"alignnone wp-image-2804\" src=\"https:\/\/micterleather.com\/wp-content\/uploads\/2025\/07\/seld-adhesive_repair_patch__A__3-300x186.webp\" alt=\"\" width=\"1081\" height=\"670\" srcset=\"https:\/\/micterleather.com\/wp-content\/uploads\/2025\/07\/seld-adhesive_repair_patch__A__3-300x186.webp 300w, https:\/\/micterleather.com\/wp-content\/uploads\/2025\/07\/seld-adhesive_repair_patch__A__3-768x475.webp 768w, https:\/\/micterleather.com\/wp-content\/uploads\/2025\/07\/seld-adhesive_repair_patch__A__3-600x371.webp 600w, https:\/\/micterleather.com\/wp-content\/uploads\/2025\/07\/seld-adhesive_repair_patch__A__3.webp 970w\" sizes=\"auto, (max-width: 1081px) 100vw, 1081px\" \/><\/p>\n<h4><strong>Cinta de reparaci\u00f3n de cuero hecha de cuero de alta calidad y duradero. La superficie de cuero est\u00e1 decorada con un patr\u00f3n de lichi. Cl\u00e1sico y est\u00e9tico. Disponible en una variedad de tama\u00f1os, puedes cubrir por completo las \u00e1reas da\u00f1adas para que parezcan nuevas. Tambi\u00e9n puedes recortarla con la forma y tama\u00f1o que necesites. Esta parche de cuero de renovaci\u00f3n autoadhesivo es una soluci\u00f3n ideal para reparaci\u00f3n de muebles, reparaci\u00f3n de asientos de coche, renovaci\u00f3n de muebles, bricolaje, reparaci\u00f3n de suelo y m\u00e1s.<\/strong><\/h4>\n<p>Muchos colores para elegir.<\/p>\n<h6><strong>Nota: el color de la superficie de cuero puede variar ligeramente dependiendo de la luz y de las pantallas.<\/strong><\/h6>\n<p><img loading=\"lazy\" decoding=\"async\" class=\"alignnone wp-image-2805\" src=\"https:\/\/micterleather.com\/wp-content\/uploads\/2025\/07\/seld-adhesive_repair_patch__A__4-300x186.webp\" alt=\"\" width=\"1079\" height=\"669\" srcset=\"https:\/\/micterleather.com\/wp-content\/uploads\/2025\/07\/seld-adhesive_repair_patch__A__4-300x186.webp 300w, https:\/\/micterleather.com\/wp-content\/uploads\/2025\/07\/seld-adhesive_repair_patch__A__4-768x475.webp 768w, https:\/\/micterleather.com\/wp-content\/uploads\/2025\/07\/seld-adhesive_repair_patch__A__4-600x371.webp 600w, https:\/\/micterleather.com\/wp-content\/uploads\/2025\/07\/seld-adhesive_repair_patch__A__4.webp 970w\" sizes=\"auto, (max-width: 1079px) 100vw, 1079px\" \/><\/p>\n<h4><strong>F\u00e1cil de usar<\/strong><\/h4>\n<p>La reparaci\u00f3n autoadhesiva de cuero repara r\u00e1pidamente desgarros, agujeros, quemaduras, rasgu\u00f1os y otros defectos en el cuero. No solo puede restaurar muebles de cuero antiguos, tambi\u00e9n es una buena opci\u00f3n para usar como pel\u00edcula para muebles. La reparaci\u00f3n de cuero autoadhesiva se adapta bien a una variedad de superficies de objetos y es f\u00e1cil de usar: 1. aseg\u00farese de que la zona del desgarro est\u00e9 limpia y seca 2. recorte la forma y el tama\u00f1o deseados. 3. pegue la parche en su lugar con firmeza, presionando con firmeza para que se adhiera. Sus muebles tendr\u00e1n una apariencia nueva.<\/p>\n<p><img loading=\"lazy\" decoding=\"async\" class=\"alignnone wp-image-2806\" src=\"https:\/\/micterleather.com\/wp-content\/uploads\/2025\/07\/seld-adhesive_repair_patch__A__5-300x186.webp\" alt=\"\" width=\"1081\" height=\"670\" srcset=\"https:\/\/micterleather.com\/wp-content\/uploads\/2025\/07\/seld-adhesive_repair_patch__A__5-300x186.webp 300w, https:\/\/micterleather.com\/wp-content\/uploads\/2025\/07\/seld-adhesive_repair_patch__A__5-768x475.webp 768w, https:\/\/micterleather.com\/wp-content\/uploads\/2025\/07\/seld-adhesive_repair_patch__A__5-600x371.webp 600w, https:\/\/micterleather.com\/wp-content\/uploads\/2025\/07\/seld-adhesive_repair_patch__A__5.webp 970w\" sizes=\"auto, (max-width: 1081px) 100vw, 1081px\" \/><\/p>\n<h4><strong>Reparaci\u00f3n profesional y f\u00e1cil de usar<\/strong><\/h4>\n<p>La parche de reparaci\u00f3n de cuero MICTER es adecuada para una variedad de reparaciones como ara\u00f1azos, desgarros, quemaduras, agujeros, pelusa, manchas, puntos y otros da\u00f1os. Y es f\u00e1cil de usar. Este parche de reparaci\u00f3n de cuero no requiere calor, ni plancha, ni herramientas ni costura. Simplemente siga cuatro pasos simples: 1. Aseg\u00farese de que la zona a reparar est\u00e9 limpia y seca. 2. Corte el parche de cuero al tama\u00f1o adecuado. 3: Retire el papel protector. 4: Pegue el parche en la zona da\u00f1ada y presione firmemente para salvarlo.<\/p>\n<p><img loading=\"lazy\" decoding=\"async\" class=\"alignnone wp-image-2807\" src=\"https:\/\/micterleather.com\/wp-content\/uploads\/2025\/07\/seld-adhesive_repair_patch__A__6-300x186.webp\" alt=\"\" width=\"1079\" height=\"669\" srcset=\"https:\/\/micterleather.com\/wp-content\/uploads\/2025\/07\/seld-adhesive_repair_patch__A__6-300x186.webp 300w, https:\/\/micterleather.com\/wp-content\/uploads\/2025\/07\/seld-adhesive_repair_patch__A__6-768x475.webp 768w, https:\/\/micterleather.com\/wp-content\/uploads\/2025\/07\/seld-adhesive_repair_patch__A__6-600x371.webp 600w, https:\/\/micterleather.com\/wp-content\/uploads\/2025\/07\/seld-adhesive_repair_patch__A__6.webp 970w\" sizes=\"auto, (max-width: 1079px) 100vw, 1079px\" \/><\/p>\n<h4><strong>Gran aplicaci\u00f3n<\/strong><\/h4>\n<p>El parche de cuero autoadhesivo ofrece una reparaci\u00f3n perfecta y conveniente, adecuado para muebles, sof\u00e1s, sillas, asientos de coche, tapicer\u00eda de coche, taburetes de esquina, taburetes de bar, cojines, maletas de viaje y asientos de motocicleta.<\/p>","protected":false},"excerpt":{"rendered":"<h4>Informaci\u00f3n del producto:<\/h4>\n<p>Material: Cuero<br \/>\nForma del art\u00edculo: Cinta<br \/>\nCaracter\u00edsticas especiales: Resistente al calor, Fuerte, Resistente al agua<br \/>\nCantidad de piezas del paquete: 1<br \/>\nTipo de contenedor: Tubo<br \/>\nViscosidad: Superior<\/p>\n<h5>Blog: <a href=\"https:\/\/micterleather.com\/es\/how-to-repair-leather-furniture-micter\/\">\u00bfC\u00f3mo reparar muebles de cuero? \u2013 Micter<\/a><\/h5>","protected":false},"featured_media":2717,"template":"","meta":{"_uag_custom_page_level_css":"","site-sidebar-layout":"default","site-content-layout":"","ast-site-content-layout":"default","site-content-style":"default","site-sidebar-style":"default","ast-global-header-display":"","ast-banner-title-visibility":"","ast-main-header-display":"","ast-hfb-above-header-display":"","ast-hfb-below-header-display":"","ast-hfb-mobile-header-display":"","site-post-title":"","ast-breadcrumbs-content":"","ast-featured-img":"","footer-sml-layout":"","ast-disable-related-posts":"","theme-transparent-header-meta":"default","adv-header-id-meta":"","stick-header-meta":"","header-above-stick-meta":"","header-main-stick-meta":"","header-below-stick-meta":"","astra-migrate-meta-layouts":"set","ast-page-background-enabled":"default","ast-page-background-meta":{"desktop":{"background-color":"","background-image":"","background-repeat":"repeat","background-position":"center center","background-size":"auto","background-attachment":"scroll","background-type":"","background-media":"","overlay-type":"","overlay-color":"","overlay-opacity":"","overlay-gradient":""},"tablet":{"background-color":"","background-image":"","background-repeat":"repeat","background-position":"center center","background-size":"auto","background-attachment":"scroll","background-type":"","background-media":"","overlay-type":"","overlay-color":"","overlay-opacity":"","overlay-gradient":""},"mobile":{"background-color":"","background-image":"","background-repeat":"repeat","background-position":"center center","background-size":"auto","background-attachment":"scroll","background-type":"","background-media":"","overlay-type":"","overlay-color":"","overlay-opacity":"","overlay-gradient":""}},"ast-content-background-meta":{"desktop":{"background-color":"var(--ast-global-color-5)","background-image":"","background-repeat":"repeat","background-position":"center center","background-size":"auto","background-attachment":"scroll","background-type":"","background-media":"","overlay-type":"","overlay-color":"","overlay-opacity":"","overlay-gradient":""},"tablet":{"background-color":"var(--ast-global-color-5)","background-image":"","background-repeat":"repeat","background-position":"center center","background-size":"auto","background-attachment":"scroll","background-type":"","background-media":"","overlay-type":"","overlay-color":"","overlay-opacity":"","overlay-gradient":""},"mobile":{"background-color":"var(--ast-global-color-5)","background-image":"","background-repeat":"repeat","background-position":"center center","background-size":"auto","background-attachment":"scroll","background-type":"","background-media":"","overlay-type":"","overlay-color":"","overlay-opacity":"","overlay-gradient":""}}},"product_brand":[],"product_cat":[248],"product_tag":[],"class_list":{"0":"post-2692","1":"product","2":"type-product","3":"status-publish","4":"has-post-thumbnail","6":"product_cat-leather-repair-patch","7":"desktop-align-left","8":"tablet-align-left","9":"mobile-align-left","11":"first","12":"instock","13":"sale","14":"featured","15":"shipping-taxable","16":"purchasable","17":"product-type-variable","18":"has-default-attributes"},"uagb_featured_image_src":{"full":["https:\/\/micterleather.com\/wp-content\/uploads\/2025\/07\/black-15.webp",661,687,false],"thumbnail":["https:\/\/micterleather.com\/wp-content\/uploads\/2025\/07\/black-15-150x150.webp",150,150,true],"medium":["https:\/\/micterleather.com\/wp-content\/uploads\/2025\/07\/black-15-289x300.webp",289,300,true],"medium_large":["https:\/\/micterleather.com\/wp-content\/uploads\/2025\/07\/black-15.webp",661,687,false],"large":["https:\/\/micterleather.com\/wp-content\/uploads\/2025\/07\/black-15.webp",661,687,false],"1536x1536":["https:\/\/micterleather.com\/wp-content\/uploads\/2025\/07\/black-15.webp",661,687,false],"2048x2048":["https:\/\/micterleather.com\/wp-content\/uploads\/2025\/07\/black-15.webp",661,687,false],"trp-custom-language-flag":["https:\/\/micterleather.com\/wp-content\/uploads\/2025\/07\/black-15.webp",12,12,false],"woocommerce_thumbnail":["https:\/\/micterleather.com\/wp-content\/uploads\/2025\/07\/black-15-300x300.webp",300,300,true],"woocommerce_single":["https:\/\/micterleather.com\/wp-content\/uploads\/2025\/07\/black-15-600x624.webp",600,624,true],"woocommerce_gallery_thumbnail":["https:\/\/micterleather.com\/wp-content\/uploads\/2025\/07\/black-15-100x100.webp",100,100,true]},"uagb_author_info":{"display_name":"micter","author_link":"https:\/\/micterleather.com\/es\/author\/"},"uagb_comment_info":0,"uagb_excerpt":"Product Information: Material: Leather Item Form: Tape Special Features: Heat Resistant, Strong, Waterproof Item Package Quantity: 1 Container Type: Tube Viscosity: Top Blog: How to Repair Leather Furniture? \u2013 Micter","_links":{"self":[{"href":"https:\/\/micterleather.com\/es\/wp-json\/wp\/v2\/product\/2692","targetHints":{"allow":["GET"]}}],"collection":[{"href":"https:\/\/micterleather.com\/es\/wp-json\/wp\/v2\/product"}],"about":[{"href":"https:\/\/micterleather.com\/es\/wp-json\/wp\/v2\/types\/product"}],"wp:featuredmedia":[{"embeddable":true,"href":"https:\/\/micterleather.com\/es\/wp-json\/wp\/v2\/media\/2717"}],"wp:attachment":[{"href":"https:\/\/micterleather.com\/es\/wp-json\/wp\/v2\/media?parent=2692"}],"wp:term":[{"taxonomy":"product_brand","embeddable":true,"href":"https:\/\/micterleather.com\/es\/wp-json\/wp\/v2\/product_brand?post=2692"},{"taxonomy":"product_cat","embeddable":true,"href":"https:\/\/micterleather.com\/es\/wp-json\/wp\/v2\/product_cat?post=2692"},{"taxonomy":"product_tag","embeddable":true,"href":"https:\/\/micterleather.com\/es\/wp-json\/wp\/v2\/product_tag?post=2692"}],"curies":[{"name":"wp","href":"https:\/\/api.w.org\/{rel}","templated":true}]}}