{"id":2659,"date":"2025-07-30T04:11:01","date_gmt":"2025-07-30T04:11:01","guid":{"rendered":"https:\/\/micterleather.com\/?post_type=product&#038;p=2659"},"modified":"2025-08-28T12:34:03","modified_gmt":"2025-08-28T12:34:03","slug":"self-adhesive-leather-patches-4pcs","status":"publish","type":"product","link":"https:\/\/micterleather.com\/es\/product\/leather-repair-patch\/self-adhesive-leather-patches-4pcs\/","title":{"rendered":"Parches de cuero autoadhesivos 4 piezas 20\u00d728 cm"},"content":{"rendered":"<h4>Descripci\u00f3n del producto:<\/h4>\n<ul>\n<li class=\"my-0\"><strong>Reparaci\u00f3n de cuero de alta calidad:<\/strong><br \/>\nFabricados con cuero sint\u00e9tico de primera calidad, estas parches de reparaci\u00f3n presentan patrones y colores cl\u00e1sicos. La superficie es lisa, impermeable, f\u00e1cil de limpiar y dise\u00f1ada para ser resistente al desgaste, a los ara\u00f1azos y duradera, asegurando que tus reparaciones soporten la prueba del tiempo.<\/li>\n<li class=\"my-0\"><strong>Adhesi\u00f3n excepcional:<\/strong><br \/>\nDise\u00f1ado con un respaldo profesional, la cinta de reparaci\u00f3n de cuero autoadhesiva ofrece una adhesi\u00f3n fuerte y confiable. Puedes confiar en que, una vez aplicada, la parche se mantendr\u00e1 firmemente en su lugar en cualquier superficie lisa, sin despegarse ni aflojarse despu\u00e9s de su uso.<\/li>\n<li class=\"my-0\"><strong>Soluci\u00f3n de reparaci\u00f3n vers\u00e1til:<\/strong><br \/>\nCada set incluye cuatro parches de reparaci\u00f3n de cuero de 7.8 x 11 pulgadas, perfectos para abordar una variedad de da\u00f1os\u2014desgarros, ara\u00f1azos, agujeros y decoloraci\u00f3n\u2014en art\u00edculos de cuero y vinilo. Adecuados para reparar asientos de coche, muebles, sof\u00e1s, bolsos, chaquetas y m\u00e1s, estos parches restauran tus art\u00edculos a un aspecto como nuevo.<\/li>\n<li class=\"my-0\"><strong>Aplicaci\u00f3n sencilla:<\/strong><br \/>\nNo se requieren herramientas o habilidades especiales. Solo limpia la superficie objetivo, corta el parche al tama\u00f1o y forma deseados, retira el respaldo y apl\u00edcalo en el \u00e1rea da\u00f1ada. Es una forma r\u00e1pida y econ\u00f3mica de restaurar y prolongar la vida de tus art\u00edculos de cuero.<\/li>\n<li class=\"my-0\"><strong>Soporte profesional:<\/strong><br \/>\nCada compra cuenta con una garant\u00eda sin preocupaciones y una garant\u00eda de devoluci\u00f3n de dinero. Ten en cuenta: debido a variaciones en la iluminaci\u00f3n y la pantalla, los colores reales pueden diferir ligeramente de los mostrados. Si tienes dudas sobre la selecci\u00f3n de color, simplemente env\u00edanos una foto para asesoramiento personalizado. No dudes en contactarnos con cualquier pregunta o inquietud\u2014\u00a1estamos aqu\u00ed para ayudarte!<\/li>\n<\/ul>\n<p><img loading=\"lazy\" decoding=\"async\" class=\"alignnone wp-image-2816\" src=\"https:\/\/micterleather.com\/wp-content\/uploads\/2025\/07\/Self-Adhesive_Leather_Patches_A_2-300x186.webp\" alt=\"\" width=\"1079\" height=\"669\" srcset=\"https:\/\/micterleather.com\/wp-content\/uploads\/2025\/07\/Self-Adhesive_Leather_Patches_A_2-300x186.webp 300w, https:\/\/micterleather.com\/wp-content\/uploads\/2025\/07\/Self-Adhesive_Leather_Patches_A_2-768x475.webp 768w, https:\/\/micterleather.com\/wp-content\/uploads\/2025\/07\/Self-Adhesive_Leather_Patches_A_2-600x371.webp 600w, https:\/\/micterleather.com\/wp-content\/uploads\/2025\/07\/Self-Adhesive_Leather_Patches_A_2.webp 970w\" sizes=\"auto, (max-width: 1079px) 100vw, 1079px\" \/> <img loading=\"lazy\" decoding=\"async\" class=\"alignnone wp-image-2817\" src=\"https:\/\/micterleather.com\/wp-content\/uploads\/2025\/07\/Self-Adhesive_Leather_Patches_A_3-300x186.webp\" alt=\"\" width=\"1080\" height=\"670\" srcset=\"https:\/\/micterleather.com\/wp-content\/uploads\/2025\/07\/Self-Adhesive_Leather_Patches_A_3-300x186.webp 300w, https:\/\/micterleather.com\/wp-content\/uploads\/2025\/07\/Self-Adhesive_Leather_Patches_A_3-768x475.webp 768w, https:\/\/micterleather.com\/wp-content\/uploads\/2025\/07\/Self-Adhesive_Leather_Patches_A_3-600x371.webp 600w\" sizes=\"auto, (max-width: 1080px) 100vw, 1080px\" \/> <img loading=\"lazy\" decoding=\"async\" class=\"alignnone wp-image-2818\" src=\"https:\/\/micterleather.com\/wp-content\/uploads\/2025\/07\/Self-Adhesive_Leather_Patches_A_4-300x186.webp\" alt=\"\" width=\"1079\" height=\"669\" srcset=\"https:\/\/micterleather.com\/wp-content\/uploads\/2025\/07\/Self-Adhesive_Leather_Patches_A_4-300x186.webp 300w, https:\/\/micterleather.com\/wp-content\/uploads\/2025\/07\/Self-Adhesive_Leather_Patches_A_4-768x475.webp 768w, https:\/\/micterleather.com\/wp-content\/uploads\/2025\/07\/Self-Adhesive_Leather_Patches_A_4-600x371.webp 600w, https:\/\/micterleather.com\/wp-content\/uploads\/2025\/07\/Self-Adhesive_Leather_Patches_A_4.webp 970w\" sizes=\"auto, (max-width: 1079px) 100vw, 1079px\" \/> <img loading=\"lazy\" decoding=\"async\" class=\"alignnone wp-image-2819\" src=\"https:\/\/micterleather.com\/wp-content\/uploads\/2025\/07\/Self-Adhesive_Leather_Patches_A_5.webp\" alt=\"\" width=\"260\" height=\"260\" srcset=\"https:\/\/micterleather.com\/wp-content\/uploads\/2025\/07\/Self-Adhesive_Leather_Patches_A_5.webp 220w, https:\/\/micterleather.com\/wp-content\/uploads\/2025\/07\/Self-Adhesive_Leather_Patches_A_5-150x150.webp 150w, https:\/\/micterleather.com\/wp-content\/uploads\/2025\/07\/Self-Adhesive_Leather_Patches_A_5-100x100.webp 100w\" sizes=\"auto, (max-width: 260px) 100vw, 260px\" \/> <img loading=\"lazy\" decoding=\"async\" class=\"alignnone wp-image-2820\" src=\"https:\/\/micterleather.com\/wp-content\/uploads\/2025\/07\/Self-Adhesive_Leather_Patches_A_6.webp\" alt=\"\" width=\"261\" height=\"261\" srcset=\"https:\/\/micterleather.com\/wp-content\/uploads\/2025\/07\/Self-Adhesive_Leather_Patches_A_6.webp 220w, https:\/\/micterleather.com\/wp-content\/uploads\/2025\/07\/Self-Adhesive_Leather_Patches_A_6-150x150.webp 150w, https:\/\/micterleather.com\/wp-content\/uploads\/2025\/07\/Self-Adhesive_Leather_Patches_A_6-100x100.webp 100w\" sizes=\"auto, (max-width: 261px) 100vw, 261px\" \/> <img loading=\"lazy\" decoding=\"async\" class=\"alignnone wp-image-2821\" src=\"https:\/\/micterleather.com\/wp-content\/uploads\/2025\/07\/Self-Adhesive_Leather_Patches_A_7.webp\" alt=\"\" width=\"260\" height=\"260\" srcset=\"https:\/\/micterleather.com\/wp-content\/uploads\/2025\/07\/Self-Adhesive_Leather_Patches_A_7.webp 220w, https:\/\/micterleather.com\/wp-content\/uploads\/2025\/07\/Self-Adhesive_Leather_Patches_A_7-150x150.webp 150w, https:\/\/micterleather.com\/wp-content\/uploads\/2025\/07\/Self-Adhesive_Leather_Patches_A_7-100x100.webp 100w\" sizes=\"auto, (max-width: 260px) 100vw, 260px\" \/> <img loading=\"lazy\" decoding=\"async\" class=\"alignnone wp-image-2822\" src=\"https:\/\/micterleather.com\/wp-content\/uploads\/2025\/07\/Self-Adhesive_Leather_Patches_A_8.webp\" alt=\"\" width=\"260\" height=\"260\" srcset=\"https:\/\/micterleather.com\/wp-content\/uploads\/2025\/07\/Self-Adhesive_Leather_Patches_A_8.webp 220w, https:\/\/micterleather.com\/wp-content\/uploads\/2025\/07\/Self-Adhesive_Leather_Patches_A_8-150x150.webp 150w, https:\/\/micterleather.com\/wp-content\/uploads\/2025\/07\/Self-Adhesive_Leather_Patches_A_8-100x100.webp 100w\" sizes=\"auto, (max-width: 260px) 100vw, 260px\" \/> <img loading=\"lazy\" decoding=\"async\" class=\"alignnone wp-image-2823\" src=\"https:\/\/micterleather.com\/wp-content\/uploads\/2025\/07\/Self-Adhesive_Leather_Patches_A_9-300x186.webp\" alt=\"\" width=\"1079\" height=\"669\" srcset=\"https:\/\/micterleather.com\/wp-content\/uploads\/2025\/07\/Self-Adhesive_Leather_Patches_A_9-300x186.webp 300w, https:\/\/micterleather.com\/wp-content\/uploads\/2025\/07\/Self-Adhesive_Leather_Patches_A_9-768x475.webp 768w, https:\/\/micterleather.com\/wp-content\/uploads\/2025\/07\/Self-Adhesive_Leather_Patches_A_9-600x371.webp 600w, https:\/\/micterleather.com\/wp-content\/uploads\/2025\/07\/Self-Adhesive_Leather_Patches_A_9.webp 970w\" sizes=\"auto, (max-width: 1079px) 100vw, 1079px\" \/> <img loading=\"lazy\" decoding=\"async\" class=\"alignnone wp-image-2824\" src=\"https:\/\/micterleather.com\/wp-content\/uploads\/2025\/07\/Self-Adhesive_Leather_Patches_A_10-300x186.webp\" alt=\"\" width=\"1081\" height=\"670\" srcset=\"https:\/\/micterleather.com\/wp-content\/uploads\/2025\/07\/Self-Adhesive_Leather_Patches_A_10-300x186.webp 300w, https:\/\/micterleather.com\/wp-content\/uploads\/2025\/07\/Self-Adhesive_Leather_Patches_A_10-768x475.webp 768w, https:\/\/micterleather.com\/wp-content\/uploads\/2025\/07\/Self-Adhesive_Leather_Patches_A_10-600x371.webp 600w, https:\/\/micterleather.com\/wp-content\/uploads\/2025\/07\/Self-Adhesive_Leather_Patches_A_10.webp 970w\" sizes=\"auto, (max-width: 1081px) 100vw, 1081px\" \/> <img loading=\"lazy\" decoding=\"async\" class=\"alignnone wp-image-2825\" src=\"https:\/\/micterleather.com\/wp-content\/uploads\/2025\/07\/Self-Adhesive_Leather_Patches_A_1-300x186.webp\" alt=\"\" width=\"1081\" height=\"670\" srcset=\"https:\/\/micterleather.com\/wp-content\/uploads\/2025\/07\/Self-Adhesive_Leather_Patches_A_1-300x186.webp 300w, https:\/\/micterleather.com\/wp-content\/uploads\/2025\/07\/Self-Adhesive_Leather_Patches_A_1-768x475.webp 768w, https:\/\/micterleather.com\/wp-content\/uploads\/2025\/07\/Self-Adhesive_Leather_Patches_A_1-600x371.webp 600w, https:\/\/micterleather.com\/wp-content\/uploads\/2025\/07\/Self-Adhesive_Leather_Patches_A_1.webp 970w\" sizes=\"auto, (max-width: 1081px) 100vw, 1081px\" \/><\/p>","protected":false},"excerpt":{"rendered":"<h4>Informaci\u00f3n del producto:<\/h4>\n<p>Material: Cuero<br \/>\nForma del art\u00edculo: Cinta<br \/>\nCaracter\u00edsticas especiales: Resistente al calor, Fuerte, Resistente al agua<br \/>\nCantidad por paquete del art\u00edculo: 4 piezas<br \/>\nTipo de contenedor: Tubo<br \/>\nViscosidad: Superior<\/p>\n<h5>Blog: <a href=\"https:\/\/micterleather.com\/es\/how-to-repair-leather-furniture-micter\/\">\u00bfC\u00f3mo reparar muebles de cuero? \u2013 Micter<\/a><\/h5>","protected":false},"featured_media":2669,"template":"","meta":{"_uag_custom_page_level_css":"","site-sidebar-layout":"default","site-content-layout":"","ast-site-content-layout":"default","site-content-style":"default","site-sidebar-style":"default","ast-global-header-display":"","ast-banner-title-visibility":"","ast-main-header-display":"","ast-hfb-above-header-display":"","ast-hfb-below-header-display":"","ast-hfb-mobile-header-display":"","site-post-title":"","ast-breadcrumbs-content":"","ast-featured-img":"","footer-sml-layout":"","ast-disable-related-posts":"","theme-transparent-header-meta":"default","adv-header-id-meta":"","stick-header-meta":"","header-above-stick-meta":"","header-main-stick-meta":"","header-below-stick-meta":"","astra-migrate-meta-layouts":"set","ast-page-background-enabled":"default","ast-page-background-meta":{"desktop":{"background-color":"","background-image":"","background-repeat":"repeat","background-position":"center center","background-size":"auto","background-attachment":"scroll","background-type":"","background-media":"","overlay-type":"","overlay-color":"","overlay-opacity":"","overlay-gradient":""},"tablet":{"background-color":"","background-image":"","background-repeat":"repeat","background-position":"center center","background-size":"auto","background-attachment":"scroll","background-type":"","background-media":"","overlay-type":"","overlay-color":"","overlay-opacity":"","overlay-gradient":""},"mobile":{"background-color":"","background-image":"","background-repeat":"repeat","background-position":"center center","background-size":"auto","background-attachment":"scroll","background-type":"","background-media":"","overlay-type":"","overlay-color":"","overlay-opacity":"","overlay-gradient":""}},"ast-content-background-meta":{"desktop":{"background-color":"var(--ast-global-color-5)","background-image":"","background-repeat":"repeat","background-position":"center center","background-size":"auto","background-attachment":"scroll","background-type":"","background-media":"","overlay-type":"","overlay-color":"","overlay-opacity":"","overlay-gradient":""},"tablet":{"background-color":"var(--ast-global-color-5)","background-image":"","background-repeat":"repeat","background-position":"center center","background-size":"auto","background-attachment":"scroll","background-type":"","background-media":"","overlay-type":"","overlay-color":"","overlay-opacity":"","overlay-gradient":""},"mobile":{"background-color":"var(--ast-global-color-5)","background-image":"","background-repeat":"repeat","background-position":"center center","background-size":"auto","background-attachment":"scroll","background-type":"","background-media":"","overlay-type":"","overlay-color":"","overlay-opacity":"","overlay-gradient":""}}},"product_brand":[],"product_cat":[248],"product_tag":[],"class_list":{"0":"post-2659","1":"product","2":"type-product","3":"status-publish","4":"has-post-thumbnail","6":"product_cat-leather-repair-patch","7":"desktop-align-left","8":"tablet-align-left","9":"mobile-align-left","11":"first","12":"instock","13":"sale","14":"shipping-taxable","15":"purchasable","16":"product-type-variable","17":"has-default-attributes"},"uagb_featured_image_src":{"full":["https:\/\/micterleather.com\/wp-content\/uploads\/2025\/07\/dark_brown_-4pcs_-first.webp",1600,1600,false],"thumbnail":["https:\/\/micterleather.com\/wp-content\/uploads\/2025\/07\/dark_brown_-4pcs_-first-150x150.webp",150,150,true],"medium":["https:\/\/micterleather.com\/wp-content\/uploads\/2025\/07\/dark_brown_-4pcs_-first-300x300.webp",300,300,true],"medium_large":["https:\/\/micterleather.com\/wp-content\/uploads\/2025\/07\/dark_brown_-4pcs_-first-768x768.webp",768,768,true],"large":["https:\/\/micterleather.com\/wp-content\/uploads\/2025\/07\/dark_brown_-4pcs_-first-1024x1024.webp",1024,1024,true],"1536x1536":["https:\/\/micterleather.com\/wp-content\/uploads\/2025\/07\/dark_brown_-4pcs_-first-1536x1536.webp",1536,1536,true],"2048x2048":["https:\/\/micterleather.com\/wp-content\/uploads\/2025\/07\/dark_brown_-4pcs_-first.webp",1600,1600,false],"trp-custom-language-flag":["https:\/\/micterleather.com\/wp-content\/uploads\/2025\/07\/dark_brown_-4pcs_-first.webp",12,12,false],"woocommerce_thumbnail":["https:\/\/micterleather.com\/wp-content\/uploads\/2025\/07\/dark_brown_-4pcs_-first-300x300.webp",300,300,true],"woocommerce_single":["https:\/\/micterleather.com\/wp-content\/uploads\/2025\/07\/dark_brown_-4pcs_-first-600x600.webp",600,600,true],"woocommerce_gallery_thumbnail":["https:\/\/micterleather.com\/wp-content\/uploads\/2025\/07\/dark_brown_-4pcs_-first-100x100.webp",100,100,true]},"uagb_author_info":{"display_name":"micter","author_link":"https:\/\/micterleather.com\/es\/author\/"},"uagb_comment_info":0,"uagb_excerpt":"Product Information: Material: Leather Item Form: Tape Special Features: Heat Resistant, Strong, Waterproof Item Package Quantity: 4pcs Container Type: Tube Viscosity: Top Blog: How to Repair Leather Furniture? \u2013 Micter","_links":{"self":[{"href":"https:\/\/micterleather.com\/es\/wp-json\/wp\/v2\/product\/2659","targetHints":{"allow":["GET"]}}],"collection":[{"href":"https:\/\/micterleather.com\/es\/wp-json\/wp\/v2\/product"}],"about":[{"href":"https:\/\/micterleather.com\/es\/wp-json\/wp\/v2\/types\/product"}],"wp:featuredmedia":[{"embeddable":true,"href":"https:\/\/micterleather.com\/es\/wp-json\/wp\/v2\/media\/2669"}],"wp:attachment":[{"href":"https:\/\/micterleather.com\/es\/wp-json\/wp\/v2\/media?parent=2659"}],"wp:term":[{"taxonomy":"product_brand","embeddable":true,"href":"https:\/\/micterleather.com\/es\/wp-json\/wp\/v2\/product_brand?post=2659"},{"taxonomy":"product_cat","embeddable":true,"href":"https:\/\/micterleather.com\/es\/wp-json\/wp\/v2\/product_cat?post=2659"},{"taxonomy":"product_tag","embeddable":true,"href":"https:\/\/micterleather.com\/es\/wp-json\/wp\/v2\/product_tag?post=2659"}],"curies":[{"name":"wp","href":"https:\/\/api.w.org\/{rel}","templated":true}]}}