{"id":2155,"date":"2025-07-31T09:13:31","date_gmt":"2025-07-31T09:13:31","guid":{"rendered":"https:\/\/micterleather.com\/?post_type=product&#038;p=2155"},"modified":"2025-09-03T01:51:06","modified_gmt":"2025-09-03T01:51:06","slug":"self-adhesive-faux-leather","status":"publish","type":"product","link":"https:\/\/micterleather.com\/es\/product\/leather-repair-patch\/self-adhesive-faux-leather\/","title":{"rendered":"Cuero sint\u00e9tico autoadhesivo"},"content":{"rendered":"<h4>Informaci\u00f3n del producto:<\/h4>\n<p>Material: Cuero<br \/>\nForma del art\u00edculo: Cinta<br \/>\nCaracter\u00edsticas especiales: Resistente al calor, Fuerte, Resistente al agua<br \/>\nCantidad de piezas del paquete: 1<br \/>\nTipo de contenedor: Tubo<br \/>\nViscosidad: Superior<\/p>\n<h4>Descripci\u00f3n del producto:<\/h4>\n<ul>\n<li class=\"my-0\"><strong>Excelente reparaci\u00f3n de cuero:<\/strong>\u00a0Fabricado con materiales de alta calidad con patrones y colores atemporales, esta cinta de reparaci\u00f3n de cuero presenta una textura suave y lisa que es impermeable, resistente al desgaste y a los ara\u00f1azos. Es duradera y est\u00e1 dise\u00f1ada para durar, lo que la hace perfecta para reparar cuero da\u00f1ado y a\u00f1adir toques decorativos.<\/li>\n<li class=\"my-0\"><strong>Fuerte adherencia y reparaciones r\u00e1pidas:<\/strong>\u00a0El parche de cuero autoadhesivo utiliza un respaldo de grado profesional que es extremadamente pegajoso y no se despega f\u00e1cilmente. Es ideal para cubrir r\u00e1pidamente desgarros, agujeros, quemaduras, ara\u00f1azos, manchas y otras imperfecciones en cuero da\u00f1ado, cuero PU o superficies de vinilo. Refresca tus muebles y ahorra dinero haciendo que los art\u00edculos usados parezcan nuevos.<\/li>\n<li class=\"my-0\"><strong>Tama\u00f1o generoso y variedad de colores:<\/strong>\u00a0Cada rollo mide 40 x 200 cm, lo que te permite cubrir \u00e1reas grandes o restaurar por completo secciones da\u00f1adas. Disponible en 19 colores intensos, estos parches de reparaci\u00f3n de cuero est\u00e1n dise\u00f1ados para combinar con la mayor\u00eda de muebles e interiores de coches, lo que facilita encontrar la talla perfecta para tus necesidades de reparaci\u00f3n o decoraci\u00f3n.<\/li>\n<li class=\"my-0\"><strong>Aplicaci\u00f3n sencilla:<\/strong>\u00a0No se requieren calor, plancha, costura ni herramientas especiales. Solo limpia la zona da\u00f1ada, corta el parche al tama\u00f1o o forma deseados y p\u00e9galo en la superficie\u2014\u00a1listo! Restaura tus muebles y asientos de coche con un m\u00ednimo esfuerzo.<\/li>\n<li class=\"my-0\"><strong>Amplia aplicaci\u00f3n y soporte:<\/strong>\u00a0Los kits de reparaci\u00f3n de cuero MICTER son adecuados para sof\u00e1s, sillones, muebles, asientos de coche, bolsos, equipaje, cinturones, chaquetas y una amplia gama de proyectos de bricolaje. Nota: Nos esforzamos por mostrar los colores de los parches lo m\u00e1s exactamente posible, pero pueden ocurrir ligeras diferencias de color debido a la iluminaci\u00f3n y a la configuraci\u00f3n de la pantalla.<\/li>\n<\/ul>\n<h4 class=\"rich-text__heading rte inline-richtext h1\">Parche de cuero autoadhesivo: \u00a1la soluci\u00f3n ideal para reparar y revitalizar todos tus art\u00edculos de cuero!<\/h4>\n<p class=\"rich-text__heading rte inline-richtext h1\">Ya sea que est\u00e9s restaurando un asiento en casa, renovando un sof\u00e1 de cuero, reparando un asiento de coche o incluso retocando un art\u00edculo de cuero sint\u00e9tico, nuestro parche de reparaci\u00f3n universal es adecuado para todas las situaciones.<\/p>\n<h4>\ud83d\udccc Adhesi\u00f3n excepcional \ud83c\udf0a Resistente al agua \ud83d\udee1\ufe0f A prueba de ara\u00f1azos<br \/>\n\u2702\ufe0f F\u00e1cil de cortar \ud83d\udee0\ufe0f Pr\u00e1ctico para bricolaje \ud83d\udecb\ufe0f Aplicaci\u00f3n universal<\/h4>\n<div class=\"rich-text__text rte\">\n<p><img loading=\"lazy\" decoding=\"async\" class=\"alignnone wp-image-2890\" src=\"https:\/\/micterleather.com\/wp-content\/uploads\/2025\/07\/Self-adhesive_faux_leather_A_1-300x123.webp\" alt=\"\" width=\"1078\" height=\"442\" srcset=\"https:\/\/micterleather.com\/wp-content\/uploads\/2025\/07\/Self-adhesive_faux_leather_A_1-300x123.webp 300w, https:\/\/micterleather.com\/wp-content\/uploads\/2025\/07\/Self-adhesive_faux_leather_A_1-1024x420.webp 1024w, https:\/\/micterleather.com\/wp-content\/uploads\/2025\/07\/Self-adhesive_faux_leather_A_1-768x315.webp 768w, https:\/\/micterleather.com\/wp-content\/uploads\/2025\/07\/Self-adhesive_faux_leather_A_1-600x246.webp 600w, https:\/\/micterleather.com\/wp-content\/uploads\/2025\/07\/Self-adhesive_faux_leather_A_1.webp 1464w\" sizes=\"auto, (max-width: 1078px) 100vw, 1078px\" \/><\/p>\n<p>Los productos de cuero se utilizan ampliamente en nuestra vida diaria, pero con el tiempo las superficies de cuero suelen da\u00f1arse. Nuestra renovaci\u00f3n con parche de cuero autoadhesivo puede reparar cuero da\u00f1ado y renovar cuero gastado. Haz que tus muebles de cuero parezcan nuevos.<\/p>\n<p><img loading=\"lazy\" decoding=\"async\" class=\"alignnone wp-image-2891\" src=\"https:\/\/micterleather.com\/wp-content\/uploads\/2025\/07\/Self-adhesive_faux_leather_A_2-300x123.webp\" alt=\"\" width=\"1080\" height=\"443\" srcset=\"https:\/\/micterleather.com\/wp-content\/uploads\/2025\/07\/Self-adhesive_faux_leather_A_2-300x123.webp 300w, https:\/\/micterleather.com\/wp-content\/uploads\/2025\/07\/Self-adhesive_faux_leather_A_2-1024x420.webp 1024w, https:\/\/micterleather.com\/wp-content\/uploads\/2025\/07\/Self-adhesive_faux_leather_A_2-768x315.webp 768w, https:\/\/micterleather.com\/wp-content\/uploads\/2025\/07\/Self-adhesive_faux_leather_A_2-600x246.webp 600w, https:\/\/micterleather.com\/wp-content\/uploads\/2025\/07\/Self-adhesive_faux_leather_A_2.webp 1464w\" sizes=\"auto, (max-width: 1080px) 100vw, 1080px\" \/><\/p>\n<p>Nuestros productos de reparaci\u00f3n de cuero pueden reparar agujeros, ara\u00f1azos, desgarros, quemaduras y manchas en sof\u00e1s, asientos de coche u otros art\u00edculos de cuero. Esta reparaci\u00f3n de cuero adhesiva para sof\u00e1 puede resolver f\u00e1cilmente cualquier problema de cuero.<\/p>\n<p><img loading=\"lazy\" decoding=\"async\" class=\"alignnone wp-image-2894\" style=\"font-style: inherit; font-weight: inherit;\" src=\"https:\/\/micterleather.com\/wp-content\/uploads\/2025\/07\/Self-adhesive_faux_leather_A_5-300x123.webp\" alt=\"\" width=\"1080\" height=\"443\" srcset=\"https:\/\/micterleather.com\/wp-content\/uploads\/2025\/07\/Self-adhesive_faux_leather_A_5-300x123.webp 300w, https:\/\/micterleather.com\/wp-content\/uploads\/2025\/07\/Self-adhesive_faux_leather_A_5-1024x420.webp 1024w, https:\/\/micterleather.com\/wp-content\/uploads\/2025\/07\/Self-adhesive_faux_leather_A_5-768x315.webp 768w, https:\/\/micterleather.com\/wp-content\/uploads\/2025\/07\/Self-adhesive_faux_leather_A_5-600x246.webp 600w, https:\/\/micterleather.com\/wp-content\/uploads\/2025\/07\/Self-adhesive_faux_leather_A_5.webp 1464w\" sizes=\"auto, (max-width: 1080px) 100vw, 1080px\" \/><\/p>\n<p>Ofrecemos 19 colores en tres tama\u00f1os (40x300cm, 40x200cm, 20x300cm) para ayudarte a reparar a la perfecci\u00f3n tu mueble o asiento de coche favorito. Especialmente adecuado para piezas de gran tama\u00f1o, como sof\u00e1s, mesitas de noche, sillas, etc.<\/p>\n<p><img loading=\"lazy\" decoding=\"async\" class=\"alignnone wp-image-2892\" src=\"https:\/\/micterleather.com\/wp-content\/uploads\/2025\/07\/Self-adhesive_faux_leather_A_3-300x123.webp\" alt=\"\" width=\"1080\" height=\"443\" srcset=\"https:\/\/micterleather.com\/wp-content\/uploads\/2025\/07\/Self-adhesive_faux_leather_A_3-300x123.webp 300w, https:\/\/micterleather.com\/wp-content\/uploads\/2025\/07\/Self-adhesive_faux_leather_A_3-1024x420.webp 1024w, https:\/\/micterleather.com\/wp-content\/uploads\/2025\/07\/Self-adhesive_faux_leather_A_3-768x315.webp 768w, https:\/\/micterleather.com\/wp-content\/uploads\/2025\/07\/Self-adhesive_faux_leather_A_3-600x246.webp 600w, https:\/\/micterleather.com\/wp-content\/uploads\/2025\/07\/Self-adhesive_faux_leather_A_3.webp 1464w\" sizes=\"auto, (max-width: 1080px) 100vw, 1080px\" \/><\/p>\n<p>Este parche de cuero para reparaci\u00f3n de sof\u00e1 autoadhesivo est\u00e1 hecho de materiales de alta calidad y presenta un adhesivo altamente resistente. Con el paso del tiempo, la adhesi\u00f3n se vuelve m\u00e1s fuerte. La superficie de cuero es resistente a los ara\u00f1azos y al agua. Se adhiere bien a tus muebles.<\/p>\n<p><img loading=\"lazy\" decoding=\"async\" class=\"alignnone wp-image-2893\" style=\"font-style: inherit; font-weight: inherit;\" src=\"https:\/\/micterleather.com\/wp-content\/uploads\/2025\/07\/Self-adhesive_faux_leather_A_4-300x123.webp\" alt=\"\" width=\"1080\" height=\"443\" srcset=\"https:\/\/micterleather.com\/wp-content\/uploads\/2025\/07\/Self-adhesive_faux_leather_A_4-300x123.webp 300w, https:\/\/micterleather.com\/wp-content\/uploads\/2025\/07\/Self-adhesive_faux_leather_A_4-1024x420.webp 1024w, https:\/\/micterleather.com\/wp-content\/uploads\/2025\/07\/Self-adhesive_faux_leather_A_4-768x315.webp 768w, https:\/\/micterleather.com\/wp-content\/uploads\/2025\/07\/Self-adhesive_faux_leather_A_4-600x246.webp 600w, https:\/\/micterleather.com\/wp-content\/uploads\/2025\/07\/Self-adhesive_faux_leather_A_4.webp 1464w\" sizes=\"auto, (max-width: 1080px) 100vw, 1080px\" \/> <span style=\"font-size: 16px;\">\u00a0<\/span><\/p>\n<p>Esta cinta de reparaci\u00f3n de cuero es muy f\u00e1cil de aplicar. Solo cuatro pasos simples:<\/p>\n<p>1. limpia el \u00e1rea a reparar.<\/p>\n<p>2. recorta la forma deseada.<\/p>\n<p>3. despegue la cubierta de papel.<\/p>\n<p>4. aplica pegamento y presiona. Las muescas de cuero quedan perfectamente cubiertas.<\/p>\n<p><img loading=\"lazy\" decoding=\"async\" class=\"alignnone wp-image-2895\" style=\"font-style: inherit; font-weight: inherit;\" src=\"https:\/\/micterleather.com\/wp-content\/uploads\/2025\/07\/Self-adhesive_faux_leather_A_6-300x123.webp\" alt=\"\" width=\"1080\" height=\"443\" srcset=\"https:\/\/micterleather.com\/wp-content\/uploads\/2025\/07\/Self-adhesive_faux_leather_A_6-300x123.webp 300w, https:\/\/micterleather.com\/wp-content\/uploads\/2025\/07\/Self-adhesive_faux_leather_A_6-1024x420.webp 1024w, https:\/\/micterleather.com\/wp-content\/uploads\/2025\/07\/Self-adhesive_faux_leather_A_6-768x315.webp 768w, https:\/\/micterleather.com\/wp-content\/uploads\/2025\/07\/Self-adhesive_faux_leather_A_6-600x246.webp 600w, https:\/\/micterleather.com\/wp-content\/uploads\/2025\/07\/Self-adhesive_faux_leather_A_6.webp 1464w\" sizes=\"auto, (max-width: 1080px) 100vw, 1080px\" \/><\/p>\n<p>Los kits de reparaci\u00f3n de cuero MICTER son ampliamente aplicables para sof\u00e1s, sillones, muebles, asientos de coche, bolsos, maletas, cinturones, chaquetas y una variedad de proyectos de bricolaje.<\/p>\n<\/div>","protected":false},"excerpt":{"rendered":"<h5>Blog: <a href=\"https:\/\/micterleather.com\/es\/how-to-repair-leather-furniture-micter\/\">\u00bfC\u00f3mo reparar muebles de cuero? \u2013 Micter<\/a><\/h5>","protected":false},"featured_media":2261,"template":"","meta":{"_uag_custom_page_level_css":"","site-sidebar-layout":"default","site-content-layout":"","ast-site-content-layout":"default","site-content-style":"default","site-sidebar-style":"default","ast-global-header-display":"","ast-banner-title-visibility":"","ast-main-header-display":"","ast-hfb-above-header-display":"","ast-hfb-below-header-display":"","ast-hfb-mobile-header-display":"","site-post-title":"","ast-breadcrumbs-content":"","ast-featured-img":"","footer-sml-layout":"","ast-disable-related-posts":"","theme-transparent-header-meta":"default","adv-header-id-meta":"","stick-header-meta":"","header-above-stick-meta":"","header-main-stick-meta":"","header-below-stick-meta":"","astra-migrate-meta-layouts":"set","ast-page-background-enabled":"default","ast-page-background-meta":{"desktop":{"background-color":"","background-image":"","background-repeat":"repeat","background-position":"center center","background-size":"auto","background-attachment":"scroll","background-type":"","background-media":"","overlay-type":"","overlay-color":"","overlay-opacity":"","overlay-gradient":""},"tablet":{"background-color":"","background-image":"","background-repeat":"repeat","background-position":"center center","background-size":"auto","background-attachment":"scroll","background-type":"","background-media":"","overlay-type":"","overlay-color":"","overlay-opacity":"","overlay-gradient":""},"mobile":{"background-color":"","background-image":"","background-repeat":"repeat","background-position":"center center","background-size":"auto","background-attachment":"scroll","background-type":"","background-media":"","overlay-type":"","overlay-color":"","overlay-opacity":"","overlay-gradient":""}},"ast-content-background-meta":{"desktop":{"background-color":"var(--ast-global-color-5)","background-image":"","background-repeat":"repeat","background-position":"center center","background-size":"auto","background-attachment":"scroll","background-type":"","background-media":"","overlay-type":"","overlay-color":"","overlay-opacity":"","overlay-gradient":""},"tablet":{"background-color":"var(--ast-global-color-5)","background-image":"","background-repeat":"repeat","background-position":"center center","background-size":"auto","background-attachment":"scroll","background-type":"","background-media":"","overlay-type":"","overlay-color":"","overlay-opacity":"","overlay-gradient":""},"mobile":{"background-color":"var(--ast-global-color-5)","background-image":"","background-repeat":"repeat","background-position":"center center","background-size":"auto","background-attachment":"scroll","background-type":"","background-media":"","overlay-type":"","overlay-color":"","overlay-opacity":"","overlay-gradient":""}}},"product_brand":[],"product_cat":[248],"product_tag":[],"class_list":{"0":"post-2155","1":"product","2":"type-product","3":"status-publish","4":"has-post-thumbnail","6":"product_cat-leather-repair-patch","7":"desktop-align-left","8":"tablet-align-left","9":"mobile-align-left","11":"first","12":"instock","13":"sale","14":"shipping-taxable","15":"purchasable","16":"product-type-variable","17":"has-default-attributes"},"uagb_featured_image_src":{"full":["https:\/\/micterleather.com\/wp-content\/uploads\/2025\/06\/Brun-Rouge-1.webp",2000,2000,false],"thumbnail":["https:\/\/micterleather.com\/wp-content\/uploads\/2025\/06\/Brun-Rouge-1-150x150.webp",150,150,true],"medium":["https:\/\/micterleather.com\/wp-content\/uploads\/2025\/06\/Brun-Rouge-1-300x300.webp",300,300,true],"medium_large":["https:\/\/micterleather.com\/wp-content\/uploads\/2025\/06\/Brun-Rouge-1-768x768.webp",768,768,true],"large":["https:\/\/micterleather.com\/wp-content\/uploads\/2025\/06\/Brun-Rouge-1-1024x1024.webp",1024,1024,true],"1536x1536":["https:\/\/micterleather.com\/wp-content\/uploads\/2025\/06\/Brun-Rouge-1-1536x1536.webp",1536,1536,true],"2048x2048":["https:\/\/micterleather.com\/wp-content\/uploads\/2025\/06\/Brun-Rouge-1.webp",2000,2000,false],"trp-custom-language-flag":["https:\/\/micterleather.com\/wp-content\/uploads\/2025\/06\/Brun-Rouge-1.webp",12,12,false],"woocommerce_thumbnail":["https:\/\/micterleather.com\/wp-content\/uploads\/2025\/06\/Brun-Rouge-1-300x300.webp",300,300,true],"woocommerce_single":["https:\/\/micterleather.com\/wp-content\/uploads\/2025\/06\/Brun-Rouge-1-600x600.webp",600,600,true],"woocommerce_gallery_thumbnail":["https:\/\/micterleather.com\/wp-content\/uploads\/2025\/06\/Brun-Rouge-1-100x100.webp",100,100,true]},"uagb_author_info":{"display_name":"micter","author_link":"https:\/\/micterleather.com\/es\/author\/"},"uagb_comment_info":0,"uagb_excerpt":"Blog: How to Repair Leather Furniture? \u2013 Micter","_links":{"self":[{"href":"https:\/\/micterleather.com\/es\/wp-json\/wp\/v2\/product\/2155","targetHints":{"allow":["GET"]}}],"collection":[{"href":"https:\/\/micterleather.com\/es\/wp-json\/wp\/v2\/product"}],"about":[{"href":"https:\/\/micterleather.com\/es\/wp-json\/wp\/v2\/types\/product"}],"wp:featuredmedia":[{"embeddable":true,"href":"https:\/\/micterleather.com\/es\/wp-json\/wp\/v2\/media\/2261"}],"wp:attachment":[{"href":"https:\/\/micterleather.com\/es\/wp-json\/wp\/v2\/media?parent=2155"}],"wp:term":[{"taxonomy":"product_brand","embeddable":true,"href":"https:\/\/micterleather.com\/es\/wp-json\/wp\/v2\/product_brand?post=2155"},{"taxonomy":"product_cat","embeddable":true,"href":"https:\/\/micterleather.com\/es\/wp-json\/wp\/v2\/product_cat?post=2155"},{"taxonomy":"product_tag","embeddable":true,"href":"https:\/\/micterleather.com\/es\/wp-json\/wp\/v2\/product_tag?post=2155"}],"curies":[{"name":"wp","href":"https:\/\/api.w.org\/{rel}","templated":true}]}}