{"id":2900,"date":"2025-07-14T03:06:56","date_gmt":"2025-07-14T03:06:56","guid":{"rendered":"https:\/\/micterleather.com\/?page_id=2900"},"modified":"2025-08-22T06:59:09","modified_gmt":"2025-08-22T06:59:09","slug":"shipping-delivery","status":"publish","type":"page","link":"https:\/\/micterleather.com\/es\/shipping-delivery\/","title":{"rendered":"Env\u00edo y entrega"},"content":{"rendered":"<p><strong>\u00bfCu\u00e1ndo se enviar\u00e1 mi pedido?<\/strong><\/p>\n\n\n\n<p>La mayor\u00eda de los pedidos salen del almac\u00e9n entre 2 y 15 d\u00edas h\u00e1biles. Los pedidos realizados con env\u00edo Expedited o Express saldr\u00e1n de nuestro almac\u00e9n a\u00fan m\u00e1s r\u00e1pido. Le enviaremos un correo electr\u00f3nico con el seguimiento tan pronto como est\u00e9 disponible.<\/p>\n\n\n\n<p>Los art\u00edculos que est\u00e1n en pedido atrasado se enviar\u00e1n en la fecha indicada en la p\u00e1gina del art\u00edculo. Tambi\u00e9n le recordaremos durante el proceso de pago y en el correo de confirmaci\u00f3n de su pedido si ha elegido uno de estos art\u00edculos y cu\u00e1l es su fecha de env\u00edo prevista.<\/p>\n\n\n\n<p>Durante COVID-19 estamos viendo m\u00e1s retrasos por parte de las empresas de transporte de lo habitual, as\u00ed que le recomendamos que se reserve un margen de tiempo si necesita que un art\u00edculo o un regalo llegue en una fecha concreta.<\/p>\n\n\n\n<p><strong>Opciones y costos de env\u00edo<\/strong><\/p>\n\n\n\n<p>Nuestros precios de env\u00edo se basan en el valor de los art\u00edculos de su pedido y en el nivel de servicio que elija. Al calcular su tiempo total de env\u00edo, tenga en cuenta que el d\u00eda en que se env\u00eda el paquete desde nuestro almac\u00e9n no se considera el primer d\u00eda h\u00e1bil; comience a contar los d\u00edas h\u00e1biles desde el primer d\u00eda completo en que el paquete est\u00e9 \u201cen tr\u00e1nsito\u201d hacia usted.<\/p>\n\n\n\n<p>Nota: los d\u00edas h\u00e1biles son de lunes a viernes, excluyendo fines de semana y feriados federales.<\/p>\n\n\n\n<p>\u00bfNo est\u00e1 seguro de qu\u00e9 opci\u00f3n de env\u00edo elegir? Sabemos que puede ser confuso, as\u00ed que le proporcionaremos toda la informaci\u00f3n que necesita en la ventana de pago, incluido el costo de env\u00edo y las fechas de entrega.<\/p>\n\n\n\n<p>*Los m\u00e9todos de env\u00edo y los plazos pueden cambiar. Por favor, consulte las opciones de m\u00e9todo de env\u00edo en la ventana de pago.<\/p>","protected":false},"excerpt":{"rendered":"<p>When Will My Order Ship? Most orders leave the warehouse within 2 &#8211; 15 business days. Orders placed with Expedited or Express shipping will leave our warehouse even faster. We&#8217;ll email you tracking as soon as it&#8217;s available. Items that are on backorder will ship by the date indicated on the item page. We&#8217;ll also [&hellip;]<\/p>","protected":false},"author":2,"featured_media":0,"parent":0,"menu_order":0,"comment_status":"closed","ping_status":"closed","template":"","meta":{"_uag_custom_page_level_css":"","site-sidebar-layout":"default","site-content-layout":"","ast-site-content-layout":"default","site-content-style":"default","site-sidebar-style":"default","ast-global-header-display":"","ast-banner-title-visibility":"","ast-main-header-display":"","ast-hfb-above-header-display":"","ast-hfb-below-header-display":"","ast-hfb-mobile-header-display":"","site-post-title":"","ast-breadcrumbs-content":"","ast-featured-img":"","footer-sml-layout":"","ast-disable-related-posts":"","theme-transparent-header-meta":"","adv-header-id-meta":"","stick-header-meta":"","header-above-stick-meta":"","header-main-stick-meta":"","header-below-stick-meta":"","astra-migrate-meta-layouts":"set","ast-page-background-enabled":"default","ast-page-background-meta":{"desktop":{"background-color":"","background-image":"","background-repeat":"repeat","background-position":"center center","background-size":"auto","background-attachment":"scroll","background-type":"","background-media":"","overlay-type":"","overlay-color":"","overlay-opacity":"","overlay-gradient":""},"tablet":{"background-color":"","background-image":"","background-repeat":"repeat","background-position":"center center","background-size":"auto","background-attachment":"scroll","background-type":"","background-media":"","overlay-type":"","overlay-color":"","overlay-opacity":"","overlay-gradient":""},"mobile":{"background-color":"","background-image":"","background-repeat":"repeat","background-position":"center center","background-size":"auto","background-attachment":"scroll","background-type":"","background-media":"","overlay-type":"","overlay-color":"","overlay-opacity":"","overlay-gradient":""}},"ast-content-background-meta":{"desktop":{"background-color":"var(--ast-global-color-5)","background-image":"","background-repeat":"repeat","background-position":"center center","background-size":"auto","background-attachment":"scroll","background-type":"","background-media":"","overlay-type":"","overlay-color":"","overlay-opacity":"","overlay-gradient":""},"tablet":{"background-color":"var(--ast-global-color-5)","background-image":"","background-repeat":"repeat","background-position":"center center","background-size":"auto","background-attachment":"scroll","background-type":"","background-media":"","overlay-type":"","overlay-color":"","overlay-opacity":"","overlay-gradient":""},"mobile":{"background-color":"var(--ast-global-color-5)","background-image":"","background-repeat":"repeat","background-position":"center center","background-size":"auto","background-attachment":"scroll","background-type":"","background-media":"","overlay-type":"","overlay-color":"","overlay-opacity":"","overlay-gradient":""}},"footnotes":""},"class_list":["post-2900","page","type-page","status-publish","hentry"],"uagb_featured_image_src":{"full":false,"thumbnail":false,"medium":false,"medium_large":false,"large":false,"1536x1536":false,"2048x2048":false,"trp-custom-language-flag":false,"woocommerce_thumbnail":false,"woocommerce_single":false,"woocommerce_gallery_thumbnail":false},"uagb_author_info":{"display_name":"micter","author_link":"https:\/\/micterleather.com\/es\/author\/micter\/"},"uagb_comment_info":0,"uagb_excerpt":"When Will My Order Ship? Most orders leave the warehouse within 2 &#8211; 15 business days. Orders placed with Expedited or Express shipping will leave our warehouse even faster. We&#8217;ll email you tracking as soon as it&#8217;s available. Items that are on backorder will ship by the date indicated on the item page. We&#8217;ll also&hellip;","_links":{"self":[{"href":"https:\/\/micterleather.com\/es\/wp-json\/wp\/v2\/pages\/2900","targetHints":{"allow":["GET"]}}],"collection":[{"href":"https:\/\/micterleather.com\/es\/wp-json\/wp\/v2\/pages"}],"about":[{"href":"https:\/\/micterleather.com\/es\/wp-json\/wp\/v2\/types\/page"}],"author":[{"embeddable":true,"href":"https:\/\/micterleather.com\/es\/wp-json\/wp\/v2\/users\/2"}],"replies":[{"embeddable":true,"href":"https:\/\/micterleather.com\/es\/wp-json\/wp\/v2\/comments?post=2900"}],"version-history":[{"count":3,"href":"https:\/\/micterleather.com\/es\/wp-json\/wp\/v2\/pages\/2900\/revisions"}],"predecessor-version":[{"id":3932,"href":"https:\/\/micterleather.com\/es\/wp-json\/wp\/v2\/pages\/2900\/revisions\/3932"}],"wp:attachment":[{"href":"https:\/\/micterleather.com\/es\/wp-json\/wp\/v2\/media?parent=2900"}],"curies":[{"name":"wp","href":"https:\/\/api.w.org\/{rel}","templated":true}]}}