{"id":2117,"date":"2025-06-11T08:36:11","date_gmt":"2025-06-11T08:36:11","guid":{"rendered":"https:\/\/micterleather.com\/?page_id=2117"},"modified":"2025-07-26T08:52:17","modified_gmt":"2025-07-26T08:52:17","slug":"exchanges-and-returns","status":"publish","type":"page","link":"https:\/\/micterleather.com\/es\/exchanges-and-returns\/","title":{"rendered":"Cambios y devoluciones"},"content":{"rendered":"<div class=\"wp-block-uagb-advanced-heading uagb-block-d93b5e8c\"><h1 class=\"uagb-heading-text\"><strong>Cambios y devoluciones<\/strong><\/h1><\/div>\n\n\n\n<p><\/p>\n\n\n\n<h3 class=\"wp-block-heading\"><strong>Condiciones de Intercambio y Devoluciones<\/strong><\/h3>\n\n\n\n<p>Tiene 30 d\u00edas desde la recepci\u00f3n de su pedido para solicitar una devoluci\u00f3n o cambio.<\/p>\n\n\n\n<p>Para calificar :<\/p>\n\n\n\n<ul class=\"wp-block-list\">\n<li>Los art\u00edculos deben estar en su estado original, sin usar, sin worn.<\/li>\n\n\n\n<li>Las etiquetas originales deben estar intactas.<\/li>\n\n\n\n<li>El producto debe ser devuelto en su embalaje original.<\/li>\n\n\n\n<li>Se requiere comprobante de compra (n\u00famero de pedido o recibo).<\/li>\n<\/ul>\n\n\n\n<blockquote class=\"wp-block-quote is-layout-flow wp-block-quote-is-layout-flow\">\n<p>\u26a0\ufe0f Los costos de env\u00edo de la devoluci\u00f3n corren por cuenta del cliente, excepto en caso de error de nuestra parte (art\u00edculo defectuoso o incorrecto). Estos costos se deducir\u00e1n del importe reembolsado.<\/p>\n<\/blockquote>\n\n\n\n<p>Antes de enviar, p\u00f3ngase en contacto con nosotros en :<br>\ud83d\udce7<strong>support@micterleather.com<\/strong><\/p>\n\n\n\n<p>Antes de enviar, p\u00f3ngase en contacto con nosotros en:Si se acepta su solicitud de devoluci\u00f3n, le proporcionaremos :<\/p>\n\n\n\n<ul class=\"wp-block-list\">\n<li>Una etiqueta de devoluci\u00f3n (si corresponde)\uff1b<\/li>\n\n\n\n<li>Instrucciones detalladas de devoluci\u00f3n.<\/li>\n<\/ul>\n\n\n\n<blockquote class=\"wp-block-quote is-layout-flow wp-block-quote-is-layout-flow\">\n<p>\u274c Cualquier paquete devuelto sin notificaci\u00f3n o acuerdo previos no ser\u00e1 aceptado y ser\u00e1 devuelto al remitente.<\/p>\n<\/blockquote>\n\n\n\n<p><strong>Por favor, verifique detenidamente su pedido al recibir.<\/strong><\/p>\n\n\n\n<p>En caso de :<\/p>\n\n\n\n<ul class=\"wp-block-list\">\n<li>art\u00edculo da\u00f1ado,<\/li>\n\n\n\n<li>defecto de fabricaci\u00f3n,<\/li>\n\n\n\n<li>producto incorrecto entregado,<\/li>\n<\/ul>\n\n\n\n<p>por favor cont\u00e1ctenos de inmediato con :<\/p>\n\n\n\n<ul class=\"wp-block-list\">\n<li>una descripci\u00f3n detallada del problema,<\/li>\n\n\n\n<li>fotos claras del art\u00edculo en cuesti\u00f3n,<\/li>\n\n\n\n<li>tu n\u00famero de pedido.<\/li>\n<\/ul>\n\n\n\n<p>Evaluaremos la situaci\u00f3n r\u00e1pidamente y sugeriremos una soluci\u00f3n adecuada.<\/p>\n\n\n\n<p>Para preguntas sobre su pedido, devoluciones o reembolsos:<br>\ud83d\udce9 support@micterleather.com<\/p>","protected":false},"excerpt":{"rendered":"<p>Exchanges and Returns Conditions of Exchange and Returns You have 30 days from receipt of your order to request a return or exchange. To qualify : \u26a0\ufe0f Return shipping costs are at the customer\u2019s expense, except in the event of an error on our part (defective or incorrect item). These costs will be deducted from [\u2026]<\/p>","protected":false},"author":2,"featured_media":0,"parent":0,"menu_order":0,"comment_status":"closed","ping_status":"closed","template":"","meta":{"_uag_custom_page_level_css":"","site-sidebar-layout":"default","site-content-layout":"","ast-site-content-layout":"default","site-content-style":"default","site-sidebar-style":"default","ast-global-header-display":"","ast-banner-title-visibility":"","ast-main-header-display":"","ast-hfb-above-header-display":"","ast-hfb-below-header-display":"","ast-hfb-mobile-header-display":"","site-post-title":"disabled","ast-breadcrumbs-content":"","ast-featured-img":"","footer-sml-layout":"","ast-disable-related-posts":"","theme-transparent-header-meta":"","adv-header-id-meta":"","stick-header-meta":"","header-above-stick-meta":"","header-main-stick-meta":"","header-below-stick-meta":"","astra-migrate-meta-layouts":"set","ast-page-background-enabled":"default","ast-page-background-meta":{"desktop":{"background-color":"","background-image":"","background-repeat":"repeat","background-position":"center center","background-size":"auto","background-attachment":"scroll","background-type":"","background-media":"","overlay-type":"","overlay-color":"","overlay-opacity":"","overlay-gradient":""},"tablet":{"background-color":"","background-image":"","background-repeat":"repeat","background-position":"center center","background-size":"auto","background-attachment":"scroll","background-type":"","background-media":"","overlay-type":"","overlay-color":"","overlay-opacity":"","overlay-gradient":""},"mobile":{"background-color":"","background-image":"","background-repeat":"repeat","background-position":"center center","background-size":"auto","background-attachment":"scroll","background-type":"","background-media":"","overlay-type":"","overlay-color":"","overlay-opacity":"","overlay-gradient":""}},"ast-content-background-meta":{"desktop":{"background-color":"var(--ast-global-color-5)","background-image":"","background-repeat":"repeat","background-position":"center center","background-size":"auto","background-attachment":"scroll","background-type":"","background-media":"","overlay-type":"","overlay-color":"","overlay-opacity":"","overlay-gradient":""},"tablet":{"background-color":"var(--ast-global-color-5)","background-image":"","background-repeat":"repeat","background-position":"center center","background-size":"auto","background-attachment":"scroll","background-type":"","background-media":"","overlay-type":"","overlay-color":"","overlay-opacity":"","overlay-gradient":""},"mobile":{"background-color":"var(--ast-global-color-5)","background-image":"","background-repeat":"repeat","background-position":"center center","background-size":"auto","background-attachment":"scroll","background-type":"","background-media":"","overlay-type":"","overlay-color":"","overlay-opacity":"","overlay-gradient":""}},"footnotes":""},"class_list":["post-2117","page","type-page","status-publish","hentry"],"uagb_featured_image_src":{"full":false,"thumbnail":false,"medium":false,"medium_large":false,"large":false,"1536x1536":false,"2048x2048":false,"trp-custom-language-flag":false,"woocommerce_thumbnail":false,"woocommerce_single":false,"woocommerce_gallery_thumbnail":false},"uagb_author_info":{"display_name":"micter","author_link":"https:\/\/micterleather.com\/es\/author\/micter\/"},"uagb_comment_info":0,"uagb_excerpt":"Exchanges and Returns Conditions of Exchange and Returns You have 30 days from receipt of your order to request a return or exchange. To qualify : \u26a0\ufe0f Return shipping costs are at the customer&#8217;s expense, except in the event of an error on our part (defective or incorrect item). These costs will be deducted from&hellip;","_links":{"self":[{"href":"https:\/\/micterleather.com\/es\/wp-json\/wp\/v2\/pages\/2117","targetHints":{"allow":["GET"]}}],"collection":[{"href":"https:\/\/micterleather.com\/es\/wp-json\/wp\/v2\/pages"}],"about":[{"href":"https:\/\/micterleather.com\/es\/wp-json\/wp\/v2\/types\/page"}],"author":[{"embeddable":true,"href":"https:\/\/micterleather.com\/es\/wp-json\/wp\/v2\/users\/2"}],"replies":[{"embeddable":true,"href":"https:\/\/micterleather.com\/es\/wp-json\/wp\/v2\/comments?post=2117"}],"version-history":[{"count":11,"href":"https:\/\/micterleather.com\/es\/wp-json\/wp\/v2\/pages\/2117\/revisions"}],"predecessor-version":[{"id":3490,"href":"https:\/\/micterleather.com\/es\/wp-json\/wp\/v2\/pages\/2117\/revisions\/3490"}],"wp:attachment":[{"href":"https:\/\/micterleather.com\/es\/wp-json\/wp\/v2\/media?parent=2117"}],"curies":[{"name":"wp","href":"https:\/\/api.w.org\/{rel}","templated":true}]}}