{"id":2113,"date":"2025-06-11T08:31:46","date_gmt":"2025-06-11T08:31:46","guid":{"rendered":"https:\/\/micterleather.com\/?page_id=2113"},"modified":"2025-07-26T08:39:22","modified_gmt":"2025-07-26T08:39:22","slug":"terms-of-service","status":"publish","type":"page","link":"https:\/\/micterleather.com\/es\/terms-of-service\/","title":{"rendered":"T\u00e9rminos del servicio"},"content":{"rendered":"<h1 class=\"wp-block-heading has-text-align-center\"><strong>T\u00e9rminos del servicio<\/strong><\/h1>\n\n\n\n<p><strong>VISI\u00d3N GENERAL<\/strong><\/p>\n\n\n\n<p>Este sitio web es operado por <strong>Micterleather LLC<\/strong>. A lo largo del sitio, los t\u00e9rminos \u201cnosotros\u201d, \u201cnos\u201d y \u201cnuestro\u201d se refieren a <strong>Micterleather LLC<\/strong>. <strong>Micterleather LLC<\/strong> ofrece este sitio web, incluyendo toda la informaci\u00f3n, herramientas y servicios disponibles desde este sitio para usted, el usuario, condicionado a su aceptaci\u00f3n de todos los t\u00e9rminos, condiciones, pol\u00edticas y avisos aqu\u00ed indicados.<\/p>\n\n\n\n<p>Al visitar nuestro sitio y\/o comprar algo de nosotros, participa en nuestro \u201cServicio\u201d y acepta quedar sujeto a los siguientes t\u00e9rminos y condiciones (\u201cT\u00e9rminos de Servicio\u201d, \u201cT\u00e9rminos\u201d), incluidos esos t\u00e9rminos y condiciones y pol\u00edticas adicionales a los que se hace referencia en este documento y\/o disponibles mediante hiperv\u00ednculo. Estos T\u00e9rminos de Servicio se aplican a todos los usuarios del sitio, incluyendo, sin limitaci\u00f3n, a los navegantes, proveedores, clientes, comerciantes y\/o colaboradores de contenido.<\/p>\n\n\n\n<p>Por favor, lea atentamente estos T\u00e9rminos de Servicio antes de acceder o usar nuestro sitio web. Al acceder o usar cualquier parte del sitio, usted acepta quedar sujeto a estos T\u00e9rminos de Servicio. Si no est\u00e1 de acuerdo con todos los t\u00e9rminos y condiciones de este acuerdo, no puede acceder al sitio web ni utilizar ning\u00fan servicio. Si estos T\u00e9rminos de Servicio se consideran una oferta, la aceptaci\u00f3n se limita expresamente a estos T\u00e9rminos de Servicio.<\/p>\n\n\n\n<p>C cualquier nueva funci\u00f3n o herramienta que se agregue a la tienda actual tambi\u00e9n estar\u00e1 sujeta a los T\u00e9rminos de Servicio. Puede revisar la versi\u00f3n m\u00e1s actual de los T\u00e9rminos de Servicio en cualquier momento en esta p\u00e1gina. Nos reservamos el derecho de actualizar, cambiar o reemplazar cualquier parte de estos T\u00e9rminos de Servicio publicando actualizaciones y\/o cambios en nuestro sitio web. Es su responsabilidad revisar esta p\u00e1gina peri\u00f3dicamente en busca de cambios. Su uso continuado de o el acceso al sitio web despu\u00e9s de la publicaci\u00f3n de cambios constituye la aceptaci\u00f3n de esos cambios.<\/p>\n\n\n\n<p>Nuestra tienda est\u00e1 alojada en <strong>Hostinger Inc.<\/strong> Ellos nos proporcionan la plataforma de comercio electr\u00f3nico en l\u00ednea que nos permite vender nuestros productos y servicios a usted.<\/p>\n\n\n\n<p><strong>SECCI\u00d3N 1 \u2013 T\u00c9RMINOS DE LA TIENDA EN L\u00cdNEA<\/strong><\/p>\n\n\n\n<p>Al aceptar estos T\u00e9rminos de Servicio, usted declara que tiene al menos la mayor\u00eda de edad en su estado o provincia de residencia, o que tiene la mayor\u00eda de edad en su estado o provincia de residencia y usted nos ha dado su consentimiento para permitir que cualquiera de sus dependientes menores use este sitio.<\/p>\n\n\n\n<p>No puede usar nuestros productos para ning\u00fan prop\u00f3sito ilegal o no autorizado ni puede, en el uso del Servicio, violar cualquier ley en su jurisdicci\u00f3n (incluidas, entre otras, las leyes de derechos de autor).<\/p>\n\n\n\n<p>No debe transmitir ning\u00fan gusano o virus ni ning\u00fan c\u00f3digo de naturaleza destructiva.<\/p>\n\n\n\n<p>Una infracci\u00f3n o violaci\u00f3n de cualquiera de los T\u00e9rminos resultar\u00e1 en una terminaci\u00f3n inmediata de sus Servicios.<\/p>\n\n\n\n<p><strong>SECCI\u00d3N 2 \u2013 CONDICIONES GENERALES<\/strong><\/p>\n\n\n\n<p>Nos reservamos el derecho de negarle el servicio a cualquiera por cualquier motivo en cualquier momento.<\/p>\n\n\n\n<p>Entiende que su contenido (que no incluye informaci\u00f3n de la tarjeta de cr\u00e9dito) puede ser transferido sin cifrar e implicar (a) transmisiones a trav\u00e9s de varias redes; y (b) cambios para ajustarse y adaptarse a los requisitos t\u00e9cnicos de las redes o dispositivos conectados. La informaci\u00f3n de la tarjeta de cr\u00e9dito siempre est\u00e1 cifrada durante la transferencia a trav\u00e9s de redes.<\/p>\n\n\n\n<p>Acepta no reproducir, duplicar, copiar, vender, revender o explotar cualquier porci\u00f3n del Servicio, uso del Servicio, o acceso al Servicio o a cualquier contacto en el sitio web por el que se proporciona el servicio, sin permiso escrito expreso por nuestra parte.<\/p>\n\n\n\n<p>Los encabezados utilizados en este acuerdo se incluyen solo para conveniencia y no limitar\u00e1n ni afectar\u00e1n de otro modo estos T\u00e9rminos.<\/p>\n\n\n\n<p><strong>SECCI\u00d3N 3 \u2013 EXACTITUD, COMpletitud Y OPORTUNIDAD DE LA INFORMACI\u00d3N<\/strong><\/p>\n\n\n\n<p>No somos responsables si la informaci\u00f3n disponible en este sitio no es precisa, completa o actual. El material en este sitio se proporciona solo para fines de informaci\u00f3n general y no debe confi\u00e1rsele ni utilizarse como la base exclusiva para tomar decisiones sin consultar fuentes de informaci\u00f3n primarias, m\u00e1s precisas, m\u00e1s completas o m\u00e1s oportunas. Cualquier confianza en el material de este sitio es bajo su propio riesgo.<\/p>\n\n\n\n<p>Este sitio puede contener cierta informaci\u00f3n hist\u00f3rica. La informaci\u00f3n hist\u00f3rica, necesariamente, no est\u00e1 actualizada y se proporciona solo para su referencia. Nos reservamos el derecho de modificar el contenido de este sitio en cualquier momento, pero no tenemos obligaci\u00f3n de actualizar ninguna informaci\u00f3n en nuestro sitio. Usted acepta que es su responsabilidad vigilar los cambios en nuestro sitio.<\/p>\n\n\n\n<p><strong>SECCI\u00d3N 4 \u2013 MODIFICACIONES DEL SERVICIO Y PRECIOS<\/strong><\/p>\n\n\n\n<p>Los precios de nuestros productos pueden cambiar sin previo aviso.<\/p>\n\n\n\n<p>Nos reservamos el derecho en cualquier momento de modificar o suspender el Servicio (o cualquier parte o contenido del mismo) sin previo aviso en cualquier momento.<\/p>\n\n\n\n<p>No seremos responsables ante usted ni ante terceros por cualquier modificaci\u00f3n, cambio de precio, suspensi\u00f3n o supresi\u00f3n del Servicio.<\/p>\n\n\n\n<p><strong>SECCI\u00d3N 5 \u2013 PRODUCTOS O SERVICIOS (si aplica)<\/strong><\/p>\n\n\n\n<p>Ciertos productos o servicios pueden estar disponibles exclusivamente en l\u00ednea a trav\u00e9s del sitio web. Estos productos o servicios pueden tener cantidades limitadas y est\u00e1n sujetos a devoluci\u00f3n o cambio solo de acuerdo con nuestra Pol\u00edtica de Reembolso y Devoluciones.<\/p>\n\n\n\n<p>Hemos hecho todo lo posible para mostrar con la mayor precisi\u00f3n posible los colores e im\u00e1genes de nuestros productos que aparecen en la tienda. No podemos garantizar que la visualizaci\u00f3n de cualquier color por parte de su monitor sea precisa.<\/p>\n\n\n\n<p>Nos reservamos el derecho, pero no estamos obligados, a limitar las ventas de nuestros productos o Servicios a cualquier persona, regi\u00f3n geogr\u00e1fica o jurisdicci\u00f3n. Podemos ejercer este derecho caso por caso. Nos reservamos el derecho a limitar las cantidades de cualquier producto o servicio que ofrecemos. Todas las descripciones de productos o precios de productos est\u00e1n sujetas a cambios en cualquier momento sin previo aviso, a la sola discreci\u00f3n de nosotros. Nos reservamos el derecho de descontinuar cualquier producto en cualquier momento. Cualquier oferta de cualquier producto o servicio realizada en este sitio es nula donde est\u00e9 prohibido.<\/p>\n\n\n\n<p>No garantizamos que la calidad de ning\u00fan producto, servicio, informaci\u00f3n u otro material adquirido o obtenido por usted cumpla con sus expectativas, o que se corrijan los errores en el Servicio.<\/p>\n\n\n\n<p><strong>SECCI\u00d3N 6 \u2013 EXACTITUD DE LA FACTURACI\u00d3N Y LA INFORMACI\u00d3N DE LA CUENTA<\/strong><\/p>\n\n\n\n<p>Nos reservamos el derecho de rechazar cualquier pedido que realice con nosotros. Podemos, a nuestra entera discreci\u00f3n, limitar o cancelar cantidades adquiridas por persona, por hogar o por pedido. Estas restricciones pueden incluir pedidos realizados por o bajo la misma cuenta de cliente, la misma tarjeta de cr\u00e9dito y\/o pedidos que utilicen la misma direcci\u00f3n de facturaci\u00f3n y\/o env\u00edo. En caso de que realicemos un cambio o cancelemos un pedido, podemos intentar notificarle contactando el correo electr\u00f3nico y\/o la direcci\u00f3n de facturaci\u00f3n\/tel\u00e9fono proporcionados en el momento en que se realiz\u00f3 el pedido. Nos reservamos el derecho de limitar o prohibir pedidos que, a nuestra exclusiva juicio, parezcan realizarse por comerciantes, revendedores o distribuidores.<\/p>\n\n\n\n<p>Usted acepta proporcionar informaci\u00f3n de compra y de cuenta actual, completa y precisa para todas las compras realizadas en nuestra tienda. Usted acuerda actualizar de inmediato su cuenta y otra informaci\u00f3n, incluida su direcci\u00f3n de correo electr\u00f3nico y n\u00fameros de tarjeta de cr\u00e9dito y fechas de vencimiento, para que podamos completar sus transacciones y contactarlo seg\u00fan sea necesario.<\/p>\n\n\n\n<p>Para m\u00e1s detalle, por favor revise nuestra Pol\u00edtica de Reembolso y Devoluciones.<\/p>\n\n\n\n<p><strong>SECCI\u00d3N 7 \u2013 HERRAMIENTAS OPCIONALES<\/strong><\/p>\n\n\n\n<p>Podemos proporcionarle acceso a herramientas de terceros sobre las que no monitoreamos ni tenemos control ni aporte alguno.<\/p>\n\n\n\n<p>Usted reconoce y acepta que proporcionamos acceso a dichas herramientas \u201ctal como est\u00e1n\u201d y \u201cseg\u00fan disponibilidad\u201d sin garant\u00edas, representaciones o condiciones de ning\u00fan tipo y sin ning\u00fan respaldo. No tendremos ninguna responsabilidad que surja de o est\u00e9 relacionada con su uso de herramientas opcionales de terceros.<\/p>\n\n\n\n<p>Cualquier uso por su parte de herramientas opcionales ofrecidas a trav\u00e9s del sitio es enteramente bajo su propio riesgo y discreci\u00f3n y debe asegurarse de estar familiarizado con y aprobar los t\u00e9rminos bajo los cuales las herramientas son proporcionadas por el\/ los proveedores de terceros relevantes.<\/p>\n\n\n\n<p>Adem\u00e1s, en el futuro podr\u00edamos ofrecer nuevos servicios y\/o funciones a trav\u00e9s del sitio web (incluido el lanzamiento de nuevas herramientas y recursos). Dichas nuevas caracter\u00edsticas y\/o servicios tambi\u00e9n estar\u00e1n sujetos a estos T\u00e9rminos de Servicio.<\/p>\n\n\n\n<p><strong>SECCI\u00d3N 8 \u2013 ENLACES DE TERCEROS<\/strong><\/p>\n\n\n\n<p>Ciertos contenidos, productos y servicios disponibles a trav\u00e9s de nuestro Servicio pueden incluir materiales de terceros.<\/p>\n\n\n\n<p>Los enlaces de terceros en este sitio pueden dirigirle a sitios web de terceros que no est\u00e1n afiliados con nosotros. No somos responsables de inspeccionar o evaluar el contenido o la exactitud y no garantizamos ni asumimos ninguna responsabilidad por materiales o sitios web de terceros, ni por cualquier otro material, producto o servicio de terceros.<\/p>\n\n\n\n<p>No somos responsables de ning\u00fan da\u00f1o o perjuicio relacionado con la compra o uso de bienes, servicios, recursos, contenidos o cualquier otra transacci\u00f3n realizada en relaci\u00f3n con sitios web de terceros. Revise cuidadosamente las pol\u00edticas y pr\u00e1cticas del tercero y aseg\u00farese de entenderlas antes de realizar cualquier transacci\u00f3n. Las reclamaciones, quejas, preocupaciones o preguntas relacionadas con productos de terceros deben dirigirse al tercero.<\/p>\n\n\n\n<p><strong>SECCI\u00d3N 9 \u2013 COMENTARIOS DE LOS USUARIOS, RETROALIMENTACI\u00d3N Y OTRAS PRESENTACIONES<\/strong><\/p>\n\n\n\n<p>Si, a nuestra solicitud, env\u00eda ciertas presentaciones espec\u00edficas (por ejemplo, participaciones de concursos) o sin una solicitud nuestra env\u00eda ideas creativas, sugerencias, propuestas, planes u otros materiales, ya sea en l\u00ednea, por correo electr\u00f3nico, por correo postal o de otra manera (colectivamente, \u2018comentarios\u2019), usted acepta que podemos, en cualquier momento, sin restricci\u00f3n, editar, copiar, publicar, distribuir, traducir y usar de cualquier medio los comentarios que nos env\u00ede. Nosotros somos y estaremos bajo ninguna obligaci\u00f3n (1) de mantener confidencialidad de los comentarios; (2) de pagar compensaci\u00f3n por los comentarios; o (3) de responder a cualquier comentario.<\/p>\n\n\n\n<p>Podemos, pero no estamos obligados a, monitorizar, editar o eliminar contenido que determinemos, a nuestra sola discreci\u00f3n, que es il\u00edcito, ofensivo, amenazante, difamatorio, pornogr\u00e1fico, obsceno o de otro modo objetable o infrinja la propiedad intelectual de cualquier parte o estos T\u00e9rminos de Servicio.<\/p>\n\n\n\n<p>Usted acepta que sus comentarios no violar\u00e1n ning\u00fan derecho de terceros, incluyendo derechos de autor, marca, privacidad, personalidad u otros derechos personales o de propiedad. Asimismo, acuerda que sus comentarios no contendr\u00e1n material difamatorio u otros materiales il\u00edcitos, abusivos u obscenos, ni contendr\u00e1n cualquier virus inform\u00e1tico u otro malware que pueda afectar de alguna manera el funcionamiento del Servicio o de cualquier sitio web relacionado. No puede usar una direcci\u00f3n de correo falsa, hacerse pasar por alguien que no es usted, ni enga\u00f1arnos a nosotros o a terceros sobre el origen de cualquier comentario. Usted es el \u00fanico responsable de los comentarios que haga y de su exactitud. No asumimos responsabilidad ni responsabilidad por comentarios publicados por usted o por terceros.<\/p>\n\n\n\n<p><strong>SECCI\u00d3N 10 \u2013 INFORMACI\u00d3N PERSONAL<\/strong><\/p>\n\n\n\n<p>La entrega de informaci\u00f3n personal a trav\u00e9s de la tienda est\u00e1 regida por nuestra Pol\u00edtica de Privacidad. Para ver nuestra Pol\u00edtica de Privacidad, consulte la secci\u00f3n correspondiente de nuestro sitio web.<\/p>\n\n\n\n<p><strong>SECCI\u00d3N 11 \u2013 ERRORES, INEXACTITUDES Y OMISIONES<\/strong><\/p>\n\n\n\n<p>Ocasionalmente puede haber informaci\u00f3n en nuestro sitio o en el Servicio que contenga errores tipogr\u00e1ficos, inexactitudes u omisiones que pueden relacionarse con descripciones de productos, precios, promociones, ofertas, cargos por env\u00edo de productos, tiempos de tr\u00e1nsito y disponibilidad. Nos reservamos el derecho de corregir cualquier error, inexactitud u omisi\u00f3n, y de cambiar o actualizar la informaci\u00f3n o cancelar pedidos si alguna informaci\u00f3n en el Servicio o en cualquier sitio web relacionado es inexacta en cualquier momento sin previo aviso (incluido despu\u00e9s de que haya enviado su pedido).<\/p>\n\n\n\n<p>No asumimos la obligaci\u00f3n de actualizar, enmendar o aclarar la informaci\u00f3n en el Servicio o en cualquier sitio web relacionado, incluyendo, sin limitaci\u00f3n, informaci\u00f3n de precios, excepto cuando la ley lo exija.<\/p>\n\n\n\n<p>Ninguna fecha de actualizaci\u00f3n o de refresco especificada en el Servicio o en cualquier sitio web relacionado debe entenderse como indicaci\u00f3n de que toda la informaci\u00f3n del Servicio o de cualquier sitio web relacionado ha sido modificada o actualizada.<\/p>\n\n\n\n<p><strong>SECCI\u00d3N 12 \u2013 Usos PROHIBIDOS<\/strong><\/p>\n\n\n\n<p>Adem\u00e1s de otras prohibiciones establecidas en los T\u00e9rminos de Servicio, se le proh\u00edbe utilizar el sitio o su contenido: (a) para cualquier prop\u00f3sito il\u00edcito; (b) para solicitar a otros que realicen o participen en actos il\u00edcitos; (c) para violar cualquier regulaci\u00f3n, norma, ley internacional, federal, provincial o estatal, o ordenanzas locales; (d) para infringir o violar nuestros derechos de propiedad intelectual o los derechos de propiedad intelectual de otros; (e) para acosar, abusar, insultar, da\u00f1ar, difamar, calumniar, menospreciar, intimidar o discriminar por motivo de g\u00e9nero, orientaci\u00f3n sexual, religi\u00f3n, etnia, raza, edad, origen nacional o discapacidad; (f) para enviar informaci\u00f3n falsa o enga\u00f1osa; (g) para subir o transmitir virus u otro tipo de c\u00f3digo malicioso; (h) para recoger o rastrear informaci\u00f3n personal de otros; (i) para enviar spam, phishing, pharm, pretexto, spider, crawl o scraping; (j) para cualquier prop\u00f3sito obsceno o inmoral; o (k) para interferir con ciertas caracter\u00edsticas de seguridad del Servicio. Nos reservamos el derecho de terminar su uso del Servicio por violar cualquiera de los usos prohibidos.<\/p>\n\n\n\n<p><strong>SECCI\u00d3N 13 \u2013 DESCARGO DE GARANT\u00cdAS; LIMITACI\u00d3N DE RESPONSABILIDAD<\/strong><\/p>\n\n\n\n<p>No garantizamos que su uso de nuestro servicio sea ininterrumpido, oportuno, seguro o libre de errores.<\/p>\n\n\n\n<p>Usted acepta que su uso o la imposibilidad de usar el servicio es bajo su propio riesgo. El servicio y todos los productos y servicios que se le entregan se proporcionan \u2018tal como est\u00e1n\u2019 y \u2018seg\u00fan disponibilidad\u2019 sin garant\u00edas de ning\u00fan tipo.<\/p>\n\n\n\n<p>En ning\u00fan caso <strong>Micterleather LLC<\/strong>, nuestros directores, funcionarios, empleados, afiliados, agentes, contratistas, proveedores o licenciantes ser\u00e1n responsables de cualquier da\u00f1o de cualquier tipo que surja de su uso de cualquier servicio o producto obtenido a trav\u00e9s de nosotros.<\/p>\n\n\n\n<p><strong>SECCI\u00d3N 14 \u2013 INDEMNIZACI\u00d3N<\/strong><\/p>\n\n\n\n<p>Usted acuerda indemnizar, defender y mantener indemne <strong>Micterleather LLC<\/strong> y sus afiliados, directores, funcionarios, empleados y socios de cualquier reclamaci\u00f3n o demanda debido a su incumplimiento de estos T\u00e9rminos.<\/p>\n\n\n\n<p><strong>SECCI\u00d3N 15 \u2013 DIVISIBILIDAD<\/strong><\/p>\n\n\n\n<p>Si alguna disposici\u00f3n se considera ilegal, el resto permanecer\u00e1 vigente.<\/p>\n\n\n\n<p><strong>SECCI\u00d3N 16 \u2013 TERMINACI\u00d3N<\/strong><\/p>\n\n\n\n<p>Estos T\u00e9rminos permanecen vigentes a menos que alguna de las partes los rescinda. Puede terminar en cualquier momento dejando de usar el sitio. Tambi\u00e9n podemos terminar o suspender su acceso por cualquier incumplimiento.<\/p>\n\n\n\n<p><strong>SECCI\u00d3N 17 \u2013 ACUERDO COMPLETO<\/strong><\/p>\n\n\n\n<p>Estos T\u00e9rminos constituyen el acuerdo completo entre usted y <strong>Micterleather LLC<\/strong>, superando acuerdos previos.<\/p>\n\n\n\n<p><strong>SECCI\u00d3N 18 \u2013 LEY APLICABLE<\/strong><\/p>\n\n\n\n<p>Estos T\u00e9rminos se regir\u00e1n e interpretar\u00e1n de acuerdo con las leyes de <strong>Espa\u00f1a<\/strong>.<\/p>\n\n\n\n<p><strong>SECCI\u00d3N 19 \u2013 CAMBIOS EN LOS T\u00c9RMINOS DEL SERVICIO<\/strong><\/p>\n\n\n\n<p>Podemos revisar estos T\u00e9rminos en cualquier momento actualizando esta p\u00e1gina. El uso continuado de nuestro sitio constituye la aceptaci\u00f3n de dichos cambios.<\/p>\n\n\n\n<p><strong>SECCI\u00d3N 20 \u2013 INFORMACI\u00d3N DE CONTACTO<\/strong><\/p>\n\n\n\n<p>Las preguntas sobre los T\u00e9rminos de Servicio deben enviarse a nosotros a <strong><a>support@micterleather.com<\/a><\/strong>.<\/p>\n\n\n\n<p>Los clientes solo ser\u00e1n cargados una vez por los costos de env\u00edo (esto incluye devoluciones). No se cobrar\u00e1 una tarifa de reposici\u00f3n por la devoluci\u00f3n de un producto.<\/p>","protected":false},"excerpt":{"rendered":"<p>Terms of Service OVERVIEW This website is operated by Micterleather LLC. Throughout the site, the terms \u201cwe\u201d, \u201cus\u201d and \u201cour\u201d refer to Micterleather LLC. Micterleather LLC offers this website, including all information, tools and services available from this site to you, the user, conditioned upon your acceptance of all terms, conditions, policies and notices stated [\u2026]<\/p>","protected":false},"author":2,"featured_media":0,"parent":0,"menu_order":0,"comment_status":"closed","ping_status":"closed","template":"","meta":{"_uag_custom_page_level_css":"","site-sidebar-layout":"default","site-content-layout":"","ast-site-content-layout":"default","site-content-style":"default","site-sidebar-style":"default","ast-global-header-display":"","ast-banner-title-visibility":"","ast-main-header-display":"","ast-hfb-above-header-display":"","ast-hfb-below-header-display":"","ast-hfb-mobile-header-display":"","site-post-title":"disabled","ast-breadcrumbs-content":"","ast-featured-img":"","footer-sml-layout":"","ast-disable-related-posts":"","theme-transparent-header-meta":"","adv-header-id-meta":"","stick-header-meta":"","header-above-stick-meta":"","header-main-stick-meta":"","header-below-stick-meta":"","astra-migrate-meta-layouts":"set","ast-page-background-enabled":"default","ast-page-background-meta":{"desktop":{"background-color":"","background-image":"","background-repeat":"repeat","background-position":"center center","background-size":"auto","background-attachment":"scroll","background-type":"","background-media":"","overlay-type":"","overlay-color":"","overlay-opacity":"","overlay-gradient":""},"tablet":{"background-color":"","background-image":"","background-repeat":"repeat","background-position":"center center","background-size":"auto","background-attachment":"scroll","background-type":"","background-media":"","overlay-type":"","overlay-color":"","overlay-opacity":"","overlay-gradient":""},"mobile":{"background-color":"","background-image":"","background-repeat":"repeat","background-position":"center center","background-size":"auto","background-attachment":"scroll","background-type":"","background-media":"","overlay-type":"","overlay-color":"","overlay-opacity":"","overlay-gradient":""}},"ast-content-background-meta":{"desktop":{"background-color":"var(--ast-global-color-5)","background-image":"","background-repeat":"repeat","background-position":"center center","background-size":"auto","background-attachment":"scroll","background-type":"","background-media":"","overlay-type":"","overlay-color":"","overlay-opacity":"","overlay-gradient":""},"tablet":{"background-color":"var(--ast-global-color-5)","background-image":"","background-repeat":"repeat","background-position":"center center","background-size":"auto","background-attachment":"scroll","background-type":"","background-media":"","overlay-type":"","overlay-color":"","overlay-opacity":"","overlay-gradient":""},"mobile":{"background-color":"var(--ast-global-color-5)","background-image":"","background-repeat":"repeat","background-position":"center center","background-size":"auto","background-attachment":"scroll","background-type":"","background-media":"","overlay-type":"","overlay-color":"","overlay-opacity":"","overlay-gradient":""}},"footnotes":""},"class_list":["post-2113","page","type-page","status-publish","hentry"],"uagb_featured_image_src":{"full":false,"thumbnail":false,"medium":false,"medium_large":false,"large":false,"1536x1536":false,"2048x2048":false,"trp-custom-language-flag":false,"woocommerce_thumbnail":false,"woocommerce_single":false,"woocommerce_gallery_thumbnail":false},"uagb_author_info":{"display_name":"micter","author_link":"https:\/\/micterleather.com\/es\/author\/micter\/"},"uagb_comment_info":0,"uagb_excerpt":"Terms of Service OVERVIEW This website is operated by Micterleather LLC. Throughout the site, the terms \u201cwe\u201d, \u201cus\u201d and \u201cour\u201d refer to Micterleather LLC. Micterleather LLC offers this website, including all information, tools and services available from this site to you, the user, conditioned upon your acceptance of all terms, conditions, policies and notices stated&hellip;","_links":{"self":[{"href":"https:\/\/micterleather.com\/es\/wp-json\/wp\/v2\/pages\/2113","targetHints":{"allow":["GET"]}}],"collection":[{"href":"https:\/\/micterleather.com\/es\/wp-json\/wp\/v2\/pages"}],"about":[{"href":"https:\/\/micterleather.com\/es\/wp-json\/wp\/v2\/types\/page"}],"author":[{"embeddable":true,"href":"https:\/\/micterleather.com\/es\/wp-json\/wp\/v2\/users\/2"}],"replies":[{"embeddable":true,"href":"https:\/\/micterleather.com\/es\/wp-json\/wp\/v2\/comments?post=2113"}],"version-history":[{"count":11,"href":"https:\/\/micterleather.com\/es\/wp-json\/wp\/v2\/pages\/2113\/revisions"}],"predecessor-version":[{"id":3476,"href":"https:\/\/micterleather.com\/es\/wp-json\/wp\/v2\/pages\/2113\/revisions\/3476"}],"wp:attachment":[{"href":"https:\/\/micterleather.com\/es\/wp-json\/wp\/v2\/media?parent=2113"}],"curies":[{"name":"wp","href":"https:\/\/api.w.org\/{rel}","templated":true}]}}