{"id":3995,"date":"2025-08-26T02:54:53","date_gmt":"2025-08-26T02:54:53","guid":{"rendered":"https:\/\/micterleather.com\/?post_type=product&#038;p=3995"},"modified":"2025-08-28T12:34:03","modified_gmt":"2025-08-28T12:34:03","slug":"patches-en-cuir-autocollants-4-pieces-20x28-cm","status":"publish","type":"product","link":"https:\/\/micterleather.com\/de\/produkt\/uncategorized\/patches-en-cuir-autocollants-4-pieces-20x28-cm\/","title":{"rendered":"Klebe-Leder-Patches \u2013 4 St\u00fcck 20\u00d728 cm"},"content":{"rendered":"<p data-start=\"403\" data-end=\"726\"><strong data-start=\"403\" data-end=\"444\">R\u00e9paration en cuir de haute qualit\u00e9 :<\/strong><br data-start=\"444\" data-end=\"447\" \/>Fabriqu\u00e9s en cuir synth\u00e9tique de qualit\u00e9 sup\u00e9rieure, ces patchs de r\u00e9paration pr\u00e9sentent des motifs et des couleurs classiques. Leur surface lisse est imperm\u00e9able, facile \u00e0 nettoyer et con\u00e7ue pour r\u00e9sister \u00e0 l\u2019usure, aux rayures et au temps\u2014garantissant une r\u00e9paration durable.<\/p>\n<p data-start=\"728\" data-end=\"992\"><strong data-start=\"728\" data-end=\"758\">Adh\u00e9rence exceptionnelle :<\/strong><br data-start=\"758\" data-end=\"761\" \/>Gr\u00e2ce \u00e0 un support adh\u00e9sif professionnel, le ruban de r\u00e9paration en cuir offre une fixation solide et fiable. Une fois appliqu\u00e9, le patch reste bien en place sur toute surface lisse, sans se d\u00e9coller ni s\u2019affaiblir avec le temps.<\/p>\n<p data-start=\"994\" data-end=\"1361\"><strong data-start=\"994\" data-end=\"1034\">Solution de r\u00e9paration polyvalente :<\/strong><br data-start=\"1034\" data-end=\"1037\" \/>Chaque lot comprend quatre patchs de cuir de <strong data-start=\"1082\" data-end=\"1114\">20 \u00d7 28 cm (7,8 \u00d7 11 pouces)<\/strong>, Ideal zum Reparieren von Rissen, Kratzern, L\u00f6chern und verf\u00e4rbten Bereichen auf Leder und Kunstleder. Ideal f\u00fcr Autositze, M\u00f6bel, Sofas, Handtaschen, Jacken und mehr \u2013 sie verleihen Ihren Artikeln ein neuwertiges Aussehen.<\/p>\n<p data-start=\"1363\" data-end=\"1681\"><strong data-start=\"1363\" data-end=\"1387\">Einfache Anwendung:<\/strong><br data-start=\"1387\" data-end=\"1390\" \/>Es sind kein Werkzeug oder spezielles Fachwissen erforderlich. Reinigen Sie einfach die Oberfl\u00e4che, schneiden Sie das Pflaster in die gew\u00fcnschte Gr\u00f6\u00dfe und Form, ziehen Sie die Schutzfolie ab und bringen Sie es auf den besch\u00e4digten Bereich an. Eine schnelle und kosteng\u00fcnstige L\u00f6sung, um Ihre Lederartikel l\u00e4nger haltbar zu machen.<\/p>\n<p data-start=\"1683\" data-end=\"2117\"><strong data-start=\"1683\" data-end=\"1715\">Professionelle Unterst\u00fctzung:<\/strong><br data-start=\"1715\" data-end=\"1718\" \/>Jeder Kauf ist durch eine sorgenfreie Garantie und eine Geld-zur\u00fcck-Garantie abgedeckt. <strong data-start=\"1800\" data-end=\"1814\">Hinweis:<\/strong> Aufgrund von Licht- und Bildschirmeinstellungen k\u00f6nnen die tats\u00e4chlichen Farben geringf\u00fcgig von den Abbildungen abweichen. Wenn Sie sich bei der Farbauswahl unsicher sind, senden Sie uns ein Foto f\u00fcr eine pers\u00f6nliche Beratung. Z\u00f6gern Sie nicht, uns bei Fragen zu kontaktieren \u2013 wir stehen Ihnen gerne zur Verf\u00fcgung!<\/p>","protected":false},"excerpt":{"rendered":"<h6 data-start=\"129\" data-end=\"164\"><strong data-start=\"129\" data-end=\"162\">Produktinformationen:<\/strong><\/h6>\n<ul data-start=\"165\" data-end=\"401\">\n<li data-start=\"165\" data-end=\"188\">\n<h6 data-start=\"167\" data-end=\"188\"><strong data-start=\"167\" data-end=\"181\">Material:<\/strong> Leder<\/h6>\n<\/li>\n<li data-start=\"189\" data-end=\"220\">\n<h6 data-start=\"191\" data-end=\"220\"><strong data-start=\"191\" data-end=\"203\">Format:<\/strong> Klebeband<\/h6>\n<\/li>\n<li data-start=\"221\" data-end=\"301\">\n<h6 data-start=\"223\" data-end=\"301\"><strong data-start=\"223\" data-end=\"255\">Besondere Eigenschaften:<\/strong> Hitzebest\u00e4ndig, robust, wasserdicht<\/h6>\n<\/li>\n<li data-start=\"302\" data-end=\"337\">\n<h6 data-start=\"304\" data-end=\"337\"><strong data-start=\"304\" data-end=\"326\">Menge pro Packung:<\/strong> 4 St\u00fcck<\/h6>\n<\/li>\n<li data-start=\"338\" data-end=\"370\">\n<h6 data-start=\"340\" data-end=\"370\"><strong data-start=\"340\" data-end=\"363\">Beh\u00e4lterart:<\/strong> Tube<\/h6>\n<\/li>\n<li data-start=\"371\" data-end=\"401\">\n<h6 data-start=\"373\" data-end=\"401\"><strong data-start=\"373\" data-end=\"388\">Viskosit\u00e4t:<\/strong> Ausgezeichnet<\/h6>\n<\/li>\n<\/ul>\n<h5>Blog: <a href=\"https:\/\/micterleather.com\/fr\/comment-reparer-des-meubles-en-cuir-micter\/\">Wie repariert man Lederm\u00f6bel? \u2013 Micter<\/a><\/h5>","protected":false},"featured_media":2669,"template":"","meta":{"_uag_custom_page_level_css":"","site-sidebar-layout":"default","site-content-layout":"","ast-site-content-layout":"default","site-content-style":"default","site-sidebar-style":"default","ast-global-header-display":"","ast-banner-title-visibility":"","ast-main-header-display":"","ast-hfb-above-header-display":"","ast-hfb-below-header-display":"","ast-hfb-mobile-header-display":"","site-post-title":"","ast-breadcrumbs-content":"","ast-featured-img":"","footer-sml-layout":"","ast-disable-related-posts":"","theme-transparent-header-meta":"default","adv-header-id-meta":"","stick-header-meta":"","header-above-stick-meta":"","header-main-stick-meta":"","header-below-stick-meta":"","astra-migrate-meta-layouts":"set","ast-page-background-enabled":"default","ast-page-background-meta":{"desktop":{"background-color":"","background-image":"","background-repeat":"repeat","background-position":"center center","background-size":"auto","background-attachment":"scroll","background-type":"","background-media":"","overlay-type":"","overlay-color":"","overlay-opacity":"","overlay-gradient":""},"tablet":{"background-color":"","background-image":"","background-repeat":"repeat","background-position":"center center","background-size":"auto","background-attachment":"scroll","background-type":"","background-media":"","overlay-type":"","overlay-color":"","overlay-opacity":"","overlay-gradient":""},"mobile":{"background-color":"","background-image":"","background-repeat":"repeat","background-position":"center center","background-size":"auto","background-attachment":"scroll","background-type":"","background-media":"","overlay-type":"","overlay-color":"","overlay-opacity":"","overlay-gradient":""}},"ast-content-background-meta":{"desktop":{"background-color":"var(--ast-global-color-5)","background-image":"","background-repeat":"repeat","background-position":"center center","background-size":"auto","background-attachment":"scroll","background-type":"","background-media":"","overlay-type":"","overlay-color":"","overlay-opacity":"","overlay-gradient":""},"tablet":{"background-color":"var(--ast-global-color-5)","background-image":"","background-repeat":"repeat","background-position":"center center","background-size":"auto","background-attachment":"scroll","background-type":"","background-media":"","overlay-type":"","overlay-color":"","overlay-opacity":"","overlay-gradient":""},"mobile":{"background-color":"var(--ast-global-color-5)","background-image":"","background-repeat":"repeat","background-position":"center center","background-size":"auto","background-attachment":"scroll","background-type":"","background-media":"","overlay-type":"","overlay-color":"","overlay-opacity":"","overlay-gradient":""}}},"product_brand":[],"product_cat":[15],"product_tag":[],"class_list":{"0":"post-3995","1":"product","2":"type-product","3":"status-publish","4":"has-post-thumbnail","6":"product_cat-uncategorized","7":"desktop-align-left","8":"tablet-align-left","9":"mobile-align-left","11":"first","12":"instock","13":"sale","14":"shipping-taxable","15":"purchasable","16":"product-type-variable","17":"has-default-attributes"},"uagb_featured_image_src":{"full":["https:\/\/micterleather.com\/wp-content\/uploads\/2025\/07\/dark_brown_-4pcs_-first.webp",1600,1600,false],"thumbnail":["https:\/\/micterleather.com\/wp-content\/uploads\/2025\/07\/dark_brown_-4pcs_-first-150x150.webp",150,150,true],"medium":["https:\/\/micterleather.com\/wp-content\/uploads\/2025\/07\/dark_brown_-4pcs_-first-300x300.webp",300,300,true],"medium_large":["https:\/\/micterleather.com\/wp-content\/uploads\/2025\/07\/dark_brown_-4pcs_-first-768x768.webp",768,768,true],"large":["https:\/\/micterleather.com\/wp-content\/uploads\/2025\/07\/dark_brown_-4pcs_-first-1024x1024.webp",1024,1024,true],"1536x1536":["https:\/\/micterleather.com\/wp-content\/uploads\/2025\/07\/dark_brown_-4pcs_-first-1536x1536.webp",1536,1536,true],"2048x2048":["https:\/\/micterleather.com\/wp-content\/uploads\/2025\/07\/dark_brown_-4pcs_-first.webp",1600,1600,false],"trp-custom-language-flag":["https:\/\/micterleather.com\/wp-content\/uploads\/2025\/07\/dark_brown_-4pcs_-first.webp",12,12,false],"woocommerce_thumbnail":["https:\/\/micterleather.com\/wp-content\/uploads\/2025\/07\/dark_brown_-4pcs_-first-300x300.webp",300,300,true],"woocommerce_single":["https:\/\/micterleather.com\/wp-content\/uploads\/2025\/07\/dark_brown_-4pcs_-first-600x600.webp",600,600,true],"woocommerce_gallery_thumbnail":["https:\/\/micterleather.com\/wp-content\/uploads\/2025\/07\/dark_brown_-4pcs_-first-100x100.webp",100,100,true]},"uagb_author_info":{"display_name":"micter","author_link":"https:\/\/micterleather.com\/de\/author\/"},"uagb_comment_info":0,"uagb_excerpt":"Informations sur le produit : Mat\u00e9riau : Cuir Format : Bande adh\u00e9sive Caract\u00e9ristiques sp\u00e9ciales : R\u00e9sistant \u00e0 la chaleur, solide, imperm\u00e9able Quantit\u00e9 par lot : 4 pi\u00e8ces Type de contenant : Tube Viscosit\u00e9 : Excellente Blog: Comment r\u00e9parer des meubles en cuir ? - Micter","_links":{"self":[{"href":"https:\/\/micterleather.com\/de\/wp-json\/wp\/v2\/product\/3995","targetHints":{"allow":["GET"]}}],"collection":[{"href":"https:\/\/micterleather.com\/de\/wp-json\/wp\/v2\/product"}],"about":[{"href":"https:\/\/micterleather.com\/de\/wp-json\/wp\/v2\/types\/product"}],"wp:featuredmedia":[{"embeddable":true,"href":"https:\/\/micterleather.com\/de\/wp-json\/wp\/v2\/media\/2669"}],"wp:attachment":[{"href":"https:\/\/micterleather.com\/de\/wp-json\/wp\/v2\/media?parent=3995"}],"wp:term":[{"taxonomy":"product_brand","embeddable":true,"href":"https:\/\/micterleather.com\/de\/wp-json\/wp\/v2\/product_brand?post=3995"},{"taxonomy":"product_cat","embeddable":true,"href":"https:\/\/micterleather.com\/de\/wp-json\/wp\/v2\/product_cat?post=3995"},{"taxonomy":"product_tag","embeddable":true,"href":"https:\/\/micterleather.com\/de\/wp-json\/wp\/v2\/product_tag?post=3995"}],"curies":[{"name":"wp","href":"https:\/\/api.w.org\/{rel}","templated":true}]}}