{"id":3988,"date":"2025-08-26T02:55:52","date_gmt":"2025-08-26T02:55:52","guid":{"rendered":"https:\/\/micterleather.com\/?post_type=product&#038;p=3988"},"modified":"2025-08-28T12:34:03","modified_gmt":"2025-08-28T12:34:03","slug":"selbstklebende-lederflicken-4-stueck-20x28-cm","status":"publish","type":"product","link":"https:\/\/micterleather.com\/de\/produkt\/uncategorized\/selbstklebende-lederflicken-4-stueck-20x28-cm\/","title":{"rendered":"Selbstklebende Lederflicken \u2013 4 St\u00fcck 20\u00d728 cm"},"content":{"rendered":"<p data-start=\"2434\" data-end=\"2703\"><strong data-start=\"2434\" data-end=\"2465\">Hochwertige Lederreparatur:<\/strong><br data-start=\"2465\" data-end=\"2468\" \/>Gefertigt aus hochwertigem Kunstleder, \u00fcberzeugen diese Reparaturflicken mit klassischen Mustern und Farben. Die Oberfl\u00e4che ist glatt, wasserfest, leicht zu reinigen sowie verschlei\u00df- und kratzfest\u2014f\u00fcr eine Reparatur, die lange h\u00e4lt.<\/p>\n<p data-start=\"2705\" data-end=\"2980\"><strong data-start=\"2705\" data-end=\"2724\">Starke Haftung:<\/strong><br data-start=\"2724\" data-end=\"2727\" \/>Mit einer professionellen R\u00fcckbeschichtung versehen, bietet das selbstklebende Lederreparaturband eine zuverl\u00e4ssige, starke Haftung. Nach dem Aufbringen bleibt der Flicken sicher auf jeder glatten Oberfl\u00e4che haften, ohne sich zu l\u00f6sen oder abzurollen.<\/p>\n<p data-start=\"2982\" data-end=\"3327\"><strong data-start=\"2982\" data-end=\"3014\">Versatile Repair Solution:<\/strong><br data-start=\"3014\" data-end=\"3017\" \/>Das Set enth\u00e4lt vier Lederflicken in der Gr\u00f6\u00dfe <strong data-start=\"3064\" data-end=\"3094\">20 \u00d7 28 cm (7,8 \u00d7 11 Zoll)<\/strong>, ideal zur Reparatur von Rissen, Kratzern, L\u00f6chern und Verf\u00e4rbungen an Leder- und Vinylprodukten. Geeignet f\u00fcr Autositze, M\u00f6bel, Sofas, Handtaschen, Jacken und vieles mehr\u2014Ihre Gegenst\u00e4nde sehen im Handumdrehen wieder wie neu aus.<\/p>\n<p data-start=\"3329\" data-end=\"3685\"><strong data-start=\"3329\" data-end=\"3352\">Einfache Anwendung:<\/strong><br data-start=\"3352\" data-end=\"3355\" \/>Keine speziellen Werkzeuge oder Kenntnisse erforderlich. Reinigen Sie einfach die Oberfl\u00e4che, schneiden Sie den Flicken auf die gew\u00fcnschte Gr\u00f6\u00dfe und Form zu, ziehen Sie die Schutzfolie ab und kleben Sie ihn auf die besch\u00e4digte Stelle. Eine schnelle und kosteng\u00fcnstige M\u00f6glichkeit, die Lebensdauer Ihrer Lederwaren zu verl\u00e4ngern.<\/p>\n<p data-start=\"3687\" data-end=\"4113\"><strong data-start=\"3687\" data-end=\"3715\">Professioneller Support:<\/strong><br data-start=\"3715\" data-end=\"3718\" \/>Jeder Kauf ist durch eine sorgenfreie Garantie und eine Geld-zur\u00fcck-Garantie abgesichert. <strong data-start=\"3808\" data-end=\"3820\">Hinweis:<\/strong> Aufgrund von Licht- und Anzeigeeinstellungen k\u00f6nnen die tats\u00e4chlichen Farben leicht von den Bildern abweichen. Wenn Sie unsicher bei der Farbauswahl sind, senden Sie uns einfach ein Foto f\u00fcr eine pers\u00f6nliche Beratung. Bei Fragen oder Anliegen stehen wir Ihnen jederzeit gerne zur Verf\u00fcgung!<\/p>","protected":false},"excerpt":{"rendered":"<h6 data-start=\"2195\" data-end=\"2222\"><strong data-start=\"2195\" data-end=\"2220\">Produktinformationen:<\/strong><\/h6>\n<ul data-start=\"2223\" data-end=\"2432\">\n<li data-start=\"2223\" data-end=\"2246\">\n<h6 data-start=\"2225\" data-end=\"2246\"><strong data-start=\"2225\" data-end=\"2238\">Material:<\/strong> Leder<\/h6>\n<\/li>\n<li data-start=\"2247\" data-end=\"2270\">\n<h6 data-start=\"2249\" data-end=\"2270\"><strong data-start=\"2249\" data-end=\"2258\">Form:<\/strong> Klebeband<\/h6>\n<\/li>\n<li data-start=\"2271\" data-end=\"2338\">\n<h6 data-start=\"2273\" data-end=\"2338\"><strong data-start=\"2273\" data-end=\"2301\">Besondere Eigenschaften:<\/strong> Hitzebest\u00e4ndig, stark, wasserdicht<\/h6>\n<\/li>\n<li data-start=\"2339\" data-end=\"2373\">\n<h6 data-start=\"2341\" data-end=\"2373\"><strong data-start=\"2341\" data-end=\"2363\">Menge pro Packung:<\/strong> 4 St\u00fcck<\/h6>\n<\/li>\n<li data-start=\"2374\" data-end=\"2399\">\n<h6 data-start=\"2376\" data-end=\"2399\"><strong data-start=\"2376\" data-end=\"2392\">Beh\u00e4ltertyp:<\/strong> Tube<\/h6>\n<\/li>\n<li data-start=\"2400\" data-end=\"2432\">\n<h6 data-start=\"2402\" data-end=\"2432\"><strong data-start=\"2402\" data-end=\"2417\">Viskosit\u00e4t:<\/strong> Hervorragend<\/h6>\n<\/li>\n<\/ul>\n<h5>Blog: <a href=\"https:\/\/micterleather.com\/de\/wie-man-ledermoebel-repariert-micter\/\">Wie man Lederm\u00f6bel repariert ? \u2013 Micter<\/a><\/h5>","protected":false},"featured_media":2669,"template":"","meta":{"_uag_custom_page_level_css":"","site-sidebar-layout":"default","site-content-layout":"","ast-site-content-layout":"default","site-content-style":"default","site-sidebar-style":"default","ast-global-header-display":"","ast-banner-title-visibility":"","ast-main-header-display":"","ast-hfb-above-header-display":"","ast-hfb-below-header-display":"","ast-hfb-mobile-header-display":"","site-post-title":"","ast-breadcrumbs-content":"","ast-featured-img":"","footer-sml-layout":"","ast-disable-related-posts":"","theme-transparent-header-meta":"default","adv-header-id-meta":"","stick-header-meta":"","header-above-stick-meta":"","header-main-stick-meta":"","header-below-stick-meta":"","astra-migrate-meta-layouts":"set","ast-page-background-enabled":"default","ast-page-background-meta":{"desktop":{"background-color":"","background-image":"","background-repeat":"repeat","background-position":"center center","background-size":"auto","background-attachment":"scroll","background-type":"","background-media":"","overlay-type":"","overlay-color":"","overlay-opacity":"","overlay-gradient":""},"tablet":{"background-color":"","background-image":"","background-repeat":"repeat","background-position":"center center","background-size":"auto","background-attachment":"scroll","background-type":"","background-media":"","overlay-type":"","overlay-color":"","overlay-opacity":"","overlay-gradient":""},"mobile":{"background-color":"","background-image":"","background-repeat":"repeat","background-position":"center center","background-size":"auto","background-attachment":"scroll","background-type":"","background-media":"","overlay-type":"","overlay-color":"","overlay-opacity":"","overlay-gradient":""}},"ast-content-background-meta":{"desktop":{"background-color":"var(--ast-global-color-5)","background-image":"","background-repeat":"repeat","background-position":"center center","background-size":"auto","background-attachment":"scroll","background-type":"","background-media":"","overlay-type":"","overlay-color":"","overlay-opacity":"","overlay-gradient":""},"tablet":{"background-color":"var(--ast-global-color-5)","background-image":"","background-repeat":"repeat","background-position":"center center","background-size":"auto","background-attachment":"scroll","background-type":"","background-media":"","overlay-type":"","overlay-color":"","overlay-opacity":"","overlay-gradient":""},"mobile":{"background-color":"var(--ast-global-color-5)","background-image":"","background-repeat":"repeat","background-position":"center center","background-size":"auto","background-attachment":"scroll","background-type":"","background-media":"","overlay-type":"","overlay-color":"","overlay-opacity":"","overlay-gradient":""}}},"product_brand":[],"product_cat":[15],"product_tag":[],"class_list":{"0":"post-3988","1":"product","2":"type-product","3":"status-publish","4":"has-post-thumbnail","6":"product_cat-uncategorized","7":"desktop-align-left","8":"tablet-align-left","9":"mobile-align-left","11":"first","12":"instock","13":"sale","14":"shipping-taxable","15":"purchasable","16":"product-type-variable","17":"has-default-attributes"},"uagb_featured_image_src":{"full":["https:\/\/micterleather.com\/wp-content\/uploads\/2025\/07\/dark_brown_-4pcs_-first.webp",1600,1600,false],"thumbnail":["https:\/\/micterleather.com\/wp-content\/uploads\/2025\/07\/dark_brown_-4pcs_-first-150x150.webp",150,150,true],"medium":["https:\/\/micterleather.com\/wp-content\/uploads\/2025\/07\/dark_brown_-4pcs_-first-300x300.webp",300,300,true],"medium_large":["https:\/\/micterleather.com\/wp-content\/uploads\/2025\/07\/dark_brown_-4pcs_-first-768x768.webp",768,768,true],"large":["https:\/\/micterleather.com\/wp-content\/uploads\/2025\/07\/dark_brown_-4pcs_-first-1024x1024.webp",1024,1024,true],"1536x1536":["https:\/\/micterleather.com\/wp-content\/uploads\/2025\/07\/dark_brown_-4pcs_-first-1536x1536.webp",1536,1536,true],"2048x2048":["https:\/\/micterleather.com\/wp-content\/uploads\/2025\/07\/dark_brown_-4pcs_-first.webp",1600,1600,false],"trp-custom-language-flag":["https:\/\/micterleather.com\/wp-content\/uploads\/2025\/07\/dark_brown_-4pcs_-first.webp",12,12,false],"woocommerce_thumbnail":["https:\/\/micterleather.com\/wp-content\/uploads\/2025\/07\/dark_brown_-4pcs_-first-300x300.webp",300,300,true],"woocommerce_single":["https:\/\/micterleather.com\/wp-content\/uploads\/2025\/07\/dark_brown_-4pcs_-first-600x600.webp",600,600,true],"woocommerce_gallery_thumbnail":["https:\/\/micterleather.com\/wp-content\/uploads\/2025\/07\/dark_brown_-4pcs_-first-100x100.webp",100,100,true]},"uagb_author_info":{"display_name":"micter","author_link":"https:\/\/micterleather.com\/de\/author\/"},"uagb_comment_info":0,"uagb_excerpt":"Produktinformationen: Material: Leder Form: Klebeband Besondere Eigenschaften: Hitzebest\u00e4ndig, stark, wasserdicht Menge pro Packung: 4 St\u00fcck Beh\u00e4ltertyp: Tube Viskosit\u00e4t: Hervorragend Blog: Wie man Lederm\u00f6bel repariert ? - Micter","_links":{"self":[{"href":"https:\/\/micterleather.com\/de\/wp-json\/wp\/v2\/product\/3988","targetHints":{"allow":["GET"]}}],"collection":[{"href":"https:\/\/micterleather.com\/de\/wp-json\/wp\/v2\/product"}],"about":[{"href":"https:\/\/micterleather.com\/de\/wp-json\/wp\/v2\/types\/product"}],"wp:featuredmedia":[{"embeddable":true,"href":"https:\/\/micterleather.com\/de\/wp-json\/wp\/v2\/media\/2669"}],"wp:attachment":[{"href":"https:\/\/micterleather.com\/de\/wp-json\/wp\/v2\/media?parent=3988"}],"wp:term":[{"taxonomy":"product_brand","embeddable":true,"href":"https:\/\/micterleather.com\/de\/wp-json\/wp\/v2\/product_brand?post=3988"},{"taxonomy":"product_cat","embeddable":true,"href":"https:\/\/micterleather.com\/de\/wp-json\/wp\/v2\/product_cat?post=3988"},{"taxonomy":"product_tag","embeddable":true,"href":"https:\/\/micterleather.com\/de\/wp-json\/wp\/v2\/product_tag?post=3988"}],"curies":[{"name":"wp","href":"https:\/\/api.w.org\/{rel}","templated":true}]}}