{"id":3889,"date":"2025-07-19T10:28:03","date_gmt":"2025-07-19T10:28:03","guid":{"rendered":"https:\/\/micterleather.com\/?post_type=product&#038;p=3889"},"modified":"2025-08-24T08:26:05","modified_gmt":"2025-08-24T08:26:05","slug":"35-set-leather-hand-stitching-tools","status":"publish","type":"product","link":"https:\/\/micterleather.com\/de\/produkt\/sew-repair-kit\/35-set-leather-hand-stitching-tools\/","title":{"rendered":"35er Satz Leder-Handnaht-Werkzeuge"},"content":{"rendered":"<ul>\n<li data-start=\"656\" data-end=\"749\">\n<p data-start=\"658\" data-end=\"749\">Vollst\u00e4ndiges Leder-N\u00e4hset \u2013 enth\u00e4lt Nadeln, \u00d6senahle, Garne und unverzichtbares Zubeh\u00f6r.<\/p>\n<\/li>\n<li data-start=\"750\" data-end=\"846\">\n<p data-start=\"752\" data-end=\"846\">Langlebig &amp; Robust \u2013 Stahlnadeln und \u00d6senahle f\u00fcr schwere Leder-, Leinwand- und Stoffreparaturen.<\/p>\n<\/li>\n<li data-start=\"847\" data-end=\"922\">\n<p data-start=\"849\" data-end=\"922\">Vielf\u00e4ltige Nadeln \u2013 gerade und gebogene Nadeln f\u00fcr vielseitige N\u00e4hbed\u00fcrfnisse.<\/p>\n<\/li>\n<li data-start=\"923\" data-end=\"1013\">\n<p data-start=\"925\" data-end=\"1013\">12 Farbgarnrollen mit Wachs \u2013 stark, abriebfest, ideal f\u00fcr DIY-Lederarbeiten.<\/p>\n<\/li>\n<li data-start=\"1014\" data-end=\"1111\">\n<p data-start=\"1016\" data-end=\"1111\">Einfach zu verwenden \u2013 Holzgriffe f\u00fcr bequemes Griffgef\u00fchl, Fingerhut &amp; Fadenhalter inklusive f\u00fcr reibungsarmes N\u00e4hen.<\/p>\n<\/li>\n<li data-start=\"1112\" data-end=\"1213\">\n<p data-start=\"1114\" data-end=\"1213\">Ideal f\u00fcr DIY \u2013 hervorragend zum Reparieren von Lederbeuteln, Schuhen, Brieftaschen, G\u00fcrteln, Zelten und Polsterarbeiten.<\/p>\n<\/li>\n<\/ul>","protected":false},"excerpt":{"rendered":"<table class=\"a-normal a-spacing-micro\" role=\"list\">\n<tbody>\n<tr class=\"a-spacing-small po-container.type\" role=\"listitem\">\n<td class=\"a-span3\" role=\"presentation\"><span class=\"a-size-base a-text-bold\">Paketinformationen<\/span><\/td>\n<td class=\"a-span9\" role=\"presentation\"><span class=\"a-size-base po-break-word\">Beutel<\/span><\/td>\n<\/tr>\n<tr class=\"a-spacing-small po-included_components\" role=\"listitem\">\n<td class=\"a-span3\" role=\"presentation\"><span class=\"a-size-base a-text-bold\">Enthaltene Komponenten<br \/>\n(wie abgebildet)<\/span><\/td>\n<td class=\"a-span9\" role=\"presentation\">1 \u00d7 150 cm\/60 Zoll Ma\u00dfband, 1 \u00d7 Fingerhut, 1 \u00d7 Fadenhalter, 1 \u00d7 Nahttrenner, 1 \u00d7 U-f\u00f6rmiger Cutter, 1 \u00d7 Bogen-Nadel (3,3 cm\/1,3 Zoll), 1 \u00d7 Bogen-Nadel (5,5 cm\/2,2 Zoll), 1 \u00d7 Geradennadel (9 cm\/3,5 Zoll), 1 \u00d7 Geradennadel (7,5 cm\/3,0 Zoll), 1 \u00d7 Geradennadel (5,8 cm\/2,3 Zoll), 1 \u00d7 Geradennadel (4,3 cm\/1,7 Zoll), 1 \u00d7 \u00d6senahle (11,5 cm\/4,5 Zoll), 1 \u00d7 \u00d6senahle (13 cm\/5,1 Zoll), 1 \u00d7 Holzhandgriff N\u00e4hahle (13 cm\/5,1 Zoll), 12 \u00d7 N\u00e4hgarne (in verschiedenen Farben, je Spule 8,5 cm\/3,35 Zoll)<\/td>\n<\/tr>\n<\/tbody>\n<\/table>","protected":false},"featured_media":3858,"template":"","meta":{"_uag_custom_page_level_css":"","site-sidebar-layout":"default","site-content-layout":"","ast-site-content-layout":"default","site-content-style":"default","site-sidebar-style":"default","ast-global-header-display":"","ast-banner-title-visibility":"","ast-main-header-display":"","ast-hfb-above-header-display":"","ast-hfb-below-header-display":"","ast-hfb-mobile-header-display":"","site-post-title":"","ast-breadcrumbs-content":"","ast-featured-img":"","footer-sml-layout":"","ast-disable-related-posts":"","theme-transparent-header-meta":"default","adv-header-id-meta":"","stick-header-meta":"","header-above-stick-meta":"","header-main-stick-meta":"","header-below-stick-meta":"","astra-migrate-meta-layouts":"set","ast-page-background-enabled":"default","ast-page-background-meta":{"desktop":{"background-color":"","background-image":"","background-repeat":"repeat","background-position":"center center","background-size":"auto","background-attachment":"scroll","background-type":"","background-media":"","overlay-type":"","overlay-color":"","overlay-opacity":"","overlay-gradient":""},"tablet":{"background-color":"","background-image":"","background-repeat":"repeat","background-position":"center center","background-size":"auto","background-attachment":"scroll","background-type":"","background-media":"","overlay-type":"","overlay-color":"","overlay-opacity":"","overlay-gradient":""},"mobile":{"background-color":"","background-image":"","background-repeat":"repeat","background-position":"center center","background-size":"auto","background-attachment":"scroll","background-type":"","background-media":"","overlay-type":"","overlay-color":"","overlay-opacity":"","overlay-gradient":""}},"ast-content-background-meta":{"desktop":{"background-color":"var(--ast-global-color-5)","background-image":"","background-repeat":"repeat","background-position":"center center","background-size":"auto","background-attachment":"scroll","background-type":"","background-media":"","overlay-type":"","overlay-color":"","overlay-opacity":"","overlay-gradient":""},"tablet":{"background-color":"var(--ast-global-color-5)","background-image":"","background-repeat":"repeat","background-position":"center center","background-size":"auto","background-attachment":"scroll","background-type":"","background-media":"","overlay-type":"","overlay-color":"","overlay-opacity":"","overlay-gradient":""},"mobile":{"background-color":"var(--ast-global-color-5)","background-image":"","background-repeat":"repeat","background-position":"center center","background-size":"auto","background-attachment":"scroll","background-type":"","background-media":"","overlay-type":"","overlay-color":"","overlay-opacity":"","overlay-gradient":""}}},"product_brand":[],"product_cat":[254],"product_tag":[],"class_list":{"0":"post-3889","1":"product","2":"type-product","3":"status-publish","4":"has-post-thumbnail","6":"product_cat-sew-repair-kit","7":"desktop-align-left","8":"tablet-align-left","9":"mobile-align-left","11":"first","12":"instock","13":"sale","14":"shipping-taxable","15":"purchasable","16":"product-type-simple"},"uagb_featured_image_src":{"full":["https:\/\/micterleather.com\/wp-content\/uploads\/2025\/08\/27-set-leather-hand-stitching-tools.webp",800,800,false],"thumbnail":["https:\/\/micterleather.com\/wp-content\/uploads\/2025\/08\/27-set-leather-hand-stitching-tools-150x150.webp",150,150,true],"medium":["https:\/\/micterleather.com\/wp-content\/uploads\/2025\/08\/27-set-leather-hand-stitching-tools-300x300.webp",300,300,true],"medium_large":["https:\/\/micterleather.com\/wp-content\/uploads\/2025\/08\/27-set-leather-hand-stitching-tools-768x768.webp",768,768,true],"large":["https:\/\/micterleather.com\/wp-content\/uploads\/2025\/08\/27-set-leather-hand-stitching-tools.webp",800,800,false],"1536x1536":["https:\/\/micterleather.com\/wp-content\/uploads\/2025\/08\/27-set-leather-hand-stitching-tools.webp",800,800,false],"2048x2048":["https:\/\/micterleather.com\/wp-content\/uploads\/2025\/08\/27-set-leather-hand-stitching-tools.webp",800,800,false],"trp-custom-language-flag":["https:\/\/micterleather.com\/wp-content\/uploads\/2025\/08\/27-set-leather-hand-stitching-tools.webp",12,12,false],"woocommerce_thumbnail":["https:\/\/micterleather.com\/wp-content\/uploads\/2025\/08\/27-set-leather-hand-stitching-tools-300x300.webp",300,300,true],"woocommerce_single":["https:\/\/micterleather.com\/wp-content\/uploads\/2025\/08\/27-set-leather-hand-stitching-tools-600x600.webp",600,600,true],"woocommerce_gallery_thumbnail":["https:\/\/micterleather.com\/wp-content\/uploads\/2025\/08\/27-set-leather-hand-stitching-tools-100x100.webp",100,100,true]},"uagb_author_info":{"display_name":"micter","author_link":"https:\/\/micterleather.com\/de\/author\/"},"uagb_comment_info":0,"uagb_excerpt":"Package Information Bag Included Components (as shown in image) 1 \u00d7 150cm\/60in Measuring Tape, 1 \u00d7 Thimble, 1 \u00d7 Threader, 1 \u00d7 Seam Ripper, 1 \u00d7 U-shaped Cutter, 1 \u00d7 Curved Needle (3.3cm\/1.3in), 1 \u00d7 Curved Needle (5.5cm\/2.2in), 1 \u00d7 Straight Needle (9cm\/3.5in), 1 \u00d7 Straight Needle (7.5cm\/3.0in), 1 \u00d7 Straight Needle (5.8cm\/2.3in), 1 \u00d7&hellip;","_links":{"self":[{"href":"https:\/\/micterleather.com\/de\/wp-json\/wp\/v2\/product\/3889","targetHints":{"allow":["GET"]}}],"collection":[{"href":"https:\/\/micterleather.com\/de\/wp-json\/wp\/v2\/product"}],"about":[{"href":"https:\/\/micterleather.com\/de\/wp-json\/wp\/v2\/types\/product"}],"wp:featuredmedia":[{"embeddable":true,"href":"https:\/\/micterleather.com\/de\/wp-json\/wp\/v2\/media\/3858"}],"wp:attachment":[{"href":"https:\/\/micterleather.com\/de\/wp-json\/wp\/v2\/media?parent=3889"}],"wp:term":[{"taxonomy":"product_brand","embeddable":true,"href":"https:\/\/micterleather.com\/de\/wp-json\/wp\/v2\/product_brand?post=3889"},{"taxonomy":"product_cat","embeddable":true,"href":"https:\/\/micterleather.com\/de\/wp-json\/wp\/v2\/product_cat?post=3889"},{"taxonomy":"product_tag","embeddable":true,"href":"https:\/\/micterleather.com\/de\/wp-json\/wp\/v2\/product_tag?post=3889"}],"curies":[{"name":"wp","href":"https:\/\/api.w.org\/{rel}","templated":true}]}}