{"id":3887,"date":"2025-07-19T10:12:01","date_gmt":"2025-07-19T10:12:01","guid":{"rendered":"https:\/\/micterleather.com\/?post_type=product&#038;p=3887"},"modified":"2025-08-24T08:27:45","modified_gmt":"2025-08-24T08:27:45","slug":"23-set-micter-leather-tools","status":"publish","type":"product","link":"https:\/\/micterleather.com\/de\/produkt\/sew-repair-kit\/23-set-micter-leather-tools\/","title":{"rendered":"23-teilige Micter-Lederwerkzeug-Sammlung"},"content":{"rendered":"<ul>\n<li data-start=\"532\" data-end=\"669\">\n<p data-start=\"534\" data-end=\"669\"><strong data-start=\"534\" data-end=\"565\">23-teiliges Ledern\u00e4hkit<\/strong> \u2013 Die vollst\u00e4ndige Ausstattung umfasst Anreiber, Nadeln, Schere, Nadelkappe, Nahttrenner, Drahtf\u00fchrung und 12 gewachste F\u00e4den.<\/p>\n<\/li>\n<li data-start=\"670\" data-end=\"814\">\n<p data-start=\"672\" data-end=\"814\"><strong data-start=\"672\" data-end=\"697\">Robuste gewachste F\u00e4den<\/strong> \u2013 Enth\u00e4lt 12 Spulen in verschiedenen Farben, stark und abriebfest, ideal f\u00fcr Leder, Leinen und Polsterarbeiten.<\/p>\n<\/li>\n<li data-start=\"815\" data-end=\"935\">\n<p data-start=\"817\" data-end=\"935\"><strong data-start=\"817\" data-end=\"839\">Vielf\u00e4ltige Nadeln<\/strong> \u2013 Enth\u00e4lt schwere gerade Nadeln, gebogene Nadeln und eine Nadelsicherungstrainingsr\u00f6hre f\u00fcr Sicherheit.<\/p>\n<\/li>\n<li data-start=\"936\" data-end=\"1068\">\n<p data-start=\"938\" data-end=\"1068\"><strong data-start=\"938\" data-end=\"966\">Wichtiges Werkzeug enthalten<\/strong> \u2013 Holzgriff-Anrei\u00dfer zum Stechen, Fadenenden-Schere, Nadelkappe und Nahttrenner f\u00fcr bequeme Anwendung.<\/p>\n<\/li>\n<li data-start=\"1069\" data-end=\"1179\">\n<p data-start=\"1071\" data-end=\"1179\"><strong data-start=\"1071\" data-end=\"1095\">Tragbar &amp; Organisiert<\/strong> \u2013 Alle Werkzeuge und F\u00e4den befinden sich in einem kompakten Rei\u00dfverschluss-Etui, einfach zu tragen und zu verstauen.<\/p>\n<\/li>\n<li data-start=\"1180\" data-end=\"1313\">\n<p data-start=\"1182\" data-end=\"1313\"><strong data-start=\"1182\" data-end=\"1203\">Breite Anwendungen<\/strong> \u2013 Geeignet zur Reparatur von Brieftaschen, G\u00fcrtel, Handtaschen, Schuhen, Autositzen, Zelten, Sofas und anderen schweren Stoffen.<\/p>\n<\/li>\n<\/ul>","protected":false},"excerpt":{"rendered":"<table class=\"a-normal a-spacing-micro\" role=\"list\">\n<tbody>\n<tr class=\"a-spacing-small po-container.type\" role=\"listitem\">\n<td class=\"a-span3\" role=\"presentation\"><span class=\"a-size-base a-text-bold\">Paketinformationen<\/span><\/td>\n<td class=\"a-span9\" role=\"presentation\"><span class=\"a-size-base po-break-word\">Beutel<\/span><\/td>\n<\/tr>\n<tr class=\"a-spacing-small po-included_components\" role=\"listitem\">\n<td class=\"a-span3\" role=\"presentation\"><span class=\"a-size-base a-text-bold\">Enthaltene Komponenten<br \/>\n(wie abgebildet)<\/span><\/td>\n<td class=\"a-span9\" role=\"presentation\">1 \u00d7 Holzgriff-Anstichnadel, 1 \u00d7 Metallfilzstich, 1 \u00d7 Nahttrenner, 1 \u00d7 Fadenabschneider Schere, 1 \u00d7 Nadel-F\u00fchrung, 1 \u00d7 Nadel-Aufbewahrungsrohr (mit gr\u00fcnem Deckel), 6 \u00d7 Schwerlast-Handn\u00e4hnadeln, 2 \u00d7 Gebogene Nadeln, 12 \u00d7 gewachste F\u00e4den (gemischte Farben: braun, wei\u00df, grau, schwarz, dunkelbraun, hellbraun, blau, wei\u00df, gr\u00fcn, rosa usw.), 1 \u00d7 Rei\u00dfverschluss-Trageetasche<\/td>\n<\/tr>\n<\/tbody>\n<\/table>","protected":false},"featured_media":3856,"template":"","meta":{"_uag_custom_page_level_css":"","site-sidebar-layout":"default","site-content-layout":"","ast-site-content-layout":"default","site-content-style":"default","site-sidebar-style":"default","ast-global-header-display":"","ast-banner-title-visibility":"","ast-main-header-display":"","ast-hfb-above-header-display":"","ast-hfb-below-header-display":"","ast-hfb-mobile-header-display":"","site-post-title":"","ast-breadcrumbs-content":"","ast-featured-img":"","footer-sml-layout":"","ast-disable-related-posts":"","theme-transparent-header-meta":"default","adv-header-id-meta":"","stick-header-meta":"","header-above-stick-meta":"","header-main-stick-meta":"","header-below-stick-meta":"","astra-migrate-meta-layouts":"set","ast-page-background-enabled":"default","ast-page-background-meta":{"desktop":{"background-color":"","background-image":"","background-repeat":"repeat","background-position":"center center","background-size":"auto","background-attachment":"scroll","background-type":"","background-media":"","overlay-type":"","overlay-color":"","overlay-opacity":"","overlay-gradient":""},"tablet":{"background-color":"","background-image":"","background-repeat":"repeat","background-position":"center center","background-size":"auto","background-attachment":"scroll","background-type":"","background-media":"","overlay-type":"","overlay-color":"","overlay-opacity":"","overlay-gradient":""},"mobile":{"background-color":"","background-image":"","background-repeat":"repeat","background-position":"center center","background-size":"auto","background-attachment":"scroll","background-type":"","background-media":"","overlay-type":"","overlay-color":"","overlay-opacity":"","overlay-gradient":""}},"ast-content-background-meta":{"desktop":{"background-color":"var(--ast-global-color-5)","background-image":"","background-repeat":"repeat","background-position":"center center","background-size":"auto","background-attachment":"scroll","background-type":"","background-media":"","overlay-type":"","overlay-color":"","overlay-opacity":"","overlay-gradient":""},"tablet":{"background-color":"var(--ast-global-color-5)","background-image":"","background-repeat":"repeat","background-position":"center center","background-size":"auto","background-attachment":"scroll","background-type":"","background-media":"","overlay-type":"","overlay-color":"","overlay-opacity":"","overlay-gradient":""},"mobile":{"background-color":"var(--ast-global-color-5)","background-image":"","background-repeat":"repeat","background-position":"center center","background-size":"auto","background-attachment":"scroll","background-type":"","background-media":"","overlay-type":"","overlay-color":"","overlay-opacity":"","overlay-gradient":""}}},"product_brand":[],"product_cat":[254],"product_tag":[],"class_list":{"0":"post-3887","1":"product","2":"type-product","3":"status-publish","4":"has-post-thumbnail","6":"product_cat-sew-repair-kit","7":"desktop-align-left","8":"tablet-align-left","9":"mobile-align-left","11":"first","12":"instock","13":"sale","14":"shipping-taxable","15":"purchasable","16":"product-type-simple"},"uagb_featured_image_src":{"full":["https:\/\/micterleather.com\/wp-content\/uploads\/2025\/08\/23-Set-Micter-leather-tools.webp",800,800,false],"thumbnail":["https:\/\/micterleather.com\/wp-content\/uploads\/2025\/08\/23-Set-Micter-leather-tools-150x150.webp",150,150,true],"medium":["https:\/\/micterleather.com\/wp-content\/uploads\/2025\/08\/23-Set-Micter-leather-tools-300x300.webp",300,300,true],"medium_large":["https:\/\/micterleather.com\/wp-content\/uploads\/2025\/08\/23-Set-Micter-leather-tools-768x768.webp",768,768,true],"large":["https:\/\/micterleather.com\/wp-content\/uploads\/2025\/08\/23-Set-Micter-leather-tools.webp",800,800,false],"1536x1536":["https:\/\/micterleather.com\/wp-content\/uploads\/2025\/08\/23-Set-Micter-leather-tools.webp",800,800,false],"2048x2048":["https:\/\/micterleather.com\/wp-content\/uploads\/2025\/08\/23-Set-Micter-leather-tools.webp",800,800,false],"trp-custom-language-flag":["https:\/\/micterleather.com\/wp-content\/uploads\/2025\/08\/23-Set-Micter-leather-tools.webp",12,12,false],"woocommerce_thumbnail":["https:\/\/micterleather.com\/wp-content\/uploads\/2025\/08\/23-Set-Micter-leather-tools-300x300.webp",300,300,true],"woocommerce_single":["https:\/\/micterleather.com\/wp-content\/uploads\/2025\/08\/23-Set-Micter-leather-tools-600x600.webp",600,600,true],"woocommerce_gallery_thumbnail":["https:\/\/micterleather.com\/wp-content\/uploads\/2025\/08\/23-Set-Micter-leather-tools-100x100.webp",100,100,true]},"uagb_author_info":{"display_name":"micter","author_link":"https:\/\/micterleather.com\/de\/author\/"},"uagb_comment_info":0,"uagb_excerpt":"Package Information Bag Included Components (as shown in image) 1 \u00d7 Wooden Handle Awl, 1 \u00d7 Metal Thimble, 1 \u00d7 Seam Ripper, 1 \u00d7 Thread Snip Scissor, 1 \u00d7 Needle Threader, 1 \u00d7 Needle Storage Tube (with green cap), 6 \u00d7 Heavy Duty Hand Sewing Needles, 2 \u00d7 Curved Needles, 12 \u00d7 Waxed Threads (assorted&hellip;","_links":{"self":[{"href":"https:\/\/micterleather.com\/de\/wp-json\/wp\/v2\/product\/3887","targetHints":{"allow":["GET"]}}],"collection":[{"href":"https:\/\/micterleather.com\/de\/wp-json\/wp\/v2\/product"}],"about":[{"href":"https:\/\/micterleather.com\/de\/wp-json\/wp\/v2\/types\/product"}],"wp:featuredmedia":[{"embeddable":true,"href":"https:\/\/micterleather.com\/de\/wp-json\/wp\/v2\/media\/3856"}],"wp:attachment":[{"href":"https:\/\/micterleather.com\/de\/wp-json\/wp\/v2\/media?parent=3887"}],"wp:term":[{"taxonomy":"product_brand","embeddable":true,"href":"https:\/\/micterleather.com\/de\/wp-json\/wp\/v2\/product_brand?post=3887"},{"taxonomy":"product_cat","embeddable":true,"href":"https:\/\/micterleather.com\/de\/wp-json\/wp\/v2\/product_cat?post=3887"},{"taxonomy":"product_tag","embeddable":true,"href":"https:\/\/micterleather.com\/de\/wp-json\/wp\/v2\/product_tag?post=3887"}],"curies":[{"name":"wp","href":"https:\/\/api.w.org\/{rel}","templated":true}]}}