{"id":3669,"date":"2025-07-28T08:14:47","date_gmt":"2025-07-28T08:14:47","guid":{"rendered":"https:\/\/micterleather.com\/?post_type=product&#038;p=3669"},"modified":"2025-08-03T08:21:27","modified_gmt":"2025-08-03T08:21:27","slug":"belt-hole-puncher","status":"publish","type":"product","link":"https:\/\/micterleather.com\/de\/produkt\/repair-accessories\/belt-hole-puncher\/","title":{"rendered":"G\u00fcrtelbohrlochpresse"},"content":{"rendered":"<h4>Produktbeschreibung:<\/h4>\n<ul>\n<li class=\"my-0\"><strong>Multifunktionales Design:<\/strong>\u00a0Der G\u00fcrtel-Lochstanzer verf\u00fcgt \u00fcber sechs Lochgr\u00f6\u00dfen \u2013 2 mm, 2,5 mm, 3 mm, 3,5 mm, 4 mm und 4,5 mm \u2013 und deckt damit alle g\u00e4ngigsten Bed\u00fcrfnisse ab. Er eignet sich perfekt zum Stanzen runder L\u00f6cher in Leder, Kunststoff, Leinwand, Stoff, S\u00e4ttel und mehr und ist damit besonders ideal f\u00fcr Lederprojekte.<\/li>\n<li class=\"my-0\"><strong>Hohe Qualit\u00e4t &amp; Sicherheit:<\/strong>\u00a0Hergestellt aus vernickeltem Stahl bietet dieser robuste Lederstanzer hohe H\u00e4rte und au\u00dfergew\u00f6hnliche Haltbarkeit. Die Metalloberfl\u00e4che ist mit einem Spr\u00fchlackschutz behandelt, um Oxidation zu widerstehen, w\u00e4hrend das dicke Messing-Pad-Design eine zus\u00e4tzliche Sicherheitsschicht w\u00e4hrend der Anwendung bietet.<\/li>\n<li class=\"my-0\"><strong>Ergonomisch &amp; Komfortabel:<\/strong>\u00a0Mit einem Doppelhebelmechanismus konstruiert, reduziert der Stanzer die Handanstrengung erheblich und erm\u00f6glicht einfaches, wiederholtes Arbeiten. Gepolsterte, rutschfeste und ergonomische Griffe sorgen f\u00fcr einen bequemen Halt und helfen, schmerzende H\u00e4nde und Blasen auch bei l\u00e4ngerer Nutzung zu verhindern.<\/li>\n<li class=\"my-0\"><strong>Vollst\u00e4ndiges Rivet-Set:<\/strong>\u00a0Das Set enth\u00e4lt 2 passende Mandrels und 240 Rivets in drei Gr\u00f6\u00dfen und vier Farben. \u00d6sen-Gr\u00f6\u00dfen umfassen 6x6 mm (15\/64\u2033 x 15\/64\u2033), 8x8 mm (5\/16\u2033 x 5\/16\u2033) und 8x12 mm (5\/16\u2033 x 31\/64\u2033). Ideal zum Hinzuf\u00fcgen dekorativer und funktionaler Nieten zu Schuhen, Kleidung, Bastelarbeiten, Schn\u00fcrsenkeln und mehr.<\/li>\n<li class=\"my-0\"><strong>Umfassendes Lochstanzer-Werkzeug-Set:<\/strong>\u00a0Im Paket enthalten sind 1 G\u00fcrtel-Lochstanzer, 3 Ersatz-Messingpads, 1 Schraubendreher, 1 Carborundstab zum Sch\u00e4rfen, 1 Messlineal und eine Bedienungsanleitung. Das Lineal erm\u00f6glicht pr\u00e4zise Messungen, w\u00e4hrend der Schraubendreher praktisch ist, um Platten zu wechseln und Schrauben festzuziehen.<\/li>\n<\/ul>","protected":false},"excerpt":{"rendered":"<h4>Produktinformationen:<\/h4>\n<table class=\"a-normal a-spacing-micro\" role=\"list\">\n<tbody>\n<tr class=\"a-spacing-small po-material\" role=\"listitem\">\n<td class=\"a-span3\" role=\"presentation\"><span class=\"a-size-base a-text-bold\">Material<\/span><\/td>\n<td class=\"a-span9\" role=\"presentation\"><span class=\"a-size-base po-break-word\">Kohlenstoffstahl<\/span><\/td>\n<\/tr>\n<tr class=\"a-spacing-small po-color\" role=\"listitem\">\n<td class=\"a-span3\" role=\"presentation\"><span class=\"a-size-base a-text-bold\">Farbe<\/span><\/td>\n<td class=\"a-span9\" role=\"presentation\"><span class=\"a-size-base po-break-word\">G\u00fcrtel-Lochstanze + Lederstifte<\/span><\/td>\n<\/tr>\n<tr class=\"a-spacing-small po-item_length_width_height\" role=\"listitem\">\n<td class=\"a-span3\" role=\"presentation\"><span class=\"a-size-base a-text-bold\">Produktabmessungen<\/span><\/td>\n<td class=\"a-span9\" role=\"presentation\"><span class=\"a-size-base po-break-word\">2,2\" B x 0,8\" H<\/span><\/td>\n<\/tr>\n<\/tbody>\n<\/table>","protected":false},"featured_media":3673,"template":"","meta":{"_uag_custom_page_level_css":"","site-sidebar-layout":"default","site-content-layout":"","ast-site-content-layout":"default","site-content-style":"default","site-sidebar-style":"default","ast-global-header-display":"","ast-banner-title-visibility":"","ast-main-header-display":"","ast-hfb-above-header-display":"","ast-hfb-below-header-display":"","ast-hfb-mobile-header-display":"","site-post-title":"","ast-breadcrumbs-content":"","ast-featured-img":"","footer-sml-layout":"","ast-disable-related-posts":"","theme-transparent-header-meta":"default","adv-header-id-meta":"","stick-header-meta":"","header-above-stick-meta":"","header-main-stick-meta":"","header-below-stick-meta":"","astra-migrate-meta-layouts":"set","ast-page-background-enabled":"default","ast-page-background-meta":{"desktop":{"background-color":"","background-image":"","background-repeat":"repeat","background-position":"center center","background-size":"auto","background-attachment":"scroll","background-type":"","background-media":"","overlay-type":"","overlay-color":"","overlay-opacity":"","overlay-gradient":""},"tablet":{"background-color":"","background-image":"","background-repeat":"repeat","background-position":"center center","background-size":"auto","background-attachment":"scroll","background-type":"","background-media":"","overlay-type":"","overlay-color":"","overlay-opacity":"","overlay-gradient":""},"mobile":{"background-color":"","background-image":"","background-repeat":"repeat","background-position":"center center","background-size":"auto","background-attachment":"scroll","background-type":"","background-media":"","overlay-type":"","overlay-color":"","overlay-opacity":"","overlay-gradient":""}},"ast-content-background-meta":{"desktop":{"background-color":"var(--ast-global-color-5)","background-image":"","background-repeat":"repeat","background-position":"center center","background-size":"auto","background-attachment":"scroll","background-type":"","background-media":"","overlay-type":"","overlay-color":"","overlay-opacity":"","overlay-gradient":""},"tablet":{"background-color":"var(--ast-global-color-5)","background-image":"","background-repeat":"repeat","background-position":"center center","background-size":"auto","background-attachment":"scroll","background-type":"","background-media":"","overlay-type":"","overlay-color":"","overlay-opacity":"","overlay-gradient":""},"mobile":{"background-color":"var(--ast-global-color-5)","background-image":"","background-repeat":"repeat","background-position":"center center","background-size":"auto","background-attachment":"scroll","background-type":"","background-media":"","overlay-type":"","overlay-color":"","overlay-opacity":"","overlay-gradient":""}}},"product_brand":[],"product_cat":[256],"product_tag":[],"class_list":{"0":"post-3669","1":"product","2":"type-product","3":"status-publish","4":"has-post-thumbnail","6":"product_cat-repair-accessories","7":"desktop-align-left","8":"tablet-align-left","9":"mobile-align-left","11":"first","12":"instock","13":"sale","14":"shipping-taxable","15":"purchasable","16":"product-type-simple"},"uagb_featured_image_src":{"full":["https:\/\/micterleather.com\/wp-content\/uploads\/2025\/08\/Belt-Hole-Puncher-3.jpg",522,522,false],"thumbnail":["https:\/\/micterleather.com\/wp-content\/uploads\/2025\/08\/Belt-Hole-Puncher-3-150x150.jpg",150,150,true],"medium":["https:\/\/micterleather.com\/wp-content\/uploads\/2025\/08\/Belt-Hole-Puncher-3-300x300.jpg",300,300,true],"medium_large":["https:\/\/micterleather.com\/wp-content\/uploads\/2025\/08\/Belt-Hole-Puncher-3.jpg",522,522,false],"large":["https:\/\/micterleather.com\/wp-content\/uploads\/2025\/08\/Belt-Hole-Puncher-3.jpg",522,522,false],"1536x1536":["https:\/\/micterleather.com\/wp-content\/uploads\/2025\/08\/Belt-Hole-Puncher-3.jpg",522,522,false],"2048x2048":["https:\/\/micterleather.com\/wp-content\/uploads\/2025\/08\/Belt-Hole-Puncher-3.jpg",522,522,false],"trp-custom-language-flag":["https:\/\/micterleather.com\/wp-content\/uploads\/2025\/08\/Belt-Hole-Puncher-3.jpg",12,12,false],"woocommerce_thumbnail":["https:\/\/micterleather.com\/wp-content\/uploads\/2025\/08\/Belt-Hole-Puncher-3-300x300.jpg",300,300,true],"woocommerce_single":["https:\/\/micterleather.com\/wp-content\/uploads\/2025\/08\/Belt-Hole-Puncher-3.jpg",522,522,false],"woocommerce_gallery_thumbnail":["https:\/\/micterleather.com\/wp-content\/uploads\/2025\/08\/Belt-Hole-Puncher-3-100x100.jpg",100,100,true]},"uagb_author_info":{"display_name":"micter","author_link":"https:\/\/micterleather.com\/de\/author\/"},"uagb_comment_info":0,"uagb_excerpt":"Product Information: Material Carbon Steel Color Belt Hole Puncher + Leather Rivets Product Dimensions 2.2\"W x 0.8\"H","_links":{"self":[{"href":"https:\/\/micterleather.com\/de\/wp-json\/wp\/v2\/product\/3669","targetHints":{"allow":["GET"]}}],"collection":[{"href":"https:\/\/micterleather.com\/de\/wp-json\/wp\/v2\/product"}],"about":[{"href":"https:\/\/micterleather.com\/de\/wp-json\/wp\/v2\/types\/product"}],"wp:featuredmedia":[{"embeddable":true,"href":"https:\/\/micterleather.com\/de\/wp-json\/wp\/v2\/media\/3673"}],"wp:attachment":[{"href":"https:\/\/micterleather.com\/de\/wp-json\/wp\/v2\/media?parent=3669"}],"wp:term":[{"taxonomy":"product_brand","embeddable":true,"href":"https:\/\/micterleather.com\/de\/wp-json\/wp\/v2\/product_brand?post=3669"},{"taxonomy":"product_cat","embeddable":true,"href":"https:\/\/micterleather.com\/de\/wp-json\/wp\/v2\/product_cat?post=3669"},{"taxonomy":"product_tag","embeddable":true,"href":"https:\/\/micterleather.com\/de\/wp-json\/wp\/v2\/product_tag?post=3669"}],"curies":[{"name":"wp","href":"https:\/\/api.w.org\/{rel}","templated":true}]}}