{"id":3645,"date":"2025-07-11T10:11:42","date_gmt":"2025-07-11T10:11:42","guid":{"rendered":"https:\/\/micterleather.com\/?post_type=product&#038;p=3645"},"modified":"2025-08-19T12:01:54","modified_gmt":"2025-08-19T12:01:54","slug":"vinyl-and-leather-repair-kit","status":"publish","type":"product","link":"https:\/\/micterleather.com\/de\/produkt\/repair-accessories\/vinyl-and-leather-repair-kit\/","title":{"rendered":"PVC- und Leder-Reparaturset"},"content":{"rendered":"<h4>Produktbeschreibung:<\/h4>\n<ul>\n<li class=\"my-0\"><strong>Leder-Reparaturset f\u00fcr M\u00f6bel:<\/strong>\u00a0Dieses vielseitige Kit ist perfekt f\u00fcr alle Ihre Leder- und Vinylreparaturbed\u00fcrfnisse. Egal ob Ihre Lieblingscouch, Auto-Innenraum, Jacke oder Schuhe \u2013 es entfernt effektiv unsch\u00f6ne Kratzer, Risse und Abnutzungen und bringt Ihre Gegenst\u00e4nde m\u00fchelos wieder zum Strahlen.<\/li>\n<li class=\"my-0\"><strong>Schnell wiederherstellendes Vinyl-Reparaturkit:<\/strong>\u00a0Kein Hitzeaufwand f\u00fcr die Anwendung. Dieser langanhaltende Reparaturf\u00fcller verblasst nicht und eignet sich f\u00fcr schwarze Leder- und Vinyloberfl\u00e4chen, einschlie\u00dflich Couches, Sofas, St\u00fchle, Autositze, Taschen, Geldb\u00f6rsen, Schuhe, Jacken, G\u00fcrtel, Gep\u00e4ck, Stiefel, Bootsitze, Bootsanlagen, Bootsitze, RV-Sitze, Handschuhe, Motorradsitze, Sesselliegen, Handtaschen, Zweisitzer, LKW-Sitze, Ottomanen und mehr.<\/li>\n<li class=\"my-0\"><strong>Einfach zu verwenden:<\/strong>\u00a0Nach der Reinigung des besch\u00e4digten Bereichs w\u00e4hlen Sie einfach die Reparaturpaste, die am besten zu Ihrer Lederfarbe passt, tragen Sie sie gleichm\u00e4\u00dfig auf die besch\u00e4digte Stelle auf, gl\u00e4tten Sie sie und lassen Sie die Reparaturpaste f\u00fcr ein makelloses Finish trocknen.<\/li>\n<li class=\"my-0\"><strong>Sicheres schwarzes Vinyl-Reparaturkit:<\/strong>\u00a0Mit einer hautfreundlichen, nicht klebrigen Formel ist dieses Produkt sicher f\u00fcr alle, einschlie\u00dflich Haustiere und Allergiker. Es ist darauf ausgelegt, professionell Risse, Kratzer, Abplatzungen und sch\u00e4den durch Haustiere auf Lederoberfl\u00e4chen zu reparieren und eine dauerhafte, nahtlose Reparatur zu liefern.<\/li>\n<\/ul>","protected":false},"excerpt":{"rendered":"<h4>Produktinformationen:<\/h4>\n<table id=\"productDetails_techSpec_section_1\" class=\"a-keyvalue prodDetTable\">\n<tbody>\n<tr>\n<th class=\"a-color-secondary a-size-base prodDetSectionEntry\">Modell<\/th>\n<td class=\"a-size-base prodDetAttrValue\">Schwarzes Vinyl-Reparaturset<\/td>\n<\/tr>\n<tr>\n<th class=\"a-color-secondary a-size-base prodDetSectionEntry\">Gewicht des Artikels<\/th>\n<td class=\"a-size-base prodDetAttrValue\">\u200e1,94 Unzen<\/td>\n<\/tr>\n<tr>\n<th class=\"a-color-secondary a-size-base prodDetSectionEntry\">Produktabmessungen<\/th>\n<td class=\"a-size-base prodDetAttrValue\">\u200e6,7 x 4,7 x 0,75 Zoll<\/td>\n<\/tr>\n<\/tbody>\n<\/table>","protected":false},"featured_media":3648,"template":"","meta":{"_uag_custom_page_level_css":"","site-sidebar-layout":"default","site-content-layout":"","ast-site-content-layout":"default","site-content-style":"default","site-sidebar-style":"default","ast-global-header-display":"","ast-banner-title-visibility":"","ast-main-header-display":"","ast-hfb-above-header-display":"","ast-hfb-below-header-display":"","ast-hfb-mobile-header-display":"","site-post-title":"","ast-breadcrumbs-content":"","ast-featured-img":"","footer-sml-layout":"","ast-disable-related-posts":"","theme-transparent-header-meta":"default","adv-header-id-meta":"","stick-header-meta":"","header-above-stick-meta":"","header-main-stick-meta":"","header-below-stick-meta":"","astra-migrate-meta-layouts":"set","ast-page-background-enabled":"default","ast-page-background-meta":{"desktop":{"background-color":"","background-image":"","background-repeat":"repeat","background-position":"center center","background-size":"auto","background-attachment":"scroll","background-type":"","background-media":"","overlay-type":"","overlay-color":"","overlay-opacity":"","overlay-gradient":""},"tablet":{"background-color":"","background-image":"","background-repeat":"repeat","background-position":"center center","background-size":"auto","background-attachment":"scroll","background-type":"","background-media":"","overlay-type":"","overlay-color":"","overlay-opacity":"","overlay-gradient":""},"mobile":{"background-color":"","background-image":"","background-repeat":"repeat","background-position":"center center","background-size":"auto","background-attachment":"scroll","background-type":"","background-media":"","overlay-type":"","overlay-color":"","overlay-opacity":"","overlay-gradient":""}},"ast-content-background-meta":{"desktop":{"background-color":"var(--ast-global-color-5)","background-image":"","background-repeat":"repeat","background-position":"center center","background-size":"auto","background-attachment":"scroll","background-type":"","background-media":"","overlay-type":"","overlay-color":"","overlay-opacity":"","overlay-gradient":""},"tablet":{"background-color":"var(--ast-global-color-5)","background-image":"","background-repeat":"repeat","background-position":"center center","background-size":"auto","background-attachment":"scroll","background-type":"","background-media":"","overlay-type":"","overlay-color":"","overlay-opacity":"","overlay-gradient":""},"mobile":{"background-color":"var(--ast-global-color-5)","background-image":"","background-repeat":"repeat","background-position":"center center","background-size":"auto","background-attachment":"scroll","background-type":"","background-media":"","overlay-type":"","overlay-color":"","overlay-opacity":"","overlay-gradient":""}}},"product_brand":[],"product_cat":[256],"product_tag":[],"class_list":{"0":"post-3645","1":"product","2":"type-product","3":"status-publish","4":"has-post-thumbnail","6":"product_cat-repair-accessories","7":"desktop-align-left","8":"tablet-align-left","9":"mobile-align-left","11":"first","12":"instock","13":"sale","14":"shipping-taxable","15":"purchasable","16":"product-type-simple"},"uagb_featured_image_src":{"full":["https:\/\/micterleather.com\/wp-content\/uploads\/2025\/08\/Vinyl-and-Leather-Repair-Kit-3.jpg",679,666,false],"thumbnail":["https:\/\/micterleather.com\/wp-content\/uploads\/2025\/08\/Vinyl-and-Leather-Repair-Kit-3-150x150.jpg",150,150,true],"medium":["https:\/\/micterleather.com\/wp-content\/uploads\/2025\/08\/Vinyl-and-Leather-Repair-Kit-3-300x294.jpg",300,294,true],"medium_large":["https:\/\/micterleather.com\/wp-content\/uploads\/2025\/08\/Vinyl-and-Leather-Repair-Kit-3.jpg",679,666,false],"large":["https:\/\/micterleather.com\/wp-content\/uploads\/2025\/08\/Vinyl-and-Leather-Repair-Kit-3.jpg",679,666,false],"1536x1536":["https:\/\/micterleather.com\/wp-content\/uploads\/2025\/08\/Vinyl-and-Leather-Repair-Kit-3.jpg",679,666,false],"2048x2048":["https:\/\/micterleather.com\/wp-content\/uploads\/2025\/08\/Vinyl-and-Leather-Repair-Kit-3.jpg",679,666,false],"trp-custom-language-flag":["https:\/\/micterleather.com\/wp-content\/uploads\/2025\/08\/Vinyl-and-Leather-Repair-Kit-3.jpg",12,12,false],"woocommerce_thumbnail":["https:\/\/micterleather.com\/wp-content\/uploads\/2025\/08\/Vinyl-and-Leather-Repair-Kit-3-300x300.jpg",300,300,true],"woocommerce_single":["https:\/\/micterleather.com\/wp-content\/uploads\/2025\/08\/Vinyl-and-Leather-Repair-Kit-3-600x589.jpg",600,589,true],"woocommerce_gallery_thumbnail":["https:\/\/micterleather.com\/wp-content\/uploads\/2025\/08\/Vinyl-and-Leather-Repair-Kit-3-100x100.jpg",100,100,true]},"uagb_author_info":{"display_name":"micter","author_link":"https:\/\/micterleather.com\/de\/author\/"},"uagb_comment_info":0,"uagb_excerpt":"Product Information: Model \u200eBlack Vinyl Repair kit Item Weight \u200e1.94 ounces Product Dimensions \u200e6.7 x 4.7 x 0.75 inches","_links":{"self":[{"href":"https:\/\/micterleather.com\/de\/wp-json\/wp\/v2\/product\/3645","targetHints":{"allow":["GET"]}}],"collection":[{"href":"https:\/\/micterleather.com\/de\/wp-json\/wp\/v2\/product"}],"about":[{"href":"https:\/\/micterleather.com\/de\/wp-json\/wp\/v2\/types\/product"}],"wp:featuredmedia":[{"embeddable":true,"href":"https:\/\/micterleather.com\/de\/wp-json\/wp\/v2\/media\/3648"}],"wp:attachment":[{"href":"https:\/\/micterleather.com\/de\/wp-json\/wp\/v2\/media?parent=3645"}],"wp:term":[{"taxonomy":"product_brand","embeddable":true,"href":"https:\/\/micterleather.com\/de\/wp-json\/wp\/v2\/product_brand?post=3645"},{"taxonomy":"product_cat","embeddable":true,"href":"https:\/\/micterleather.com\/de\/wp-json\/wp\/v2\/product_cat?post=3645"},{"taxonomy":"product_tag","embeddable":true,"href":"https:\/\/micterleather.com\/de\/wp-json\/wp\/v2\/product_tag?post=3645"}],"curies":[{"name":"wp","href":"https:\/\/api.w.org\/{rel}","templated":true}]}}