{"id":3638,"date":"2025-07-27T09:55:28","date_gmt":"2025-07-27T09:55:28","guid":{"rendered":"https:\/\/micterleather.com\/?post_type=product&#038;p=3638"},"modified":"2026-01-05T08:56:25","modified_gmt":"2026-01-05T08:56:25","slug":"leather-repair-gel","status":"publish","type":"product","link":"https:\/\/micterleather.com\/de\/produkt\/repair-accessories\/leather-repair-gel\/","title":{"rendered":"Lederreparatur-Gel"},"content":{"rendered":"<h2>Warum Micter Leder Reparatur-Kit w\u00e4hlen<\/h2>\n<p>Ich habe das Micter entworfen\u00a0<strong>Lederreparaturset<\/strong>\u00a0um eine professionell hochwertige\u00a0<strong>DIY-Lederreparatur<\/strong>\u00a0L\u00f6sung bereitzustellen, die die Notwendigkeit teurer Polsterarbeiten beseitigt. Meine Formel behandelt Kratzer, Risse und Farbverluste mit einem Finish, das jahrelang flexibel und best\u00e4ndig bleibt.<\/p>\n<h3>Wesentliche Vorteile meines Wiederherstellungssystems<\/h3>\n<table>\n<thead>\n<tr>\n<th>Funktion<\/th>\n<th>Vorteil f\u00fcr Sie<\/th>\n<\/tr>\n<\/thead>\n<tbody>\n<tr>\n<td><strong>Industrielle St\u00e4rke<\/strong><\/td>\n<td>Lang anhaltende Bindung, die kein Abbl\u00e4ttern oder Rei\u00dfen zul\u00e4sst.<\/td>\n<\/tr>\n<tr>\n<td><strong>Mehrfl\u00e4chen-Einsatz<\/strong><\/td>\n<td>Perfekt\u00a0<strong>Leder M\u00f6bel Reparaturset<\/strong>\u00a0f\u00fcr Sofas und Autositze.<\/td>\n<\/tr>\n<tr>\n<td><strong>UV-Best\u00e4ndigkeit<\/strong><\/td>\n<td>Sch\u00fctzt vor zuk\u00fcnftigen Farbverlusten durch Sonneneinstrahlung.<\/td>\n<\/tr>\n<\/tbody>\n<\/table>\n<ul>\n<li><strong>Professionelle Ergebnisse<\/strong>: Ich biete die hochwertigen Verbindungen, die \u00fcblicherweise Reparatur-Experten vorbehalten sind.<\/li>\n<li><strong>Kosten-Effizienz<\/strong>: Durch die Verwendung dieses\u00a0<strong>besten Leder Reparaturkits<\/strong>\u00a0sparen Sie Hunderten von Euro an professioneller Arbeitszeit oder M\u00f6bel-Erneuerung.<\/li>\n<li><strong>Nahtloses Finish<\/strong>: Mein\u00a0<strong>Lederreparatur-Set<\/strong>\u00a0passt sich der urspr\u00fcnglichen Textur an und sorgt f\u00fcr eine unsichtbare, hochwertige Reparatur.<\/li>\n<\/ul>\n<p>Ich konzentriere mich darauf, eine zuverl\u00e4ssige, dauerhafte L\u00f6sung f\u00fcr Ihre Lederwaren zu liefern und sicherzustellen, dass Ihre Investition wieder wie neu aussieht, ohne den professionellen Preis.<\/p>\n<h2>Was Inside My All-in-One Leather Repair Kit<\/h2>\n<p>Ich habe dieses\u00a0<strong>Leder M\u00f6bel Reparaturset<\/strong>\u00a0so gestaltet, dass es eine vollst\u00e4ndige L\u00f6sung ist und alles bietet, was Sie ben\u00f6tigen, um zu Hause eine Fabrik-Finish-Restaurierung zu erreichen. Das ist nicht nur ein schneller Ausbesserung; es ist ein\u00a0<strong>professionelles Lederreparatur-Set<\/strong>\u00a0vollgepackt mit hochwertigen Komponenten, um alles zu bew\u00e4ltigen, von kleinen Kratzern bis hin zu tiefen strukturellen Sch\u00e4den.<\/p>\n<p>Das Kit beinhaltet:<\/p>\n<ul>\n<li><strong>Schwerer Leder-Lochf\u00fcller:<\/strong>\u00a0Eine dauerhafte Verbindung, die verwendet wird, um tiefe Vertiefungen, Risse und L\u00f6cher zu ebnen.<\/li>\n<li><strong>Mischbare Farbt\u00f6ne:<\/strong>\u00a0Ein vielseitiges Set von Farbpigmenten, mit dem Sie jedes Leder oder\u00a0<strong>Vinylreparaturset<\/strong>\u00a0die Farbe perfekt anpassen k\u00f6nnen.<\/li>\n<li><strong>Sub-Patch Gewebe:<\/strong>\u00a0Starke Tr\u00e4germaterial, das essenzielle Unterst\u00fctzung f\u00fcr gro\u00dfe Risse bietet.<\/li>\n<li><strong>Anwendung Werkzeuge:<\/strong>\u00a0Pr\u00e4zisions-Spatel und Pinsel, um eine glatte, gleichm\u00e4\u00dfige Oberfl\u00e4che zu gew\u00e4hrleisten.<\/li>\n<li><strong>Textur-Granulierungs-Papiere:<\/strong>\u00a0Verwendet, um das nat\u00fcrliche Aussehen Ihrer Lederoberfl\u00e4che zu reproduzieren.<\/li>\n<\/ul>\n<p>Dies\u00a0<strong>Lederreparatur-Set<\/strong>\u00a0stellt sicher, dass Sie die richtigen Materialien haben, um Ihre Gegenst\u00e4nde beim ersten Mal richtig zu reparieren. Um Ihnen zu helfen, anspruchsvollere Polsteraufgaben zu bew\u00e4ltigen, biete ich auch spezialisierte\u00a0<a href=\"https:\/\/micterleather.com\/de\/produkt\/sew-repair-kit\/micter-leather-making-tools\/\">micter Leather-Herstellungswerkzeuge<\/a>\u00a0an, die Ihren Reparaturprozess perfekt erg\u00e4nzen. Ein vollst\u00e4ndiges\u00a0<strong>Lederreparaturset<\/strong>\u00a0auf Hand zu haben bedeutet, dass Sie das Abbl\u00e4ttern und Rei\u00dfen stoppen k\u00f6nnen, bevor es sich ausbreitet, und so M\u00f6bel und Autositze vor teuren Ersatzteilen sch\u00fctzen.<\/p>\n<h2>H\u00e4ufige Schadensarten, die mein Lederrreparaturset repariert<\/h2>\n<p>Ich habe dieses\u00a0<strong>Leder M\u00f6bel Reparaturset<\/strong>\u00a0um allt\u00e4gliche Unf\u00e4lle zu bew\u00e4ltigen, die Ihre Investition ruinieren. Mein\u00a0<strong>Lederreparatur-Set<\/strong>\u00a0bietet eine professionell hochwertige Reparatur f\u00fcr diese h\u00e4ufigen Probleme:<\/p>\n<ul>\n<li><strong>Tierischer Schaden:<\/strong>\u00a0Schnell\u00a0<strong><a href=\"https:\/\/micterleather.com\/de\/repair-cat-scratch-on-leather\/\">Katzenerkrankung auf Leder reparieren<\/a><\/strong>\u00a0und tiefe Kratzspuren, die Ihre Kleidung fesseln.<\/li>\n<li><strong>Brandmarken:<\/strong>\u00a0Mein spezieller F\u00fcllstoff ist perfekt f\u00fcr\u00a0<strong>Ledersbr\u00e4nden Reparatur<\/strong>, das Zigarettenbrand- und Hitzesch\u00e4den kaschiert.<\/li>\n<li><strong>Risse &amp; Abbl\u00e4ttern:<\/strong>\u00a0Stoppen Sie die Ausbreitung des Schadens, indem Sie\u00a0<strong><a href=\"https:\/\/micterleather.com\/de\/repair-peeling-leather-couch\/\">das Abbl\u00e4ttern der Ledercouch<\/a><\/strong>\u00a0Sitze und gealterte, rissige Kissen reparieren.<\/li>\n<li><strong>Kratzer &amp; Abriebe:<\/strong>\u00a0F\u00fchre eine unsichtbare\u00a0<strong>Leder Kratzer Reparatur<\/strong>\u00a0an stark beanspruchten Bereichen wie Armlehnen und Polstern von Autositzen durch.<\/li>\n<\/ul>\n<p>Ob Sie etwas ben\u00f6tigen\u00a0<strong>Lederreparaturset<\/strong>\u00a0f\u00fcr ein kleines Loch oder einen gro\u00dfen Riss, ich biete die genauen Komponenten, die n\u00f6tig sind, um das urspr\u00fcngliche Aussehen und die Haptik Ihrer Lederartikel wiederherzustellen.<\/p>\n<h2>Schritt-f\u00fcr-Schritt-Anleitung zur Lederreparatur DIY<\/h2>\n<p>Eine professionelle Oberfl\u00e4che mit meinem\u00a0<strong>Lederreparaturset<\/strong>\u00a0ist unkompliziert, auch wenn Sie noch nie M\u00f6bel repariert haben. Ich habe diesen 6-Schritte\u00a0<strong>DIY-Lederreparatur<\/strong>\u00a0Prozess so gestaltet, dass Ihre Ergebnisse langlebig und nahezu unsichtbar sind.<\/p>\n<h3>6 Schritte zu einem makellosen Finish<\/h3>\n<ul>\n<li><strong>Oberfl\u00e4che reinigen:<\/strong>\u00a0Verwenden Sie einen milden Reiniger, um \u00d6le und Schmutz zu entfernen. Das sorgt daf\u00fcr, dass der\u00a0<strong>Lederloch-F\u00fcllstoff<\/strong>\u00a0ordentlich auf dem besch\u00e4digten Bereich haftet.<\/li>\n<li><strong>Kanten vorbereiten:<\/strong>\u00a0Schneiden Sie alle ausgefransten oder abbl\u00e4tternden St\u00fccke rund um den Kratzer oder das Loch ab.<\/li>\n<li><strong>Unterlage einsetzen:<\/strong>\u00a0F\u00fcr tiefe Risse oder L\u00f6cher schieben Sie die beigef\u00fcgte Stoffr\u00fcckseite hinter das Leder f\u00fcr strukturelle Unterst\u00fctzung ein. Sie k\u00f6nnen meiner spezifischen Anleitung zu\u00a0<a href=\"https:\/\/micterleather.com\/de\/how-to-repair-leather-couch-2\/\">wie man eine Ledercouch repariert<\/a>\u00a0folgen f\u00fcr detailliertere Platzierungstipps.<\/li>\n<li><strong>F\u00fcllung auftragen:<\/strong>\u00a0Verwenden Sie das Applikatorwerkzeug, um die L\u00fccke mit der schweren F\u00fcllmasse zu f\u00fcllen. gl\u00e4tten Sie es so, dass es b\u00fcndig mit der Oberfl\u00e4che sitzt.<\/li>\n<li><strong>Mix und Match Farbe:<\/strong>\u00a0Verwenden Sie die mischbaren T\u00f6nungen, um eine individuelle\u00a0<strong>Lederfarbrestaurierung<\/strong>. Testen Sie den Farbton zuerst an einer versteckten Stelle, um eine perfekte \u00dcbereinstimmung f\u00fcr Ihr\u00a0<strong>Schwarzleder-Reparaturset<\/strong>\u00a0oder farbige Oberfl\u00e4che.<\/li>\n<li><strong>Versiegeln und Trocknen:<\/strong>\u00a0Tr\u00e4ufeln Sie die Farbe in d\u00fcnnen Schichten \u00fcber die Reparatur. F\u00fcr ein schnelleres Ergebnis k\u00f6nnen Sie einen Haartrockner auf niedriger Stufe verwenden, um das Material zu setzen.<\/li>\n<\/ul>\n<p>Wenn Sie diese Schritte befolgen, k\u00f6nnen Sie erfolgreich an\u00a0<a href=\"https:\/\/micterleather.com\/de\/how-to-repair-leather-furniture-micter\/\">wie man ein Lederm\u00f6bel repariert<\/a>\u00a0ohne die hohen Kosten professioneller Polsterarbeiten. Dieser Prozess funktioniert effektiv bei allem von Sofa-Rissen bis hin zu Autositzenrissen und verleiht Ihren Lederartikeln das urspr\u00fcngliche Aussehen zur\u00fcck.<\/p>\n<h2>Reparaturgr\u00f6\u00dfenlimits f\u00fcr Ihr Lederreparaturset<\/h2>\n<p>Ich m\u00f6chte, dass Sie eine makellose Oberfl\u00e4che erzielen, daher ist es wichtig, die M\u00f6glichkeiten meiner\u00a0<strong>Leder M\u00f6bel Reparaturset<\/strong>. Obwohl diese L\u00f6sung \u00e4u\u00dferst langlebig ist, ist sie speziell f\u00fcr Oberfl\u00e4chen- und mittelgro\u00dfe Besch\u00e4digungen konzipiert, um die strukturelle Integrit\u00e4t der Reparatur im Laufe der Zeit zu erhalten.<\/p>\n<p>F\u00fcr die besten Ergebnisse empfehle ich, sich an diese Gr\u00f6\u00dfenrichtlinien zu halten:<\/p>\n<ul>\n<li><strong>Riss- und Rissreparatur:<\/strong>\u00a0Am besten geeignet f\u00fcr Sch\u00e4den bis\u00a0<strong>4 Zoll<\/strong>\u00a0in der L\u00e4nge.<\/li>\n<li><strong>L\u00f6cher- und Brandreparatur:<\/strong>\u00a0Ideal f\u00fcr kreisf\u00f6rmige Sch\u00e4den oder Durchstiche bis\u00a0<strong>2 Zoll<\/strong>\u00a0im Durchmesser.<\/li>\n<\/ul>\n<p>Wenn Sie an einem Projekt arbeiten, das strukturelle N\u00e4hten oder gr\u00f6\u00dfere Verst\u00e4rkungen erfordert, bevor Sie anwenden\u00a0<strong>Lederloch-F\u00fcllstoff<\/strong>, wobei ein\u00a0<a href=\"https:\/\/micterleather.com\/de\/produkt\/sew-repair-kit\/16-set-professional-leather-craft-tools\/\">Satz professioneller Lederhandwerkzeuge<\/a>\u00a0helfen kann, die Lederoberfl\u00e4che f\u00fcr eine sicherere Verbindung vorzubereiten. Innerhalb dieser empfohlenen Abmessungen zu bleiben sorgt daf\u00fcr, dass Ihr\u00a0<strong>Sofalederreparatur<\/strong>\u00a0flexibel bleibt und nicht beim t\u00e4glichen Gebrauch abbl\u00e4ttert oder rei\u00dft. F\u00fcr alles Gr\u00f6\u00dfere k\u00f6nnte der Schaden die ben\u00f6tigte innere Unterst\u00fctzung f\u00fcr eine wirklich unsichtbare, langlebige Reparatur fehlen.<\/p>\n<h2>Kompatible Lederarten und Haushaltsgegenst\u00e4nde<\/h2>\n<p>Ich entwarf dieses\u00a0<strong>Lederreparaturset<\/strong>\u00a0um vielseitig genug zu sein f\u00fcr fast jede Oberfl\u00e4che in Ihrem Zuhause oder Fahrzeug. Ob Sie mit einem hochwertigen Sofa oder einem abgenutzten Auto-Innenraum zu tun haben, meine Formel verbindet sich nahtlos mit verschiedenen Materialien, um eine dauerhafte Reparatur zu erm\u00f6glichen.<\/p>\n<h3>Wo Sie mein Lederm\u00f6bel-Reparaturset verwenden k\u00f6nnen<\/h3>\n<p>Sie k\u00f6nnen diese professionell hergestellte L\u00f6sung auf eine Vielzahl von Alltagsgegenst\u00e4nden anwenden:<\/p>\n<ul>\n<li><strong>M\u00f6bel:<\/strong>\u00a0Leicht zu erledigende\u00a0<strong>Sofalederreparatur<\/strong>\u00a0Aufgaben an Sofas, Hockern und Relaxsessel.<\/li>\n<li><strong>Automobil:<\/strong>\u00a0Verwenden Sie es als\u00a0<strong>Car-Seat-Lederreparaturset<\/strong>\u00a0zur Behebung gerissener Bolster, Armlehnen und Kopfst\u00fctzen.<\/li>\n<li><strong>Bekleidung &amp; Accessoires:<\/strong>\u00a0Schnell Lederjacken, Stiefel, Handtaschen und G\u00fcrtel wiederherstellen.<\/li>\n<\/ul>\n<h3>Unterst\u00fctzte Materialien<\/h3>\n<p>Mein vielseitiges\u00a0<a href=\"https:\/\/micterleather.com\/de\/produkt\/repair-accessories\/vinyl-and-leather-repair-kit\/\">Vinyl- und Leder-Reparaturset<\/a>\u00a0ist darauf ausgelegt, effektiv zu arbeiten an:<\/p>\n<ul>\n<li><strong>Echtes Leder:<\/strong>\u00a0Neben Oberleder, Vollleder und Schellackleder.<\/li>\n<li><strong>Synthetische Alternativen:<\/strong>\u00a0Funktioniert Wunder bei Kunstleder, PU und veganem Leder.<\/li>\n<li><strong>Vinyloberfl\u00e4chen:<\/strong>\u00a0Perfekt f\u00fcr Bootssitze, Armaturenbretter und gewerbliche Sitzgelegenheiten.<\/li>\n<\/ul>\n<p>Dies\u00a0<strong>Lederreparatur-Set<\/strong>\u00a0stellt sicher, dass Ihre Reparaturen nach dem Aush\u00e4rten flexibel bleiben. Es ist so konzipiert, dass es sich mit dem Material bewegt, wodurch die reparierte Stelle auch bei starkem t\u00e4glichem Gebrauch nicht rei\u00dft oder abbl\u00e4ttert.<\/p>\n<h2>H\u00e4ufig gestellte Fragen zum Micter Leather Repair Kit<\/h2>\n<p>Ich wei\u00df, dass ein DIY-Restaurationsprojekt etwas technisch wirken kann, deshalb habe ich die h\u00e4ufigsten Fragen beantwortet, die ich von Kunden zu meinem\u00a0<strong>Lederreparaturset<\/strong>\u00a0erhalte, um sicherzustellen, dass Sie professionelle Ergebnisse erzielen.<\/p>\n<h3>Wie erreiche ich eine perfekte Farbabstimmung?<\/h3>\n<p>Ich biete mit jedem\u00a0<strong>Lederreparatur-Set<\/strong>. eine umfassende Farbmischanleitung an. Indem Sie mit der Basisfarbe beginnen, die Ihrem Artikel am n\u00e4chsten kommt, und winzige Mengen der mischbaren Farbt\u00f6ne hinzuf\u00fcgen, k\u00f6nnen Sie jeden Farbton nachbilden. Ich empfehle immer, Ihre individuelle Mischung an einer versteckten Stelle oder dem mitgelieferten \u00dcbungsst\u00fcck zu testen, bevor Sie sie auf die Hauptoberfl\u00e4che auftragen.<\/p>\n<h3>Erfordert dieses Kit hitzeaktivierte Verbindungen?<\/h3>\n<p>Nein. Ich habe dieses Produkt ausdr\u00fccklich so formuliert\u00a0<strong>Leder M\u00f6bel Reparaturset<\/strong>\u00a0zu einer lufttrocknenden L\u00f6sung. Im Gegensatz zu \u00e4lteren Methoden, die ein gef\u00e4hrliches Heizelement oder B\u00fcgeleisen erfordern, h\u00e4rten mein\u00a0<strong>Lederloch-F\u00fcllstoff<\/strong>\u00a0und Farbstoffe bei Raumtemperatur nat\u00fcrlich aus. Dies macht den Vorgang sicherer f\u00fcr Ihre M\u00f6bel und viel einfacher f\u00fcr Anf\u00e4nger zu beherrschen.<\/p>\n<h3>Wie lange wird die Reparatur tats\u00e4chlich halten?<\/h3>\n<p>Ich habe diese Materialien f\u00fcr langfristige\u00a0<strong>Reparaturhaltbarkeit<\/strong>. Sobald die Verbindung vollst\u00e4ndig ausgeh\u00e4rtet ist, bleibt sie flexibel und bewegt sich mit dem Leder. Sie wird bei normalem Gebrauch nicht rei\u00dfen oder abbl\u00e4ttern. F\u00fcr diejenigen, die mit enormen strukturellen Sch\u00e4den zu tun haben, die mehr ben\u00f6tigen als eine fl\u00fcssige L\u00f6sung, k\u00f6nnten Sie einen\u00a0<a href=\"https:\/\/micterleather.com\/de\/produkt\/leather-repair-patch\/self-adhesive-faux-leather\/\">selbstklebenden Kunstleder-Patch<\/a>\u00a0f\u00fcr eine schnelle, hochfestere Verst\u00e4rkung verwenden.<\/p>\n<h3>G\u00e4ngige Bedenken und schnelle Tipps<\/h3>\n<ul>\n<li><strong>Trockenzeit:<\/strong>\u00a0Obwohl sie nach etwa 30 Minuten oberfl\u00e4chlich trocken ist, empfehle ich, die\u00a0<strong>Lederreparaturset<\/strong>\u00a0Komponenten 24 Stunden aush\u00e4rten zu lassen, bevor sie stark benutzt werden.<\/li>\n<li><strong>Finish-Typ:<\/strong>\u00a0Meine T\u00f6nungen trocknen auf ein standardm\u00e4\u00dfiges Satin-Finish. Wenn Ihr Leder au\u00dfergew\u00f6hnlich matt oder gl\u00e4nzend ist, k\u00f6nnen Sie den Glanz durch das Auftragen eines Leder-Finishes nach der Trocknung der Farbe anpassen.<\/li>\n<li><strong>Gro\u00dfe L\u00f6cher:<\/strong>\u00a0Wenn Sie ein Loch gr\u00f6\u00dfer als 2 Zoll haben, verwenden Sie immer den beigef\u00fcgten Unterpatch-Stoff. Er bildet die \u201cBodenplatte\u201d f\u00fcr den F\u00fcllstoff, damit die Reparatur im Laufe der Zeit nicht absinkt.<\/li>\n<li><strong>Saubere Oberfl\u00e4chen:<\/strong>\u00a0Das Geheimnis einer dauerhaften Haftung ist eine saubere Oberfl\u00e4che. Verwenden Sie immer einen nicht \u00f6lhaltigen Reiniger, um Schmutz und Haut\u00f6le zu entfernen, bevor Sie mit dem Prozess beginnen.<\/li>\n<\/ul>","protected":false},"excerpt":{"rendered":"<h4>Produktbeschreibung:<\/h4>\n<p class=\"description\"><span class=\"a-text-italic\">Anwendungshinweise:<\/span><\/p>\n<p class=\"description\">1. Die Zielstelle reinigen und entfetten<\/p>\n<p class=\"description\">2. Das Ledergel mit einem Stift, Schwamm oder Tuch auftragen und gleichm\u00e4\u00dfig verteilen<\/p>\n<p class=\"description\">3. Nat\u00fcrlich trocknen lassen oder mit einem Haartrockner trocknen<\/p>\n<p class=\"description\">4. Normalerweise ben\u00f6tigen Sie 5, um den Bedarf Ihrer Familie zu decken<\/p>\n<p class=\"description\"><span class=\"a-text-italic\">Spezifikation:<\/span><\/p>\n<p class=\"description\">Gewicht: 20 g<\/p>","protected":false},"featured_media":3640,"template":"","meta":{"_uag_custom_page_level_css":"","site-sidebar-layout":"default","site-content-layout":"","ast-site-content-layout":"default","site-content-style":"default","site-sidebar-style":"default","ast-global-header-display":"","ast-banner-title-visibility":"","ast-main-header-display":"","ast-hfb-above-header-display":"","ast-hfb-below-header-display":"","ast-hfb-mobile-header-display":"","site-post-title":"","ast-breadcrumbs-content":"","ast-featured-img":"","footer-sml-layout":"","ast-disable-related-posts":"","theme-transparent-header-meta":"default","adv-header-id-meta":"","stick-header-meta":"","header-above-stick-meta":"","header-main-stick-meta":"","header-below-stick-meta":"","astra-migrate-meta-layouts":"set","ast-page-background-enabled":"default","ast-page-background-meta":{"desktop":{"background-color":"","background-image":"","background-repeat":"repeat","background-position":"center center","background-size":"auto","background-attachment":"scroll","background-type":"","background-media":"","overlay-type":"","overlay-color":"","overlay-opacity":"","overlay-gradient":""},"tablet":{"background-color":"","background-image":"","background-repeat":"repeat","background-position":"center center","background-size":"auto","background-attachment":"scroll","background-type":"","background-media":"","overlay-type":"","overlay-color":"","overlay-opacity":"","overlay-gradient":""},"mobile":{"background-color":"","background-image":"","background-repeat":"repeat","background-position":"center center","background-size":"auto","background-attachment":"scroll","background-type":"","background-media":"","overlay-type":"","overlay-color":"","overlay-opacity":"","overlay-gradient":""}},"ast-content-background-meta":{"desktop":{"background-color":"var(--ast-global-color-5)","background-image":"","background-repeat":"repeat","background-position":"center center","background-size":"auto","background-attachment":"scroll","background-type":"","background-media":"","overlay-type":"","overlay-color":"","overlay-opacity":"","overlay-gradient":""},"tablet":{"background-color":"var(--ast-global-color-5)","background-image":"","background-repeat":"repeat","background-position":"center center","background-size":"auto","background-attachment":"scroll","background-type":"","background-media":"","overlay-type":"","overlay-color":"","overlay-opacity":"","overlay-gradient":""},"mobile":{"background-color":"var(--ast-global-color-5)","background-image":"","background-repeat":"repeat","background-position":"center center","background-size":"auto","background-attachment":"scroll","background-type":"","background-media":"","overlay-type":"","overlay-color":"","overlay-opacity":"","overlay-gradient":""}}},"product_brand":[],"product_cat":[256],"product_tag":[],"class_list":{"0":"post-3638","1":"product","2":"type-product","3":"status-publish","4":"has-post-thumbnail","6":"product_cat-repair-accessories","7":"desktop-align-left","8":"tablet-align-left","9":"mobile-align-left","11":"first","12":"instock","13":"sale","14":"shipping-taxable","15":"purchasable","16":"product-type-simple"},"uagb_featured_image_src":{"full":["https:\/\/micterleather.com\/wp-content\/uploads\/2025\/08\/Leather-Repair-Gel-1.webp",900,900,false],"thumbnail":["https:\/\/micterleather.com\/wp-content\/uploads\/2025\/08\/Leather-Repair-Gel-1-150x150.webp",150,150,true],"medium":["https:\/\/micterleather.com\/wp-content\/uploads\/2025\/08\/Leather-Repair-Gel-1-300x300.webp",300,300,true],"medium_large":["https:\/\/micterleather.com\/wp-content\/uploads\/2025\/08\/Leather-Repair-Gel-1-768x768.webp",768,768,true],"large":["https:\/\/micterleather.com\/wp-content\/uploads\/2025\/08\/Leather-Repair-Gel-1.webp",900,900,false],"1536x1536":["https:\/\/micterleather.com\/wp-content\/uploads\/2025\/08\/Leather-Repair-Gel-1.webp",900,900,false],"2048x2048":["https:\/\/micterleather.com\/wp-content\/uploads\/2025\/08\/Leather-Repair-Gel-1.webp",900,900,false],"trp-custom-language-flag":["https:\/\/micterleather.com\/wp-content\/uploads\/2025\/08\/Leather-Repair-Gel-1.webp",12,12,false],"woocommerce_thumbnail":["https:\/\/micterleather.com\/wp-content\/uploads\/2025\/08\/Leather-Repair-Gel-1-300x300.webp",300,300,true],"woocommerce_single":["https:\/\/micterleather.com\/wp-content\/uploads\/2025\/08\/Leather-Repair-Gel-1-600x600.webp",600,600,true],"woocommerce_gallery_thumbnail":["https:\/\/micterleather.com\/wp-content\/uploads\/2025\/08\/Leather-Repair-Gel-1-100x100.webp",100,100,true]},"uagb_author_info":{"display_name":"micter","author_link":"https:\/\/micterleather.com\/de\/author\/"},"uagb_comment_info":0,"uagb_excerpt":"Product Description: How To Use: 1. Clean and degrease the target area 2. Apply the leather gel with a pencil, sponge or towel and spread it evenly 3. Let it dry naturally or use a hair dryer 4. Normally You Need 5 To Meet Your Family Needs Specification: Weight: 20g","_links":{"self":[{"href":"https:\/\/micterleather.com\/de\/wp-json\/wp\/v2\/product\/3638","targetHints":{"allow":["GET"]}}],"collection":[{"href":"https:\/\/micterleather.com\/de\/wp-json\/wp\/v2\/product"}],"about":[{"href":"https:\/\/micterleather.com\/de\/wp-json\/wp\/v2\/types\/product"}],"wp:featuredmedia":[{"embeddable":true,"href":"https:\/\/micterleather.com\/de\/wp-json\/wp\/v2\/media\/3640"}],"wp:attachment":[{"href":"https:\/\/micterleather.com\/de\/wp-json\/wp\/v2\/media?parent=3638"}],"wp:term":[{"taxonomy":"product_brand","embeddable":true,"href":"https:\/\/micterleather.com\/de\/wp-json\/wp\/v2\/product_brand?post=3638"},{"taxonomy":"product_cat","embeddable":true,"href":"https:\/\/micterleather.com\/de\/wp-json\/wp\/v2\/product_cat?post=3638"},{"taxonomy":"product_tag","embeddable":true,"href":"https:\/\/micterleather.com\/de\/wp-json\/wp\/v2\/product_tag?post=3638"}],"curies":[{"name":"wp","href":"https:\/\/api.w.org\/{rel}","templated":true}]}}