{"id":3527,"date":"2025-07-12T07:46:26","date_gmt":"2025-07-12T07:46:26","guid":{"rendered":"https:\/\/micterleather.com\/?post_type=product&#038;p=3527"},"modified":"2025-08-19T12:02:18","modified_gmt":"2025-08-19T12:02:18","slug":"awning-repair-tape-for-tarp","status":"publish","type":"product","link":"https:\/\/micterleather.com\/de\/produkt\/repair-accessories\/awning-repair-tape-for-tarp\/","title":{"rendered":"Ausfachungsreparaturband f\u00fcr Planen"},"content":{"rendered":"<h3>Produktbeschreibung:<\/h3>\n<p class=\"my-0\"><strong>Schnelle Markisenreparatur:<\/strong>\u00a0Spezialentwickelt zum Fixieren von Outdoor-Markisen, Bootskapellen, Segeln, Planen und \u00dcberdachungen. Dieses wei\u00dfe Reparaturband besteht aus einem wasserdichten, hitzebest\u00e4ndigen und wetterfesten Verbundstoff, wodurch es eine zuverl\u00e4ssige Erg\u00e4nzung zu Ihrer Campingausr\u00fcstung f\u00fcr schnelle Reparaturen ist.<\/p>\n<p class=\"my-0\"><strong>Ultra-starker Klebstoff:<\/strong>\u00a0Das Band haftet gut auf einer Vielzahl von Oberfl\u00e4chen, einschlie\u00dflich Leinwand, Stoff, Nylon, Leder, Metall, Holz, Kunststoff, Glas und Vinyl. Seine Klebekraft nimmt mit der Zeit zu und bei w\u00e4rmerem Wetter. F\u00fcr beste Ergebnisse unter kalten Bedingungen verwenden Sie w\u00e4hrend der Anwendung einen F\u00f6hn, um Hitze zu erzeugen. Geeignet f\u00fcr jedes Wetter \u2013 Regen, Schnee, Wind, Sonne oder W\u00fcste.<\/p>\n<p class=\"my-0\"><strong>Wasserfeste Aluminiumfolienoberfl\u00e4che:<\/strong>\u00a0Die Oberfl\u00e4che des Bandes ist wasserdicht, verschlei\u00dffest, korrosionsbest\u00e4ndig, schalld\u00e4mpfend, UV-best\u00e4ndig und w\u00e4rmeisolierend. Es kann auch zur Isolierung, Abdichtung und zum Schutz vor Verbr\u00fchungen an Geb\u00e4uden, Klimaanlagen und Ger\u00e4ten verwendet werden.<\/p>\n<p class=\"my-0\"><strong>Gro\u00dfz\u00fcgige Gr\u00f6\u00dfe:<\/strong>\u00a0Jede Rolle misst 3 Zoll mal 25 Fu\u00df und bietet ausreichend Breite und L\u00e4nge, um Risse und L\u00f6cher schnell zu reparieren.<\/p>\n<p class=\"my-0\"><strong>Einschr\u00e4nkungen:<\/strong>\u00a0Bitte beachten Sie, dass dieses Band nicht f\u00fcr Reparaturen unter Wasser geeignet ist.<\/p>","protected":false},"excerpt":{"rendered":"<h3>Produktinformationen:<\/h3>\n<p>Farbe: Wei\u00df<br \/>\nMaterial: Aluminium<br \/>\nAnzahl der Artikel: 1<br \/>\nSpezielle Eigenschaft: Stark<br \/>\nPaketabmessungen \u200f : \u200e 4.02 x 3.9 x 2.95 Zoll; 8.47 Unzen<\/p>\n<h3><\/h3>","protected":false},"featured_media":3528,"template":"","meta":{"_uag_custom_page_level_css":"","site-sidebar-layout":"default","site-content-layout":"","ast-site-content-layout":"default","site-content-style":"default","site-sidebar-style":"default","ast-global-header-display":"","ast-banner-title-visibility":"","ast-main-header-display":"","ast-hfb-above-header-display":"","ast-hfb-below-header-display":"","ast-hfb-mobile-header-display":"","site-post-title":"","ast-breadcrumbs-content":"","ast-featured-img":"","footer-sml-layout":"","ast-disable-related-posts":"","theme-transparent-header-meta":"default","adv-header-id-meta":"","stick-header-meta":"","header-above-stick-meta":"","header-main-stick-meta":"","header-below-stick-meta":"","astra-migrate-meta-layouts":"set","ast-page-background-enabled":"default","ast-page-background-meta":{"desktop":{"background-color":"","background-image":"","background-repeat":"repeat","background-position":"center center","background-size":"auto","background-attachment":"scroll","background-type":"","background-media":"","overlay-type":"","overlay-color":"","overlay-opacity":"","overlay-gradient":""},"tablet":{"background-color":"","background-image":"","background-repeat":"repeat","background-position":"center center","background-size":"auto","background-attachment":"scroll","background-type":"","background-media":"","overlay-type":"","overlay-color":"","overlay-opacity":"","overlay-gradient":""},"mobile":{"background-color":"","background-image":"","background-repeat":"repeat","background-position":"center center","background-size":"auto","background-attachment":"scroll","background-type":"","background-media":"","overlay-type":"","overlay-color":"","overlay-opacity":"","overlay-gradient":""}},"ast-content-background-meta":{"desktop":{"background-color":"var(--ast-global-color-5)","background-image":"","background-repeat":"repeat","background-position":"center center","background-size":"auto","background-attachment":"scroll","background-type":"","background-media":"","overlay-type":"","overlay-color":"","overlay-opacity":"","overlay-gradient":""},"tablet":{"background-color":"var(--ast-global-color-5)","background-image":"","background-repeat":"repeat","background-position":"center center","background-size":"auto","background-attachment":"scroll","background-type":"","background-media":"","overlay-type":"","overlay-color":"","overlay-opacity":"","overlay-gradient":""},"mobile":{"background-color":"var(--ast-global-color-5)","background-image":"","background-repeat":"repeat","background-position":"center center","background-size":"auto","background-attachment":"scroll","background-type":"","background-media":"","overlay-type":"","overlay-color":"","overlay-opacity":"","overlay-gradient":""}}},"product_brand":[],"product_cat":[256],"product_tag":[],"class_list":{"0":"post-3527","1":"product","2":"type-product","3":"status-publish","4":"has-post-thumbnail","6":"product_cat-repair-accessories","7":"desktop-align-left","8":"tablet-align-left","9":"mobile-align-left","11":"first","12":"instock","13":"sale","14":"shipping-taxable","15":"purchasable","16":"product-type-simple"},"uagb_featured_image_src":{"full":["https:\/\/micterleather.com\/wp-content\/uploads\/2025\/07\/Awning-Repair-Tape-for-Tarp.jpg",522,522,false],"thumbnail":["https:\/\/micterleather.com\/wp-content\/uploads\/2025\/07\/Awning-Repair-Tape-for-Tarp-150x150.jpg",150,150,true],"medium":["https:\/\/micterleather.com\/wp-content\/uploads\/2025\/07\/Awning-Repair-Tape-for-Tarp-300x300.jpg",300,300,true],"medium_large":["https:\/\/micterleather.com\/wp-content\/uploads\/2025\/07\/Awning-Repair-Tape-for-Tarp.jpg",522,522,false],"large":["https:\/\/micterleather.com\/wp-content\/uploads\/2025\/07\/Awning-Repair-Tape-for-Tarp.jpg",522,522,false],"1536x1536":["https:\/\/micterleather.com\/wp-content\/uploads\/2025\/07\/Awning-Repair-Tape-for-Tarp.jpg",522,522,false],"2048x2048":["https:\/\/micterleather.com\/wp-content\/uploads\/2025\/07\/Awning-Repair-Tape-for-Tarp.jpg",522,522,false],"trp-custom-language-flag":["https:\/\/micterleather.com\/wp-content\/uploads\/2025\/07\/Awning-Repair-Tape-for-Tarp.jpg",12,12,false],"woocommerce_thumbnail":["https:\/\/micterleather.com\/wp-content\/uploads\/2025\/07\/Awning-Repair-Tape-for-Tarp-300x300.jpg",300,300,true],"woocommerce_single":["https:\/\/micterleather.com\/wp-content\/uploads\/2025\/07\/Awning-Repair-Tape-for-Tarp.jpg",522,522,false],"woocommerce_gallery_thumbnail":["https:\/\/micterleather.com\/wp-content\/uploads\/2025\/07\/Awning-Repair-Tape-for-Tarp-100x100.jpg",100,100,true]},"uagb_author_info":{"display_name":"micter","author_link":"https:\/\/micterleather.com\/de\/author\/"},"uagb_comment_info":0,"uagb_excerpt":"Product Information: Color: White Material: Aluminum Number of Items: 1 Special Feature: Strong Package Dimensions \u200f : \u200e 4.02 x 3.9 x 2.95 inches; 8.47 ounces","_links":{"self":[{"href":"https:\/\/micterleather.com\/de\/wp-json\/wp\/v2\/product\/3527","targetHints":{"allow":["GET"]}}],"collection":[{"href":"https:\/\/micterleather.com\/de\/wp-json\/wp\/v2\/product"}],"about":[{"href":"https:\/\/micterleather.com\/de\/wp-json\/wp\/v2\/types\/product"}],"wp:featuredmedia":[{"embeddable":true,"href":"https:\/\/micterleather.com\/de\/wp-json\/wp\/v2\/media\/3528"}],"wp:attachment":[{"href":"https:\/\/micterleather.com\/de\/wp-json\/wp\/v2\/media?parent=3527"}],"wp:term":[{"taxonomy":"product_brand","embeddable":true,"href":"https:\/\/micterleather.com\/de\/wp-json\/wp\/v2\/product_brand?post=3527"},{"taxonomy":"product_cat","embeddable":true,"href":"https:\/\/micterleather.com\/de\/wp-json\/wp\/v2\/product_cat?post=3527"},{"taxonomy":"product_tag","embeddable":true,"href":"https:\/\/micterleather.com\/de\/wp-json\/wp\/v2\/product_tag?post=3527"}],"curies":[{"name":"wp","href":"https:\/\/api.w.org\/{rel}","templated":true}]}}