{"id":3505,"date":"2025-07-12T03:55:16","date_gmt":"2025-07-12T03:55:16","guid":{"rendered":"https:\/\/micterleather.com\/?post_type=product&#038;p=3505"},"modified":"2025-08-19T12:02:30","modified_gmt":"2025-08-19T12:02:30","slug":"3pcs-leather-repair-gel","status":"publish","type":"product","link":"https:\/\/micterleather.com\/de\/produkt\/repair-accessories\/3pcs-leather-repair-gel\/","title":{"rendered":"3er-set Lederreparatur-Gel"},"content":{"rendered":"<h4>Produktbeschreibung:<\/h4>\n<ul>\n<li class=\"my-0\"><strong>Hochwertige Materialien:<\/strong>\u00a0Hergestellt mit einem Premium, ultra-schnell aush\u00e4rtenden Fl\u00fcssigklebstoff, der Lederoberfl\u00e4chen n\u00e4hrt, ohne Schaden zu verursachen. Dieses M\u00f6bel-Lederreparaturset bietet starke Haftung und vollst\u00e4ndigen Schutz und stellt das urspr\u00fcngliche Aussehen des Leders effektiv wieder her.<\/li>\n<li class=\"my-0\"><strong>Fortschrittliches Lederreparatur-Gel:<\/strong>\u00a0Daf\u00fcr konzipiert, Kratzer, Risse, Risse, Brandl\u00f6cher und Spalten auf Leder, Kunstleder, M\u00f6beln und Sofas m\u00fchelos zu reparieren und sie wieder in einen neuwertigen Zustand zu versetzen.<\/li>\n<li class=\"my-0\"><strong>Leder-Sofa-Reparaturset:<\/strong>\u00a0Eine praktische DIY-L\u00f6sung zur Reparatur von Kratzern oder Rissen an Ledersofas und -sesseln. Erzielen Sie schnell und einfach eine professionell aussehende Oberfl\u00e4che und machen Sie den Restaurationsprozess einfach und effektiv f\u00fcr makellose Ergebnisse.<\/li>\n<li class=\"my-0\"><strong>Einfach zu verwenden:<\/strong>\u00a0Einfach den besch\u00e4digten Bereich reinigen, die passende Farbe ausw\u00e4hlen, das Reparaturgel auftragen, \u00fcbersch\u00fcssiges entfernen und trocknen lassen. Es sind keine besonderen F\u00e4higkeiten erforderlich, um eine nahtlose Wiederherstellung zu erreichen.<\/li>\n<li class=\"my-0\"><strong>Breite Anwendungen:<\/strong>\u00a0Perfekt zum Reparieren und Aufwerten aller lederbezogenen Gegenst\u00e4nde wie Autositze, Sofas, St\u00fchle, Handtaschen, Schuhe, G\u00fcrtel und mehr. Dieses Leder-Sitz-Reparaturset eignet sich ideal, um abgenutztes Leder wieder zum Leben zu erwecken und Ihre Gegenst\u00e4nde wieder neu und stilvoll aussehen zu lassen.<\/li>\n<\/ul>","protected":false},"excerpt":{"rendered":"<h4>Produktinformationen:<\/h4>\n<table id=\"productDetails_techSpec_section_1\" class=\"a-keyvalue prodDetTable\">\n<tbody>\n<tr>\n<th class=\"a-color-secondary a-size-base prodDetSectionEntry\">Gewicht des Artikels<\/th>\n<td class=\"a-size-base prodDetAttrValue\">\u200e3,2 Unzen<\/td>\n<\/tr>\n<tr>\n<th class=\"a-color-secondary a-size-base prodDetSectionEntry\">Paketabmessungen<\/th>\n<td class=\"a-size-base prodDetAttrValue\">\u200e6,57 x 4,09 x 1,14 Zoll<\/td>\n<\/tr>\n<\/tbody>\n<\/table>","protected":false},"featured_media":3506,"template":"","meta":{"_uag_custom_page_level_css":"","site-sidebar-layout":"default","site-content-layout":"","ast-site-content-layout":"default","site-content-style":"default","site-sidebar-style":"default","ast-global-header-display":"","ast-banner-title-visibility":"","ast-main-header-display":"","ast-hfb-above-header-display":"","ast-hfb-below-header-display":"","ast-hfb-mobile-header-display":"","site-post-title":"","ast-breadcrumbs-content":"","ast-featured-img":"","footer-sml-layout":"","ast-disable-related-posts":"","theme-transparent-header-meta":"default","adv-header-id-meta":"","stick-header-meta":"","header-above-stick-meta":"","header-main-stick-meta":"","header-below-stick-meta":"","astra-migrate-meta-layouts":"set","ast-page-background-enabled":"default","ast-page-background-meta":{"desktop":{"background-color":"","background-image":"","background-repeat":"repeat","background-position":"center center","background-size":"auto","background-attachment":"scroll","background-type":"","background-media":"","overlay-type":"","overlay-color":"","overlay-opacity":"","overlay-gradient":""},"tablet":{"background-color":"","background-image":"","background-repeat":"repeat","background-position":"center center","background-size":"auto","background-attachment":"scroll","background-type":"","background-media":"","overlay-type":"","overlay-color":"","overlay-opacity":"","overlay-gradient":""},"mobile":{"background-color":"","background-image":"","background-repeat":"repeat","background-position":"center center","background-size":"auto","background-attachment":"scroll","background-type":"","background-media":"","overlay-type":"","overlay-color":"","overlay-opacity":"","overlay-gradient":""}},"ast-content-background-meta":{"desktop":{"background-color":"var(--ast-global-color-5)","background-image":"","background-repeat":"repeat","background-position":"center center","background-size":"auto","background-attachment":"scroll","background-type":"","background-media":"","overlay-type":"","overlay-color":"","overlay-opacity":"","overlay-gradient":""},"tablet":{"background-color":"var(--ast-global-color-5)","background-image":"","background-repeat":"repeat","background-position":"center center","background-size":"auto","background-attachment":"scroll","background-type":"","background-media":"","overlay-type":"","overlay-color":"","overlay-opacity":"","overlay-gradient":""},"mobile":{"background-color":"var(--ast-global-color-5)","background-image":"","background-repeat":"repeat","background-position":"center center","background-size":"auto","background-attachment":"scroll","background-type":"","background-media":"","overlay-type":"","overlay-color":"","overlay-opacity":"","overlay-gradient":""}}},"product_brand":[],"product_cat":[256],"product_tag":[],"class_list":{"0":"post-3505","1":"product","2":"type-product","3":"status-publish","4":"has-post-thumbnail","6":"product_cat-repair-accessories","7":"desktop-align-left","8":"tablet-align-left","9":"mobile-align-left","11":"first","12":"instock","13":"sale","14":"shipping-taxable","15":"purchasable","16":"product-type-simple"},"uagb_featured_image_src":{"full":["https:\/\/micterleather.com\/wp-content\/uploads\/2025\/07\/3pcs-Leather-Repair-Gel.jpg",466,463,false],"thumbnail":["https:\/\/micterleather.com\/wp-content\/uploads\/2025\/07\/3pcs-Leather-Repair-Gel-150x150.jpg",150,150,true],"medium":["https:\/\/micterleather.com\/wp-content\/uploads\/2025\/07\/3pcs-Leather-Repair-Gel-300x298.jpg",300,298,true],"medium_large":["https:\/\/micterleather.com\/wp-content\/uploads\/2025\/07\/3pcs-Leather-Repair-Gel.jpg",466,463,false],"large":["https:\/\/micterleather.com\/wp-content\/uploads\/2025\/07\/3pcs-Leather-Repair-Gel.jpg",466,463,false],"1536x1536":["https:\/\/micterleather.com\/wp-content\/uploads\/2025\/07\/3pcs-Leather-Repair-Gel.jpg",466,463,false],"2048x2048":["https:\/\/micterleather.com\/wp-content\/uploads\/2025\/07\/3pcs-Leather-Repair-Gel.jpg",466,463,false],"trp-custom-language-flag":["https:\/\/micterleather.com\/wp-content\/uploads\/2025\/07\/3pcs-Leather-Repair-Gel.jpg",12,12,false],"woocommerce_thumbnail":["https:\/\/micterleather.com\/wp-content\/uploads\/2025\/07\/3pcs-Leather-Repair-Gel-300x300.jpg",300,300,true],"woocommerce_single":["https:\/\/micterleather.com\/wp-content\/uploads\/2025\/07\/3pcs-Leather-Repair-Gel.jpg",466,463,false],"woocommerce_gallery_thumbnail":["https:\/\/micterleather.com\/wp-content\/uploads\/2025\/07\/3pcs-Leather-Repair-Gel-100x100.jpg",100,100,true]},"uagb_author_info":{"display_name":"micter","author_link":"https:\/\/micterleather.com\/de\/author\/"},"uagb_comment_info":0,"uagb_excerpt":"Product Information: Item Weight \u200e3.2 ounces Package Dimensions \u200e6.57 x 4.09 x 1.14 inches","_links":{"self":[{"href":"https:\/\/micterleather.com\/de\/wp-json\/wp\/v2\/product\/3505","targetHints":{"allow":["GET"]}}],"collection":[{"href":"https:\/\/micterleather.com\/de\/wp-json\/wp\/v2\/product"}],"about":[{"href":"https:\/\/micterleather.com\/de\/wp-json\/wp\/v2\/types\/product"}],"wp:featuredmedia":[{"embeddable":true,"href":"https:\/\/micterleather.com\/de\/wp-json\/wp\/v2\/media\/3506"}],"wp:attachment":[{"href":"https:\/\/micterleather.com\/de\/wp-json\/wp\/v2\/media?parent=3505"}],"wp:term":[{"taxonomy":"product_brand","embeddable":true,"href":"https:\/\/micterleather.com\/de\/wp-json\/wp\/v2\/product_brand?post=3505"},{"taxonomy":"product_cat","embeddable":true,"href":"https:\/\/micterleather.com\/de\/wp-json\/wp\/v2\/product_cat?post=3505"},{"taxonomy":"product_tag","embeddable":true,"href":"https:\/\/micterleather.com\/de\/wp-json\/wp\/v2\/product_tag?post=3505"}],"curies":[{"name":"wp","href":"https:\/\/api.w.org\/{rel}","templated":true}]}}