{"id":2659,"date":"2025-07-30T04:11:01","date_gmt":"2025-07-30T04:11:01","guid":{"rendered":"https:\/\/micterleather.com\/?post_type=product&#038;p=2659"},"modified":"2025-08-28T12:34:03","modified_gmt":"2025-08-28T12:34:03","slug":"self-adhesive-leather-patches-4pcs","status":"publish","type":"product","link":"https:\/\/micterleather.com\/de\/produkt\/leather-repair-patch\/self-adhesive-leather-patches-4pcs\/","title":{"rendered":"Selbstklebende Leder-Patches 4 St\u00fcck 20\u00d728cm"},"content":{"rendered":"<h4>Produktbeschreibung:<\/h4>\n<ul>\n<li class=\"my-0\"><strong>Hochwertige Lederreparatur:<\/strong><br \/>\nHergestellt aus hochwertigem Kunstleder, verf\u00fcgen diese Reparaturaufn\u00e4her \u00fcber klassische Muster und Farben. Die Oberfl\u00e4che ist glatt, wasserdicht, leicht zu reinigen und darauf ausgelegt, verschlei\u00df- und kratzfest sowie langlebig zu sein \u2013 um sicherzustellen, dass Ihre Reparaturen dem Test der Zeit standhalten.<\/li>\n<li class=\"my-0\"><strong>Au\u00dfergew\u00f6hnliche Haftung:<\/strong><br \/>\nMit einem professionellen R\u00fccken gestaltet, bietet das selbstklebende Leder-Reparaturband eine starke und zuverl\u00e4ssige Haftung. Sie k\u00f6nnen darauf vertrauen, dass der Aufn\u00e4her nach dem Anbringen fest an Ort und Stelle bleibt, ohne zu peelen oder sich nach dem Gebrauch zu l\u00f6sen.<\/li>\n<li class=\"my-0\"><strong>Vielseitige Reparaturl\u00f6sung:<\/strong><br \/>\nJedes Set enth\u00e4lt vier Lederreparaturaufn\u00e4her in 7,8 x 11 Zoll, ideal zum Beheben verschiedener Sch\u00e4den \u2013 Risse, Kratzer, L\u00f6cher und Verf\u00e4rbungen \u2013 an Leder- und Vinylgegenst\u00e4nden. Geeignet zur Reparatur von Autositzen, M\u00f6beln, Sofas, Couches, Handtaschen, Jacken und mehr; diese Aufn\u00e4her verleihen Ihren Gegenst\u00e4nden ein wie neues Aussehen.<\/li>\n<li class=\"my-0\"><strong>Einfache Anwendung:<\/strong><br \/>\nF\u00fcr die Reparatur werden keine speziellen Werkzeuge oder F\u00e4higkeiten ben\u00f6tigt. Nur die Zieloberfl\u00e4che reinigen, den Aufn\u00e4her auf die gew\u00fcnschte Gr\u00f6\u00dfe und Form zuschneiden, die Tr\u00e4gerfolie abziehen und auf den besch\u00e4digten Bereich auftragen. Es ist eine schnelle, kosteng\u00fcnstige Methode, um Lederwaren zu restaurieren und deren Lebensdauer zu verl\u00e4ngern.<\/li>\n<li class=\"my-0\"><strong>Professionelle Unterst\u00fctzung:<\/strong><br \/>\nJeder Kauf wird durch eine sorgenfreie Garantie und eine Geld-zur\u00fcck-Garantie abgesichert. Hinweis: Aufgrund von Licht- und Displayunterschieden k\u00f6nnen die tats\u00e4chlichen Farben leicht von den dargestellten abweichen. Wenn Sie unsicher bei der Farbauswahl sind, senden Sie uns einfach ein Foto f\u00fcr pers\u00f6nliche Beratung. Z\u00f6gern Sie nicht, uns bei Fragen oder Bedenken zu kontaktieren \u2013 wir helfen Ihnen gerne!<\/li>\n<\/ul>\n<p><img loading=\"lazy\" decoding=\"async\" class=\"alignnone wp-image-2816\" src=\"https:\/\/micterleather.com\/wp-content\/uploads\/2025\/07\/Self-Adhesive_Leather_Patches_A_2-300x186.webp\" alt=\"\" width=\"1079\" height=\"669\" srcset=\"https:\/\/micterleather.com\/wp-content\/uploads\/2025\/07\/Self-Adhesive_Leather_Patches_A_2-300x186.webp 300w, https:\/\/micterleather.com\/wp-content\/uploads\/2025\/07\/Self-Adhesive_Leather_Patches_A_2-768x475.webp 768w, https:\/\/micterleather.com\/wp-content\/uploads\/2025\/07\/Self-Adhesive_Leather_Patches_A_2-600x371.webp 600w, https:\/\/micterleather.com\/wp-content\/uploads\/2025\/07\/Self-Adhesive_Leather_Patches_A_2.webp 970w\" sizes=\"auto, (max-width: 1079px) 100vw, 1079px\" \/> <img loading=\"lazy\" decoding=\"async\" class=\"alignnone wp-image-2817\" src=\"https:\/\/micterleather.com\/wp-content\/uploads\/2025\/07\/Self-Adhesive_Leather_Patches_A_3-300x186.webp\" alt=\"\" width=\"1080\" height=\"670\" srcset=\"https:\/\/micterleather.com\/wp-content\/uploads\/2025\/07\/Self-Adhesive_Leather_Patches_A_3-300x186.webp 300w, https:\/\/micterleather.com\/wp-content\/uploads\/2025\/07\/Self-Adhesive_Leather_Patches_A_3-768x475.webp 768w, https:\/\/micterleather.com\/wp-content\/uploads\/2025\/07\/Self-Adhesive_Leather_Patches_A_3-600x371.webp 600w\" sizes=\"auto, (max-width: 1080px) 100vw, 1080px\" \/> <img loading=\"lazy\" decoding=\"async\" class=\"alignnone wp-image-2818\" src=\"https:\/\/micterleather.com\/wp-content\/uploads\/2025\/07\/Self-Adhesive_Leather_Patches_A_4-300x186.webp\" alt=\"\" width=\"1079\" height=\"669\" srcset=\"https:\/\/micterleather.com\/wp-content\/uploads\/2025\/07\/Self-Adhesive_Leather_Patches_A_4-300x186.webp 300w, https:\/\/micterleather.com\/wp-content\/uploads\/2025\/07\/Self-Adhesive_Leather_Patches_A_4-768x475.webp 768w, https:\/\/micterleather.com\/wp-content\/uploads\/2025\/07\/Self-Adhesive_Leather_Patches_A_4-600x371.webp 600w, https:\/\/micterleather.com\/wp-content\/uploads\/2025\/07\/Self-Adhesive_Leather_Patches_A_4.webp 970w\" sizes=\"auto, (max-width: 1079px) 100vw, 1079px\" \/> <img loading=\"lazy\" decoding=\"async\" class=\"alignnone wp-image-2819\" src=\"https:\/\/micterleather.com\/wp-content\/uploads\/2025\/07\/Self-Adhesive_Leather_Patches_A_5.webp\" alt=\"\" width=\"260\" height=\"260\" srcset=\"https:\/\/micterleather.com\/wp-content\/uploads\/2025\/07\/Self-Adhesive_Leather_Patches_A_5.webp 220w, https:\/\/micterleather.com\/wp-content\/uploads\/2025\/07\/Self-Adhesive_Leather_Patches_A_5-150x150.webp 150w, https:\/\/micterleather.com\/wp-content\/uploads\/2025\/07\/Self-Adhesive_Leather_Patches_A_5-100x100.webp 100w\" sizes=\"auto, (max-width: 260px) 100vw, 260px\" \/> <img loading=\"lazy\" decoding=\"async\" class=\"alignnone wp-image-2820\" src=\"https:\/\/micterleather.com\/wp-content\/uploads\/2025\/07\/Self-Adhesive_Leather_Patches_A_6.webp\" alt=\"\" width=\"261\" height=\"261\" srcset=\"https:\/\/micterleather.com\/wp-content\/uploads\/2025\/07\/Self-Adhesive_Leather_Patches_A_6.webp 220w, https:\/\/micterleather.com\/wp-content\/uploads\/2025\/07\/Self-Adhesive_Leather_Patches_A_6-150x150.webp 150w, https:\/\/micterleather.com\/wp-content\/uploads\/2025\/07\/Self-Adhesive_Leather_Patches_A_6-100x100.webp 100w\" sizes=\"auto, (max-width: 261px) 100vw, 261px\" \/> <img loading=\"lazy\" decoding=\"async\" class=\"alignnone wp-image-2821\" src=\"https:\/\/micterleather.com\/wp-content\/uploads\/2025\/07\/Self-Adhesive_Leather_Patches_A_7.webp\" alt=\"\" width=\"260\" height=\"260\" srcset=\"https:\/\/micterleather.com\/wp-content\/uploads\/2025\/07\/Self-Adhesive_Leather_Patches_A_7.webp 220w, https:\/\/micterleather.com\/wp-content\/uploads\/2025\/07\/Self-Adhesive_Leather_Patches_A_7-150x150.webp 150w, https:\/\/micterleather.com\/wp-content\/uploads\/2025\/07\/Self-Adhesive_Leather_Patches_A_7-100x100.webp 100w\" sizes=\"auto, (max-width: 260px) 100vw, 260px\" \/> <img loading=\"lazy\" decoding=\"async\" class=\"alignnone wp-image-2822\" src=\"https:\/\/micterleather.com\/wp-content\/uploads\/2025\/07\/Self-Adhesive_Leather_Patches_A_8.webp\" alt=\"\" width=\"260\" height=\"260\" srcset=\"https:\/\/micterleather.com\/wp-content\/uploads\/2025\/07\/Self-Adhesive_Leather_Patches_A_8.webp 220w, https:\/\/micterleather.com\/wp-content\/uploads\/2025\/07\/Self-Adhesive_Leather_Patches_A_8-150x150.webp 150w, https:\/\/micterleather.com\/wp-content\/uploads\/2025\/07\/Self-Adhesive_Leather_Patches_A_8-100x100.webp 100w\" sizes=\"auto, (max-width: 260px) 100vw, 260px\" \/> <img loading=\"lazy\" decoding=\"async\" class=\"alignnone wp-image-2823\" src=\"https:\/\/micterleather.com\/wp-content\/uploads\/2025\/07\/Self-Adhesive_Leather_Patches_A_9-300x186.webp\" alt=\"\" width=\"1079\" height=\"669\" srcset=\"https:\/\/micterleather.com\/wp-content\/uploads\/2025\/07\/Self-Adhesive_Leather_Patches_A_9-300x186.webp 300w, https:\/\/micterleather.com\/wp-content\/uploads\/2025\/07\/Self-Adhesive_Leather_Patches_A_9-768x475.webp 768w, https:\/\/micterleather.com\/wp-content\/uploads\/2025\/07\/Self-Adhesive_Leather_Patches_A_9-600x371.webp 600w, https:\/\/micterleather.com\/wp-content\/uploads\/2025\/07\/Self-Adhesive_Leather_Patches_A_9.webp 970w\" sizes=\"auto, (max-width: 1079px) 100vw, 1079px\" \/> <img loading=\"lazy\" decoding=\"async\" class=\"alignnone wp-image-2824\" src=\"https:\/\/micterleather.com\/wp-content\/uploads\/2025\/07\/Self-Adhesive_Leather_Patches_A_10-300x186.webp\" alt=\"\" width=\"1081\" height=\"670\" srcset=\"https:\/\/micterleather.com\/wp-content\/uploads\/2025\/07\/Self-Adhesive_Leather_Patches_A_10-300x186.webp 300w, https:\/\/micterleather.com\/wp-content\/uploads\/2025\/07\/Self-Adhesive_Leather_Patches_A_10-768x475.webp 768w, https:\/\/micterleather.com\/wp-content\/uploads\/2025\/07\/Self-Adhesive_Leather_Patches_A_10-600x371.webp 600w, https:\/\/micterleather.com\/wp-content\/uploads\/2025\/07\/Self-Adhesive_Leather_Patches_A_10.webp 970w\" sizes=\"auto, (max-width: 1081px) 100vw, 1081px\" \/> <img loading=\"lazy\" decoding=\"async\" class=\"alignnone wp-image-2825\" src=\"https:\/\/micterleather.com\/wp-content\/uploads\/2025\/07\/Self-Adhesive_Leather_Patches_A_1-300x186.webp\" alt=\"\" width=\"1081\" height=\"670\" srcset=\"https:\/\/micterleather.com\/wp-content\/uploads\/2025\/07\/Self-Adhesive_Leather_Patches_A_1-300x186.webp 300w, https:\/\/micterleather.com\/wp-content\/uploads\/2025\/07\/Self-Adhesive_Leather_Patches_A_1-768x475.webp 768w, https:\/\/micterleather.com\/wp-content\/uploads\/2025\/07\/Self-Adhesive_Leather_Patches_A_1-600x371.webp 600w, https:\/\/micterleather.com\/wp-content\/uploads\/2025\/07\/Self-Adhesive_Leather_Patches_A_1.webp 970w\" sizes=\"auto, (max-width: 1081px) 100vw, 1081px\" \/><\/p>","protected":false},"excerpt":{"rendered":"<h4>Produktinformationen:<\/h4>\n<p>Material: Leder<br \/>\nArtikelform: Band<br \/>\nSondermerkmale: hitzebest\u00e4ndig, stark, wasserdicht<br \/>\nArtikelverpackungsmenge: 4 St\u00fcck<br \/>\nBeh\u00e4ltertyp: Rohr<br \/>\nViskosit\u00e4t: Top<\/p>\n<h5>Blog: <a href=\"https:\/\/micterleather.com\/de\/how-to-repair-leather-furniture-micter\/\">Wie repariert man Lederm\u00f6bel? \u2013 Micter<\/a><\/h5>","protected":false},"featured_media":2669,"template":"","meta":{"_uag_custom_page_level_css":"","site-sidebar-layout":"default","site-content-layout":"","ast-site-content-layout":"default","site-content-style":"default","site-sidebar-style":"default","ast-global-header-display":"","ast-banner-title-visibility":"","ast-main-header-display":"","ast-hfb-above-header-display":"","ast-hfb-below-header-display":"","ast-hfb-mobile-header-display":"","site-post-title":"","ast-breadcrumbs-content":"","ast-featured-img":"","footer-sml-layout":"","ast-disable-related-posts":"","theme-transparent-header-meta":"default","adv-header-id-meta":"","stick-header-meta":"","header-above-stick-meta":"","header-main-stick-meta":"","header-below-stick-meta":"","astra-migrate-meta-layouts":"set","ast-page-background-enabled":"default","ast-page-background-meta":{"desktop":{"background-color":"","background-image":"","background-repeat":"repeat","background-position":"center center","background-size":"auto","background-attachment":"scroll","background-type":"","background-media":"","overlay-type":"","overlay-color":"","overlay-opacity":"","overlay-gradient":""},"tablet":{"background-color":"","background-image":"","background-repeat":"repeat","background-position":"center center","background-size":"auto","background-attachment":"scroll","background-type":"","background-media":"","overlay-type":"","overlay-color":"","overlay-opacity":"","overlay-gradient":""},"mobile":{"background-color":"","background-image":"","background-repeat":"repeat","background-position":"center center","background-size":"auto","background-attachment":"scroll","background-type":"","background-media":"","overlay-type":"","overlay-color":"","overlay-opacity":"","overlay-gradient":""}},"ast-content-background-meta":{"desktop":{"background-color":"var(--ast-global-color-5)","background-image":"","background-repeat":"repeat","background-position":"center center","background-size":"auto","background-attachment":"scroll","background-type":"","background-media":"","overlay-type":"","overlay-color":"","overlay-opacity":"","overlay-gradient":""},"tablet":{"background-color":"var(--ast-global-color-5)","background-image":"","background-repeat":"repeat","background-position":"center center","background-size":"auto","background-attachment":"scroll","background-type":"","background-media":"","overlay-type":"","overlay-color":"","overlay-opacity":"","overlay-gradient":""},"mobile":{"background-color":"var(--ast-global-color-5)","background-image":"","background-repeat":"repeat","background-position":"center center","background-size":"auto","background-attachment":"scroll","background-type":"","background-media":"","overlay-type":"","overlay-color":"","overlay-opacity":"","overlay-gradient":""}}},"product_brand":[],"product_cat":[248],"product_tag":[],"class_list":{"0":"post-2659","1":"product","2":"type-product","3":"status-publish","4":"has-post-thumbnail","6":"product_cat-leather-repair-patch","7":"desktop-align-left","8":"tablet-align-left","9":"mobile-align-left","11":"first","12":"instock","13":"sale","14":"shipping-taxable","15":"purchasable","16":"product-type-variable","17":"has-default-attributes"},"uagb_featured_image_src":{"full":["https:\/\/micterleather.com\/wp-content\/uploads\/2025\/07\/dark_brown_-4pcs_-first.webp",1600,1600,false],"thumbnail":["https:\/\/micterleather.com\/wp-content\/uploads\/2025\/07\/dark_brown_-4pcs_-first-150x150.webp",150,150,true],"medium":["https:\/\/micterleather.com\/wp-content\/uploads\/2025\/07\/dark_brown_-4pcs_-first-300x300.webp",300,300,true],"medium_large":["https:\/\/micterleather.com\/wp-content\/uploads\/2025\/07\/dark_brown_-4pcs_-first-768x768.webp",768,768,true],"large":["https:\/\/micterleather.com\/wp-content\/uploads\/2025\/07\/dark_brown_-4pcs_-first-1024x1024.webp",1024,1024,true],"1536x1536":["https:\/\/micterleather.com\/wp-content\/uploads\/2025\/07\/dark_brown_-4pcs_-first-1536x1536.webp",1536,1536,true],"2048x2048":["https:\/\/micterleather.com\/wp-content\/uploads\/2025\/07\/dark_brown_-4pcs_-first.webp",1600,1600,false],"trp-custom-language-flag":["https:\/\/micterleather.com\/wp-content\/uploads\/2025\/07\/dark_brown_-4pcs_-first.webp",12,12,false],"woocommerce_thumbnail":["https:\/\/micterleather.com\/wp-content\/uploads\/2025\/07\/dark_brown_-4pcs_-first-300x300.webp",300,300,true],"woocommerce_single":["https:\/\/micterleather.com\/wp-content\/uploads\/2025\/07\/dark_brown_-4pcs_-first-600x600.webp",600,600,true],"woocommerce_gallery_thumbnail":["https:\/\/micterleather.com\/wp-content\/uploads\/2025\/07\/dark_brown_-4pcs_-first-100x100.webp",100,100,true]},"uagb_author_info":{"display_name":"micter","author_link":"https:\/\/micterleather.com\/de\/author\/"},"uagb_comment_info":0,"uagb_excerpt":"Product Information: Material: Leather Item Form: Tape Special Features: Heat Resistant, Strong, Waterproof Item Package Quantity: 4pcs Container Type: Tube Viscosity: Top Blog: How to Repair Leather Furniture? \u2013 Micter","_links":{"self":[{"href":"https:\/\/micterleather.com\/de\/wp-json\/wp\/v2\/product\/2659","targetHints":{"allow":["GET"]}}],"collection":[{"href":"https:\/\/micterleather.com\/de\/wp-json\/wp\/v2\/product"}],"about":[{"href":"https:\/\/micterleather.com\/de\/wp-json\/wp\/v2\/types\/product"}],"wp:featuredmedia":[{"embeddable":true,"href":"https:\/\/micterleather.com\/de\/wp-json\/wp\/v2\/media\/2669"}],"wp:attachment":[{"href":"https:\/\/micterleather.com\/de\/wp-json\/wp\/v2\/media?parent=2659"}],"wp:term":[{"taxonomy":"product_brand","embeddable":true,"href":"https:\/\/micterleather.com\/de\/wp-json\/wp\/v2\/product_brand?post=2659"},{"taxonomy":"product_cat","embeddable":true,"href":"https:\/\/micterleather.com\/de\/wp-json\/wp\/v2\/product_cat?post=2659"},{"taxonomy":"product_tag","embeddable":true,"href":"https:\/\/micterleather.com\/de\/wp-json\/wp\/v2\/product_tag?post=2659"}],"curies":[{"name":"wp","href":"https:\/\/api.w.org\/{rel}","templated":true}]}}