{"id":2155,"date":"2025-07-31T09:13:31","date_gmt":"2025-07-31T09:13:31","guid":{"rendered":"https:\/\/micterleather.com\/?post_type=product&#038;p=2155"},"modified":"2025-09-03T01:51:06","modified_gmt":"2025-09-03T01:51:06","slug":"self-adhesive-faux-leather","status":"publish","type":"product","link":"https:\/\/micterleather.com\/de\/produkt\/leather-repair-patch\/self-adhesive-faux-leather\/","title":{"rendered":"Selbstklebendes Kunstleder"},"content":{"rendered":"<h4>Produktinformationen:<\/h4>\n<p>Material: Leder<br \/>\nArtikelform: Band<br \/>\nSondermerkmale: hitzebest\u00e4ndig, stark, wasserdicht<br \/>\nArtikel-Verpackungsmenge: 1<br \/>\nBeh\u00e4ltertyp: Rohr<br \/>\nViskosit\u00e4t: Top<\/p>\n<h4>Produktbeschreibung:<\/h4>\n<ul>\n<li class=\"my-0\"><strong>Hervorragende Lederreparatur:<\/strong>\u00a0Hergestellt aus hochwertigen Materialien mit zeitlosen Mustern und Farben; dieses Leder-Reparaturband verf\u00fcgt \u00fcber eine glatte, weiche Textur, ist wasserdicht, abrieb- und kratzfest. Es ist langlebig und auf Langlebigkeit ausgelegt, ideal zum Beheben von besch\u00e4digtem Leder und zum Hinzuf\u00fcgen dekorativer Akzente.<\/li>\n<li class=\"my-0\"><strong>Starke Haftung und schnelle Reparaturen:<\/strong>\u00a0Die selbstklebende Leder-Patch nutzt eine professionell besatzte Tr\u00e4gerfolie, die extrem klebrig ist und sich nicht leicht abl\u00f6sen l\u00e4sst. Sie ist ideal, um Quickly Teares, L\u00f6cher, Brandstellen, Kratzer, Flecken und andere Unregelm\u00e4\u00dfigkeiten auf besch\u00e4digtem Leder, PU-Leder oder Vinyl-Oberfl\u00e4chen abzudecken. Frischen Sie Ihre M\u00f6bel auf und sparen Sie Geld, indem Sie abgenutzte Gegenst\u00e4nde wieder wie neu aussehen lassen.<\/li>\n<li class=\"my-0\"><strong>Gro\u00dfe Gr\u00f6\u00dfe und Farbauswahl:<\/strong>\u00a0Jede Rolle misst 40 x 200 cm, sodass Sie gro\u00dfe Fl\u00e4chen abdecken oder besch\u00e4digte Bereiche vollst\u00e4ndig restaurieren k\u00f6nnen. Erh\u00e4ltlich in 19 satten Farben, sind diese Leder-Reparatur-Patches darauf ausgelegt, zu den meisten M\u00f6beln und Innenr\u00e4umen von Fahrzeugen zu passen, sodass Sie leicht die perfekte Passform f\u00fcr Ihre Reparatur- oder Dekorationsbed\u00fcrfnisse finden.<\/li>\n<li class=\"my-0\"><strong>Einfache Anwendung:<\/strong>\u00a0Keine Hitze, kein B\u00fcgeln, kein N\u00e4hen oder spezielle Werkzeuge erforderlich. Einfach den besch\u00e4digten Bereich reinigen, das Patch auf die gew\u00fcnschte Gr\u00f6\u00dfe oder Form zuschneiden und auf die Oberfl\u00e4che kleben \u2013 fertig! Bringen Sie Ihre Lieblingsm\u00f6bel und Autositze mit minimalem Aufwand wieder zum Strahlen.<\/li>\n<li class=\"my-0\"><strong>Weite Anwendung und Unterst\u00fctzung:<\/strong>\u00a0MICTER Leder-Reparatur-Sets eignen sich f\u00fcr Sofas, Couches, M\u00f6bel, Autositze, Handtaschen, Gep\u00e4ck, G\u00fcrtel, Jacken und eine Vielzahl von DIY-Projekten. Hinweis: Wir bem\u00fchen uns, die Patch-Farben so genau wie m\u00f6glich darzustellen, aber leichte Farbabweichungen k\u00f6nnen durch Beleuchtung und Bildschirmeinstellungen entstehen.<\/li>\n<\/ul>\n<h4 class=\"rich-text__heading rte inline-richtext h1\">Selbstklebende Leder-Patch \u2013 die ideale L\u00f6sung zur Reparatur und Wiederbelebung all Ihrer Lederwaren!<\/h4>\n<p class=\"rich-text__heading rte inline-richtext h1\">Ob Sie einen Sitz zu Hause wiederherstellen, ein Leder-Sofa renovieren, einen Autositz reparieren oder sogar ein synthetisches Lederst\u00fcck ausbessern \u2013 unser universelles Reparatur-Patch ist f\u00fcr alle Situationen geeignet.<\/p>\n<h4>\ud83d\udccc Au\u00dfergew\u00f6hnliche Haftung \ud83c\udf0a Wasserbest\u00e4ndig \ud83d\udee1\ufe0f Kratzfest<br \/>\n\u2702\ufe0f Leicht zu schneiden \ud83d\udee0\ufe0f DIY-praktisch \ud83d\udecb\ufe0f Universalanwendung<\/h4>\n<div class=\"rich-text__text rte\">\n<p><img loading=\"lazy\" decoding=\"async\" class=\"alignnone wp-image-2890\" src=\"https:\/\/micterleather.com\/wp-content\/uploads\/2025\/07\/Self-adhesive_faux_leather_A_1-300x123.webp\" alt=\"\" width=\"1078\" height=\"442\" srcset=\"https:\/\/micterleather.com\/wp-content\/uploads\/2025\/07\/Self-adhesive_faux_leather_A_1-300x123.webp 300w, https:\/\/micterleather.com\/wp-content\/uploads\/2025\/07\/Self-adhesive_faux_leather_A_1-1024x420.webp 1024w, https:\/\/micterleather.com\/wp-content\/uploads\/2025\/07\/Self-adhesive_faux_leather_A_1-768x315.webp 768w, https:\/\/micterleather.com\/wp-content\/uploads\/2025\/07\/Self-adhesive_faux_leather_A_1-600x246.webp 600w, https:\/\/micterleather.com\/wp-content\/uploads\/2025\/07\/Self-adhesive_faux_leather_A_1.webp 1464w\" sizes=\"auto, (max-width: 1078px) 100vw, 1078px\" \/><\/p>\n<p>Lederwaren werden in unserem Alltag h\u00e4ufig verwendet, aber mit der Zeit werden Ledersfl\u00e4chen oft besch\u00e4digt. Unsere selbstklebende Leder-Patch-Renovierung kann besch\u00e4digtes Leder reparieren und abgetragenes Leder neu aufbereiten. Machen Sie Ihre Lederm\u00f6bel wieder wie neu.<\/p>\n<p><img loading=\"lazy\" decoding=\"async\" class=\"alignnone wp-image-2891\" src=\"https:\/\/micterleather.com\/wp-content\/uploads\/2025\/07\/Self-adhesive_faux_leather_A_2-300x123.webp\" alt=\"\" width=\"1080\" height=\"443\" srcset=\"https:\/\/micterleather.com\/wp-content\/uploads\/2025\/07\/Self-adhesive_faux_leather_A_2-300x123.webp 300w, https:\/\/micterleather.com\/wp-content\/uploads\/2025\/07\/Self-adhesive_faux_leather_A_2-1024x420.webp 1024w, https:\/\/micterleather.com\/wp-content\/uploads\/2025\/07\/Self-adhesive_faux_leather_A_2-768x315.webp 768w, https:\/\/micterleather.com\/wp-content\/uploads\/2025\/07\/Self-adhesive_faux_leather_A_2-600x246.webp 600w, https:\/\/micterleather.com\/wp-content\/uploads\/2025\/07\/Self-adhesive_faux_leather_A_2.webp 1464w\" sizes=\"auto, (max-width: 1080px) 100vw, 1080px\" \/><\/p>\n<p>Unsere Leder-Reparaturprodukte k\u00f6nnen L\u00f6cher, Kratzer, Risse, Brandstellen und Flecken auf Sofas, Autositzen oder anderen Lederobjekten reparieren. Diese Leder-Klebeklebensofa-Reparatur kann jedes Lederproblem m\u00fchelos l\u00f6sen.<\/p>\n<p><img loading=\"lazy\" decoding=\"async\" class=\"alignnone wp-image-2894\" style=\"font-style: inherit; font-weight: inherit;\" src=\"https:\/\/micterleather.com\/wp-content\/uploads\/2025\/07\/Self-adhesive_faux_leather_A_5-300x123.webp\" alt=\"\" width=\"1080\" height=\"443\" srcset=\"https:\/\/micterleather.com\/wp-content\/uploads\/2025\/07\/Self-adhesive_faux_leather_A_5-300x123.webp 300w, https:\/\/micterleather.com\/wp-content\/uploads\/2025\/07\/Self-adhesive_faux_leather_A_5-1024x420.webp 1024w, https:\/\/micterleather.com\/wp-content\/uploads\/2025\/07\/Self-adhesive_faux_leather_A_5-768x315.webp 768w, https:\/\/micterleather.com\/wp-content\/uploads\/2025\/07\/Self-adhesive_faux_leather_A_5-600x246.webp 600w, https:\/\/micterleather.com\/wp-content\/uploads\/2025\/07\/Self-adhesive_faux_leather_A_5.webp 1464w\" sizes=\"auto, (max-width: 1080px) 100vw, 1080px\" \/><\/p>\n<p>Wir bieten 19 Farben in drei Gr\u00f6\u00dfen (40x300cm, 40x200cm, 20x300cm) an, um Ihnen zu helfen, Ihr Lieblingsm\u00f6belst\u00fcck oder Autositz perfekt zu reparieren. Besonders geeignet f\u00fcr gro\u00dfe M\u00f6belst\u00fccke wie Sofas, Nachttische, St\u00fchle usw.<\/p>\n<p><img loading=\"lazy\" decoding=\"async\" class=\"alignnone wp-image-2892\" src=\"https:\/\/micterleather.com\/wp-content\/uploads\/2025\/07\/Self-adhesive_faux_leather_A_3-300x123.webp\" alt=\"\" width=\"1080\" height=\"443\" srcset=\"https:\/\/micterleather.com\/wp-content\/uploads\/2025\/07\/Self-adhesive_faux_leather_A_3-300x123.webp 300w, https:\/\/micterleather.com\/wp-content\/uploads\/2025\/07\/Self-adhesive_faux_leather_A_3-1024x420.webp 1024w, https:\/\/micterleather.com\/wp-content\/uploads\/2025\/07\/Self-adhesive_faux_leather_A_3-768x315.webp 768w, https:\/\/micterleather.com\/wp-content\/uploads\/2025\/07\/Self-adhesive_faux_leather_A_3-600x246.webp 600w, https:\/\/micterleather.com\/wp-content\/uploads\/2025\/07\/Self-adhesive_faux_leather_A_3.webp 1464w\" sizes=\"auto, (max-width: 1080px) 100vw, 1080px\" \/><\/p>\n<p>Dieses selbstklebende Sofa-Reparaturleder besteht aus hochwertigen Materialien und verf\u00fcgt \u00fcber eine \u00e4u\u00dferst widerstandsf\u00e4hige Klebstofflage. Je mehr Zeit vergeht, desto st\u00e4rker ist die Haftung. Die Lederoberfl\u00e4che ist kratzfest und wasserdicht. Es haftet gut auf Ihren M\u00f6beln.<\/p>\n<p><img loading=\"lazy\" decoding=\"async\" class=\"alignnone wp-image-2893\" style=\"font-style: inherit; font-weight: inherit;\" src=\"https:\/\/micterleather.com\/wp-content\/uploads\/2025\/07\/Self-adhesive_faux_leather_A_4-300x123.webp\" alt=\"\" width=\"1080\" height=\"443\" srcset=\"https:\/\/micterleather.com\/wp-content\/uploads\/2025\/07\/Self-adhesive_faux_leather_A_4-300x123.webp 300w, https:\/\/micterleather.com\/wp-content\/uploads\/2025\/07\/Self-adhesive_faux_leather_A_4-1024x420.webp 1024w, https:\/\/micterleather.com\/wp-content\/uploads\/2025\/07\/Self-adhesive_faux_leather_A_4-768x315.webp 768w, https:\/\/micterleather.com\/wp-content\/uploads\/2025\/07\/Self-adhesive_faux_leather_A_4-600x246.webp 600w, https:\/\/micterleather.com\/wp-content\/uploads\/2025\/07\/Self-adhesive_faux_leather_A_4.webp 1464w\" sizes=\"auto, (max-width: 1080px) 100vw, 1080px\" \/> <span style=\"font-size: 16px;\">\u00a0<\/span><\/p>\n<p>Dieses Lederreparaturband ist sehr einfach anzuwenden. Nur vier einfache Schritte:<\/p>\n<p>1. Reinigen Sie den zu reparierenden Bereich.<\/p>\n<p>2. Die gew\u00fcnschte Form ausschneiden.<\/p>\n<p>3. Die Papierschutzfolie abrei\u00dfen.<\/p>\n<p>4. Kleben und fest Druck aus\u00fcben. Lederfurchen sind perfekt abgedeckt.<\/p>\n<p><img loading=\"lazy\" decoding=\"async\" class=\"alignnone wp-image-2895\" style=\"font-style: inherit; font-weight: inherit;\" src=\"https:\/\/micterleather.com\/wp-content\/uploads\/2025\/07\/Self-adhesive_faux_leather_A_6-300x123.webp\" alt=\"\" width=\"1080\" height=\"443\" srcset=\"https:\/\/micterleather.com\/wp-content\/uploads\/2025\/07\/Self-adhesive_faux_leather_A_6-300x123.webp 300w, https:\/\/micterleather.com\/wp-content\/uploads\/2025\/07\/Self-adhesive_faux_leather_A_6-1024x420.webp 1024w, https:\/\/micterleather.com\/wp-content\/uploads\/2025\/07\/Self-adhesive_faux_leather_A_6-768x315.webp 768w, https:\/\/micterleather.com\/wp-content\/uploads\/2025\/07\/Self-adhesive_faux_leather_A_6-600x246.webp 600w, https:\/\/micterleather.com\/wp-content\/uploads\/2025\/07\/Self-adhesive_faux_leather_A_6.webp 1464w\" sizes=\"auto, (max-width: 1080px) 100vw, 1080px\" \/><\/p>\n<p>MICTER-Lederreparatursets sind vielseitig einsetzbar f\u00fcr Sofas, Couches, M\u00f6bel, Autositze, Handtaschen, Koffer, G\u00fcrtel, Jacken und eine Vielzahl von DIY.<\/p>\n<\/div>","protected":false},"excerpt":{"rendered":"<h5>Blog: <a href=\"https:\/\/micterleather.com\/de\/how-to-repair-leather-furniture-micter\/\">Wie repariert man Lederm\u00f6bel? \u2013 Micter<\/a><\/h5>","protected":false},"featured_media":2261,"template":"","meta":{"_uag_custom_page_level_css":"","site-sidebar-layout":"default","site-content-layout":"","ast-site-content-layout":"default","site-content-style":"default","site-sidebar-style":"default","ast-global-header-display":"","ast-banner-title-visibility":"","ast-main-header-display":"","ast-hfb-above-header-display":"","ast-hfb-below-header-display":"","ast-hfb-mobile-header-display":"","site-post-title":"","ast-breadcrumbs-content":"","ast-featured-img":"","footer-sml-layout":"","ast-disable-related-posts":"","theme-transparent-header-meta":"default","adv-header-id-meta":"","stick-header-meta":"","header-above-stick-meta":"","header-main-stick-meta":"","header-below-stick-meta":"","astra-migrate-meta-layouts":"set","ast-page-background-enabled":"default","ast-page-background-meta":{"desktop":{"background-color":"","background-image":"","background-repeat":"repeat","background-position":"center center","background-size":"auto","background-attachment":"scroll","background-type":"","background-media":"","overlay-type":"","overlay-color":"","overlay-opacity":"","overlay-gradient":""},"tablet":{"background-color":"","background-image":"","background-repeat":"repeat","background-position":"center center","background-size":"auto","background-attachment":"scroll","background-type":"","background-media":"","overlay-type":"","overlay-color":"","overlay-opacity":"","overlay-gradient":""},"mobile":{"background-color":"","background-image":"","background-repeat":"repeat","background-position":"center center","background-size":"auto","background-attachment":"scroll","background-type":"","background-media":"","overlay-type":"","overlay-color":"","overlay-opacity":"","overlay-gradient":""}},"ast-content-background-meta":{"desktop":{"background-color":"var(--ast-global-color-5)","background-image":"","background-repeat":"repeat","background-position":"center center","background-size":"auto","background-attachment":"scroll","background-type":"","background-media":"","overlay-type":"","overlay-color":"","overlay-opacity":"","overlay-gradient":""},"tablet":{"background-color":"var(--ast-global-color-5)","background-image":"","background-repeat":"repeat","background-position":"center center","background-size":"auto","background-attachment":"scroll","background-type":"","background-media":"","overlay-type":"","overlay-color":"","overlay-opacity":"","overlay-gradient":""},"mobile":{"background-color":"var(--ast-global-color-5)","background-image":"","background-repeat":"repeat","background-position":"center center","background-size":"auto","background-attachment":"scroll","background-type":"","background-media":"","overlay-type":"","overlay-color":"","overlay-opacity":"","overlay-gradient":""}}},"product_brand":[],"product_cat":[248],"product_tag":[],"class_list":{"0":"post-2155","1":"product","2":"type-product","3":"status-publish","4":"has-post-thumbnail","6":"product_cat-leather-repair-patch","7":"desktop-align-left","8":"tablet-align-left","9":"mobile-align-left","11":"first","12":"instock","13":"sale","14":"shipping-taxable","15":"purchasable","16":"product-type-variable","17":"has-default-attributes"},"uagb_featured_image_src":{"full":["https:\/\/micterleather.com\/wp-content\/uploads\/2025\/06\/Brun-Rouge-1.webp",2000,2000,false],"thumbnail":["https:\/\/micterleather.com\/wp-content\/uploads\/2025\/06\/Brun-Rouge-1-150x150.webp",150,150,true],"medium":["https:\/\/micterleather.com\/wp-content\/uploads\/2025\/06\/Brun-Rouge-1-300x300.webp",300,300,true],"medium_large":["https:\/\/micterleather.com\/wp-content\/uploads\/2025\/06\/Brun-Rouge-1-768x768.webp",768,768,true],"large":["https:\/\/micterleather.com\/wp-content\/uploads\/2025\/06\/Brun-Rouge-1-1024x1024.webp",1024,1024,true],"1536x1536":["https:\/\/micterleather.com\/wp-content\/uploads\/2025\/06\/Brun-Rouge-1-1536x1536.webp",1536,1536,true],"2048x2048":["https:\/\/micterleather.com\/wp-content\/uploads\/2025\/06\/Brun-Rouge-1.webp",2000,2000,false],"trp-custom-language-flag":["https:\/\/micterleather.com\/wp-content\/uploads\/2025\/06\/Brun-Rouge-1.webp",12,12,false],"woocommerce_thumbnail":["https:\/\/micterleather.com\/wp-content\/uploads\/2025\/06\/Brun-Rouge-1-300x300.webp",300,300,true],"woocommerce_single":["https:\/\/micterleather.com\/wp-content\/uploads\/2025\/06\/Brun-Rouge-1-600x600.webp",600,600,true],"woocommerce_gallery_thumbnail":["https:\/\/micterleather.com\/wp-content\/uploads\/2025\/06\/Brun-Rouge-1-100x100.webp",100,100,true]},"uagb_author_info":{"display_name":"micter","author_link":"https:\/\/micterleather.com\/de\/author\/"},"uagb_comment_info":0,"uagb_excerpt":"Blog: How to Repair Leather Furniture? \u2013 Micter","_links":{"self":[{"href":"https:\/\/micterleather.com\/de\/wp-json\/wp\/v2\/product\/2155","targetHints":{"allow":["GET"]}}],"collection":[{"href":"https:\/\/micterleather.com\/de\/wp-json\/wp\/v2\/product"}],"about":[{"href":"https:\/\/micterleather.com\/de\/wp-json\/wp\/v2\/types\/product"}],"wp:featuredmedia":[{"embeddable":true,"href":"https:\/\/micterleather.com\/de\/wp-json\/wp\/v2\/media\/2261"}],"wp:attachment":[{"href":"https:\/\/micterleather.com\/de\/wp-json\/wp\/v2\/media?parent=2155"}],"wp:term":[{"taxonomy":"product_brand","embeddable":true,"href":"https:\/\/micterleather.com\/de\/wp-json\/wp\/v2\/product_brand?post=2155"},{"taxonomy":"product_cat","embeddable":true,"href":"https:\/\/micterleather.com\/de\/wp-json\/wp\/v2\/product_cat?post=2155"},{"taxonomy":"product_tag","embeddable":true,"href":"https:\/\/micterleather.com\/de\/wp-json\/wp\/v2\/product_tag?post=2155"}],"curies":[{"name":"wp","href":"https:\/\/api.w.org\/{rel}","templated":true}]}}