{"id":3,"date":"2025-06-11T03:16:48","date_gmt":"2025-06-11T03:16:48","guid":{"rendered":"https:\/\/micterleather.com\/?page_id=3"},"modified":"2025-07-26T08:45:28","modified_gmt":"2025-07-26T08:45:28","slug":"privacy-policy","status":"publish","type":"page","link":"https:\/\/micterleather.com\/de\/privacy-policy\/","title":{"rendered":"Datenschutzbestimmungen"},"content":{"rendered":"<div class=\"wp-block-uagb-advanced-heading uagb-block-7b577476\"><h2 class=\"uagb-heading-text\">Datenschutzbestimmungen<\/h2><\/div>\n\n\n\n<p><\/p>\n\n\n\n<p>Willkommen bei micterleather.com. Bei Micterleather LLC ist Ihre Privatsph\u00e4re uns wichtig. Diese Richtlinie erkl\u00e4rt, wie wir Ihre Informationen sammeln, verwenden, sch\u00fctzen und verarbeiten, wenn Sie unsere Website nutzen.<\/p>\n\n\n\n<h2 class=\"wp-block-heading\">1. Annahme<\/h2>\n\n\n\n<p>Durch das Durchsuchen unserer Seite www.micterleather.com akzeptieren Sie die in dieser Datenschutzerkl\u00e4rung beschriebenen Praktiken.<\/p>\n\n\n\n<h2 class=\"wp-block-heading\">2. Gesammelte Daten<\/h2>\n\n\n\n<p>Wir erheben nur die Daten, die erforderlich sind, um ein reibungsloses Surfen und eine effiziente Bearbeitung Ihrer Bestellungen zu gew\u00e4hrleisten:<\/p>\n\n\n\n<ul class=\"wp-block-list\">\n<li>Personenbezogene Informationen: Nachname, Vorname, Postadresse, E-Mail-Adresse, Telefonnummer.<\/li>\n\n\n\n<li>Bestellinformationen: gekaufte Produkte, Betrag, Kaufdatum, Liefermethode.<\/li>\n\n\n\n<li>Nutzungsdaten: IP-Adresse, besuchte Seiten, Browsertyp, \u00fcber Cookies.<\/li>\n<\/ul>\n\n\n\n<h2 class=\"wp-block-heading\">3. Nutzung der Daten<\/h2>\n\n\n\n<p>Die erhobenen Daten werden ausschlie\u00dflich f\u00fcr folgende Zwecke verwendet:<\/p>\n\n\n\n<ul class=\"wp-block-list\">\n<li>Bearbeitung Ihrer Bestellungen und Gew\u00e4hrleistung der Lieferung.<\/li>\n\n\n\n<li>Benachrichtigung \u00fcber den Status Ihrer Bestellung.<\/li>\n\n\n\n<li>Beantwortung Ihrer Anfragen \u00fcber unsere Kundendienstabteilung.<\/li>\n\n\n\n<li>Verbesserung der Benutzererfahrung und der Website-Leistung.<\/li>\n\n\n\n<li>Versand von E-Mails in Bezug auf Ihre Eink\u00e4ufe (Rechnungen, Nachverfolgung, R\u00fccksendungen).<\/li>\n<\/ul>\n\n\n\n<p>Wir verkaufen oder vermieten Ihre Daten nicht an Dritte f\u00fcr Werbezwecke.<\/p>\n\n\n\n<h2 class=\"wp-block-heading\">4. Zahlungen und Sicherheit<\/h2>\n\n\n\n<p>4. Zahlungen und Sicherheit Alle Transaktionen erfolgen \u00fcber zertifizierte Gateways (z. B. Stripe, PayPal, Amazon Pay).<\/p>\n\n\n\n<p>Keine Kreditkartennummern werden auf unseren Servern gespeichert. Ihre Informationen werden nach h\u00f6chsten Standards (SSL\/TLS) verschl\u00fcsselt.<\/p>\n\n\n\n<h2 class=\"wp-block-heading\">5. Weitergabe von Daten<\/h2>\n\n\n\n<p>Wir geben bestimmte Informationen nur an folgende weiter :<\/p>\n\n\n\n<ul class=\"wp-block-list\">\n<li>Unsere Logistikpartner (f\u00fcr die Lieferung Ihrer Produkte)<\/li>\n\n\n\n<li>Unsere Logistikpartner (f\u00fcr die Lieferung unserer Zahlungsdienstleister (zur \u00dcberpr\u00fcfung von Transaktionen) oder Produkte)<\/li>\n\n\n\n<li>Zust\u00e4ndige Beh\u00f6rden, falls gesetzlich vorgeschrieben.<\/li>\n<\/ul>\n\n\n\n<h2 class=\"wp-block-heading\"> 6. Cookies<\/h2>\n\n\n\n<p>Unsere Website verwendet Cookies, um :<\/p>\n\n\n\n<ul class=\"wp-block-list\">\n<li>Ihre Pr\u00e4ferenzen zu speichern<\/li>\n\n\n\n<li>Verkehr zu analysieren (via Google Analytics oder gleichwertig)<\/li>\n\n\n\n<li>Ihr Surferlebnis zu verbessern<\/li>\n<\/ul>\n\n\n\n<p>Sie k\u00f6nnen Ihren Browser so einstellen, dass Cookies abgelehnt werden, aber bestimmte Funktionen der Website k\u00f6nnten eingeschr\u00e4nkt sein.<\/p>\n\n\n\n<h2 class=\"wp-block-heading\">7. Ihre Rechte<\/h2>\n\n\n\n<p>In \u00dcbereinstimmung mit der DSGVO haben Sie folgende Rechte:<\/p>\n\n\n\n<ul class=\"wp-block-list\">\n<li>Zugang zu Ihren personenbezogenen Daten<\/li>\n\n\n\n<li>Berichtigung oder L\u00f6schung Ihrer Informationen<\/li>\n\n\n\n<li>Widerruf Ihrer Einwilligung jederzeit<\/li>\n\n\n\n<li>Widerspruch gegen automatisierte Verarbeitung<\/li>\n<\/ul>\n\n\n\n<p>Um diese Rechte auszu\u00fcben: support@micterleather.com<\/p>\n\n\n\n<h2 class=\"wp-block-heading\">8. Haltbarkeit der Daten<\/h2>\n\n\n\n<p>Ihre Daten werden nur so lange aufbewahrt, wie es zur Erbringung der Dienstleistung (Bestellung, Lieferung, R\u00fccksendungen) erforderlich ist, und maximal 60 Tage nachdem die Bestellung abgeschlossen ist. Nach diesem Zeitraum werden Ihre Daten gel\u00f6scht.<\/p>\n\n\n\n<h2 class=\"wp-block-heading\">9. \u00c4nderungen dieser Richtlinie<\/h2>\n\n\n\n<p>Wir behalten uns das Recht vor, diese Richtlinie jederzeit zu \u00e4ndern, um geltendem Recht zu entsprechen. Das Datum der Aktualisierung wird oben auf der Seite immer angegeben.<\/p>\n\n\n\n<h2 class=\"wp-block-heading\"> Kontakt<\/h2>\n\n\n\n<p>Wenn Sie Fragen zu dieser Richtlinie oder zu Ihren Daten haben :<\/p>\n\n\n\n<ul class=\"wp-block-list\">\n<li><strong>E-mail<\/strong> : <a>support@micterleather.com<\/a><\/li>\n\n\n\n<li><strong>Webseite<\/strong> : <a class=\"\" href=\"https:\/\/micterleather.com\/de\/\">micterlederhand.com<\/a><\/li>\n\n\n\n<li><a href=\"Company: Micter Leather\"><strong>Unternehmen<\/strong> : Micterleather<\/a> LLC<\/li>\n<\/ul>\n\n\n\n<p>Siehe auch unsere Allgemeinen Gesch\u00e4ftsbedingungen f\u00fcr weitere Informationen zu Ihren Rechten als Verbraucher.<\/p>","protected":false},"excerpt":{"rendered":"<p>Datenschutzerkl\u00e4rung Willkommen bei micterleather.com. Bei Micterleather GmbH ist uns Ihre Privatsph\u00e4re wichtig. Diese Richtlinie erkl\u00e4rt, wie wir Ihre Informationen sammeln, verwenden, sch\u00fctzen und verarbeiten, wenn Sie unsere Website nutzen. 1. Zustimmung Durch das Surfen auf unserer Website www.micterleather.com akzeptieren Sie die in dieser Datenschutzerkl\u00e4rung beschriebenen Praktiken. 2. Gesammelte Daten Wir sammeln nur die Daten [\u2026]<\/p>","protected":false},"author":2,"featured_media":0,"parent":0,"menu_order":0,"comment_status":"closed","ping_status":"closed","template":"","meta":{"_uag_custom_page_level_css":"","site-sidebar-layout":"default","site-content-layout":"","ast-site-content-layout":"default","site-content-style":"default","site-sidebar-style":"default","ast-global-header-display":"","ast-banner-title-visibility":"","ast-main-header-display":"","ast-hfb-above-header-display":"","ast-hfb-below-header-display":"","ast-hfb-mobile-header-display":"","site-post-title":"disabled","ast-breadcrumbs-content":"","ast-featured-img":"","footer-sml-layout":"","ast-disable-related-posts":"","theme-transparent-header-meta":"","adv-header-id-meta":"","stick-header-meta":"","header-above-stick-meta":"","header-main-stick-meta":"","header-below-stick-meta":"","astra-migrate-meta-layouts":"set","ast-page-background-enabled":"default","ast-page-background-meta":{"desktop":{"background-color":"","background-image":"","background-repeat":"repeat","background-position":"center center","background-size":"auto","background-attachment":"scroll","background-type":"","background-media":"","overlay-type":"","overlay-color":"","overlay-opacity":"","overlay-gradient":""},"tablet":{"background-color":"","background-image":"","background-repeat":"repeat","background-position":"center center","background-size":"auto","background-attachment":"scroll","background-type":"","background-media":"","overlay-type":"","overlay-color":"","overlay-opacity":"","overlay-gradient":""},"mobile":{"background-color":"","background-image":"","background-repeat":"repeat","background-position":"center center","background-size":"auto","background-attachment":"scroll","background-type":"","background-media":"","overlay-type":"","overlay-color":"","overlay-opacity":"","overlay-gradient":""}},"ast-content-background-meta":{"desktop":{"background-color":"var(--ast-global-color-5)","background-image":"","background-repeat":"repeat","background-position":"center center","background-size":"auto","background-attachment":"scroll","background-type":"","background-media":"","overlay-type":"","overlay-color":"","overlay-opacity":"","overlay-gradient":""},"tablet":{"background-color":"var(--ast-global-color-5)","background-image":"","background-repeat":"repeat","background-position":"center center","background-size":"auto","background-attachment":"scroll","background-type":"","background-media":"","overlay-type":"","overlay-color":"","overlay-opacity":"","overlay-gradient":""},"mobile":{"background-color":"var(--ast-global-color-5)","background-image":"","background-repeat":"repeat","background-position":"center center","background-size":"auto","background-attachment":"scroll","background-type":"","background-media":"","overlay-type":"","overlay-color":"","overlay-opacity":"","overlay-gradient":""}},"footnotes":""},"class_list":["post-3","page","type-page","status-publish","hentry"],"uagb_featured_image_src":{"full":false,"thumbnail":false,"medium":false,"medium_large":false,"large":false,"1536x1536":false,"2048x2048":false,"trp-custom-language-flag":false,"woocommerce_thumbnail":false,"woocommerce_single":false,"woocommerce_gallery_thumbnail":false},"uagb_author_info":{"display_name":"micter","author_link":"https:\/\/micterleather.com\/de\/author\/micter\/"},"uagb_comment_info":0,"uagb_excerpt":"Privacy policy Welcome to micterleather.com. At Micterleather LLC, your privacy is important to us. This policy explains how we collect, use, protect and process your information when you use our site. 1. Acceptance By browsing our site www.micterleather.com, you accept the practices described in this privacy policy. 2. Collected data We collect only the data&hellip;","_links":{"self":[{"href":"https:\/\/micterleather.com\/de\/wp-json\/wp\/v2\/pages\/3","targetHints":{"allow":["GET"]}}],"collection":[{"href":"https:\/\/micterleather.com\/de\/wp-json\/wp\/v2\/pages"}],"about":[{"href":"https:\/\/micterleather.com\/de\/wp-json\/wp\/v2\/types\/page"}],"author":[{"embeddable":true,"href":"https:\/\/micterleather.com\/de\/wp-json\/wp\/v2\/users\/2"}],"replies":[{"embeddable":true,"href":"https:\/\/micterleather.com\/de\/wp-json\/wp\/v2\/comments?post=3"}],"version-history":[{"count":11,"href":"https:\/\/micterleather.com\/de\/wp-json\/wp\/v2\/pages\/3\/revisions"}],"predecessor-version":[{"id":3485,"href":"https:\/\/micterleather.com\/de\/wp-json\/wp\/v2\/pages\/3\/revisions\/3485"}],"wp:attachment":[{"href":"https:\/\/micterleather.com\/de\/wp-json\/wp\/v2\/media?parent=3"}],"curies":[{"name":"wp","href":"https:\/\/api.w.org\/{rel}","templated":true}]}}