{"id":2900,"date":"2025-07-14T03:06:56","date_gmt":"2025-07-14T03:06:56","guid":{"rendered":"https:\/\/micterleather.com\/?page_id=2900"},"modified":"2025-08-22T06:59:09","modified_gmt":"2025-08-22T06:59:09","slug":"shipping-delivery","status":"publish","type":"page","link":"https:\/\/micterleather.com\/de\/shipping-delivery\/","title":{"rendered":"Versand &amp; Lieferung"},"content":{"rendered":"<p><strong>Wann wird meine Bestellung versendet?<\/strong><\/p>\n\n\n\n<p>Die meisten Bestellungen verlassen das Lager innerhalb von 2\u201315 Werktagen. Bestellungen, die mit beschleunigtem oder express Versand aufgegeben werden, verlassen unser Lager noch schneller. Wir senden Ihnen eine Sendungsverfolgung per E-Mail, sobald sie verf\u00fcgbar ist.<\/p>\n\n\n\n<p>Artikel, die vorr\u00e4tig sind, werden zum auf der Produktseite angegebenen Datum versandt. Wir erinnern Sie auch w\u00e4hrend des Checkouts und in Ihrer Bestellbest\u00e4tigung per E-Mail daran, wenn Sie eines dieser Artikel gew\u00e4hlt haben, und welches voraussichtliche Versanddatum ist.<\/p>\n\n\n\n<p>W\u00e4hrend COVID-19 sehen wir mehr Lieferverz\u00f6gerungen als \u00fcblich, daher empfehlen wir Ihnen, sich etwas Pufferzeit zu g\u00f6nnen, wenn Sie einen Artikel oder ein Geschenk zu einem bestimmten Datum ben\u00f6tigen.<\/p>\n\n\n\n<p><strong>Versandoptionen und -kosten<\/strong><\/p>\n\n\n\n<p>Unsere Versandpreise richten sich nach dem Wert der Artikel in Ihrer Bestellung und dem von Ihnen gew\u00e4hlten Serviceniveau. Wenn Sie Ihre gesamte Versandzeit berechnen, beachten Sie bitte, dass der Tag, an dem das Paket von unserem Lager versendet oder abgeholt wird, nicht als erster Werktag gilt; beginnen Sie mit dem Z\u00e4hlen der Werktage vom ersten vollen Tag, an dem sich das Paket auf dem Weg zu Ihnen befindet.<\/p>\n\n\n\n<p>Hinweis: Werktage sind Montag bis Freitag, ausgenommen Wochenenden und Bundesfeiertage.<\/p>\n\n\n\n<p>Nicht sicher, welche Versandoption Sie w\u00e4hlen sollen? Das kann verwirrend sein, daher geben wir Ihnen alle Informationen, die Sie beim Checkout ben\u00f6tigen, einschlie\u00dflich Versandkosten und Liefertermine.<\/p>\n\n\n\n<p>*Versandmethoden und Zeitrahmen k\u00f6nnen sich \u00e4ndern. Bitte sehen Sie sich die Versandmethodenoptionen beim Checkout an.<\/p>","protected":false},"excerpt":{"rendered":"<p>When Will My Order Ship? Most orders leave the warehouse within 2 &#8211; 15 business days. Orders placed with Expedited or Express shipping will leave our warehouse even faster. We&#8217;ll email you tracking as soon as it&#8217;s available. Items that are on backorder will ship by the date indicated on the item page. We&#8217;ll also [&hellip;]<\/p>","protected":false},"author":2,"featured_media":0,"parent":0,"menu_order":0,"comment_status":"closed","ping_status":"closed","template":"","meta":{"_uag_custom_page_level_css":"","site-sidebar-layout":"default","site-content-layout":"","ast-site-content-layout":"default","site-content-style":"default","site-sidebar-style":"default","ast-global-header-display":"","ast-banner-title-visibility":"","ast-main-header-display":"","ast-hfb-above-header-display":"","ast-hfb-below-header-display":"","ast-hfb-mobile-header-display":"","site-post-title":"","ast-breadcrumbs-content":"","ast-featured-img":"","footer-sml-layout":"","ast-disable-related-posts":"","theme-transparent-header-meta":"","adv-header-id-meta":"","stick-header-meta":"","header-above-stick-meta":"","header-main-stick-meta":"","header-below-stick-meta":"","astra-migrate-meta-layouts":"set","ast-page-background-enabled":"default","ast-page-background-meta":{"desktop":{"background-color":"","background-image":"","background-repeat":"repeat","background-position":"center center","background-size":"auto","background-attachment":"scroll","background-type":"","background-media":"","overlay-type":"","overlay-color":"","overlay-opacity":"","overlay-gradient":""},"tablet":{"background-color":"","background-image":"","background-repeat":"repeat","background-position":"center center","background-size":"auto","background-attachment":"scroll","background-type":"","background-media":"","overlay-type":"","overlay-color":"","overlay-opacity":"","overlay-gradient":""},"mobile":{"background-color":"","background-image":"","background-repeat":"repeat","background-position":"center center","background-size":"auto","background-attachment":"scroll","background-type":"","background-media":"","overlay-type":"","overlay-color":"","overlay-opacity":"","overlay-gradient":""}},"ast-content-background-meta":{"desktop":{"background-color":"var(--ast-global-color-5)","background-image":"","background-repeat":"repeat","background-position":"center center","background-size":"auto","background-attachment":"scroll","background-type":"","background-media":"","overlay-type":"","overlay-color":"","overlay-opacity":"","overlay-gradient":""},"tablet":{"background-color":"var(--ast-global-color-5)","background-image":"","background-repeat":"repeat","background-position":"center center","background-size":"auto","background-attachment":"scroll","background-type":"","background-media":"","overlay-type":"","overlay-color":"","overlay-opacity":"","overlay-gradient":""},"mobile":{"background-color":"var(--ast-global-color-5)","background-image":"","background-repeat":"repeat","background-position":"center center","background-size":"auto","background-attachment":"scroll","background-type":"","background-media":"","overlay-type":"","overlay-color":"","overlay-opacity":"","overlay-gradient":""}},"footnotes":""},"class_list":["post-2900","page","type-page","status-publish","hentry"],"uagb_featured_image_src":{"full":false,"thumbnail":false,"medium":false,"medium_large":false,"large":false,"1536x1536":false,"2048x2048":false,"trp-custom-language-flag":false,"woocommerce_thumbnail":false,"woocommerce_single":false,"woocommerce_gallery_thumbnail":false},"uagb_author_info":{"display_name":"micter","author_link":"https:\/\/micterleather.com\/de\/author\/micter\/"},"uagb_comment_info":0,"uagb_excerpt":"When Will My Order Ship? Most orders leave the warehouse within 2 &#8211; 15 business days. Orders placed with Expedited or Express shipping will leave our warehouse even faster. We&#8217;ll email you tracking as soon as it&#8217;s available. Items that are on backorder will ship by the date indicated on the item page. We&#8217;ll also&hellip;","_links":{"self":[{"href":"https:\/\/micterleather.com\/de\/wp-json\/wp\/v2\/pages\/2900","targetHints":{"allow":["GET"]}}],"collection":[{"href":"https:\/\/micterleather.com\/de\/wp-json\/wp\/v2\/pages"}],"about":[{"href":"https:\/\/micterleather.com\/de\/wp-json\/wp\/v2\/types\/page"}],"author":[{"embeddable":true,"href":"https:\/\/micterleather.com\/de\/wp-json\/wp\/v2\/users\/2"}],"replies":[{"embeddable":true,"href":"https:\/\/micterleather.com\/de\/wp-json\/wp\/v2\/comments?post=2900"}],"version-history":[{"count":3,"href":"https:\/\/micterleather.com\/de\/wp-json\/wp\/v2\/pages\/2900\/revisions"}],"predecessor-version":[{"id":3932,"href":"https:\/\/micterleather.com\/de\/wp-json\/wp\/v2\/pages\/2900\/revisions\/3932"}],"wp:attachment":[{"href":"https:\/\/micterleather.com\/de\/wp-json\/wp\/v2\/media?parent=2900"}],"curies":[{"name":"wp","href":"https:\/\/api.w.org\/{rel}","templated":true}]}}