{"id":2117,"date":"2025-06-11T08:36:11","date_gmt":"2025-06-11T08:36:11","guid":{"rendered":"https:\/\/micterleather.com\/?page_id=2117"},"modified":"2025-07-26T08:52:17","modified_gmt":"2025-07-26T08:52:17","slug":"exchanges-and-returns","status":"publish","type":"page","link":"https:\/\/micterleather.com\/de\/exchanges-and-returns\/","title":{"rendered":"Umtausch und R\u00fcckgabe"},"content":{"rendered":"<div class=\"wp-block-uagb-advanced-heading uagb-block-d93b5e8c\"><h1 class=\"uagb-heading-text\"><strong>Umtausch und R\u00fcckgabe<\/strong><\/h1><\/div>\n\n\n\n<p><\/p>\n\n\n\n<h3 class=\"wp-block-heading\"><strong>Bedingungen f\u00fcr Umtausch und R\u00fcckgabe<\/strong><\/h3>\n\n\n\n<p>Sie haben 30 Tage ab Erhalt Ihrer Bestellung Zeit, eine R\u00fccksendung oder einen Umtausch zu beantragen.<\/p>\n\n\n\n<p>Um sich zu qualifizieren :<\/p>\n\n\n\n<ul class=\"wp-block-list\">\n<li>Die Artikel m\u00fcssen sich in ihrem urspr\u00fcnglichen, nicht getragenen, unbenutzten Zustand befinden.<\/li>\n\n\n\n<li>Urspr\u00fcngliche Etiketten m\u00fcssen intakt sein.<\/li>\n\n\n\n<li>Das Produkt muss in seiner Originalverpackung zur\u00fcckgesendet werden.<\/li>\n\n\n\n<li>Nachweis des Kaufs (Bestellnummer oder Quittung) ist erforderlich.<\/li>\n<\/ul>\n\n\n\n<blockquote class=\"wp-block-quote is-layout-flow wp-block-quote-is-layout-flow\">\n<p>\u26a0\ufe0f R\u00fccksendekosten tr\u00e4gt der Kunde, au\u00dfer im Fall eines Fehlers unsererseits (defekter oder falscher Artikel). Diese Kosten werden vom erstatteten Betrag abgezogen.<\/p>\n<\/blockquote>\n\n\n\n<p>Bitte kontaktieren Sie uns vor dem Versand unter :<br>\ud83d\udce7<strong>support@micterleather.com<\/strong><\/p>\n\n\n\n<p>Bitte kontaktieren Sie uns vor dem Versand unter:Wenn Ihre R\u00fccksendeanfrage angenommen wird, stellen wir Ihnen folgendes zur Verf\u00fcgung :<\/p>\n\n\n\n<ul class=\"wp-block-list\">\n<li>Eine R\u00fccksendeetikette (falls zutreffend)\uff1b<\/li>\n\n\n\n<li>Detaillierte R\u00fccksendeanweisungen.<\/li>\n<\/ul>\n\n\n\n<blockquote class=\"wp-block-quote is-layout-flow wp-block-quote-is-layout-flow\">\n<p>\u274c Jedes Paket, das ohne vorherige Benachrichtigung oder Vereinbarung zur\u00fcckgesendet wird, wird nicht angenommen und an den Absender zur\u00fcckgeschickt.<\/p>\n<\/blockquote>\n\n\n\n<p><strong>Bitte \u00fcberpr\u00fcfen Sie Ihre Bestellung sorgf\u00e4ltig beim Erhalt.<\/strong><\/p>\n\n\n\n<p>Im Fall von :<\/p>\n\n\n\n<ul class=\"wp-block-list\">\n<li>besch\u00e4digtem Artikel,<\/li>\n\n\n\n<li>Herstellungsfehler,<\/li>\n\n\n\n<li>falsch geliefertes Produkt,<\/li>\n<\/ul>\n\n\n\n<p>bitte kontaktieren Sie uns sofort mit :<\/p>\n\n\n\n<ul class=\"wp-block-list\">\n<li>einer detaillierten Beschreibung des Problems,<\/li>\n\n\n\n<li>klare Fotos des betroffenen Artikels,<\/li>\n\n\n\n<li>Ihre Bestellnummer.<\/li>\n<\/ul>\n\n\n\n<p>Wir werden die Situation schnell pr\u00fcfen und eine geeignete L\u00f6sung vorschlagen.<\/p>\n\n\n\n<p>Bei Fragen zu Ihrer Bestellung, R\u00fccksendungen oder Erstattungen:<br>\ud83d\udce9 support@micterleather.com<\/p>","protected":false},"excerpt":{"rendered":"<p>Umtausch- und R\u00fcckgabebedingungen Bedingungen f\u00fcr Umtausch und R\u00fcckgabe Sie haben 30 Tage ab Erhalt Ihrer Bestellung, um eine R\u00fcckgabe oder einen Umtausch zu beantragen. Um daf\u00fcr qualifiziert zu sein: \u26a0\ufe0f R\u00fccksendekosten tr\u00e4gt der Kunde, au\u00dfer bei einem Fehler unsererseits (defekter oder falscher Artikel). Diese Kosten werden abgezogen von [\u2026]<\/p>","protected":false},"author":2,"featured_media":0,"parent":0,"menu_order":0,"comment_status":"closed","ping_status":"closed","template":"","meta":{"_uag_custom_page_level_css":"","site-sidebar-layout":"default","site-content-layout":"","ast-site-content-layout":"default","site-content-style":"default","site-sidebar-style":"default","ast-global-header-display":"","ast-banner-title-visibility":"","ast-main-header-display":"","ast-hfb-above-header-display":"","ast-hfb-below-header-display":"","ast-hfb-mobile-header-display":"","site-post-title":"disabled","ast-breadcrumbs-content":"","ast-featured-img":"","footer-sml-layout":"","ast-disable-related-posts":"","theme-transparent-header-meta":"","adv-header-id-meta":"","stick-header-meta":"","header-above-stick-meta":"","header-main-stick-meta":"","header-below-stick-meta":"","astra-migrate-meta-layouts":"set","ast-page-background-enabled":"default","ast-page-background-meta":{"desktop":{"background-color":"","background-image":"","background-repeat":"repeat","background-position":"center center","background-size":"auto","background-attachment":"scroll","background-type":"","background-media":"","overlay-type":"","overlay-color":"","overlay-opacity":"","overlay-gradient":""},"tablet":{"background-color":"","background-image":"","background-repeat":"repeat","background-position":"center center","background-size":"auto","background-attachment":"scroll","background-type":"","background-media":"","overlay-type":"","overlay-color":"","overlay-opacity":"","overlay-gradient":""},"mobile":{"background-color":"","background-image":"","background-repeat":"repeat","background-position":"center center","background-size":"auto","background-attachment":"scroll","background-type":"","background-media":"","overlay-type":"","overlay-color":"","overlay-opacity":"","overlay-gradient":""}},"ast-content-background-meta":{"desktop":{"background-color":"var(--ast-global-color-5)","background-image":"","background-repeat":"repeat","background-position":"center center","background-size":"auto","background-attachment":"scroll","background-type":"","background-media":"","overlay-type":"","overlay-color":"","overlay-opacity":"","overlay-gradient":""},"tablet":{"background-color":"var(--ast-global-color-5)","background-image":"","background-repeat":"repeat","background-position":"center center","background-size":"auto","background-attachment":"scroll","background-type":"","background-media":"","overlay-type":"","overlay-color":"","overlay-opacity":"","overlay-gradient":""},"mobile":{"background-color":"var(--ast-global-color-5)","background-image":"","background-repeat":"repeat","background-position":"center center","background-size":"auto","background-attachment":"scroll","background-type":"","background-media":"","overlay-type":"","overlay-color":"","overlay-opacity":"","overlay-gradient":""}},"footnotes":""},"class_list":["post-2117","page","type-page","status-publish","hentry"],"uagb_featured_image_src":{"full":false,"thumbnail":false,"medium":false,"medium_large":false,"large":false,"1536x1536":false,"2048x2048":false,"trp-custom-language-flag":false,"woocommerce_thumbnail":false,"woocommerce_single":false,"woocommerce_gallery_thumbnail":false},"uagb_author_info":{"display_name":"micter","author_link":"https:\/\/micterleather.com\/de\/author\/micter\/"},"uagb_comment_info":0,"uagb_excerpt":"Exchanges and Returns Conditions of Exchange and Returns You have 30 days from receipt of your order to request a return or exchange. To qualify : \u26a0\ufe0f Return shipping costs are at the customer&#8217;s expense, except in the event of an error on our part (defective or incorrect item). These costs will be deducted from&hellip;","_links":{"self":[{"href":"https:\/\/micterleather.com\/de\/wp-json\/wp\/v2\/pages\/2117","targetHints":{"allow":["GET"]}}],"collection":[{"href":"https:\/\/micterleather.com\/de\/wp-json\/wp\/v2\/pages"}],"about":[{"href":"https:\/\/micterleather.com\/de\/wp-json\/wp\/v2\/types\/page"}],"author":[{"embeddable":true,"href":"https:\/\/micterleather.com\/de\/wp-json\/wp\/v2\/users\/2"}],"replies":[{"embeddable":true,"href":"https:\/\/micterleather.com\/de\/wp-json\/wp\/v2\/comments?post=2117"}],"version-history":[{"count":11,"href":"https:\/\/micterleather.com\/de\/wp-json\/wp\/v2\/pages\/2117\/revisions"}],"predecessor-version":[{"id":3490,"href":"https:\/\/micterleather.com\/de\/wp-json\/wp\/v2\/pages\/2117\/revisions\/3490"}],"wp:attachment":[{"href":"https:\/\/micterleather.com\/de\/wp-json\/wp\/v2\/media?parent=2117"}],"curies":[{"name":"wp","href":"https:\/\/api.w.org\/{rel}","templated":true}]}}