{"id":2113,"date":"2025-06-11T08:31:46","date_gmt":"2025-06-11T08:31:46","guid":{"rendered":"https:\/\/micterleather.com\/?page_id=2113"},"modified":"2025-07-26T08:39:22","modified_gmt":"2025-07-26T08:39:22","slug":"terms-of-service","status":"publish","type":"page","link":"https:\/\/micterleather.com\/de\/terms-of-service\/","title":{"rendered":"Nutzungsbedingungen"},"content":{"rendered":"<h1 class=\"wp-block-heading has-text-align-center\"><strong>Nutzungsbedingungen<\/strong><\/h1>\n\n\n\n<p><strong>\u00dcBERSICHT<\/strong><\/p>\n\n\n\n<p>Diese Website wird betrieben von <strong>Micterleather GmbH<\/strong>. Auf der gesamten Website beziehen sich die Begriffe \u201cwir\u201d, \u201cuns\u201d und \u201cunser\u201d auf <strong>Micterleather GmbH<\/strong>. <strong>Micterleather GmbH<\/strong> bietet diese Website an, einschlie\u00dflich aller Informationen, Tools und Dienste, die von dieser Seite f\u00fcr Sie, den Benutzer, verf\u00fcgbar sind, vorbehaltlich Ihrer Zustimmung zu allen hier genannten Bedingungen, Konditionen, Richtlinien und Hinweisen.<\/p>\n\n\n\n<p>Durch den Besuch unserer Website und\/oder den Kauf von etwas bei uns schlie\u00dfen Sie unseren \u201cService\u201d ein und stimmen den folgenden Nutzungsbedingungen (\u201cTerms of Service\u201d, \u201cTerms\u201d) zu, einschlie\u00dflich der hier genannten zus\u00e4tzlichen Bedingungen und Richtlinien, die hier referenziert oder per Hyperlink verf\u00fcgbar sind. Diese Nutzungsbedingungen gelten f\u00fcr alle Benutzer der Website, einschlie\u00dflich, aber nicht beschr\u00e4nkt auf Browser-, Verk\u00e4ufer-, Kunden-, H\u00e4ndler- und\/oder Inhaltsbeitr\u00e4ger.<\/p>\n\n\n\n<p>Bitte lesen Sie diese Nutzungsbedingungen sorgf\u00e4ltig durch, bevor Sie auf unsere Website zugreifen oder diese nutzen. Durch die Nutzung oder den Zugriff auf jeden Teil der Website stimmen Sie zu, an diese Nutzungsbedingungen gebunden zu sein. Wenn Sie mit allen Bedingungen dieses Abkommens nicht einverstanden sind, d\u00fcrfen Sie nicht auf die Website zugreifen oder irgendwelche Dienstleistungen nutzen. Wenn diese Nutzungsbedingungen als Angebot gelten, ist die Annahme ausdr\u00fccklich auf diese Nutzungsbedingungen beschr\u00e4nkt.<\/p>\n\n\n\n<p>Neue Funktionen oder Werkzeuge, die dem aktuellen Shop hinzugef\u00fcgt werden, unterliegen ebenfalls den Nutzungsbedingungen. Sie k\u00f6nnen jederzeit die aktuellste Version der Nutzungsbedingungen auf dieser Seite einsehen. Wir behalten uns das Recht vor, jeden Teil dieser Nutzungsbedingungen durch Ver\u00f6ffentlichung von Aktualisierungen und\/oder \u00c4nderungen unserer Website zu aktualisieren, zu \u00e4ndern oder zu ersetzen. Es liegt in Ihrer Verantwortung, diese Seite regelm\u00e4\u00dfig auf \u00c4nderungen zu pr\u00fcfen. Ihre fortgesetzte Nutzung oder der Zugriff auf die Website nach der Ver\u00f6ffentlichung von \u00c4nderungen gilt als Annahme dieser \u00c4nderungen.<\/p>\n\n\n\n<p>Unser Shop wird gehostet von <strong>Hostinger Inc.<\/strong> Sie stellen uns die Online-E-Commerce-Plattform zur Verf\u00fcgung, die es uns erm\u00f6glicht, Ihnen unsere Produkte und Dienstleistungen zu verkaufen.<\/p>\n\n\n\n<p><strong>ABSCHNITT 1 \u2013 ONLINE-STORE-NUTZUNGSBESTIMMUNGEN<\/strong><\/p>\n\n\n\n<p>Indem Sie diesen Nutzungsbedingungen zustimmen, versichern Sie, dass Sie mindestens das Vollj\u00e4hrigkeitsalter in Ihrem Wohnstaat bzw. -provinz erreicht haben oder dass Sie das Vollj\u00e4hrigkeitsalter in Ihrem Wohnstaat bzw. -provinz erreicht haben und uns Ihre Zustimmung gegeben haben, es Ihren minderj\u00e4hrigen Abh\u00e4ngigen zu erm\u00f6glichen, diese Website zu nutzen.<\/p>\n\n\n\n<p>Sie d\u00fcrfen unsere Produkte weder f\u00fcr illegale noch unautorisierte Zwecke verwenden, noch d\u00fcrfen Sie im Rahmen der Dienstleistung gegen Gesetze in Ihrer Gerichtsbarkeit versto\u00dfen (einschlie\u00dflich, aber nicht beschr\u00e4nkt auf Urheberrechtsgesetze).<\/p>\n\n\n\n<p>Sie d\u00fcrfen weder W\u00fcrmer noch Viren noch sch\u00e4dlichen Code \u00fcbertragen.<\/p>\n\n\n\n<p>Ein Versto\u00df oder eine Verletzung einer der Bedingungen f\u00fchrt zu einer sofortigen Beendigung Ihrer Dienste.<\/p>\n\n\n\n<p><strong>ABSCHNITT 2 \u2013 ALLGEMEINE BEDINGUNGEN<\/strong><\/p>\n\n\n\n<p>Wir behalten uns das Recht vor, jedem zu jeder Zeit aus beliebigen Gr\u00fcnden den Service zu verweigern.<\/p>\n\n\n\n<p>Sie verstehen, dass Ihre Inhalte (ohne Kreditkarteninformationen) unverschl\u00fcsselt \u00fcbertragen werden k\u00f6nnen und Folgendes umfassen k\u00f6nnen: (a) \u00dcbertragungen \u00fcber verschiedene Netzwerke; und (b) \u00c4nderungen, um technischen Anforderungen vernetzter Ger\u00e4te oder Netzwerke anzupassen. Kreditkarteninformationen werden w\u00e4hrend der \u00dcbertragung \u00fcber Netzwerke stets verschl\u00fcsselt.<\/p>\n\n\n\n<p>Sie verpflichten sich, keinen Teil des Service zu reproduzieren, zu duplizieren, zu kopieren, zu verkaufen, weiterzuverkaufen oder auszunutzen, weder den Service noch dessen Nutzung oder den Zugriff auf den Service oder irgendeinen Kontakt auf der Website, durch den der Service bereitgestellt wird, ohne ausdr\u00fcckliche schriftliche Genehmigung von uns.<\/p>\n\n\n\n<p>Die in dieser Vereinbarung verwendeten \u00dcberschriften dienen nur der Bequemlichkeit und f\u00fchren zu keiner Einschr\u00e4nkung oder sonstigen Beeinflussung dieser Bedingungen.<\/p>\n\n\n\n<p><strong>ABSCHNITT 3 \u2013 GENAUIGKEIT, VOLLST\u00c4NDIGKEIT UND ZEITNAHE VERF\u00dcGBARKEIT DER INFORMATIONEN<\/strong><\/p>\n\n\n\n<p>Wir \u00fcbernehmen keine Haftung daf\u00fcr, dass Informationen, die auf dieser Website verf\u00fcgbar gemacht werden, richtig, vollst\u00e4ndig oder aktuell sind. Das Material auf dieser Website wird nur zu allgemeinen Informationszwecken bereitgestellt und sollte nicht als alleinige Grundlage f\u00fcr Entscheidungen herangezogen oder verwendet werden, ohne prim\u00e4re, genauere, vollst\u00e4ndigere oder aktuellere Informationsquellen zu konsultieren. Jegliche Nutzung des Materials auf dieser Website erfolgt auf eigenes Risiko.<\/p>\n\n\n\n<p>Diese Website kann bestimmte historische Informationen enthalten. Historische Informationen sind notwendigerweise nicht aktuell und dienen nur zu Ihrer Referenz. Wir behalten uns das Recht vor, den Inhalt dieser Website jederzeit zu \u00e4ndern, sind jedoch nicht verpflichtet, Informationen auf unserer Website zu aktualisieren. Sie stimmen zu, dass es Ihre Verantwortung ist, \u00c4nderungen an unserer Website zu \u00fcberwachen.<\/p>\n\n\n\n<p><strong>ABSCHNITT 4 \u2013 MODIFIKATIONEN DES DIENSTES UND PREISE<\/strong><\/p>\n\n\n\n<p>Preise f\u00fcr unsere Produkte k\u00f6nnen ohne Vorank\u00fcndigung ge\u00e4ndert werden.<\/p>\n\n\n\n<p>Wir behalten uns das Recht vor, den Dienst (oder jeden Teil oder Inhalt davon) jederzeit ohne Vorank\u00fcndigung zu \u00e4ndern oder einzustellen.<\/p>\n\n\n\n<p>Wir haften weder Ihnen noch Dritten gegen\u00fcber f\u00fcr jegliche Modifikation, Preis\u00e4nderung, Aussetzung oder Einstellung des Dienstes.<\/p>\n\n\n\n<p><strong>ABSCHNITT 5 \u2013 PRODUKTE ODER DIENSTLEISTUNGEN (falls zutreffend)<\/strong><\/p>\n\n\n\n<p>Bestimmte Produkte oder Dienstleistungen k\u00f6nnen ausschlie\u00dflich online \u00fcber die Website verf\u00fcgbar sein. Diese Produkte oder Dienstleistungen k\u00f6nnen begrenzte Mengen haben und werden nur gem\u00e4\u00df unserer R\u00fcckerstattungs- und R\u00fcckgabepestaltung zur\u00fcckgegeben oder umgetauscht.<\/p>\n\n\n\n<p>Wir haben alle Anstrengungen unternommen, die Farben und Bilder unserer Produkte im Gesch\u00e4ft so genau wie m\u00f6glich darzustellen. Wir k\u00f6nnen nicht garantieren, dass die Anzeige einer Farbe auf Ihrem Computerbildschirm genau ist.<\/p>\n\n\n\n<p>Wir behalten uns das Recht vor, sind jedoch nicht verpflichtet, den Verkauf unserer Produkte oder Dienstleistungen an jede Person, jede geografische Region oder Gerichtsbarkeit zu beschr\u00e4nken. Wir k\u00f6nnen dieses Recht im Einzelfall aus\u00fcben. Wir behalten uns das Recht vor, die Mengen anyer Produkte oder Dienstleistungen, die wir anbieten, zu begrenzen. Alle Beschreibungen von Produkten oder Produktpreisen k\u00f6nnen jederzeit ohne Vorank\u00fcndigung nach unserem alleinigen Ermessen ge\u00e4ndert werden. Wir behalten uns das Recht vor, jedes Produkt jederzeit einzustellen. Jedes Angebot f\u00fcr jedes Produkt oder jede Dienstleistung, das auf dieser Website gemacht wird, ist dort ung\u00fcltig, wo es gesetzlich verboten ist.<\/p>\n\n\n\n<p>Wir garantieren nicht, dass die Qualit\u00e4t von Produkten, Dienstleistungen, Informationen oder anderem Material, das Sie erwerben oder erhalten, Ihren Erwartungen entspricht oder dass etwaige Fehler im Dienst behoben werden.<\/p>\n\n\n\n<p><strong>ABSCHNITT 6 \u2013 GENAUIGKEIT DER Abrechnungs- UND KONTOINFORMATIONEN<\/strong><\/p>\n\n\n\n<p>Wir behalten uns das Recht vor, jede Bestellung, die Sie bei uns aufgeben, abzulehnen. Nach unserem Ermessen k\u00f6nnen wir Bestellmengen pro Person, Haushalt oder pro Bestellung begrenzen oder stornieren. Diese Beschr\u00e4nkungen k\u00f6nnen Bestellungen umfassen, die von demselben Kundenkonto, derselben Kreditkarte und\/oder Bestellungen, die dieselbe Rechnungs- und\/oder Versandadresse verwenden, aufgegeben wurden. Falls wir eine \u00c4nderung an einer Bestellung vornehmen oder sie stornieren, versuchen wir, Sie per E-Mail und\/oder der bei der Bestellung angegebenen Rechnungsadresse\/Telefonnummer zu benachrichtigen. Wir behalten uns das Recht vor, Bestellungen zu begrenzen oder zu verbieten, von denen wir nach unserem alleinigen Urteil ausgehen, dass sie von H\u00e4ndlern, Wiederverk\u00e4ufern oder Vertriebspartnern stammen.<\/p>\n\n\n\n<p>Sie verpflichten sich, aktuelle, vollst\u00e4ndige und genaue Einkaufs- und Kontoinformationen f\u00fcr alle Eink\u00e4ufe in unserem Gesch\u00e4ft bereitzustellen. Sie verpflichten sich, Ihr Konto und andere Informationen, einschlie\u00dflich Ihrer E-Mail-Adresse sowie Kreditkartennummern und Ablaufdaten, umgehend zu aktualisieren, damit wir Ihre Transaktionen abschlie\u00dfen und Sie gegebenenfalls kontaktieren k\u00f6nnen.<\/p>\n\n\n\n<p>F\u00fcr weitere Details lesen Sie bitte unsere R\u00fcckerstattungs- und R\u00fcckgabepestellung.<\/p>\n\n\n\n<p><strong>ABSCHNITT 7 \u2013 OPTIONALE WERKZEUGE<\/strong><\/p>\n\n\n\n<p>Wir k\u00f6nnen Ihnen Zugriff auf von Dritten bereitgestellte Tools gew\u00e4hren, \u00fcber die wir weder \u00fcberwachen noch Kontrolle oder Einfluss haben.<\/p>\n\n\n\n<p>Sie erkennen an und stimmen zu, dass wir den Zugriff auf solche Tools \u201cwie sie sind\u201d und \u201cverf\u00fcgbar\u201d ohne jegliche Garantien, Zusicherungen oder Bedingungen jeglicher Art und ohne jegliche Bef\u00fcrwortung bereitstellen. Wir haften in keinerlei Weise f\u00fcr die Nutzung optionaler Dritter Tools durch Sie.<\/p>\n\n\n\n<p>Jede Nutzung durch Sie von optionalen Tools, die \u00fcber die Website angeboten werden, erfolgt vollst\u00e4ndig auf eigenes Risiko und nach eigenem Ermessen. Stellen Sie sicher, dass Sie mit den Nutzungsbedingungen des relevanten Drittanbieters vertraut sind und diese genehmigen.<\/p>\n\n\n\n<p>Wir k\u00f6nnen ferner in der Zukunft neue Dienste und\/oder Funktionen \u00fcber die Website anbieten (einschlie\u00dflich der Einf\u00fchrung neuer Werkzeuge und Ressourcen). Solche neuen Funktionen und\/oder Dienste unterliegen ebenfalls diesen Nutzungsbedingungen.<\/p>\n\n\n\n<p><strong>ABSCHNITT 8 \u2013 DREINTE-PARTNER-Links<\/strong><\/p>\n\n\n\n<p>Bestimmte Inhalte, Produkte und Dienstleistungen, die \u00fcber unseren Dienst verf\u00fcgbar sind, k\u00f6nnen Materialien von Drittanbietern enthalten.<\/p>\n\n\n\n<p>Drittanbieterlinks auf dieser Website k\u00f6nnen Sie zu Websites Dritter f\u00fchren, die nicht mit uns verbunden sind. Wir sind nicht verantwortlich daf\u00fcr, Inhalte oder Genauigkeit zu pr\u00fcfen oder zu bewerten und \u00fcbernehmen keinerlei Gew\u00e4hrleistung bzw. Haftung f\u00fcr Materials, Websites oder andere Materialien, Produkte oder Dienstleistungen Dritter.<\/p>\n\n\n\n<p>Wir haften nicht f\u00fcr irgendwelche Sch\u00e4den oder Verluste im Zusammenhang mit dem Kauf oder der Nutzung von Waren, Dienstleistungen, Ressourcen, Inhalten oder anderen Transaktionen in Verbindung mit Drittanbieter-Websites. Bitte pr\u00fcfen Sie sorgf\u00e4ltig die Richtlinien und Praktiken des Drittanbieters und stellen Sie sicher, dass Sie sie verstehen, bevor Sie eine Transaktion t\u00e4tigen. Beschwerden, Anspr\u00fcche, Bedenken oder Fragen zu Produkten Dritter sollten an den Drittanbieter gerichtet werden.<\/p>\n\n\n\n<p><strong>ABSCHNITT 9 \u2013 BENUTZERBEWERTUNGEN, FEEDBACK UND SONSTIGE EINGABEN<\/strong><\/p>\n\n\n\n<p>Wenn Sie auf unsere Aufforderung hin bestimmte Einreichungen (zum Beispiel Wettbewerbsbeitr\u00e4ge) versenden oder ohne Aufforderung von uns kreative Ideen, Vorschl\u00e4ge, Pl\u00e4ne oder andere Materialien senden (zusammenfassend \u2018Kommentare\u2019), stimmen Sie zu, dass wir diese jederzeit uneingeschr\u00e4nkt bearbeiten, kopieren, ver\u00f6ffentlichen, verteilen, \u00fcbersetzen und in jeglichem Medium verwenden d\u00fcrfen. Wir sind und stehen nicht unter der Pflicht (1) Kommentare vertraulich zu behandeln; (2) eine Entsch\u00e4digung f\u00fcr Kommentare zu leisten; oder (3) auf Kommentare zu antworten.<\/p>\n\n\n\n<p>Wir d\u00fcrfen, m\u00fcssen aber nicht, Inhalte \u00fcberwachen, bearbeiten oder entfernen, die wir nach eigenem Ermessen als rechtswidrig, anst\u00f6\u00dfig, bedrohlich, \u00fcbelwichtig, verleumderisch, pornografisch, obsz\u00f6n oder anderweitig anst\u00f6\u00dfig oder gegen das geistige Eigentum einer Partei oder diese Nutzungsbedingungen versto\u00dfen.<\/p>\n\n\n\n<p>Sie stimmen zu, dass Ihre Kommentare kein Recht Dritter verletzen, einschlie\u00dflich Urheberrechte, Markenrechte, Privatsph\u00e4re, Pers\u00f6nlichkeits- oder anderer pers\u00f6nlicher oder propriet\u00e4rer Rechte. Sie stimmen weiterhin zu, dass Ihre Kommentare keine verleumdernden oder anderweitig rechtswidrigen, missbr\u00e4uchlichen oder obsz\u00f6nen Materialien enthalten oder irgendeinen Computer-Virus oder andere Malware enthalten, die den Betrieb des Dienstes oder einer damit verbundenen Website in irgendeiner Weise beeintr\u00e4chtigen k\u00f6nnten. Sie d\u00fcrfen keine falsche E-Mail-Adresse verwenden, sich nicht als jemand anderes ausgeben oder uns oder Dritten anderweitig hinsichtlich der Herkunft von Kommentaren in die Irre f\u00fchren. Sie tragen die alleinige Verantwortung f\u00fcr Ihre Kommentare und deren Richtigkeit. Wir \u00fcbernehmen keinerlei Verantwortung und haften nicht f\u00fcr Kommentare, die von Ihnen oder Dritten ver\u00f6ffentlicht werden.<\/p>\n\n\n\n<p><strong>ABSCHNITT 10 \u2013 PERS\u00d6NLICHE INFORMATIONEN<\/strong><\/p>\n\n\n\n<p>Ihre Einsendung personenbezogener Informationen \u00fcber den Shop unterliegt unserer Datenschutzerkl\u00e4rung. Um unsere Datenschutzerkl\u00e4rung einzusehen, verweisen Sie bitte auf den entsprechenden Abschnitt unserer Website.<\/p>\n\n\n\n<p><strong>ABSCHNITT 11 \u2013 FEHLER, UNGENAUIGKEITEN UND AUSLASSUNGEN<\/strong><\/p>\n\n\n\n<p>Hin und wieder k\u00f6nnen auf unserer Seite oder im Dienst Informationen mit Tippfehlern, Ungenauigkeiten oder Auslassungen enthalten sein, die sich auf Produktbeschreibungen, Preise, Werbeangebote, Angebote, Versandkosten, Transitzwecke und Verf\u00fcgbarkeit beziehen k\u00f6nnen. Wir behalten uns das Recht vor, Fehler, Ungenauigkeiten oder Auslassungen zu korrigieren und Informationen zu \u00e4ndern oder zu aktualisieren oder Bestellungen zu stornieren, falls irgendwelche Informationen im Dienst oder auf einer damit verbundenen Website zu irgendeinem Zeitpunkt ohne vorherige Ank\u00fcndigung falsch sind (einschlie\u00dflich nach Einreichung Ihrer Bestellung).<\/p>\n\n\n\n<p>Wir verpflichten uns nicht, Informationen im Dienst oder auf einer damit verbundenen Website zu aktualisieren, zu \u00e4ndern oder zu kl\u00e4ren, einschlie\u00dflich, aber nicht beschr\u00e4nkt auf Preisangaben, au\u00dfer gesetzlich vorgeschrieben.<\/p>\n\n\n\n<p>F\u00fcr keinen Fall gilt, dass ein festgelegtes Aktualisierungsdatum im Dienst oder auf einer damit verbundenen Website anzeigt, dass alle Informationen im Dienst oder auf einer damit verbundenen Website ge\u00e4ndert oder aktualisiert wurden.<\/p>\n\n\n\n<p><strong>ABSCHNITT 12 \u2013 VERBOTENE VERWENDUNGEN<\/strong><\/p>\n\n\n\n<p>Zus\u00e4tzlich zu anderen in den Nutzungsbedingungen festgelegten Verboten ist es untersagt, die Website oder deren Inhalte zu verwenden: (a) zu rechtswidrigen Zwecken; (b) um andere zu Werben, um rechtswidrige Handlungen zu begehen oder daran teilzunehmen; (c) um internationale, bundesstaatliche, provinzielle oder staatliche Vorschriften, Regeln, Gesetze oder \u00f6rtliche Verordnungen zu verletzen; (d) um unsere geistigen Eigentumsrechte oder die geistigen Eigentumsrechte anderer zu verletzen; (e) um zu bel\u00e4stigen, missbrauchen, beleidigen, sch\u00e4digen, verleumden, herabzuw\u00fcrdigen, einzusch\u00fcchtern oder aufgrund von Geschlecht, sexueller Orientierung, Religion, Ethnie, Rasse, Alter, Nationalit\u00e4t oder Behinderung zu diskriminieren; (f) um falsche oder irref\u00fchrende Informationen zu \u00fcbermitteln; (g) um Viren oder andere sch\u00e4dliche Codes hochzuladen oder zu \u00fcbertragen; (h) um pers\u00f6nliche Informationen anderer zu sammeln oder nachzuverfolgen; (i) um Spam, Phishing, Pharm, Vorwand, Spinnen, Durchsuchen oder Scrapen; (j) f\u00fcr obsz\u00f6ne oder unmoralische Zwecke; oder (k) um die Sicherheitsfunktionen des Dienstes zu beeintr\u00e4chtigen oder zu umgehen. Wir behalten uns das Recht vor, Ihre Nutzung des Dienstes bei Versto\u00df gegen eines der verbotenen Nutzungen zu beenden.<\/p>\n\n\n\n<p><strong>ABSCHNITT 13 \u2013 VERFASSUNGSAUSSCHL\u00dcSSE; HAFTUNGSAUSSCHLUSS; HAFTUNGSBESCHR\u00c4NKUNG<\/strong><\/p>\n\n\n\n<p>Wir garantieren nicht, dass Ihre Nutzung unseres Dienstes ununterbrochen, rechtzeitig, sicher oder fehlerfrei sein wird.<\/p>\n\n\n\n<p>Sie stimmen zu, dass Ihre Nutzung des Dienstes oder Ihre Unf\u00e4higkeit zur Nutzung auf eigenes Risiko erfolgt. Der Dienst und alle an Sie gelieferten Produkte und Dienstleistungen werden \u2018wie sie sind\u2019 und \u2018wie verf\u00fcgbar\u2019 ohne jegliche Gew\u00e4hrleistungen jeglicher Art bereitgestellt.<\/p>\n\n\n\n<p>In keinem Fall gilt <strong>Micterleather GmbH<\/strong>, our directors, officers, employees, affiliates, agents, contractors, suppliers or licensors be liable for any damages of any kind arising from your use of any service or product obtained through us.<\/p>\n\n\n\n<p><strong>ABSCHNITT 14 \u2013 SCHADENSERSATZ<\/strong><\/p>\n\n\n\n<p>Sie erkl\u00e4ren sich damit einverstanden, Sie zurechtzuweisen, zu verteidigen und schadlos zu halten <strong>Micterleather GmbH<\/strong> und seine verbundenen Unternehmen, Direktoren, Angestellten und Partner vor jedem Anspruch oder jeder Forderung aufgrund Ihrer Verletzung dieser Nutzungsbedingungen.<\/p>\n\n\n\n<p><strong>ABSCHNITT 15 \u2013 SALVATORISCHE KLAUSEL<\/strong><\/p>\n\n\n\n<p>Falls eine Bestimmung rechtswidrig ist, bleiben die \u00fcbrigen Bestimmungen durchsetzbar.<\/p>\n\n\n\n<p><strong>ABSCHNITT 16 \u2013 K\u00dcNDIGUNG<\/strong><\/p>\n\n\n\n<p>Diese Bedingungen bleiben wirksam, sofern sie nicht von einer der Parteien gek\u00fcndigt werden. Sie k\u00f6nnen jederzeit durch Einstellung der Nutzung der Seite k\u00fcndigen. Wir k\u00f6nnen Ihren Zugriff auch bei jedem Versto\u00df k\u00fcndigen oder aussetzen.<\/p>\n\n\n\n<p><strong>ABSCHNITT 17 \u2013 GESAMTABREDUNG<\/strong><\/p>\n\n\n\n<p>Diese Bedingungen bilden die vollst\u00e4ndige Vereinbarung zwischen Ihnen und <strong>Micterleather GmbH<\/strong>, und ersetzen fr\u00fchere Vereinbarungen.<\/p>\n\n\n\n<p><strong>ABSCHNITT 18 \u2013 GELTENDES RECHT<\/strong><\/p>\n\n\n\n<p>Diese Bedingungen unterliegen dem Recht von <strong>Deutschland<\/strong>.<\/p>\n\n\n\n<p><strong>ABSCHNITT 19 \u2013 \u00c4NDERUNGEN DER NUTZUNGSBEDINGUNGEN<\/strong><\/p>\n\n\n\n<p>Wir k\u00f6nnen diese Bedingungen jederzeit durch Aktualisierung dieser Seite \u00fcberarbeiten. Die fortgesetzte Nutzung unserer Website gilt als Zustimmung zu diesen \u00c4nderungen.<\/p>\n\n\n\n<p><strong>ABSCHNITT 20 \u2013 KONTAKTINFORMATIONEN<\/strong><\/p>\n\n\n\n<p>Bei Fragen zu den Nutzungsbedingungen senden Sie uns bitte eine Nachricht an <strong><a>support@micterleather.com<\/a><\/strong>.<\/p>\n\n\n\n<p>Kunden werden nur einmal f\u00fcr Versandkosten belastet (einschlie\u00dflich R\u00fccksendungen). F\u00fcr die R\u00fccksendung eines Produkts wird keine Wiedereinlagerungsgeb\u00fchr berechnet.<\/p>","protected":false},"excerpt":{"rendered":"<p>Terms of Service OVERVIEW This website is operated by Micterleather LLC. Throughout the site, the terms \u201cwe\u201d, \u201cus\u201d and \u201cour\u201d refer to Micterleather LLC. Micterleather LLC offers this website, including all information, tools and services available from this site to you, the user, conditioned upon your acceptance of all terms, conditions, policies and notices stated<\/p>","protected":false},"author":2,"featured_media":0,"parent":0,"menu_order":0,"comment_status":"closed","ping_status":"closed","template":"","meta":{"_uag_custom_page_level_css":"","site-sidebar-layout":"default","site-content-layout":"","ast-site-content-layout":"default","site-content-style":"default","site-sidebar-style":"default","ast-global-header-display":"","ast-banner-title-visibility":"","ast-main-header-display":"","ast-hfb-above-header-display":"","ast-hfb-below-header-display":"","ast-hfb-mobile-header-display":"","site-post-title":"disabled","ast-breadcrumbs-content":"","ast-featured-img":"","footer-sml-layout":"","ast-disable-related-posts":"","theme-transparent-header-meta":"","adv-header-id-meta":"","stick-header-meta":"","header-above-stick-meta":"","header-main-stick-meta":"","header-below-stick-meta":"","astra-migrate-meta-layouts":"set","ast-page-background-enabled":"default","ast-page-background-meta":{"desktop":{"background-color":"","background-image":"","background-repeat":"repeat","background-position":"center center","background-size":"auto","background-attachment":"scroll","background-type":"","background-media":"","overlay-type":"","overlay-color":"","overlay-opacity":"","overlay-gradient":""},"tablet":{"background-color":"","background-image":"","background-repeat":"repeat","background-position":"center center","background-size":"auto","background-attachment":"scroll","background-type":"","background-media":"","overlay-type":"","overlay-color":"","overlay-opacity":"","overlay-gradient":""},"mobile":{"background-color":"","background-image":"","background-repeat":"repeat","background-position":"center center","background-size":"auto","background-attachment":"scroll","background-type":"","background-media":"","overlay-type":"","overlay-color":"","overlay-opacity":"","overlay-gradient":""}},"ast-content-background-meta":{"desktop":{"background-color":"var(--ast-global-color-5)","background-image":"","background-repeat":"repeat","background-position":"center center","background-size":"auto","background-attachment":"scroll","background-type":"","background-media":"","overlay-type":"","overlay-color":"","overlay-opacity":"","overlay-gradient":""},"tablet":{"background-color":"var(--ast-global-color-5)","background-image":"","background-repeat":"repeat","background-position":"center center","background-size":"auto","background-attachment":"scroll","background-type":"","background-media":"","overlay-type":"","overlay-color":"","overlay-opacity":"","overlay-gradient":""},"mobile":{"background-color":"var(--ast-global-color-5)","background-image":"","background-repeat":"repeat","background-position":"center center","background-size":"auto","background-attachment":"scroll","background-type":"","background-media":"","overlay-type":"","overlay-color":"","overlay-opacity":"","overlay-gradient":""}},"footnotes":""},"class_list":["post-2113","page","type-page","status-publish","hentry"],"uagb_featured_image_src":{"full":false,"thumbnail":false,"medium":false,"medium_large":false,"large":false,"1536x1536":false,"2048x2048":false,"trp-custom-language-flag":false,"woocommerce_thumbnail":false,"woocommerce_single":false,"woocommerce_gallery_thumbnail":false},"uagb_author_info":{"display_name":"micter","author_link":"https:\/\/micterleather.com\/de\/author\/micter\/"},"uagb_comment_info":0,"uagb_excerpt":"Terms of Service OVERVIEW This website is operated by Micterleather LLC. Throughout the site, the terms \u201cwe\u201d, \u201cus\u201d and \u201cour\u201d refer to Micterleather LLC. Micterleather LLC offers this website, including all information, tools and services available from this site to you, the user, conditioned upon your acceptance of all terms, conditions, policies and notices stated&hellip;","_links":{"self":[{"href":"https:\/\/micterleather.com\/de\/wp-json\/wp\/v2\/pages\/2113","targetHints":{"allow":["GET"]}}],"collection":[{"href":"https:\/\/micterleather.com\/de\/wp-json\/wp\/v2\/pages"}],"about":[{"href":"https:\/\/micterleather.com\/de\/wp-json\/wp\/v2\/types\/page"}],"author":[{"embeddable":true,"href":"https:\/\/micterleather.com\/de\/wp-json\/wp\/v2\/users\/2"}],"replies":[{"embeddable":true,"href":"https:\/\/micterleather.com\/de\/wp-json\/wp\/v2\/comments?post=2113"}],"version-history":[{"count":11,"href":"https:\/\/micterleather.com\/de\/wp-json\/wp\/v2\/pages\/2113\/revisions"}],"predecessor-version":[{"id":3476,"href":"https:\/\/micterleather.com\/de\/wp-json\/wp\/v2\/pages\/2113\/revisions\/3476"}],"wp:attachment":[{"href":"https:\/\/micterleather.com\/de\/wp-json\/wp\/v2\/media?parent=2113"}],"curies":[{"name":"wp","href":"https:\/\/api.w.org\/{rel}","templated":true}]}}